{"id":9134,"date":"2024-01-18T08:57:26","date_gmt":"2024-01-18T07:57:26","guid":{"rendered":"https:\/\/elementmet3stg.wpenginepowered.com\/?page_id=9134"},"modified":"2025-09-17T09:19:40","modified_gmt":"2025-09-17T07:19:40","slug":"utbildning-matosakerhet","status":"publish","type":"page","link":"https:\/\/elementmetech.com\/sv\/kalibrering\/foretag\/utbildning-och-webbinars\/utbildning-matosakerhet\/","title":{"rendered":"Utbildning: Ber\u00e4kning av m\u00e4tos\u00e4kerhet"},"content":{"rendered":"","protected":true},"excerpt":{"rendered":"","protected":true},"author":22,"featured_media":9165,"parent":7924,"menu_order":0,"comment_status":"closed","ping_status":"closed","template":"","meta":{"_acf_changed":false,"_et_pb_use_builder":"on","_et_pb_old_content":"","_et_gb_content_width":"","footnotes":""},"tags":[260],"class_list":["post-9134","page","type-page","status-publish","post-password-required","hentry","tag-utbildning"],"acf":[],"yoast_head":"<!-- This site is optimized with the Yoast SEO plugin v27.3 - https:\/\/yoast.com\/product\/yoast-seo-wordpress\/ -->\n<title>Utbildning: Ber\u00e4kning av m\u00e4tos\u00e4kerhet - Element Metech<\/title>\n<meta name=\"robots\" content=\"index, follow, max-snippet:-1, max-image-preview:large, max-video-preview:-1\" \/>\n<link rel=\"canonical\" href=\"https:\/\/elementmetech.com\/sv\/kalibrering\/foretag\/utbildning-och-webbinars\/utbildning-matosakerhet\/\" \/>\n<meta property=\"og:locale\" content=\"sv_SE\" \/>\n<meta property=\"og:type\" content=\"article\" \/>\n<meta property=\"og:title\" content=\"Utbildning: Ber\u00e4kning av m\u00e4tos\u00e4kerhet - Element Metech\" \/>\n<meta property=\"og:description\" content=\"Det finns inget utdrag eftersom detta \u00e4r ett skyddat inl\u00e4gg.\" \/>\n<meta property=\"og:url\" content=\"https:\/\/elementmetech.com\/sv\/kalibrering\/foretag\/utbildning-och-webbinars\/utbildning-matosakerhet\/\" \/>\n<meta property=\"og:site_name\" content=\"Element Metech\" \/>\n<meta property=\"article:modified_time\" content=\"2025-09-17T07:19:40+00:00\" \/>\n<meta name=\"twitter:card\" content=\"summary_large_image\" \/>\n<meta name=\"twitter:label1\" content=\"Ber\u00e4knad l\u00e4stid\" \/>\n\t<meta name=\"twitter:data1\" content=\"5 minuter\" \/>\n<script type=\"application\/ld+json\" class=\"yoast-schema-graph\">{\"@context\":\"https:\\\/\\\/schema.org\",\"@graph\":[{\"@type\":\"WebPage\",\"@id\":\"https:\\\/\\\/elementmetech.com\\\/sv\\\/kalibrering\\\/foretag\\\/utbildning-och-webbinars\\\/utbildning-matosakerhet\\\/\",\"url\":\"https:\\\/\\\/elementmetech.com\\\/sv\\\/kalibrering\\\/foretag\\\/utbildning-och-webbinars\\\/utbildning-matosakerhet\\\/\",\"name\":\"Utbildning: Ber\u00e4kning av m\u00e4tos\u00e4kerhet - Element Metech\",\"isPartOf\":{\"@id\":\"https:\\\/\\\/elementmetech.com\\\/sv\\\/#website\"},\"datePublished\":\"2024-01-18T07:57:26+00:00\",\"dateModified\":\"2025-09-17T07:19:40+00:00\",\"breadcrumb\":{\"@id\":\"https:\\\/\\\/elementmetech.com\\\/sv\\\/kalibrering\\\/foretag\\\/utbildning-och-webbinars\\\/utbildning-matosakerhet\\\/#breadcrumb\"},\"inLanguage\":\"sv-SE\"},{\"@type\":\"WebSite\",\"@id\":\"https:\\\/\\\/elementmetech.com\\\/sv\\\/#website\",\"url\":\"https:\\\/\\\/elementmetech.com\\\/sv\\\/\",\"name\":\"Element Metech\",\"description\":\"Delivering metrological confidence\",\"publisher\":{\"@id\":\"https:\\\/\\\/elementmetech.com\\\/sv\\\/#organization\"},\"potentialAction\":[{\"@type\":\"SearchAction\",\"target\":{\"@type\":\"EntryPoint\",\"urlTemplate\":\"https:\\\/\\\/elementmetech.com\\\/sv\\\/?s={search_term_string}\"},\"query-input\":{\"@type\":\"PropertyValueSpecification\",\"valueRequired\":true,\"valueName\":\"search_term_string\"}}],\"inLanguage\":\"sv-SE\"},{\"@type\":\"Organization\",\"@id\":\"https:\\\/\\\/elementmetech.com\\\/sv\\\/#organization\",\"name\":\"Element Metech\",\"url\":\"https:\\\/\\\/elementmetech.com\\\/sv\\\/\",\"logo\":{\"@type\":\"ImageObject\",\"inLanguage\":\"sv-SE\",\"@id\":\"https:\\\/\\\/elementmetech.com\\\/sv\\\/#\\\/schema\\\/logo\\\/image\\\/\",\"url\":\"https:\\\/\\\/elementmetech.com\\\/wp-content\\\/uploads\\\/2021\\\/06\\\/Element-Metech-Logo-1.svg\",\"contentUrl\":\"https:\\\/\\\/elementmetech.com\\\/wp-content\\\/uploads\\\/2021\\\/06\\\/Element-Metech-Logo-1.svg\",\"width\":\"1024\",\"height\":\"1024\",\"caption\":\"Element Metech\"},\"image\":{\"@id\":\"https:\\\/\\\/elementmetech.com\\\/sv\\\/#\\\/schema\\\/logo\\\/image\\\/\"},\"sameAs\":[\"https:\\\/\\\/www.linkedin.com\\\/company\\\/element-metech\\\/\"]}]}<\/script>\n<!-- \/ Yoast SEO plugin. -->","yoast_head_json":{"title":"Utbildning: Ber\u00e4kning av m\u00e4tos\u00e4kerhet - Element Metech","robots":{"index":"index","follow":"follow","max-snippet":"max-snippet:-1","max-image-preview":"max-image-preview:large","max-video-preview":"max-video-preview:-1"},"canonical":"https:\/\/elementmetech.com\/sv\/kalibrering\/foretag\/utbildning-och-webbinars\/utbildning-matosakerhet\/","og_locale":"sv_SE","og_type":"article","og_title":"Utbildning: Ber\u00e4kning av m\u00e4tos\u00e4kerhet - Element Metech","og_description":"Det finns inget utdrag eftersom detta \u00e4r ett skyddat inl\u00e4gg.","og_url":"https:\/\/elementmetech.com\/sv\/kalibrering\/foretag\/utbildning-och-webbinars\/utbildning-matosakerhet\/","og_site_name":"Element Metech","article_modified_time":"2025-09-17T07:19:40+00:00","twitter_card":"summary_large_image","twitter_misc":{"Ber\u00e4knad l\u00e4stid":"5 minuter"},"schema":{"@context":"https:\/\/schema.org","@graph":[{"@type":"WebPage","@id":"https:\/\/elementmetech.com\/sv\/kalibrering\/foretag\/utbildning-och-webbinars\/utbildning-matosakerhet\/","url":"https:\/\/elementmetech.com\/sv\/kalibrering\/foretag\/utbildning-och-webbinars\/utbildning-matosakerhet\/","name":"Utbildning: Ber\u00e4kning av m\u00e4tos\u00e4kerhet - Element Metech","isPartOf":{"@id":"https:\/\/elementmetech.com\/sv\/#website"},"datePublished":"2024-01-18T07:57:26+00:00","dateModified":"2025-09-17T07:19:40+00:00","breadcrumb":{"@id":"https:\/\/elementmetech.com\/sv\/kalibrering\/foretag\/utbildning-och-webbinars\/utbildning-matosakerhet\/#breadcrumb"},"inLanguage":"sv-SE"},{"@type":"WebSite","@id":"https:\/\/elementmetech.com\/sv\/#website","url":"https:\/\/elementmetech.com\/sv\/","name":"Element Metech","description":"Delivering metrological confidence","publisher":{"@id":"https:\/\/elementmetech.com\/sv\/#organization"},"potentialAction":[{"@type":"SearchAction","target":{"@type":"EntryPoint","urlTemplate":"https:\/\/elementmetech.com\/sv\/?s={search_term_string}"},"query-input":{"@type":"PropertyValueSpecification","valueRequired":true,"valueName":"search_term_string"}}],"inLanguage":"sv-SE"},{"@type":"Organization","@id":"https:\/\/elementmetech.com\/sv\/#organization","name":"Element Metech","url":"https:\/\/elementmetech.com\/sv\/","logo":{"@type":"ImageObject","inLanguage":"sv-SE","@id":"https:\/\/elementmetech.com\/sv\/#\/schema\/logo\/image\/","url":"https:\/\/elementmetech.com\/wp-content\/uploads\/2021\/06\/Element-Metech-Logo-1.svg","contentUrl":"https:\/\/elementmetech.com\/wp-content\/uploads\/2021\/06\/Element-Metech-Logo-1.svg","width":"1024","height":"1024","caption":"Element Metech"},"image":{"@id":"https:\/\/elementmetech.com\/sv\/#\/schema\/logo\/image\/"},"sameAs":["https:\/\/www.linkedin.com\/company\/element-metech\/"]}]}},"_links":{"self":[{"href":"https:\/\/elementmetech.com\/sv\/wp-json\/wp\/v2\/pages\/9134","targetHints":{"allow":["GET"]}}],"collection":[{"href":"https:\/\/elementmetech.com\/sv\/wp-json\/wp\/v2\/pages"}],"about":[{"href":"https:\/\/elementmetech.com\/sv\/wp-json\/wp\/v2\/types\/page"}],"author":[{"embeddable":true,"href":"https:\/\/elementmetech.com\/sv\/wp-json\/wp\/v2\/users\/22"}],"replies":[{"embeddable":true,"href":"https:\/\/elementmetech.com\/sv\/wp-json\/wp\/v2\/comments?post=9134"}],"version-history":[{"count":0,"href":"https:\/\/elementmetech.com\/sv\/wp-json\/wp\/v2\/pages\/9134\/revisions"}],"up":[{"embeddable":true,"href":"https:\/\/elementmetech.com\/sv\/wp-json\/wp\/v2\/pages\/7924"}],"wp:featuredmedia":[{"embeddable":true,"href":"https:\/\/elementmetech.com\/sv\/wp-json\/wp\/v2\/media\/9165"}],"wp:attachment":[{"href":"https:\/\/elementmetech.com\/sv\/wp-json\/wp\/v2\/media?parent=9134"}],"wp:term":[{"taxonomy":"post_tag","embeddable":true,"href":"https:\/\/elementmetech.com\/sv\/wp-json\/wp\/v2\/tags?post=9134"}],"curies":[{"name":"wp","href":"https:\/\/api.w.org\/{rel}","templated":true}]}}