{"id":777,"date":"2018-01-08T09:42:00","date_gmt":"2018-01-08T09:42:00","guid":{"rendered":"https:\/\/elementmetech.wpengine.com\/dokument\/"},"modified":"2025-09-18T15:49:18","modified_gmt":"2025-09-18T13:49:18","slug":"elektroniska-kalibreringsdokument","status":"publish","type":"page","link":"https:\/\/elementmetech.com\/sv\/quality\/elektroniska-kalibreringsdokument\/","title":{"rendered":"Dokument"},"content":{"rendered":"<p>[et_pb_section fb_built=&#8221;1&#8243; admin_label=&#8221;eng-2025-header-image-contact-us&#8221; _builder_version=&#8221;4.27.4&#8243; background_color=&#8221;#f7f9fb&#8221; background_image=&#8221;https:\/\/elementmetech.com\/wp-content\/uploads\/2025\/08\/dekor-cirkel-ljusbla-2.png&#8221; background_size=&#8221;contain&#8221; background_position=&#8221;top_left&#8221; background_enable_video_mp4=&#8221;off&#8221; custom_padding=&#8221;0px|0px|0px|0px|false|false&#8221; background_last_edited=&#8221;on|tablet&#8221; background_enable_image_tablet=&#8221;off&#8221; saved_tabs=&#8221;all&#8221; locked=&#8221;off&#8221; global_colors_info=&#8221;{}&#8221; global_module=&#8221;16482&#8243; theme_builder_area=&#8221;post_content&#8221;][et_pb_row column_structure=&#8221;1_2,1_2&#8243; make_equal=&#8221;on&#8221; admin_label=&#8221;row&#8221; _builder_version=&#8221;4.27.4&#8243; width=&#8221;100%&#8221; max_width=&#8221;100%&#8221; custom_padding=&#8221;0px|0px|0px|0px|true|true&#8221; custom_css_main_element=&#8221;width:100% !important;&#8221; global_colors_info=&#8221;{}&#8221; custom_css_main_element_last_edited=&#8221;off|desktop&#8221; custom_css_main_element_tablet=&#8221;flex-wrap: nowrap;&#8221; custom_css_main_element_phone=&#8221;flex-wrap: nowrap;&#8221; theme_builder_area=&#8221;post_content&#8221;][et_pb_column type=&#8221;1_2&#8243; _builder_version=&#8221;4.27.4&#8243; custom_padding=&#8221;50px||50px||false|false&#8221; global_colors_info=&#8221;{}&#8221; custom_padding__hover=&#8221;|||&#8221; theme_builder_area=&#8221;post_content&#8221;][et_pb_cta title=&#8221;@ET-DC@eyJkeW5hbWljIjp0cnVlLCJjb250ZW50IjoicG9zdF90aXRsZSIsInNldHRpbmdzIjp7ImJlZm9yZSI6IiIsImFmdGVyIjoiIn19@&#8221; button_url=&#8221;#&#8221; button_text=&#8221;Kontakta oss&#8221; module_class=&#8221;preamble et-lb-btn-1&#8243; _builder_version=&#8221;4.27.4&#8243; _dynamic_attributes=&#8221;title,content&#8221; _module_preset=&#8221;default&#8221; header_level=&#8221;h1&#8243; header_text_align=&#8221;left&#8221; background_enable_color=&#8221;off&#8221; text_orientation=&#8221;left&#8221; background_layout=&#8221;light&#8221; max_width=&#8221;670px&#8221; max_width_tablet=&#8221;100%&#8221; max_width_phone=&#8221;100%&#8221; max_width_last_edited=&#8221;on|tablet&#8221; module_alignment=&#8221;right&#8221; custom_margin=&#8221;20px||20px||false|false&#8221; custom_margin_tablet=&#8221;||50px||false|false&#8221; custom_margin_phone=&#8221;||50px||false|false&#8221; custom_margin_last_edited=&#8221;on|desktop&#8221; custom_padding=&#8221;0px||0px||false|false&#8221; border_width_left=&#8221;3px&#8221; border_color_left=&#8221;#4BA1D2&#8243; global_colors_info=&#8221;{}&#8221; theme_builder_area=&#8221;post_content&#8221;]@ET-DC@eyJkeW5hbWljIjp0cnVlLCJjb250ZW50IjoicG9zdF9leGNlcnB0Iiwic2V0dGluZ3MiOnsiYmVmb3JlIjoiIiwiYWZ0ZXIiOiIiLCJ3b3JkcyI6IiIsInJlYWRfbW9yZV9sYWJlbCI6IiJ9fQ==@[\/et_pb_cta][\/et_pb_column][et_pb_column type=&#8221;1_2&#8243; _builder_version=&#8221;4.27.4&#8243; _dynamic_attributes=&#8221;background_image&#8221; background_image=&#8221;@ET-DC@eyJkeW5hbWljIjp0cnVlLCJjb250ZW50IjoicG9zdF9mZWF0dXJlZF9pbWFnZSIsInNldHRpbmdzIjp7fX0=@&#8221; custom_padding=&#8221;|||&#8221; global_colors_info=&#8221;{}&#8221; custom_padding__hover=&#8221;|||&#8221; theme_builder_area=&#8221;post_content&#8221;][et_pb_image src=&#8221;@ET-DC@eyJkeW5hbWljIjp0cnVlLCJjb250ZW50IjoicG9zdF9mZWF0dXJlZF9pbWFnZSIsInNldHRpbmdzIjp7fX0=@&#8221; title_text=&#8221;elementmetech-akustik&#8221; force_fullwidth=&#8221;on&#8221; disabled_on=&#8221;off|off|on&#8221; _builder_version=&#8221;4.27.4&#8243; _dynamic_attributes=&#8221;src&#8221; _module_preset=&#8221;default&#8221; custom_css_free_form=&#8221;selector img {height: 100%!important;max-width:none;}&#8221; global_colors_info=&#8221;{}&#8221; theme_builder_area=&#8221;post_content&#8221;][\/et_pb_image][\/et_pb_column][\/et_pb_row][\/et_pb_section][et_pb_section fb_built=&#8221;1&#8243; admin_label=&#8221;section&#8221; _builder_version=&#8221;4.16&#8243; global_colors_info=&#8221;{}&#8221;][et_pb_row column_structure=&#8221;1_5,3_5,1_5&#8243; admin_label=&#8221;row&#8221; _builder_version=&#8221;4.16&#8243; background_size=&#8221;initial&#8221; background_position=&#8221;top_left&#8221; background_repeat=&#8221;repeat&#8221; global_colors_info=&#8221;{}&#8221;][et_pb_column type=&#8221;1_5&#8243; _builder_version=&#8221;4.16&#8243; custom_padding=&#8221;|||&#8221; global_colors_info=&#8221;{}&#8221; custom_padding__hover=&#8221;|||&#8221;][\/et_pb_column][et_pb_column type=&#8221;3_5&#8243; _builder_version=&#8221;4.16&#8243; custom_padding=&#8221;|||&#8221; global_colors_info=&#8221;{}&#8221; custom_padding__hover=&#8221;|||&#8221;][et_pb_text admin_label=&#8221;Text&#8221; _builder_version=&#8221;4.27.2&#8243; background_size=&#8221;initial&#8221; background_position=&#8221;top_left&#8221; background_repeat=&#8221;repeat&#8221; global_colors_info=&#8221;{}&#8221;]<\/p>\n<div class=\"super-lead\">\n<p>Element Metech elektroniska kalibreringsdokument skapas som PDF-fil och signeras digitalt. Dokumenten distribueras av M\u00e4tdonsregistret, MIO\u2122 till registrerade anv\u00e4ndare eller som nedladdningsl\u00e4nk\/bilag i leveransmeddelanden.<\/p>\n<\/div>\n<p>Du kan ocks\u00e5 ladda ner kalibreringsdokumenten fr\u00e5n Element Metechs webbplats med hj\u00e4lp av rapportnumret och MIO\u2122-ID. Om din kalibreringsetikett har en QR-kod kan kalibreringsdokumentet \u00f6ppnas direkt i mobilen.<\/p>\n<h2>Element Metech digitala signaturer<\/h2>\n<p>Ladda ner instruktionerna nedan f\u00f6r mer information om digitala signaturer och hur du verifierar dem<\/p>\n<p><a href=\"https:\/\/secure.elementmetech.com\/MIO3\/Public\/security\/Electronic_calibration_documents_Element_Metech.pdf\">Element Metech elektroniska kalibreringsdokument<\/a><\/p>\n<p>[\/et_pb_text][\/et_pb_column][et_pb_column type=&#8221;1_5&#8243; _builder_version=&#8221;4.16&#8243; custom_padding=&#8221;|||&#8221; global_colors_info=&#8221;{}&#8221; custom_padding__hover=&#8221;|||&#8221;][\/et_pb_column][\/et_pb_row][\/et_pb_section]<\/p>\n","protected":false},"excerpt":{"rendered":"<p>Element Metech elektroniska kalibreringsdokument skapas som PDF-fil och signeras digitalt. Dokumenten distribueras av M\u00e4tdonsregistret, MIO\u2122 till registrerade anv\u00e4ndare eller som nedladdningsl\u00e4nk\/bilag i leveransmeddelanden. Du kan ocks\u00e5 ladda ner kalibreringsdokumenten fr\u00e5n Element Metechs webbplats med hj\u00e4lp av rapportnumret och MIO\u2122-ID. Om din kalibreringsetikett har en QR-kod kan kalibreringsdokumentet \u00f6ppnas direkt i mobilen. Element Metech digitala signaturer [&hellip;]<\/p>\n","protected":false},"author":27,"featured_media":3531,"parent":15346,"menu_order":3,"comment_status":"closed","ping_status":"closed","template":"","meta":{"_acf_changed":false,"_et_pb_use_builder":"on","_et_pb_old_content":"<blockquote>Element Metech electronic calibration documents are produced as PDF files and signed digitally. The documents are distributed by Metech Instrument Organizer, to registered users or as download links\/attachments in delivery notification mails.<\/blockquote>\r\nYou can also get the calibration documents from the Element Metech website via the report number and MIO Id. If your calibration stickers have QR code, the calibration document can be opened\r\ndirectly in a mobile phone.\r\n<h3>Element Metech digital signatures<\/h3>\r\nPlease download the instructions below for more information about digital signatures and how to verify them\r\n\r\n<a href=\"https:\/\/secure.elementmetech.com\/MIO3\/Public\/security\/Electronic_calibration_documents_Element_Metech.pdf\">Element Metech electronic calibration documents <\/a>","_et_gb_content_width":"","footnotes":""},"tags":[],"class_list":["post-777","page","type-page","status-publish","has-post-thumbnail","hentry"],"acf":[],"yoast_head":"<!-- This site is optimized with the Yoast SEO plugin v27.3 - https:\/\/yoast.com\/product\/yoast-seo-wordpress\/ -->\n<title>Dokument<\/title>\n<meta name=\"description\" content=\"Element Metech elektroniska kalibreringsdokument skapas som PDF-fil och signeras digitalt.\" \/>\n<meta name=\"robots\" content=\"index, follow, max-snippet:-1, max-image-preview:large, max-video-preview:-1\" \/>\n<link rel=\"canonical\" href=\"https:\/\/elementmetech.com\/sv\/quality\/elektroniska-kalibreringsdokument\/\" \/>\n<meta property=\"og:locale\" content=\"sv_SE\" \/>\n<meta property=\"og:type\" content=\"article\" \/>\n<meta property=\"og:title\" content=\"false\" \/>\n<meta property=\"og:description\" content=\"Element Metech elektroniska kalibreringsdokument skapas som PDF-fil och signeras digitalt.\" \/>\n<meta property=\"og:url\" content=\"https:\/\/elementmetech.com\/sv\/quality\/elektroniska-kalibreringsdokument\/\" \/>\n<meta property=\"og:site_name\" content=\"Element Metech\" \/>\n<meta property=\"article:modified_time\" content=\"2025-09-18T13:49:18+00:00\" \/>\n<meta property=\"og:image\" content=\"https:\/\/elementmetech.com\/wp-content\/uploads\/2021\/06\/Calibration-Certificate-1-1600x480-1.jpg\" \/>\n\t<meta property=\"og:image:width\" content=\"1600\" \/>\n\t<meta property=\"og:image:height\" content=\"480\" \/>\n\t<meta property=\"og:image:type\" content=\"image\/jpeg\" \/>\n<meta name=\"twitter:card\" content=\"summary_large_image\" \/>\n<meta name=\"twitter:label1\" content=\"Ber\u00e4knad l\u00e4stid\" \/>\n\t<meta name=\"twitter:data1\" content=\"3 minuter\" \/>\n<script type=\"application\/ld+json\" class=\"yoast-schema-graph\">{\"@context\":\"https:\\\/\\\/schema.org\",\"@graph\":[{\"@type\":\"WebPage\",\"@id\":\"https:\\\/\\\/elementmetech.com\\\/sv\\\/quality\\\/elektroniska-kalibreringsdokument\\\/\",\"url\":\"https:\\\/\\\/elementmetech.com\\\/sv\\\/quality\\\/elektroniska-kalibreringsdokument\\\/\",\"name\":\"Dokument\",\"isPartOf\":{\"@id\":\"https:\\\/\\\/elementmetech.com\\\/sv\\\/#website\"},\"primaryImageOfPage\":{\"@id\":\"https:\\\/\\\/elementmetech.com\\\/sv\\\/quality\\\/elektroniska-kalibreringsdokument\\\/#primaryimage\"},\"image\":{\"@id\":\"https:\\\/\\\/elementmetech.com\\\/sv\\\/quality\\\/elektroniska-kalibreringsdokument\\\/#primaryimage\"},\"thumbnailUrl\":\"https:\\\/\\\/elementmetech.com\\\/wp-content\\\/uploads\\\/2021\\\/06\\\/Calibration-Certificate-1-1600x480-1.jpg\",\"datePublished\":\"2018-01-08T09:42:00+00:00\",\"dateModified\":\"2025-09-18T13:49:18+00:00\",\"description\":\"Element Metech elektroniska kalibreringsdokument skapas som PDF-fil och signeras digitalt.\",\"breadcrumb\":{\"@id\":\"https:\\\/\\\/elementmetech.com\\\/sv\\\/quality\\\/elektroniska-kalibreringsdokument\\\/#breadcrumb\"},\"inLanguage\":\"sv-SE\",\"potentialAction\":[{\"@type\":\"ReadAction\",\"target\":[\"https:\\\/\\\/elementmetech.com\\\/sv\\\/quality\\\/elektroniska-kalibreringsdokument\\\/\"]}]},{\"@type\":\"ImageObject\",\"inLanguage\":\"sv-SE\",\"@id\":\"https:\\\/\\\/elementmetech.com\\\/sv\\\/quality\\\/elektroniska-kalibreringsdokument\\\/#primaryimage\",\"url\":\"https:\\\/\\\/elementmetech.com\\\/wp-content\\\/uploads\\\/2021\\\/06\\\/Calibration-Certificate-1-1600x480-1.jpg\",\"contentUrl\":\"https:\\\/\\\/elementmetech.com\\\/wp-content\\\/uploads\\\/2021\\\/06\\\/Calibration-Certificate-1-1600x480-1.jpg\",\"width\":1600,\"height\":480,\"caption\":\"ackrediterad kalibrering - element metech\"},{\"@type\":\"BreadcrumbList\",\"@id\":\"https:\\\/\\\/elementmetech.com\\\/sv\\\/quality\\\/elektroniska-kalibreringsdokument\\\/#breadcrumb\",\"itemListElement\":[{\"@type\":\"ListItem\",\"position\":1,\"name\":\"Home\",\"item\":\"https:\\\/\\\/elementmetech.com\\\/sv\\\/\"},{\"@type\":\"ListItem\",\"position\":2,\"name\":\"Quality\",\"item\":\"https:\\\/\\\/elementmetech.com\\\/sv\\\/quality\\\/\"},{\"@type\":\"ListItem\",\"position\":3,\"name\":\"Dokument\"}]},{\"@type\":\"WebSite\",\"@id\":\"https:\\\/\\\/elementmetech.com\\\/sv\\\/#website\",\"url\":\"https:\\\/\\\/elementmetech.com\\\/sv\\\/\",\"name\":\"Element Metech\",\"description\":\"Delivering metrological confidence\",\"publisher\":{\"@id\":\"https:\\\/\\\/elementmetech.com\\\/sv\\\/#organization\"},\"potentialAction\":[{\"@type\":\"SearchAction\",\"target\":{\"@type\":\"EntryPoint\",\"urlTemplate\":\"https:\\\/\\\/elementmetech.com\\\/sv\\\/?s={search_term_string}\"},\"query-input\":{\"@type\":\"PropertyValueSpecification\",\"valueRequired\":true,\"valueName\":\"search_term_string\"}}],\"inLanguage\":\"sv-SE\"},{\"@type\":\"Organization\",\"@id\":\"https:\\\/\\\/elementmetech.com\\\/sv\\\/#organization\",\"name\":\"Element Metech\",\"url\":\"https:\\\/\\\/elementmetech.com\\\/sv\\\/\",\"logo\":{\"@type\":\"ImageObject\",\"inLanguage\":\"sv-SE\",\"@id\":\"https:\\\/\\\/elementmetech.com\\\/sv\\\/#\\\/schema\\\/logo\\\/image\\\/\",\"url\":\"https:\\\/\\\/elementmetech.com\\\/wp-content\\\/uploads\\\/2021\\\/06\\\/Element-Metech-Logo-1.svg\",\"contentUrl\":\"https:\\\/\\\/elementmetech.com\\\/wp-content\\\/uploads\\\/2021\\\/06\\\/Element-Metech-Logo-1.svg\",\"width\":\"1024\",\"height\":\"1024\",\"caption\":\"Element Metech\"},\"image\":{\"@id\":\"https:\\\/\\\/elementmetech.com\\\/sv\\\/#\\\/schema\\\/logo\\\/image\\\/\"},\"sameAs\":[\"https:\\\/\\\/www.linkedin.com\\\/company\\\/element-metech\\\/\"]}]}<\/script>\n<!-- \/ Yoast SEO plugin. -->","yoast_head_json":{"title":"Dokument","description":"Element Metech elektroniska kalibreringsdokument skapas som PDF-fil och signeras digitalt.","robots":{"index":"index","follow":"follow","max-snippet":"max-snippet:-1","max-image-preview":"max-image-preview:large","max-video-preview":"max-video-preview:-1"},"canonical":"https:\/\/elementmetech.com\/sv\/quality\/elektroniska-kalibreringsdokument\/","og_locale":"sv_SE","og_type":"article","og_title":"false","og_description":"Element Metech elektroniska kalibreringsdokument skapas som PDF-fil och signeras digitalt.","og_url":"https:\/\/elementmetech.com\/sv\/quality\/elektroniska-kalibreringsdokument\/","og_site_name":"Element Metech","article_modified_time":"2025-09-18T13:49:18+00:00","og_image":[{"width":1600,"height":480,"url":"https:\/\/elementmetech.com\/wp-content\/uploads\/2021\/06\/Calibration-Certificate-1-1600x480-1.jpg","type":"image\/jpeg"}],"twitter_card":"summary_large_image","twitter_misc":{"Ber\u00e4knad l\u00e4stid":"3 minuter"},"schema":{"@context":"https:\/\/schema.org","@graph":[{"@type":"WebPage","@id":"https:\/\/elementmetech.com\/sv\/quality\/elektroniska-kalibreringsdokument\/","url":"https:\/\/elementmetech.com\/sv\/quality\/elektroniska-kalibreringsdokument\/","name":"Dokument","isPartOf":{"@id":"https:\/\/elementmetech.com\/sv\/#website"},"primaryImageOfPage":{"@id":"https:\/\/elementmetech.com\/sv\/quality\/elektroniska-kalibreringsdokument\/#primaryimage"},"image":{"@id":"https:\/\/elementmetech.com\/sv\/quality\/elektroniska-kalibreringsdokument\/#primaryimage"},"thumbnailUrl":"https:\/\/elementmetech.com\/wp-content\/uploads\/2021\/06\/Calibration-Certificate-1-1600x480-1.jpg","datePublished":"2018-01-08T09:42:00+00:00","dateModified":"2025-09-18T13:49:18+00:00","description":"Element Metech elektroniska kalibreringsdokument skapas som PDF-fil och signeras digitalt.","breadcrumb":{"@id":"https:\/\/elementmetech.com\/sv\/quality\/elektroniska-kalibreringsdokument\/#breadcrumb"},"inLanguage":"sv-SE","potentialAction":[{"@type":"ReadAction","target":["https:\/\/elementmetech.com\/sv\/quality\/elektroniska-kalibreringsdokument\/"]}]},{"@type":"ImageObject","inLanguage":"sv-SE","@id":"https:\/\/elementmetech.com\/sv\/quality\/elektroniska-kalibreringsdokument\/#primaryimage","url":"https:\/\/elementmetech.com\/wp-content\/uploads\/2021\/06\/Calibration-Certificate-1-1600x480-1.jpg","contentUrl":"https:\/\/elementmetech.com\/wp-content\/uploads\/2021\/06\/Calibration-Certificate-1-1600x480-1.jpg","width":1600,"height":480,"caption":"ackrediterad kalibrering - element metech"},{"@type":"BreadcrumbList","@id":"https:\/\/elementmetech.com\/sv\/quality\/elektroniska-kalibreringsdokument\/#breadcrumb","itemListElement":[{"@type":"ListItem","position":1,"name":"Home","item":"https:\/\/elementmetech.com\/sv\/"},{"@type":"ListItem","position":2,"name":"Quality","item":"https:\/\/elementmetech.com\/sv\/quality\/"},{"@type":"ListItem","position":3,"name":"Dokument"}]},{"@type":"WebSite","@id":"https:\/\/elementmetech.com\/sv\/#website","url":"https:\/\/elementmetech.com\/sv\/","name":"Element Metech","description":"Delivering metrological confidence","publisher":{"@id":"https:\/\/elementmetech.com\/sv\/#organization"},"potentialAction":[{"@type":"SearchAction","target":{"@type":"EntryPoint","urlTemplate":"https:\/\/elementmetech.com\/sv\/?s={search_term_string}"},"query-input":{"@type":"PropertyValueSpecification","valueRequired":true,"valueName":"search_term_string"}}],"inLanguage":"sv-SE"},{"@type":"Organization","@id":"https:\/\/elementmetech.com\/sv\/#organization","name":"Element Metech","url":"https:\/\/elementmetech.com\/sv\/","logo":{"@type":"ImageObject","inLanguage":"sv-SE","@id":"https:\/\/elementmetech.com\/sv\/#\/schema\/logo\/image\/","url":"https:\/\/elementmetech.com\/wp-content\/uploads\/2021\/06\/Element-Metech-Logo-1.svg","contentUrl":"https:\/\/elementmetech.com\/wp-content\/uploads\/2021\/06\/Element-Metech-Logo-1.svg","width":"1024","height":"1024","caption":"Element Metech"},"image":{"@id":"https:\/\/elementmetech.com\/sv\/#\/schema\/logo\/image\/"},"sameAs":["https:\/\/www.linkedin.com\/company\/element-metech\/"]}]}},"_links":{"self":[{"href":"https:\/\/elementmetech.com\/sv\/wp-json\/wp\/v2\/pages\/777","targetHints":{"allow":["GET"]}}],"collection":[{"href":"https:\/\/elementmetech.com\/sv\/wp-json\/wp\/v2\/pages"}],"about":[{"href":"https:\/\/elementmetech.com\/sv\/wp-json\/wp\/v2\/types\/page"}],"author":[{"embeddable":true,"href":"https:\/\/elementmetech.com\/sv\/wp-json\/wp\/v2\/users\/27"}],"replies":[{"embeddable":true,"href":"https:\/\/elementmetech.com\/sv\/wp-json\/wp\/v2\/comments?post=777"}],"version-history":[{"count":0,"href":"https:\/\/elementmetech.com\/sv\/wp-json\/wp\/v2\/pages\/777\/revisions"}],"up":[{"embeddable":true,"href":"https:\/\/elementmetech.com\/sv\/wp-json\/wp\/v2\/pages\/15346"}],"wp:featuredmedia":[{"embeddable":true,"href":"https:\/\/elementmetech.com\/sv\/wp-json\/wp\/v2\/media\/3531"}],"wp:attachment":[{"href":"https:\/\/elementmetech.com\/sv\/wp-json\/wp\/v2\/media?parent=777"}],"wp:term":[{"taxonomy":"post_tag","embeddable":true,"href":"https:\/\/elementmetech.com\/sv\/wp-json\/wp\/v2\/tags?post=777"}],"curies":[{"name":"wp","href":"https:\/\/api.w.org\/{rel}","templated":true}]}}