{"id":470,"date":"2016-04-11T09:52:13","date_gmt":"2016-04-11T09:52:13","guid":{"rendered":"https:\/\/elementmetech.wpengine.com\/exova-servicecenter\/"},"modified":"2026-01-30T09:34:53","modified_gmt":"2026-01-30T08:34:53","slug":"laboratorier","status":"publish","type":"page","link":"https:\/\/elementmetech.com\/sv\/om\/laboratorier\/","title":{"rendered":"V\u00e5ra laboratorier"},"content":{"rendered":"<p>[et_pb_section fb_built=&#8221;1&#8243; disabled_on=&#8221;off|off|off&#8221; admin_label=&#8221;section&#8221; _builder_version=&#8221;4.27.4&#8243; background_color=&#8221;#f7f9fb&#8221; background_image=&#8221;https:\/\/elementmetech.com\/wp-content\/uploads\/2025\/08\/dekor-cirkel-ljusbla-2.png&#8221; background_size=&#8221;contain&#8221; background_position=&#8221;top_left&#8221; background_enable_video_mp4=&#8221;off&#8221; custom_padding=&#8221;0px|0px|0px|0px|false|false&#8221; background_last_edited=&#8221;on|phone&#8221; background_enable_image_tablet=&#8221;off&#8221; locked=&#8221;off&#8221; global_colors_info=&#8221;{}&#8221;][et_pb_row column_structure=&#8221;1_2,1_2&#8243; admin_label=&#8221;row&#8221; _builder_version=&#8221;4.27.4&#8243; width=&#8221;100%&#8221; max_width=&#8221;100%&#8221; custom_padding=&#8221;0px|0px|0px|0px|true|true&#8221; custom_css_main_element=&#8221;width:100%!important;display:flex;align-items:center;&#8221; global_colors_info=&#8221;{}&#8221; custom_css_main_element_last_edited=&#8221;on|tablet&#8221; custom_css_main_element_tablet=&#8221;flex-wrap: nowrap;&#8221; custom_css_main_element_phone=&#8221;flex-wrap: nowrap;&#8221;][et_pb_column type=&#8221;1_2&#8243; _builder_version=&#8221;4.16&#8243; custom_padding=&#8221;|||&#8221; global_colors_info=&#8221;{}&#8221; custom_padding__hover=&#8221;|||&#8221;][et_pb_cta title=&#8221;@ET-DC@eyJkeW5hbWljIjp0cnVlLCJjb250ZW50IjoicG9zdF90aXRsZSIsInNldHRpbmdzIjp7ImJlZm9yZSI6IiIsImFmdGVyIjoiIn19@&#8221; button_url=&#8221;#lab&#8221; button_text=&#8221;V\u00e5rt erbjudande&#8221; module_class=&#8221;preamble&#8221; _builder_version=&#8221;4.27.5&#8243; _dynamic_attributes=&#8221;title,content&#8221; _module_preset=&#8221;default&#8221; header_level=&#8221;h1&#8243; header_text_align=&#8221;left&#8221; background_enable_color=&#8221;off&#8221; text_orientation=&#8221;left&#8221; background_layout=&#8221;light&#8221; max_width=&#8221;640px&#8221; max_width_tablet=&#8221;100%&#8221; max_width_phone=&#8221;100%&#8221; max_width_last_edited=&#8221;on|tablet&#8221; module_alignment=&#8221;right&#8221; custom_margin=&#8221;20px||20px||false|false&#8221; custom_margin_tablet=&#8221;||50px||false|false&#8221; custom_margin_phone=&#8221;||50px||false|false&#8221; custom_margin_last_edited=&#8221;on|desktop&#8221; custom_padding=&#8221;0px||0px||false|false&#8221; border_width_left=&#8221;3px&#8221; border_color_left=&#8221;#4BA1D2&#8243; global_colors_info=&#8221;{}&#8221;]@ET-DC@eyJkeW5hbWljIjp0cnVlLCJjb250ZW50IjoicG9zdF9leGNlcnB0Iiwic2V0dGluZ3MiOnsiYmVmb3JlIjoiIiwiYWZ0ZXIiOiIiLCJ3b3JkcyI6IiIsInJlYWRfbW9yZV9sYWJlbCI6IiJ9fQ==@[\/et_pb_cta][\/et_pb_column][et_pb_column type=&#8221;1_2&#8243; _builder_version=&#8221;4.16&#8243; custom_padding=&#8221;|||&#8221; global_colors_info=&#8221;{}&#8221; custom_padding__hover=&#8221;|||&#8221;][et_pb_video src=&#8221;https:\/\/youtu.be\/96SOBwoRASo?si=-F3H_nZOWihHmdnM&#8221; image_src=&#8221;\/\/i.ytimg.com\/vi\/96SOBwoRASo\/hqdefault.jpg&#8221; play_icon_color=&#8221;#0095C8&#8243; font_icon=&#8221;&#xe0a3;||divi||400&#8243; _builder_version=&#8221;4.27.5&#8243; _module_preset=&#8221;default&#8221; width=&#8221;100%&#8221; global_colors_info=&#8221;{}&#8221;][\/et_pb_video][\/et_pb_column][\/et_pb_row][\/et_pb_section][et_pb_section fb_built=&#8221;1&#8243; admin_label=&#8221;Labb &#8211; Rubrik 2025&#8243; _builder_version=&#8221;4.27.4&#8243; _module_preset=&#8221;default&#8221; global_module=&#8221;13758&#8243; saved_tabs=&#8221;all&#8221; global_colors_info=&#8221;{}&#8221;][et_pb_row column_structure=&#8221;1_5,3_5,1_5&#8243; disabled_on=&#8221;off|off|off&#8221; _builder_version=&#8221;4.27.4&#8243; _module_preset=&#8221;default&#8221; width=&#8221;100%&#8221; locked=&#8221;off&#8221; global_colors_info=&#8221;{}&#8221;][et_pb_column type=&#8221;1_5&#8243; _builder_version=&#8221;4.18.0&#8243; _module_preset=&#8221;default&#8221; global_colors_info=&#8221;{}&#8221;][\/et_pb_column][et_pb_column type=&#8221;3_5&#8243; _builder_version=&#8221;4.18.0&#8243; _module_preset=&#8221;default&#8221; global_colors_info=&#8221;{}&#8221;][et_pb_text module_id=&#8221;lab&#8221; _builder_version=&#8221;4.27.5&#8243; _module_preset=&#8221;default&#8221; text_orientation=&#8221;center&#8221; locked=&#8221;off&#8221; global_colors_info=&#8221;{}&#8221;]<\/p>\n<h2>V\u00e5ra laboratorier<\/h2>\n<p>Vi finns h\u00e4r f\u00f6r att hj\u00e4lpa dig. V\u00e5ra kalibreringslaboratorier finns i Stockholm-Kista, Arboga, Ludvika, Link\u00f6ping, G\u00f6teborg och Trollh\u00e4ttan.\u00a0 Vi utf\u00f6r ocks\u00e5 en m\u00e4ngd kundspecifika onsite-uppdrag, inklusive v\u00e5rt mobila, ackrediterade kalibreringslaboratorium. F\u00f6r m\u00e5nga kunder kan vi ordna en l\u00f6sning f\u00f6r upph\u00e4mtning och \u00e5terleverans av m\u00e4tinstrument.<\/p>\n<p>[\/et_pb_text][\/et_pb_column][et_pb_column type=&#8221;1_5&#8243; _builder_version=&#8221;4.18.0&#8243; _module_preset=&#8221;default&#8221; global_colors_info=&#8221;{}&#8221;][\/et_pb_column][\/et_pb_row][\/et_pb_section][et_pb_section fb_built=&#8221;1&#8243; fullwidth=&#8221;on&#8221; admin_label=&#8221;Labb &#8211; karta 2025&#8243; _builder_version=&#8221;4.27.4&#8243; _module_preset=&#8221;default&#8221; saved_tabs=&#8221;all&#8221; locked=&#8221;off&#8221; global_colors_info=&#8221;{}&#8221;][et_pb_fullwidth_code _builder_version=&#8221;4.27.4&#8243; _module_preset=&#8221;default&#8221; global_colors_info=&#8221;{}&#8221;]<style>\r\n\t#wpsl-stores .wpsl-store-thumb {height:45px !important; width:45px !important;}\r\n\t#wpsl-stores, #wpsl-direction-details, #wpsl-gmap {height:550px !important;}\r\n\t#wpsl-gmap .wpsl-info-window {max-width:310px !important;}\r\n\t.wpsl-input label, #wpsl-radius label, #wpsl-category label {width:95px;}\r\n\t#wpsl-search-input ,#wpsl-category .wpsl-dropdown {width:179px;}\r\n<\/style>\r\n<div id=\"wpsl-wrap\">\r\n\t<div class=\"wpsl-search wpsl-clearfix wpsl-filter\">\r\n\t\t<div id=\"wpsl-search-wrap\">\r\n\t\t\t<form autocomplete=\"off\">\r\n\t\t\t<div class=\"wpsl-input\">\r\n\t\t\t\t<div><label for=\"wpsl-search-input\">Din plats<\/label><\/div>\r\n\t\t\t\t<input id=\"wpsl-search-input\" type=\"text\" value=\"\" name=\"wpsl-search-input\" placeholder=\"\" aria-required=\"true\" \/>\r\n\t\t\t<\/div>\r\n\t\t\t<div class=\"wpsl-select-wrap\">\r\n\t\t\t\t<div id=\"wpsl-radius\">\r\n\t\t\t\t\t<label for=\"wpsl-radius-dropdown\">S\u00f6kradie<\/label>\r\n\t\t\t\t\t<select id=\"wpsl-radius-dropdown\" class=\"wpsl-dropdown\" name=\"wpsl-radius\">\r\n\t\t\t\t\t\t<option value=\"10\">10 km<\/option><option value=\"25\">25 km<\/option><option selected=\"selected\" value=\"50\">50 km<\/option><option value=\"100\">100 km<\/option><option value=\"200\">200 km<\/option><option value=\"500\">500 km<\/option>\r\n\t\t\t\t\t<\/select>\r\n\t\t\t\t<\/div>\r\n\t\t\t\t<div id=\"wpsl-results\">\r\n\t\t\t\t\t<label for=\"wpsl-results-dropdown\">Resultat<\/label>\r\n\t\t\t\t\t<select id=\"wpsl-results-dropdown\" class=\"wpsl-dropdown\" name=\"wpsl-results\">\r\n\t\t\t\t\t\t<option selected=\"selected\" value=\"25\">25<\/option><option value=\"50\">50<\/option><option value=\"75\">75<\/option><option value=\"100\">100<\/option>\r\n\t\t\t\t\t<\/select>\r\n\t\t\t\t<\/div>\r\n\t\t\t<\/div>\r\n<div id=\"wpsl-category\">\r\n<label for=\"wpsl-category-list\">Kategori<\/label>\r\n<select  name='wpsl-category' id='wpsl-category-list' class='wpsl-dropdown'>\n\t<option value='0'>Alla<\/option>\n\t<option class=\"level-0\" value=\"293\">Denmark<\/option>\n\t<option class=\"level-0\" value=\"294\">Finland<\/option>\n\t<option class=\"level-0\" value=\"295\">Germany<\/option>\n\t<option class=\"level-0\" value=\"292\">Sweden<\/option>\n<\/select>\n<\/div>\r\n\t\t\t\t<div class=\"wpsl-search-btn-wrap\"><input id=\"wpsl-search-btn\" type=\"submit\" value=\"S\u00f6k\"><\/div>\r\n\t\t<\/form>\r\n\t\t<\/div>\r\n\t<\/div>\r\n\t<div id=\"wpsl-gmap\" class=\"wpsl-gmap-canvas\"><\/div>\r\n\t<div id=\"wpsl-result-list\">\r\n\t\t<div id=\"wpsl-stores\" >\r\n\t\t\t<ul><\/ul>\r\n\t\t<\/div>\r\n\t\t<div id=\"wpsl-direction-details\">\r\n\t\t\t<ul><\/ul>\r\n\t\t<\/div>\r\n\t<\/div>\r\n<\/div>\r\n[\/et_pb_fullwidth_code][\/et_pb_section]<\/p>\n","protected":false},"excerpt":{"rendered":"<p>V\u00e5ra laboratorier Vi finns h\u00e4r f\u00f6r att hj\u00e4lpa dig. V\u00e5ra kalibreringslaboratorier finns i Stockholm-Kista, Arboga, Ludvika, Link\u00f6ping, G\u00f6teborg och Trollh\u00e4ttan.\u00a0 Vi utf\u00f6r ocks\u00e5 en m\u00e4ngd kundspecifika onsite-uppdrag, inklusive v\u00e5rt mobila, ackrediterade kalibreringslaboratorium. F\u00f6r m\u00e5nga kunder kan vi ordna en l\u00f6sning f\u00f6r upph\u00e4mtning och \u00e5terleverans av m\u00e4tinstrument.<style>\r\n\t#wpsl-stores .wpsl-store-thumb {height:45px !important; width:45px !important;}\r\n\t#wpsl-stores, #wpsl-direction-details, #wpsl-gmap {height:550px !important;}\r\n\t#wpsl-gmap .wpsl-info-window {max-width:310px !important;}\r\n\t.wpsl-input label, #wpsl-radius label, #wpsl-category label {width:95px;}\r\n\t#wpsl-search-input ,#wpsl-category .wpsl-dropdown {width:179px;}\r\n<\/style>\r\n<div id=\"wpsl-wrap\">\r\n\t<div class=\"wpsl-search wpsl-clearfix wpsl-filter\">\r\n\t\t<div id=\"wpsl-search-wrap\">\r\n\t\t\t<form autocomplete=\"off\">\r\n\t\t\t<div class=\"wpsl-input\">\r\n\t\t\t\t<div><label for=\"wpsl-search-input\">Din plats<\/label><\/div>\r\n\t\t\t\t<input id=\"wpsl-search-input\" type=\"text\" value=\"\" name=\"wpsl-search-input\" placeholder=\"\" aria-required=\"true\" \/>\r\n\t\t\t<\/div>\r\n\t\t\t<div class=\"wpsl-select-wrap\">\r\n\t\t\t\t<div id=\"wpsl-radius\">\r\n\t\t\t\t\t<label for=\"wpsl-radius-dropdown\">S\u00f6kradie<\/label>\r\n\t\t\t\t\t<select id=\"wpsl-radius-dropdown\" class=\"wpsl-dropdown\" name=\"wpsl-radius\">\r\n\t\t\t\t\t\t<option value=\"10\">10 km<\/option><option value=\"25\">25 km<\/option><option selected=\"selected\" value=\"50\">50 km<\/option><option value=\"100\">100 km<\/option><option value=\"200\">200 km<\/option><option value=\"500\">500 km<\/option>\r\n\t\t\t\t\t<\/select>\r\n\t\t\t\t<\/div>\r\n\t\t\t\t<div id=\"wpsl-results\">\r\n\t\t\t\t\t<label for=\"wpsl-results-dropdown\">Resultat<\/label>\r\n\t\t\t\t\t<select id=\"wpsl-results-dropdown\" class=\"wpsl-dropdown\" name=\"wpsl-results\">\r\n\t\t\t\t\t\t<option selected=\"selected\" value=\"25\">25<\/option><option value=\"50\">50<\/option><option value=\"75\">75<\/option><option value=\"100\">100<\/option>\r\n\t\t\t\t\t<\/select>\r\n\t\t\t\t<\/div>\r\n\t\t\t<\/div>\r\n<div id=\"wpsl-category\">\r\n<label for=\"wpsl-category-list\">Kategori<\/label>\r\n<select  name='wpsl-category' id='wpsl-category-list' class='wpsl-dropdown'>\n\t<option value='0'>Alla<\/option>\n\t<option class=\"level-0\" value=\"293\">Denmark<\/option>\n\t<option class=\"level-0\" value=\"294\">Finland<\/option>\n\t<option class=\"level-0\" value=\"295\">Germany<\/option>\n\t<option class=\"level-0\" value=\"292\">Sweden<\/option>\n<\/select>\n<\/div>\r\n\t\t\t\t<div class=\"wpsl-search-btn-wrap\"><input id=\"wpsl-search-btn\" type=\"submit\" value=\"S\u00f6k\"><\/div>\r\n\t\t<\/form>\r\n\t\t<\/div>\r\n\t<\/div>\r\n\t<div id=\"wpsl-gmap\" class=\"wpsl-gmap-canvas\"><\/div>\r\n\t<div id=\"wpsl-result-list\">\r\n\t\t<div id=\"wpsl-stores\" >\r\n\t\t\t<ul><\/ul>\r\n\t\t<\/div>\r\n\t\t<div id=\"wpsl-direction-details\">\r\n\t\t\t<ul><\/ul>\r\n\t\t<\/div>\r\n\t<\/div>\r\n<\/div>\r\n<\/p>\n","protected":false},"author":33,"featured_media":4646,"parent":15369,"menu_order":4,"comment_status":"closed","ping_status":"closed","template":"","meta":{"_acf_changed":false,"_et_pb_use_builder":"on","_et_pb_old_content":"<h2>Kontakta oss!<\/h2>\r\nF\u00f6r kalibreringsf\u00f6rfr\u00e5gningar, <a href=\"index.php?option=com_content&view=article&id=813&Itemid=317&lang=se\">kontakta v\u00e5rt team h\u00e4r<\/a> s\u00e5 \u00e5terkommer vi snarast.\r\n<h3>Administrativa fr\u00e5gor<\/h3>\r\nTelefon:010-603 61 00\r\nE-post: info.metech.se@element.com\r\n<h2>V\u00e5ra kalibreringslaboratorier i Sverige<\/h2>\r\n<h3>Stockholm, Kista<\/h3>\r\nElement Metech\r\nTorshamnsgatan 35\r\n164 40 Kista\r\n\r\n<a href=\"https:\/\/goo.gl\/maps\/ddVE79FsEX3H1nTXA\" target=\"_blank\" rel=\"noopener\">Google Maps<\/a>\r\nI Kista har vi nu flyttat till nya lokaler i grannfastigheten fr\u00e5n tidigare adress. Aktuell adress \u00e4r\u00a0Torshamnsgatan 35.\r\n<h3>Link\u00f6ping<\/h3>\r\nElement Metech\r\nBr\u00f6derna Ugglas Gata\r\nHus 103G\r\n581 88 Link\u00f6ping\r\n\r\n<a href=\"https:\/\/goo.gl\/maps\/Uaux4W6QcusDfsw57\" target=\"_blank\" rel=\"noopener\">Google Maps<\/a>\r\n<h3>Arboga<\/h3>\r\nElement Metech\r\nRattv\u00e4gen 1\r\n732 48 Arboga\r\n\r\n<a href=\"https:\/\/goo.gl\/maps\/NTVV9JQuBNTdXbm38\" target=\"_blank\" rel=\"noopener\">Google Maps<\/a>\r\n<h3>Ludvika<\/h3>\r\nElement Metech\r\nValhallav\u00e4gen 2\r\n(Gods: SETFO, Godstorg 32)\r\n771 80 Ludvika\r\n\r\n<a href=\"https:\/\/goo.gl\/maps\/6BeSCjdKTzSNArDj6\" target=\"_blank\" rel=\"noopener\">Google Maps<\/a>\r\n<h3>G\u00f6teborg<\/h3>\r\nElement Metech\r\nDelsj\u00f6motet, Solhusgatan 11\r\n412 76 G\u00f6teborg\r\n\r\n<a href=\"https:\/\/goo.gl\/maps\/udASUJy3QEe5QdDQ7\" target=\"_blank\" rel=\"noopener\">Google Maps<\/a>\r\n<h3>Trollh\u00e4ttan<\/h3>\r\nElement Metech\r\nFlygmotorv\u00e4gen 1\r\n461 38 Trollh\u00e4ttan\r\n\r\n<a href=\"https:\/\/goo.gl\/maps\/aenPzcry1mDxHkch6\" target=\"_blank\" rel=\"noopener\">Google Maps<\/a>\r\n<h3>Esl\u00f6v<\/h3>\r\nElement Metech\r\nVerkstadsv\u00e4gen 5\r\n241 38 Esl\u00f6v\r\n\r\n<a href=\"https:\/\/goo.gl\/maps\/y9bWpkjsJWvdF2ED9\" target=\"_blank\" rel=\"noopener\">Google Maps<\/a>","_et_gb_content_width":"","footnotes":""},"tags":[329],"class_list":["post-470","page","type-page","status-publish","has-post-thumbnail","hentry","tag-behall"],"acf":[],"yoast_head":"<!-- This site is optimized with the Yoast SEO plugin v27.3 - https:\/\/yoast.com\/product\/yoast-seo-wordpress\/ -->\n<title>V\u00e5ra laboratorier<\/title>\n<meta name=\"description\" content=\"V\u00e5ra ackrediterade kalibreringslaboratorier och mobila l\u00f6sningar erbjuder onsite-tj\u00e4nster, upph\u00e4mtning och leverans av m\u00e4tinstrument \u00f6ver hela Sverige.\" \/>\n<meta name=\"robots\" content=\"index, follow, max-snippet:-1, max-image-preview:large, max-video-preview:-1\" \/>\n<link rel=\"canonical\" href=\"https:\/\/elementmetech.com\/sv\/om\/laboratorier\/\" \/>\n<meta property=\"og:locale\" content=\"sv_SE\" \/>\n<meta property=\"og:type\" content=\"article\" \/>\n<meta property=\"og:title\" content=\"V\u00e5ra laboratorier\" \/>\n<meta property=\"og:description\" content=\"V\u00e5ra ackrediterade kalibreringslaboratorier och mobila l\u00f6sningar erbjuder onsite-tj\u00e4nster, upph\u00e4mtning och leverans av m\u00e4tinstrument \u00f6ver hela Sverige.\" \/>\n<meta property=\"og:url\" content=\"https:\/\/elementmetech.com\/sv\/om\/laboratorier\/\" \/>\n<meta property=\"og:site_name\" content=\"Element Metech\" \/>\n<meta property=\"article:modified_time\" content=\"2026-01-30T08:34:53+00:00\" \/>\n<meta property=\"og:image\" content=\"https:\/\/elementmetech.com\/wp-content\/uploads\/2021\/09\/Element-Locations-1-1600x480-1.jpg\" \/>\n\t<meta property=\"og:image:width\" content=\"1600\" \/>\n\t<meta property=\"og:image:height\" content=\"480\" \/>\n\t<meta property=\"og:image:type\" content=\"image\/jpeg\" \/>\n<meta name=\"twitter:card\" content=\"summary_large_image\" \/>\n<meta name=\"twitter:label1\" content=\"Ber\u00e4knad l\u00e4stid\" \/>\n\t<meta name=\"twitter:data1\" content=\"3 minuter\" \/>\n<script type=\"application\/ld+json\" class=\"yoast-schema-graph\">{\"@context\":\"https:\\\/\\\/schema.org\",\"@graph\":[{\"@type\":\"WebPage\",\"@id\":\"https:\\\/\\\/elementmetech.com\\\/sv\\\/om\\\/laboratorier\\\/\",\"url\":\"https:\\\/\\\/elementmetech.com\\\/sv\\\/om\\\/laboratorier\\\/\",\"name\":\"V\u00e5ra laboratorier\",\"isPartOf\":{\"@id\":\"https:\\\/\\\/elementmetech.com\\\/sv\\\/#website\"},\"primaryImageOfPage\":{\"@id\":\"https:\\\/\\\/elementmetech.com\\\/sv\\\/om\\\/laboratorier\\\/#primaryimage\"},\"image\":{\"@id\":\"https:\\\/\\\/elementmetech.com\\\/sv\\\/om\\\/laboratorier\\\/#primaryimage\"},\"thumbnailUrl\":\"https:\\\/\\\/elementmetech.com\\\/wp-content\\\/uploads\\\/2021\\\/09\\\/Element-Locations-1-1600x480-1.jpg\",\"datePublished\":\"2016-04-11T09:52:13+00:00\",\"dateModified\":\"2026-01-30T08:34:53+00:00\",\"description\":\"V\u00e5ra ackrediterade kalibreringslaboratorier och mobila l\u00f6sningar erbjuder onsite-tj\u00e4nster, upph\u00e4mtning och leverans av m\u00e4tinstrument \u00f6ver hela Sverige.\",\"breadcrumb\":{\"@id\":\"https:\\\/\\\/elementmetech.com\\\/sv\\\/om\\\/laboratorier\\\/#breadcrumb\"},\"inLanguage\":\"sv-SE\",\"potentialAction\":[{\"@type\":\"ReadAction\",\"target\":[\"https:\\\/\\\/elementmetech.com\\\/sv\\\/om\\\/laboratorier\\\/\"]}]},{\"@type\":\"ImageObject\",\"inLanguage\":\"sv-SE\",\"@id\":\"https:\\\/\\\/elementmetech.com\\\/sv\\\/om\\\/laboratorier\\\/#primaryimage\",\"url\":\"https:\\\/\\\/elementmetech.com\\\/wp-content\\\/uploads\\\/2021\\\/09\\\/Element-Locations-1-1600x480-1.jpg\",\"contentUrl\":\"https:\\\/\\\/elementmetech.com\\\/wp-content\\\/uploads\\\/2021\\\/09\\\/Element-Locations-1-1600x480-1.jpg\",\"width\":1600,\"height\":480,\"caption\":\"Marktf\u00fchrendes Kalibrierlabor\"},{\"@type\":\"BreadcrumbList\",\"@id\":\"https:\\\/\\\/elementmetech.com\\\/sv\\\/om\\\/laboratorier\\\/#breadcrumb\",\"itemListElement\":[{\"@type\":\"ListItem\",\"position\":1,\"name\":\"Home\",\"item\":\"https:\\\/\\\/elementmetech.com\\\/sv\\\/\"},{\"@type\":\"ListItem\",\"position\":2,\"name\":\"Om Element\",\"item\":\"https:\\\/\\\/elementmetech.com\\\/sv\\\/about\\\/\"},{\"@type\":\"ListItem\",\"position\":3,\"name\":\"V\u00e5ra laboratorier\"}]},{\"@type\":\"WebSite\",\"@id\":\"https:\\\/\\\/elementmetech.com\\\/sv\\\/#website\",\"url\":\"https:\\\/\\\/elementmetech.com\\\/sv\\\/\",\"name\":\"Element Metech\",\"description\":\"Delivering metrological confidence\",\"publisher\":{\"@id\":\"https:\\\/\\\/elementmetech.com\\\/sv\\\/#organization\"},\"potentialAction\":[{\"@type\":\"SearchAction\",\"target\":{\"@type\":\"EntryPoint\",\"urlTemplate\":\"https:\\\/\\\/elementmetech.com\\\/sv\\\/?s={search_term_string}\"},\"query-input\":{\"@type\":\"PropertyValueSpecification\",\"valueRequired\":true,\"valueName\":\"search_term_string\"}}],\"inLanguage\":\"sv-SE\"},{\"@type\":\"Organization\",\"@id\":\"https:\\\/\\\/elementmetech.com\\\/sv\\\/#organization\",\"name\":\"Element Metech\",\"url\":\"https:\\\/\\\/elementmetech.com\\\/sv\\\/\",\"logo\":{\"@type\":\"ImageObject\",\"inLanguage\":\"sv-SE\",\"@id\":\"https:\\\/\\\/elementmetech.com\\\/sv\\\/#\\\/schema\\\/logo\\\/image\\\/\",\"url\":\"https:\\\/\\\/elementmetech.com\\\/wp-content\\\/uploads\\\/2021\\\/06\\\/Element-Metech-Logo-1.svg\",\"contentUrl\":\"https:\\\/\\\/elementmetech.com\\\/wp-content\\\/uploads\\\/2021\\\/06\\\/Element-Metech-Logo-1.svg\",\"width\":\"1024\",\"height\":\"1024\",\"caption\":\"Element Metech\"},\"image\":{\"@id\":\"https:\\\/\\\/elementmetech.com\\\/sv\\\/#\\\/schema\\\/logo\\\/image\\\/\"},\"sameAs\":[\"https:\\\/\\\/www.linkedin.com\\\/company\\\/element-metech\\\/\"]}]}<\/script>\n<!-- \/ Yoast SEO plugin. -->","yoast_head_json":{"title":"V\u00e5ra laboratorier","description":"V\u00e5ra ackrediterade kalibreringslaboratorier och mobila l\u00f6sningar erbjuder onsite-tj\u00e4nster, upph\u00e4mtning och leverans av m\u00e4tinstrument \u00f6ver hela Sverige.","robots":{"index":"index","follow":"follow","max-snippet":"max-snippet:-1","max-image-preview":"max-image-preview:large","max-video-preview":"max-video-preview:-1"},"canonical":"https:\/\/elementmetech.com\/sv\/om\/laboratorier\/","og_locale":"sv_SE","og_type":"article","og_title":"V\u00e5ra laboratorier","og_description":"V\u00e5ra ackrediterade kalibreringslaboratorier och mobila l\u00f6sningar erbjuder onsite-tj\u00e4nster, upph\u00e4mtning och leverans av m\u00e4tinstrument \u00f6ver hela Sverige.","og_url":"https:\/\/elementmetech.com\/sv\/om\/laboratorier\/","og_site_name":"Element Metech","article_modified_time":"2026-01-30T08:34:53+00:00","og_image":[{"width":1600,"height":480,"url":"https:\/\/elementmetech.com\/wp-content\/uploads\/2021\/09\/Element-Locations-1-1600x480-1.jpg","type":"image\/jpeg"}],"twitter_card":"summary_large_image","twitter_misc":{"Ber\u00e4knad l\u00e4stid":"3 minuter"},"schema":{"@context":"https:\/\/schema.org","@graph":[{"@type":"WebPage","@id":"https:\/\/elementmetech.com\/sv\/om\/laboratorier\/","url":"https:\/\/elementmetech.com\/sv\/om\/laboratorier\/","name":"V\u00e5ra laboratorier","isPartOf":{"@id":"https:\/\/elementmetech.com\/sv\/#website"},"primaryImageOfPage":{"@id":"https:\/\/elementmetech.com\/sv\/om\/laboratorier\/#primaryimage"},"image":{"@id":"https:\/\/elementmetech.com\/sv\/om\/laboratorier\/#primaryimage"},"thumbnailUrl":"https:\/\/elementmetech.com\/wp-content\/uploads\/2021\/09\/Element-Locations-1-1600x480-1.jpg","datePublished":"2016-04-11T09:52:13+00:00","dateModified":"2026-01-30T08:34:53+00:00","description":"V\u00e5ra ackrediterade kalibreringslaboratorier och mobila l\u00f6sningar erbjuder onsite-tj\u00e4nster, upph\u00e4mtning och leverans av m\u00e4tinstrument \u00f6ver hela Sverige.","breadcrumb":{"@id":"https:\/\/elementmetech.com\/sv\/om\/laboratorier\/#breadcrumb"},"inLanguage":"sv-SE","potentialAction":[{"@type":"ReadAction","target":["https:\/\/elementmetech.com\/sv\/om\/laboratorier\/"]}]},{"@type":"ImageObject","inLanguage":"sv-SE","@id":"https:\/\/elementmetech.com\/sv\/om\/laboratorier\/#primaryimage","url":"https:\/\/elementmetech.com\/wp-content\/uploads\/2021\/09\/Element-Locations-1-1600x480-1.jpg","contentUrl":"https:\/\/elementmetech.com\/wp-content\/uploads\/2021\/09\/Element-Locations-1-1600x480-1.jpg","width":1600,"height":480,"caption":"Marktf\u00fchrendes Kalibrierlabor"},{"@type":"BreadcrumbList","@id":"https:\/\/elementmetech.com\/sv\/om\/laboratorier\/#breadcrumb","itemListElement":[{"@type":"ListItem","position":1,"name":"Home","item":"https:\/\/elementmetech.com\/sv\/"},{"@type":"ListItem","position":2,"name":"Om Element","item":"https:\/\/elementmetech.com\/sv\/about\/"},{"@type":"ListItem","position":3,"name":"V\u00e5ra laboratorier"}]},{"@type":"WebSite","@id":"https:\/\/elementmetech.com\/sv\/#website","url":"https:\/\/elementmetech.com\/sv\/","name":"Element Metech","description":"Delivering metrological confidence","publisher":{"@id":"https:\/\/elementmetech.com\/sv\/#organization"},"potentialAction":[{"@type":"SearchAction","target":{"@type":"EntryPoint","urlTemplate":"https:\/\/elementmetech.com\/sv\/?s={search_term_string}"},"query-input":{"@type":"PropertyValueSpecification","valueRequired":true,"valueName":"search_term_string"}}],"inLanguage":"sv-SE"},{"@type":"Organization","@id":"https:\/\/elementmetech.com\/sv\/#organization","name":"Element Metech","url":"https:\/\/elementmetech.com\/sv\/","logo":{"@type":"ImageObject","inLanguage":"sv-SE","@id":"https:\/\/elementmetech.com\/sv\/#\/schema\/logo\/image\/","url":"https:\/\/elementmetech.com\/wp-content\/uploads\/2021\/06\/Element-Metech-Logo-1.svg","contentUrl":"https:\/\/elementmetech.com\/wp-content\/uploads\/2021\/06\/Element-Metech-Logo-1.svg","width":"1024","height":"1024","caption":"Element Metech"},"image":{"@id":"https:\/\/elementmetech.com\/sv\/#\/schema\/logo\/image\/"},"sameAs":["https:\/\/www.linkedin.com\/company\/element-metech\/"]}]}},"_links":{"self":[{"href":"https:\/\/elementmetech.com\/sv\/wp-json\/wp\/v2\/pages\/470","targetHints":{"allow":["GET"]}}],"collection":[{"href":"https:\/\/elementmetech.com\/sv\/wp-json\/wp\/v2\/pages"}],"about":[{"href":"https:\/\/elementmetech.com\/sv\/wp-json\/wp\/v2\/types\/page"}],"author":[{"embeddable":true,"href":"https:\/\/elementmetech.com\/sv\/wp-json\/wp\/v2\/users\/33"}],"replies":[{"embeddable":true,"href":"https:\/\/elementmetech.com\/sv\/wp-json\/wp\/v2\/comments?post=470"}],"version-history":[{"count":0,"href":"https:\/\/elementmetech.com\/sv\/wp-json\/wp\/v2\/pages\/470\/revisions"}],"up":[{"embeddable":true,"href":"https:\/\/elementmetech.com\/sv\/wp-json\/wp\/v2\/pages\/15369"}],"wp:featuredmedia":[{"embeddable":true,"href":"https:\/\/elementmetech.com\/sv\/wp-json\/wp\/v2\/media\/4646"}],"wp:attachment":[{"href":"https:\/\/elementmetech.com\/sv\/wp-json\/wp\/v2\/media?parent=470"}],"wp:term":[{"taxonomy":"post_tag","embeddable":true,"href":"https:\/\/elementmetech.com\/sv\/wp-json\/wp\/v2\/tags?post=470"}],"curies":[{"name":"wp","href":"https:\/\/api.w.org\/{rel}","templated":true}]}}