{"id":16561,"date":"2025-09-04T11:38:08","date_gmt":"2025-09-04T09:38:08","guid":{"rendered":"https:\/\/elementmet3stg.wpenginepowered.com\/?page_id=16561"},"modified":"2026-01-30T09:37:21","modified_gmt":"2026-01-30T08:37:21","slug":"bestall-kalibrering","status":"publish","type":"page","link":"https:\/\/elementmetech.com\/sv\/kalibrering\/bestall-kalibrering\/","title":{"rendered":"Best\u00e4ll kalibrering"},"content":{"rendered":"<p>[et_pb_section fb_built=&#8221;1&#8243; admin_label=&#8221;eng-2025-header-image-contact-us&#8221; _builder_version=&#8221;4.27.4&#8243; background_color=&#8221;#f7f9fb&#8221; background_image=&#8221;https:\/\/elementmetech.com\/wp-content\/uploads\/2025\/08\/dekor-cirkel-ljusbla-2.png&#8221; background_size=&#8221;contain&#8221; background_position=&#8221;top_left&#8221; background_enable_video_mp4=&#8221;off&#8221; custom_padding=&#8221;0px|0px|0px|0px|false|false&#8221; background_last_edited=&#8221;on|tablet&#8221; background_enable_image_tablet=&#8221;off&#8221; global_module=&#8221;16482&#8243; saved_tabs=&#8221;all&#8221; locked=&#8221;off&#8221; global_colors_info=&#8221;{}&#8221;][et_pb_row column_structure=&#8221;1_2,1_2&#8243; make_equal=&#8221;on&#8221; admin_label=&#8221;row&#8221; _builder_version=&#8221;4.27.4&#8243; width=&#8221;100%&#8221; max_width=&#8221;100%&#8221; custom_padding=&#8221;0px|0px|0px|0px|true|true&#8221; custom_css_main_element=&#8221;width:100% !important;&#8221; global_colors_info=&#8221;{}&#8221; custom_css_main_element_last_edited=&#8221;off|desktop&#8221; custom_css_main_element_tablet=&#8221;flex-wrap: nowrap;&#8221; custom_css_main_element_phone=&#8221;flex-wrap: nowrap;&#8221;][et_pb_column type=&#8221;1_2&#8243; _builder_version=&#8221;4.27.4&#8243; custom_padding=&#8221;50px||50px||false|false&#8221; global_colors_info=&#8221;{}&#8221; custom_padding__hover=&#8221;|||&#8221;][et_pb_cta title=&#8221;@ET-DC@eyJkeW5hbWljIjp0cnVlLCJjb250ZW50IjoicG9zdF90aXRsZSIsInNldHRpbmdzIjp7ImJlZm9yZSI6IiIsImFmdGVyIjoiIn19@&#8221; button_url=&#8221;#&#8221; button_text=&#8221;Kontakta oss&#8221; module_class=&#8221;preamble et-lb-btn-1&#8243; _builder_version=&#8221;4.27.4&#8243; _dynamic_attributes=&#8221;title,content&#8221; _module_preset=&#8221;default&#8221; header_level=&#8221;h1&#8243; header_text_align=&#8221;left&#8221; background_enable_color=&#8221;off&#8221; text_orientation=&#8221;left&#8221; background_layout=&#8221;light&#8221; max_width=&#8221;670px&#8221; max_width_tablet=&#8221;100%&#8221; max_width_phone=&#8221;100%&#8221; max_width_last_edited=&#8221;on|tablet&#8221; module_alignment=&#8221;right&#8221; custom_margin=&#8221;20px||20px||false|false&#8221; custom_margin_tablet=&#8221;||50px||false|false&#8221; custom_margin_phone=&#8221;||50px||false|false&#8221; custom_margin_last_edited=&#8221;on|desktop&#8221; custom_padding=&#8221;0px||0px||false|false&#8221; border_width_left=&#8221;3px&#8221; border_color_left=&#8221;#4BA1D2&#8243; global_colors_info=&#8221;{}&#8221;]@ET-DC@eyJkeW5hbWljIjp0cnVlLCJjb250ZW50IjoicG9zdF9leGNlcnB0Iiwic2V0dGluZ3MiOnsiYmVmb3JlIjoiIiwiYWZ0ZXIiOiIiLCJ3b3JkcyI6IiIsInJlYWRfbW9yZV9sYWJlbCI6IiJ9fQ==@[\/et_pb_cta][\/et_pb_column][et_pb_column type=&#8221;1_2&#8243; _builder_version=&#8221;4.27.4&#8243; _dynamic_attributes=&#8221;background_image&#8221; background_image=&#8221;@ET-DC@eyJkeW5hbWljIjp0cnVlLCJjb250ZW50IjoicG9zdF9mZWF0dXJlZF9pbWFnZSIsInNldHRpbmdzIjp7fX0=@&#8221; custom_padding=&#8221;|||&#8221; global_colors_info=&#8221;{}&#8221; custom_padding__hover=&#8221;|||&#8221;][et_pb_image src=&#8221;@ET-DC@eyJkeW5hbWljIjp0cnVlLCJjb250ZW50IjoicG9zdF9mZWF0dXJlZF9pbWFnZSIsInNldHRpbmdzIjp7fX0=@&#8221; title_text=&#8221;elementmetech-akustik&#8221; force_fullwidth=&#8221;on&#8221; disabled_on=&#8221;off|off|on&#8221; _builder_version=&#8221;4.27.4&#8243; _dynamic_attributes=&#8221;src&#8221; _module_preset=&#8221;default&#8221; custom_css_free_form=&#8221;selector img {height: 100%!important;max-width:none;}&#8221; global_colors_info=&#8221;{}&#8221;][\/et_pb_image][\/et_pb_column][\/et_pb_row][\/et_pb_section][et_pb_section fb_built=&#8221;1&#8243; _builder_version=&#8221;4.19.5&#8243; _module_preset=&#8221;default&#8221; global_colors_info=&#8221;{}&#8221;][et_pb_row column_structure=&#8221;1_2,1_2&#8243; use_custom_gutter=&#8221;on&#8221; make_equal=&#8221;on&#8221; _builder_version=&#8221;4.27.4&#8243; _module_preset=&#8221;default&#8221; max_width=&#8221;1000px&#8221; global_colors_info=&#8221;{}&#8221;][et_pb_column type=&#8221;1_2&#8243; _builder_version=&#8221;4.27.4&#8243; _module_preset=&#8221;default&#8221; background_color=&#8221;#9BCBEB&#8221; box_shadow_style=&#8221;preset2&#8243; global_colors_info=&#8221;{}&#8221;][et_pb_cta title=&#8221;Ny kund&#8221; button_url=&#8221;mailto:%20sales.se@element.com&#8221; url_new_window=&#8221;on&#8221; button_text=&#8221;Kontakta v\u00e5rt s\u00e4ljteam&#8221; _builder_version=&#8221;4.27.4&#8243; _module_preset=&#8221;default&#8221; background_enable_color=&#8221;off&#8221; custom_button=&#8221;on&#8221; button_text_color=&#8221;#FFFFFF&#8221; button_bg_color=&#8221;#0C2242&#8243; button_border_color=&#8221;RGBA(255,255,255,0)&#8221; button_use_icon=&#8221;off&#8221; background_layout=&#8221;light&#8221; custom_margin=&#8221;||||false|false&#8221; custom_padding=&#8221;35px|35px|35px|35px|false|false&#8221; link_option_url_new_window=&#8221;on&#8221; global_colors_info=&#8221;{}&#8221;]<\/p>\n<p>\u00c4r ni en ny kund till Element, kontakta v\u00e5r s\u00e4ljavdelning s\u00e5 hj\u00e4lper vi er att skapa ett kundnummer och en offert f\u00f6r det ni \u00f6nskar kalibrera.<\/p>\n<p>[\/et_pb_cta][\/et_pb_column][et_pb_column type=&#8221;1_2&#8243; _builder_version=&#8221;4.27.4&#8243; _module_preset=&#8221;default&#8221; background_color=&#8221;#0095C8&#8243; box_shadow_style=&#8221;preset2&#8243; global_colors_info=&#8221;{}&#8221;][et_pb_cta title=&#8221;Befintlig kund&#8221; button_url=&#8221;https:\/\/elementmetech.com\/wp-content\/uploads\/2023\/03\/ServiceOrder-Element-Metech-AB-SWE.docx&#8221; url_new_window=&#8221;on&#8221; button_text=&#8221;Ladda ner v\u00e5r serviceorder&#8221; _builder_version=&#8221;4.27.4&#8243; _module_preset=&#8221;default&#8221; background_enable_color=&#8221;off&#8221; custom_button=&#8221;on&#8221; button_text_color=&#8221;#FFFFFF&#8221; button_bg_color=&#8221;#0C2242&#8243; button_border_color=&#8221;RGBA(255,255,255,0)&#8221; button_use_icon=&#8221;off&#8221; global_colors_info=&#8221;{}&#8221;]<\/p>\n<p>Om ni redan har ett kundnummer men saknar m\u00f6jlighet att l\u00e4gga best\u00e4llningen genom m\u00e4tdonsregister <a href=\"https:\/\/elementmetech.com\/sv\/matdonsregister-mio\/\" target=\"_blank\" rel=\"noopener\">MIO\u2122<\/a> kan ni ladda ner serviceorder som ni fyller i och bifogar med era objekt.<\/p>\n<p>[\/et_pb_cta][\/et_pb_column][\/et_pb_row][\/et_pb_section][et_pb_section fb_built=&#8221;1&#8243; _builder_version=&#8221;4.27.4&#8243; _module_preset=&#8221;default&#8221; global_colors_info=&#8221;{}&#8221;][et_pb_row column_structure=&#8221;1_5,3_5,1_5&#8243; _builder_version=&#8221;4.27.4&#8243; _module_preset=&#8221;default&#8221; global_colors_info=&#8221;{}&#8221;][et_pb_column type=&#8221;1_5&#8243; _builder_version=&#8221;4.27.4&#8243; _module_preset=&#8221;default&#8221; global_colors_info=&#8221;{}&#8221;][\/et_pb_column][et_pb_column type=&#8221;3_5&#8243; _builder_version=&#8221;4.27.4&#8243; _module_preset=&#8221;default&#8221; global_colors_info=&#8221;{}&#8221;][et_pb_text _builder_version=&#8221;4.27.4&#8243; _module_preset=&#8221;default&#8221; text_orientation=&#8221;center&#8221; global_colors_info=&#8221;{}&#8221;]<\/p>\n<h2>V\u00e5ra laboratorier<\/h2>\n<p>Objekten och best\u00e4llningen skickar ni sedan till n\u00e5got av v\u00e5ra kalibreringssajter nedan. Har ni fr\u00e5gor om ledtider eller inskickad best\u00e4llning? Kontakta det labb ni skickat eller t\u00e4nkt skicka er best\u00e4llning till. G\u00e4ller det kalibrering av pipetter? V\u00e4nligen kontakta \u201dStockholm\u201d nedan.<\/p>\n<p>[\/et_pb_text][\/et_pb_column][et_pb_column type=&#8221;1_5&#8243; _builder_version=&#8221;4.27.4&#8243; _module_preset=&#8221;default&#8221; global_colors_info=&#8221;{}&#8221;][\/et_pb_column][\/et_pb_row][\/et_pb_section][et_pb_section fb_built=&#8221;1&#8243; fullwidth=&#8221;on&#8221; admin_label=&#8221;Labb &#8211; karta 2025&#8243; module_id=&#8221;labb&#8221; _builder_version=&#8221;4.27.4&#8243; _module_preset=&#8221;default&#8221; global_module=&#8221;12708&#8243; saved_tabs=&#8221;all&#8221; locked=&#8221;off&#8221; global_colors_info=&#8221;{}&#8221;][et_pb_fullwidth_code _builder_version=&#8221;4.27.4&#8243; _module_preset=&#8221;default&#8221; global_colors_info=&#8221;{}&#8221;]<style>\r\n\t#wpsl-stores .wpsl-store-thumb {height:45px !important; width:45px !important;}\r\n\t#wpsl-stores, #wpsl-direction-details, #wpsl-gmap {height:550px !important;}\r\n\t#wpsl-gmap .wpsl-info-window {max-width:310px !important;}\r\n\t.wpsl-input label, #wpsl-radius label, #wpsl-category label {width:95px;}\r\n\t#wpsl-search-input ,#wpsl-category .wpsl-dropdown {width:179px;}\r\n<\/style>\r\n<div id=\"wpsl-wrap\">\r\n\t<div class=\"wpsl-search wpsl-clearfix wpsl-filter\">\r\n\t\t<div id=\"wpsl-search-wrap\">\r\n\t\t\t<form autocomplete=\"off\">\r\n\t\t\t<div class=\"wpsl-input\">\r\n\t\t\t\t<div><label for=\"wpsl-search-input\">Din plats<\/label><\/div>\r\n\t\t\t\t<input id=\"wpsl-search-input\" type=\"text\" value=\"\" name=\"wpsl-search-input\" placeholder=\"\" aria-required=\"true\" \/>\r\n\t\t\t<\/div>\r\n\t\t\t<div class=\"wpsl-select-wrap\">\r\n\t\t\t\t<div id=\"wpsl-radius\">\r\n\t\t\t\t\t<label for=\"wpsl-radius-dropdown\">S\u00f6kradie<\/label>\r\n\t\t\t\t\t<select id=\"wpsl-radius-dropdown\" class=\"wpsl-dropdown\" name=\"wpsl-radius\">\r\n\t\t\t\t\t\t<option value=\"10\">10 km<\/option><option value=\"25\">25 km<\/option><option selected=\"selected\" value=\"50\">50 km<\/option><option value=\"100\">100 km<\/option><option value=\"200\">200 km<\/option><option value=\"500\">500 km<\/option>\r\n\t\t\t\t\t<\/select>\r\n\t\t\t\t<\/div>\r\n\t\t\t\t<div id=\"wpsl-results\">\r\n\t\t\t\t\t<label for=\"wpsl-results-dropdown\">Resultat<\/label>\r\n\t\t\t\t\t<select id=\"wpsl-results-dropdown\" class=\"wpsl-dropdown\" name=\"wpsl-results\">\r\n\t\t\t\t\t\t<option selected=\"selected\" value=\"25\">25<\/option><option value=\"50\">50<\/option><option value=\"75\">75<\/option><option value=\"100\">100<\/option>\r\n\t\t\t\t\t<\/select>\r\n\t\t\t\t<\/div>\r\n\t\t\t<\/div>\r\n<div id=\"wpsl-category\">\r\n<label for=\"wpsl-category-list\">Kategori<\/label>\r\n<select  name='wpsl-category' id='wpsl-category-list' class='wpsl-dropdown'>\n\t<option value='0'>Alla<\/option>\n\t<option class=\"level-0\" value=\"293\">Denmark<\/option>\n\t<option class=\"level-0\" value=\"294\">Finland<\/option>\n\t<option class=\"level-0\" value=\"295\">Germany<\/option>\n\t<option class=\"level-0\" value=\"292\">Sweden<\/option>\n<\/select>\n<\/div>\r\n\t\t\t\t<div class=\"wpsl-search-btn-wrap\"><input id=\"wpsl-search-btn\" type=\"submit\" value=\"S\u00f6k\"><\/div>\r\n\t\t<\/form>\r\n\t\t<\/div>\r\n\t<\/div>\r\n\t<div id=\"wpsl-gmap\" class=\"wpsl-gmap-canvas\"><\/div>\r\n\t<div id=\"wpsl-result-list\">\r\n\t\t<div id=\"wpsl-stores\" >\r\n\t\t\t<ul><\/ul>\r\n\t\t<\/div>\r\n\t\t<div id=\"wpsl-direction-details\">\r\n\t\t\t<ul><\/ul>\r\n\t\t<\/div>\r\n\t<\/div>\r\n<\/div>\r\n[\/et_pb_fullwidth_code][\/et_pb_section]<\/p>\n","protected":false},"excerpt":{"rendered":"<p>Att best\u00e4lla kalibrering ska vara enkelt, smidigt och g\u00e5 snabbt. Vi guidar dig steg f\u00f6r steg genom processen.<\/p>\n","protected":false},"author":22,"featured_media":16317,"parent":479,"menu_order":0,"comment_status":"closed","ping_status":"closed","template":"","meta":{"_acf_changed":false,"_et_pb_use_builder":"on","_et_pb_old_content":"","_et_gb_content_width":"","footnotes":""},"tags":[],"class_list":["post-16561","page","type-page","status-publish","has-post-thumbnail","hentry"],"acf":[],"yoast_head":"<!-- This site is optimized with the Yoast SEO plugin v27.3 - https:\/\/yoast.com\/product\/yoast-seo-wordpress\/ -->\n<title>Best\u00e4ll kalibrering - Element Metech<\/title>\n<meta name=\"description\" content=\"Best\u00e4ll kalibrering enkelt online eller via serviceorder med tydliga steg, snabb hantering och support fr\u00e5n v\u00e5ra ackrediterade laboratorier.\" \/>\n<meta name=\"robots\" content=\"index, follow, max-snippet:-1, max-image-preview:large, max-video-preview:-1\" \/>\n<link rel=\"canonical\" href=\"https:\/\/elementmetech.com\/sv\/kalibrering\/bestall-kalibrering\/\" \/>\n<meta property=\"og:locale\" content=\"sv_SE\" \/>\n<meta property=\"og:type\" content=\"article\" \/>\n<meta property=\"og:title\" content=\"Best\u00e4ll kalibrering - Element Metech\" \/>\n<meta property=\"og:description\" content=\"Best\u00e4ll kalibrering enkelt online eller via serviceorder med tydliga steg, snabb hantering och support fr\u00e5n v\u00e5ra ackrediterade laboratorier.\" \/>\n<meta property=\"og:url\" content=\"https:\/\/elementmetech.com\/sv\/kalibrering\/bestall-kalibrering\/\" \/>\n<meta property=\"og:site_name\" content=\"Element Metech\" \/>\n<meta property=\"article:modified_time\" content=\"2026-01-30T08:37:21+00:00\" \/>\n<meta property=\"og:image\" content=\"https:\/\/elementmetech.com\/wp-content\/uploads\/2025\/08\/Dynamic-Testing_Element_2021_A-2193_7207.png\" \/>\n\t<meta property=\"og:image:width\" content=\"1280\" \/>\n\t<meta property=\"og:image:height\" content=\"853\" \/>\n\t<meta property=\"og:image:type\" content=\"image\/png\" \/>\n<meta name=\"twitter:card\" content=\"summary_large_image\" \/>\n<meta name=\"twitter:label1\" content=\"Ber\u00e4knad l\u00e4stid\" \/>\n\t<meta name=\"twitter:data1\" content=\"4 minuter\" \/>\n<script type=\"application\/ld+json\" class=\"yoast-schema-graph\">{\"@context\":\"https:\\\/\\\/schema.org\",\"@graph\":[{\"@type\":\"WebPage\",\"@id\":\"https:\\\/\\\/elementmetech.com\\\/sv\\\/kalibrering\\\/bestall-kalibrering\\\/\",\"url\":\"https:\\\/\\\/elementmetech.com\\\/sv\\\/kalibrering\\\/bestall-kalibrering\\\/\",\"name\":\"Best\u00e4ll kalibrering - Element Metech\",\"isPartOf\":{\"@id\":\"https:\\\/\\\/elementmetech.com\\\/sv\\\/#website\"},\"primaryImageOfPage\":{\"@id\":\"https:\\\/\\\/elementmetech.com\\\/sv\\\/kalibrering\\\/bestall-kalibrering\\\/#primaryimage\"},\"image\":{\"@id\":\"https:\\\/\\\/elementmetech.com\\\/sv\\\/kalibrering\\\/bestall-kalibrering\\\/#primaryimage\"},\"thumbnailUrl\":\"https:\\\/\\\/elementmetech.com\\\/wp-content\\\/uploads\\\/2025\\\/08\\\/Dynamic-Testing_Element_2021_A-2193_7207.png\",\"datePublished\":\"2025-09-04T09:38:08+00:00\",\"dateModified\":\"2026-01-30T08:37:21+00:00\",\"description\":\"Best\u00e4ll kalibrering enkelt online eller via serviceorder med tydliga steg, snabb hantering och support fr\u00e5n v\u00e5ra ackrediterade laboratorier.\",\"breadcrumb\":{\"@id\":\"https:\\\/\\\/elementmetech.com\\\/sv\\\/kalibrering\\\/bestall-kalibrering\\\/#breadcrumb\"},\"inLanguage\":\"sv-SE\",\"potentialAction\":[{\"@type\":\"ReadAction\",\"target\":[\"https:\\\/\\\/elementmetech.com\\\/sv\\\/kalibrering\\\/bestall-kalibrering\\\/\"]}]},{\"@type\":\"ImageObject\",\"inLanguage\":\"sv-SE\",\"@id\":\"https:\\\/\\\/elementmetech.com\\\/sv\\\/kalibrering\\\/bestall-kalibrering\\\/#primaryimage\",\"url\":\"https:\\\/\\\/elementmetech.com\\\/wp-content\\\/uploads\\\/2025\\\/08\\\/Dynamic-Testing_Element_2021_A-2193_7207.png\",\"contentUrl\":\"https:\\\/\\\/elementmetech.com\\\/wp-content\\\/uploads\\\/2025\\\/08\\\/Dynamic-Testing_Element_2021_A-2193_7207.png\",\"width\":1280,\"height\":853},{\"@type\":\"BreadcrumbList\",\"@id\":\"https:\\\/\\\/elementmetech.com\\\/sv\\\/kalibrering\\\/bestall-kalibrering\\\/#breadcrumb\",\"itemListElement\":[{\"@type\":\"ListItem\",\"position\":1,\"name\":\"Home\",\"item\":\"https:\\\/\\\/elementmetech.com\\\/sv\\\/\"},{\"@type\":\"ListItem\",\"position\":2,\"name\":\"Kalibrering &#038; Metrologi\",\"item\":\"https:\\\/\\\/elementmetech.com\\\/sv\\\/kalibrering\\\/\"},{\"@type\":\"ListItem\",\"position\":3,\"name\":\"Best\u00e4ll kalibrering\"}]},{\"@type\":\"WebSite\",\"@id\":\"https:\\\/\\\/elementmetech.com\\\/sv\\\/#website\",\"url\":\"https:\\\/\\\/elementmetech.com\\\/sv\\\/\",\"name\":\"Element Metech\",\"description\":\"Delivering metrological confidence\",\"publisher\":{\"@id\":\"https:\\\/\\\/elementmetech.com\\\/sv\\\/#organization\"},\"potentialAction\":[{\"@type\":\"SearchAction\",\"target\":{\"@type\":\"EntryPoint\",\"urlTemplate\":\"https:\\\/\\\/elementmetech.com\\\/sv\\\/?s={search_term_string}\"},\"query-input\":{\"@type\":\"PropertyValueSpecification\",\"valueRequired\":true,\"valueName\":\"search_term_string\"}}],\"inLanguage\":\"sv-SE\"},{\"@type\":\"Organization\",\"@id\":\"https:\\\/\\\/elementmetech.com\\\/sv\\\/#organization\",\"name\":\"Element Metech\",\"url\":\"https:\\\/\\\/elementmetech.com\\\/sv\\\/\",\"logo\":{\"@type\":\"ImageObject\",\"inLanguage\":\"sv-SE\",\"@id\":\"https:\\\/\\\/elementmetech.com\\\/sv\\\/#\\\/schema\\\/logo\\\/image\\\/\",\"url\":\"https:\\\/\\\/elementmetech.com\\\/wp-content\\\/uploads\\\/2021\\\/06\\\/Element-Metech-Logo-1.svg\",\"contentUrl\":\"https:\\\/\\\/elementmetech.com\\\/wp-content\\\/uploads\\\/2021\\\/06\\\/Element-Metech-Logo-1.svg\",\"width\":\"1024\",\"height\":\"1024\",\"caption\":\"Element Metech\"},\"image\":{\"@id\":\"https:\\\/\\\/elementmetech.com\\\/sv\\\/#\\\/schema\\\/logo\\\/image\\\/\"},\"sameAs\":[\"https:\\\/\\\/www.linkedin.com\\\/company\\\/element-metech\\\/\"]}]}<\/script>\n<!-- \/ Yoast SEO plugin. -->","yoast_head_json":{"title":"Best\u00e4ll kalibrering - Element Metech","description":"Best\u00e4ll kalibrering enkelt online eller via serviceorder med tydliga steg, snabb hantering och support fr\u00e5n v\u00e5ra ackrediterade laboratorier.","robots":{"index":"index","follow":"follow","max-snippet":"max-snippet:-1","max-image-preview":"max-image-preview:large","max-video-preview":"max-video-preview:-1"},"canonical":"https:\/\/elementmetech.com\/sv\/kalibrering\/bestall-kalibrering\/","og_locale":"sv_SE","og_type":"article","og_title":"Best\u00e4ll kalibrering - Element Metech","og_description":"Best\u00e4ll kalibrering enkelt online eller via serviceorder med tydliga steg, snabb hantering och support fr\u00e5n v\u00e5ra ackrediterade laboratorier.","og_url":"https:\/\/elementmetech.com\/sv\/kalibrering\/bestall-kalibrering\/","og_site_name":"Element Metech","article_modified_time":"2026-01-30T08:37:21+00:00","og_image":[{"width":1280,"height":853,"url":"https:\/\/elementmetech.com\/wp-content\/uploads\/2025\/08\/Dynamic-Testing_Element_2021_A-2193_7207.png","type":"image\/png"}],"twitter_card":"summary_large_image","twitter_misc":{"Ber\u00e4knad l\u00e4stid":"4 minuter"},"schema":{"@context":"https:\/\/schema.org","@graph":[{"@type":"WebPage","@id":"https:\/\/elementmetech.com\/sv\/kalibrering\/bestall-kalibrering\/","url":"https:\/\/elementmetech.com\/sv\/kalibrering\/bestall-kalibrering\/","name":"Best\u00e4ll kalibrering - Element Metech","isPartOf":{"@id":"https:\/\/elementmetech.com\/sv\/#website"},"primaryImageOfPage":{"@id":"https:\/\/elementmetech.com\/sv\/kalibrering\/bestall-kalibrering\/#primaryimage"},"image":{"@id":"https:\/\/elementmetech.com\/sv\/kalibrering\/bestall-kalibrering\/#primaryimage"},"thumbnailUrl":"https:\/\/elementmetech.com\/wp-content\/uploads\/2025\/08\/Dynamic-Testing_Element_2021_A-2193_7207.png","datePublished":"2025-09-04T09:38:08+00:00","dateModified":"2026-01-30T08:37:21+00:00","description":"Best\u00e4ll kalibrering enkelt online eller via serviceorder med tydliga steg, snabb hantering och support fr\u00e5n v\u00e5ra ackrediterade laboratorier.","breadcrumb":{"@id":"https:\/\/elementmetech.com\/sv\/kalibrering\/bestall-kalibrering\/#breadcrumb"},"inLanguage":"sv-SE","potentialAction":[{"@type":"ReadAction","target":["https:\/\/elementmetech.com\/sv\/kalibrering\/bestall-kalibrering\/"]}]},{"@type":"ImageObject","inLanguage":"sv-SE","@id":"https:\/\/elementmetech.com\/sv\/kalibrering\/bestall-kalibrering\/#primaryimage","url":"https:\/\/elementmetech.com\/wp-content\/uploads\/2025\/08\/Dynamic-Testing_Element_2021_A-2193_7207.png","contentUrl":"https:\/\/elementmetech.com\/wp-content\/uploads\/2025\/08\/Dynamic-Testing_Element_2021_A-2193_7207.png","width":1280,"height":853},{"@type":"BreadcrumbList","@id":"https:\/\/elementmetech.com\/sv\/kalibrering\/bestall-kalibrering\/#breadcrumb","itemListElement":[{"@type":"ListItem","position":1,"name":"Home","item":"https:\/\/elementmetech.com\/sv\/"},{"@type":"ListItem","position":2,"name":"Kalibrering &#038; Metrologi","item":"https:\/\/elementmetech.com\/sv\/kalibrering\/"},{"@type":"ListItem","position":3,"name":"Best\u00e4ll kalibrering"}]},{"@type":"WebSite","@id":"https:\/\/elementmetech.com\/sv\/#website","url":"https:\/\/elementmetech.com\/sv\/","name":"Element Metech","description":"Delivering metrological confidence","publisher":{"@id":"https:\/\/elementmetech.com\/sv\/#organization"},"potentialAction":[{"@type":"SearchAction","target":{"@type":"EntryPoint","urlTemplate":"https:\/\/elementmetech.com\/sv\/?s={search_term_string}"},"query-input":{"@type":"PropertyValueSpecification","valueRequired":true,"valueName":"search_term_string"}}],"inLanguage":"sv-SE"},{"@type":"Organization","@id":"https:\/\/elementmetech.com\/sv\/#organization","name":"Element Metech","url":"https:\/\/elementmetech.com\/sv\/","logo":{"@type":"ImageObject","inLanguage":"sv-SE","@id":"https:\/\/elementmetech.com\/sv\/#\/schema\/logo\/image\/","url":"https:\/\/elementmetech.com\/wp-content\/uploads\/2021\/06\/Element-Metech-Logo-1.svg","contentUrl":"https:\/\/elementmetech.com\/wp-content\/uploads\/2021\/06\/Element-Metech-Logo-1.svg","width":"1024","height":"1024","caption":"Element Metech"},"image":{"@id":"https:\/\/elementmetech.com\/sv\/#\/schema\/logo\/image\/"},"sameAs":["https:\/\/www.linkedin.com\/company\/element-metech\/"]}]}},"_links":{"self":[{"href":"https:\/\/elementmetech.com\/sv\/wp-json\/wp\/v2\/pages\/16561","targetHints":{"allow":["GET"]}}],"collection":[{"href":"https:\/\/elementmetech.com\/sv\/wp-json\/wp\/v2\/pages"}],"about":[{"href":"https:\/\/elementmetech.com\/sv\/wp-json\/wp\/v2\/types\/page"}],"author":[{"embeddable":true,"href":"https:\/\/elementmetech.com\/sv\/wp-json\/wp\/v2\/users\/22"}],"replies":[{"embeddable":true,"href":"https:\/\/elementmetech.com\/sv\/wp-json\/wp\/v2\/comments?post=16561"}],"version-history":[{"count":0,"href":"https:\/\/elementmetech.com\/sv\/wp-json\/wp\/v2\/pages\/16561\/revisions"}],"up":[{"embeddable":true,"href":"https:\/\/elementmetech.com\/sv\/wp-json\/wp\/v2\/pages\/479"}],"wp:featuredmedia":[{"embeddable":true,"href":"https:\/\/elementmetech.com\/sv\/wp-json\/wp\/v2\/media\/16317"}],"wp:attachment":[{"href":"https:\/\/elementmetech.com\/sv\/wp-json\/wp\/v2\/media?parent=16561"}],"wp:term":[{"taxonomy":"post_tag","embeddable":true,"href":"https:\/\/elementmetech.com\/sv\/wp-json\/wp\/v2\/tags?post=16561"}],"curies":[{"name":"wp","href":"https:\/\/api.w.org\/{rel}","templated":true}]}}