{"id":831,"date":"2020-09-10T09:48:30","date_gmt":"2020-09-10T09:48:30","guid":{"rendered":"https:\/\/elementmetech.wpengine.com\/calibration-partner\/"},"modified":"2024-10-29T09:59:58","modified_gmt":"2024-10-29T08:59:58","slug":"kalibrointipartnerisi","status":"publish","type":"page","link":"https:\/\/elementmetech.com\/fi\/palvelut\/kalibrointipartnerisi\/","title":{"rendered":"Kalibrointipartnerisi"},"content":{"rendered":"<p>[et_pb_section fb_built=&#8221;1&#8243; _builder_version=&#8221;4.16&#8243; global_colors_info=&#8221;{}&#8221;][et_pb_row column_structure=&#8221;1_5,3_5,1_5&#8243; _builder_version=&#8221;4.16&#8243; background_size=&#8221;initial&#8221; background_position=&#8221;top_left&#8221; background_repeat=&#8221;repeat&#8221; global_colors_info=&#8221;{}&#8221;][et_pb_column type=&#8221;1_5&#8243; _builder_version=&#8221;4.16&#8243; custom_padding=&#8221;|||&#8221; global_colors_info=&#8221;{}&#8221; custom_padding__hover=&#8221;|||&#8221;][\/et_pb_column][et_pb_column type=&#8221;3_5&#8243; _builder_version=&#8221;4.16&#8243; custom_padding=&#8221;|||&#8221; global_colors_info=&#8221;{}&#8221; custom_padding__hover=&#8221;|||&#8221;][et_pb_text _builder_version=&#8221;4.16&#8243; background_size=&#8221;initial&#8221; background_position=&#8221;top_left&#8221; background_repeat=&#8221;repeat&#8221; global_colors_info=&#8221;{}&#8221;]<\/p>\n<div class=\"super-lead\">\n<p>Kalibrointi, eli mittausv\u00e4lineen mittausep\u00e4varmuuden m\u00e4\u00e4ritys, on t\u00e4rke\u00e4 osa laadunohjausta. On oleellista, ett\u00e4 mittalaitteet kalibroidaan s\u00e4\u00e4nn\u00f6llisin v\u00e4liajoin, sill\u00e4 kalibroimatonta laitetta ei saa k\u00e4ytt\u00e4\u00e4.<\/p>\n<p>Element Metechin kalibrointipalvelut pit\u00e4v\u00e4t mittalaitteesi tarkkuuden uuden veroisena. Me olemme Element Metech, t\u00e4yden palvelun tarjoaja mittalaitteiden kalibrointiin, huoltoon ja hallintaan.<\/p>\n<\/div>\n<p>[\/et_pb_text][\/et_pb_column][et_pb_column type=&#8221;1_5&#8243; _builder_version=&#8221;4.16&#8243; custom_padding=&#8221;|||&#8221; global_colors_info=&#8221;{}&#8221; custom_padding__hover=&#8221;|||&#8221;][\/et_pb_column][\/et_pb_row][et_pb_row column_structure=&#8221;1_2,1_2&#8243; _builder_version=&#8221;4.16&#8243; _module_preset=&#8221;default&#8221; global_colors_info=&#8221;{}&#8221;][et_pb_column type=&#8221;1_2&#8243; _builder_version=&#8221;4.16&#8243; _module_preset=&#8221;default&#8221; global_colors_info=&#8221;{}&#8221;][et_pb_image src=&#8221;https:\/\/elementmetech.com\/wp-content\/uploads\/2020\/09\/Calibration-dimensional-4-640&#215;480.jpg&#8221; alt=&#8221;Instrument management&#8221; title_text=&#8221;Calibration Dimensional&#8221; _builder_version=&#8221;4.16&#8243; _module_preset=&#8221;default&#8221; global_colors_info=&#8221;{}&#8221;][\/et_pb_image][\/et_pb_column][et_pb_column type=&#8221;1_2&#8243; _builder_version=&#8221;4.16&#8243; _module_preset=&#8221;default&#8221; global_colors_info=&#8221;{}&#8221;][et_pb_text _builder_version=&#8221;4.16&#8243; background_size=&#8221;initial&#8221; background_position=&#8221;top_left&#8221; background_repeat=&#8221;repeat&#8221; global_colors_info=&#8221;{}&#8221;]<\/p>\n<h2>Korkealaatuisia kalibrointipalveluja<\/h2>\n<p>Joustava kalibrointiohjelma, joka vastaa tarkkoja tarpeitasi, voi auttaa sinua virtaviivaistamaan kalibrointitoimintoja, mik\u00e4 johtaa parempaan laatuun ja pienempiin hallinnointikustannuksiin.<\/p>\n<p>400 kalibroinnin asiantuntijan tiimimme ja 70 vuoden kokemus ovat valmiita tukemaan tarpeitasi. Kalibroimme merkkiriippumattomasti eri laitevalmistajien ja j\u00e4lleenmyyjien toimittamia testi- ja mittauslaitteita.<\/p>\n<p>[\/et_pb_text][\/et_pb_column][\/et_pb_row][et_pb_row column_structure=&#8221;1_2,1_2&#8243; _builder_version=&#8221;4.16&#8243; _module_preset=&#8221;default&#8221; custom_padding=&#8221;0px|||||&#8221; global_colors_info=&#8221;{}&#8221;][et_pb_column type=&#8221;1_2&#8243; _builder_version=&#8221;4.16&#8243; _module_preset=&#8221;default&#8221; global_colors_info=&#8221;{}&#8221;][et_pb_text _builder_version=&#8221;4.16&#8243; background_size=&#8221;initial&#8221; background_position=&#8221;top_left&#8221; background_repeat=&#8221;repeat&#8221; global_colors_info=&#8221;{}&#8221;]<\/p>\n<h2>Kalibrointipalvelut<\/h2>\n<p>Kalibrointipalvelumme kattavat seuraavat alueet:<\/p>\n<ul>\n<li><strong><a href=\"https:\/\/elementmetech.com\/fi\/kalibrointi\/sahko\/\">S\u00e4hk\u00f6, aika, taajuus<\/a><\/strong><\/li>\n<li><strong><a href=\"https:\/\/elementmetech.com\/fi\/kalibrointi\/pituus-ja-geometria\/\">Pituus ja geometria<\/a><\/strong><\/li>\n<li><strong><a href=\"https:\/\/elementmetech.com\/fi\/kalibrointi\/laempoetila-ja-kosteus\/\">L\u00e4mp\u00f6tila ja kosteus<\/a><\/strong><\/li>\n<li><strong><a href=\"https:\/\/elementmetech.com\/fi\/kalibrointi\/vaeaentoemomentti\/\">V\u00e4\u00e4nt\u00f6momentti<\/a><\/strong><\/li>\n<li><strong><a href=\"https:\/\/elementmetech.com\/fi\/kalibrointi\/voima\/\">Voima<\/a><\/strong><\/li>\n<li><strong><a href=\"https:\/\/elementmetech.com\/fi\/kalibrointi\/massa\/\">Massa<\/a><\/strong><\/li>\n<li><strong><a href=\"https:\/\/elementmetech.com\/fi\/kalibrointi\/paine\/\">Paine<\/a><\/strong><\/li>\n<\/ul>\n<p>[\/et_pb_text][\/et_pb_column][et_pb_column type=&#8221;1_2&#8243; _builder_version=&#8221;4.16&#8243; _module_preset=&#8221;default&#8221; global_colors_info=&#8221;{}&#8221;][et_pb_image src=&#8221;https:\/\/elementmetech.com\/wp-content\/uploads\/2016\/04\/Calibration-Electrical-2-640&#215;480.jpg&#8221; alt=&#8221;Electrical  calibration&#8221; title_text=&#8221;Kalibrering Elektronik&#8221; _builder_version=&#8221;4.16&#8243; _module_preset=&#8221;default&#8221; locked=&#8221;off&#8221; global_colors_info=&#8221;{}&#8221;][\/et_pb_image][\/et_pb_column][\/et_pb_row][et_pb_row column_structure=&#8221;1_2,1_2&#8243; _builder_version=&#8221;4.16&#8243; _module_preset=&#8221;default&#8221; global_colors_info=&#8221;{}&#8221;][et_pb_column type=&#8221;1_2&#8243; _builder_version=&#8221;4.16&#8243; _module_preset=&#8221;default&#8221; global_colors_info=&#8221;{}&#8221;][et_pb_image src=&#8221;https:\/\/elementmetech.com\/wp-content\/uploads\/2020\/09\/Calibration-Management-MIO-1-640&#215;480.png&#8221; title_text=&#8221;Mittalaiterekisteri MIO&#8221; _builder_version=&#8221;4.16&#8243; _module_preset=&#8221;default&#8221; global_colors_info=&#8221;{}&#8221;][\/et_pb_image][\/et_pb_column][et_pb_column type=&#8221;1_2&#8243; _builder_version=&#8221;4.16&#8243; _module_preset=&#8221;default&#8221; global_colors_info=&#8221;{}&#8221;][et_pb_text _builder_version=&#8221;4.27.2&#8243; background_size=&#8221;initial&#8221; background_position=&#8221;top_left&#8221; background_repeat=&#8221;repeat&#8221; hover_enabled=&#8221;0&#8243; global_colors_info=&#8221;{}&#8221; sticky_enabled=&#8221;0&#8243;]<\/p>\n<h2>Valmis auditointiin MIO\u2122:n avulla<\/h2>\n<p>Metech Instrument Organizer (MIO\u2122) on helppok\u00e4ytt\u00f6inen, verkkopohjainen mittalaiterekisteri kalibrointitilan, historiatietojen ja kalibrointitodistusten valvomiseksi.<\/p>\n<ul>\n<li>Automaattiset h\u00e4lytykset<\/li>\n<li>Yksinkertaistetut tarkastukset<\/li>\n<li>ISO-yhteensopiva<\/li>\n<li>Suojattu tietojen tallennus<\/li>\n<\/ul>\n<p>[\/et_pb_text][\/et_pb_column][\/et_pb_row][et_pb_row column_structure=&#8221;1_2,1_2&#8243; _builder_version=&#8221;4.16&#8243; _module_preset=&#8221;default&#8221; global_colors_info=&#8221;{}&#8221;][et_pb_column type=&#8221;1_2&#8243; _builder_version=&#8221;4.16&#8243; _module_preset=&#8221;default&#8221; global_colors_info=&#8221;{}&#8221;][et_pb_text _builder_version=&#8221;4.16&#8243; background_size=&#8221;initial&#8221; background_position=&#8221;top_left&#8221; background_repeat=&#8221;repeat&#8221; global_colors_info=&#8221;{}&#8221;]<\/p>\n<h2>On-site kalibrointi<\/h2>\n<p>On-site kalibrointi s\u00e4\u00e4st\u00e4\u00e4 aikaa, kun on tarve mahdollisimman lyhyeen tuotannonkeskeytykseen.<\/p>\n<p>Toimitamme paikalle oman mittalaitekalustomme ja teknikkomme saapuvat paikalle suorittamaan kalibroinnin sovittuun aikaan.<\/p>\n<p>[\/et_pb_text][\/et_pb_column][et_pb_column type=&#8221;1_2&#8243; _builder_version=&#8221;4.16&#8243; _module_preset=&#8221;default&#8221; global_colors_info=&#8221;{}&#8221;][et_pb_image src=&#8221;https:\/\/elementmetech.com\/wp-content\/uploads\/2016\/07\/Calibration-Onsite-2-640&#215;480.jpg&#8221; alt=&#8221;Kalibreringsbussen&#8221; title_text=&#8221;Calibration Onsite&#8221; _builder_version=&#8221;4.16&#8243; _module_preset=&#8221;default&#8221; locked=&#8221;off&#8221; global_colors_info=&#8221;{}&#8221;][\/et_pb_image][\/et_pb_column][\/et_pb_row][\/et_pb_section]<\/p>\n","protected":false},"excerpt":{"rendered":"<p>Kalibrointi, eli mittausv\u00e4lineen mittausep\u00e4varmuuden m\u00e4\u00e4ritys, on t\u00e4rke\u00e4 osa laadunohjausta. On oleellista, ett\u00e4 mittalaitteet kalibroidaan s\u00e4\u00e4nn\u00f6llisin v\u00e4liajoin, sill\u00e4 kalibroimatonta laitetta ei saa k\u00e4ytt\u00e4\u00e4. Element Metechin kalibrointipalvelut pit\u00e4v\u00e4t mittalaitteesi tarkkuuden uuden veroisena. Me olemme Element Metech, t\u00e4yden palvelun tarjoaja mittalaitteiden kalibrointiin, huoltoon ja hallintaan. Korkealaatuisia kalibrointipalveluja Joustava kalibrointiohjelma, joka vastaa tarkkoja tarpeitasi, voi auttaa sinua virtaviivaistamaan kalibrointitoimintoja, [&hellip;]<\/p>\n","protected":false},"author":27,"featured_media":3420,"parent":710,"menu_order":3,"comment_status":"closed","ping_status":"closed","template":"","meta":{"_acf_changed":false,"_et_pb_use_builder":"on","_et_pb_old_content":"<article><h2>Element Metechin kalibrointipalvelut pit\u00e4v\u00e4t mittalaitteesi tarkkuuden uuden veroisena<\/h2><p class=\"super-lead\">Me olemme Element Metech, t\u00e4yden palvelun tarjoaja mittalaitteiden kalibrointiin, huoltoon ja hallintaan.\u00a0<\/p><\/article><section><div class=\"section-content\"><h2>Korkealaatuisia kalibrointipalveluja<\/h2><p>Joustava kalibrointiohjelma, joka vastaa tarkkoja tarpeitasi, voi auttaa sinua virtaviivaistamaan kalibrointitoimintoja, mik\u00e4 johtaa parempaan laatuun ja pienempiin hallinnointikustannuksiin.<\/p><p>400 kalibroinnin asiantuntijan tiimimme ja 70 vuoden kokemus ovat valmiita tukemaan tarpeitasi. Kalibroimme merkkiriippumattomasti eri laitevalmistajien ja j\u00e4lleenmyyjien toimittamia testi- ja mittauslaitteita.<\/p><\/div><\/section><section><img class=\" size-full wp-image-1486\" src=\"https:\/\/elementmetech.com\/wp-content\/uploads\/2020\/09\/Calibration-Management-MIO-1-640x480.png\" alt=\"Mittalaiterekisteri MIO\" width=\"640\" height=\"480\" \/><div class=\"section-content\"><h2>Valmis auditointiin MIO:n avulla<\/h2><p>Metech Instrument Organizer (MIO) on helppok\u00e4ytt\u00f6inen, verkkopohjainen mittalaiterekisteri kalibrointitilan, historiatietojen ja kalibrointitodistusten valvomiseksi.<\/p><p>\u2022 Automaattiset h\u00e4lytykset<br \/>\u2022 Yksinkertaistetut tarkastukset<br \/>\u2022 ISO-yhteensopiva<br \/>\u2022 Suojattu tietojen tallennus<\/p><\/div><\/section><section><img class=\" size-full wp-image-1492\" src=\"https:\/\/elementmetech.com\/wp-content\/uploads\/2020\/09\/Calibration-Onsite-2-640x480.jpg\" alt=\"Calibration Onsite 2 640x480\" width=\"640\" height=\"480\" \/><div class=\"section-content\"><h2>On-site kalibrointi<\/h2><p>On-site kalibrointi s\u00e4\u00e4st\u00e4\u00e4 aikaa, kun on tarve mahdollisimman lyhyeen tuotannonkeskeytykseen.<\/p><p>Toimitamme paikalle oman mittalaitekalustomme ja teknikkomme saapuvat paikalle suorittamaan kalibroinnin sovittuun aikaan.<\/p><\/div><\/section><section><img class=\" size-full wp-image-1498\" src=\"https:\/\/elementmetech.com\/wp-content\/uploads\/2020\/09\/Calibration-Electrical-2-640x480.jpg\" alt=\"S\u00e4hk\u00f6isten mittalaitteiden kalibrointi\" width=\"640\" height=\"480\" \/><div class=\"section-content\"><h2>Kalibrointipalvelut<\/h2><p>Element Metech laajan valikoiman mittauslaitteiden kalibrointipalveluja sek\u00e4 paikan p\u00e4\u00e4ll\u00e4 ett\u00e4 akkreditoidussa laboratoriossamme. Kalibrointipalvelumme kattavat seuraavat alueet:<\/p><p>\u2022 <a href=\"index.php?option=com_content&view=article&id=827;sahko&catid=139;kalibrointi&lang=fi-FI\">S\u00e4hk\u00f6, aika, taajuus<\/a><br \/>\u2022 <a href=\"index.php?option=com_content&view=article&id=726;pituus&catid=139;kalibrointi&lang=fi-FI\">Pituus ja geometria<\/a><br \/>\u2022 <a href=\"index.php?option=com_content&view=article&id=727;laempoetila-ja-kosteus&catid=139;kalibrointi&lang=fi-FI\">L\u00e4mp\u00f6tila ja kosteus<\/a><br \/>\u2022 <a href=\"index.php?option=com_content&view=article&id=724;vaeaentoemomentti&catid=139;kalibrointi&lang=fi-FI\">V\u00e4\u00e4nt\u00f6momentti<\/a><br \/>\u2022 <a href=\"index.php?option=com_content&view=article&id=725;voima&catid=139;kalibrointi&lang=fi-FI\">Voima<\/a><br \/>\u2022 <a href=\"index.php?option=com_content&view=article&id=721;massa&catid=139;kalibrointi&lang=fi-FI\">Massa<\/a><br \/>\u2022 <a href=\"index.php?option=com_content&view=article&id=722;paine&catid=139;kalibrointi&lang=fi-FI\">Paine<\/a><\/p><\/div><\/section><section><div class=\"section-content\"><h2>Ota yhteytt\u00e4 tiimimme<\/h2><p>Kun tarvitset kalibrointipalveluja, ota yhteytt\u00e4 tiimimme.<\/p><p class=\"readmore\"><a href=\"index.php?option=com_content&view=article&id=46&Itemid=798&lang=en\">Ota yhteytt\u00e4<\/a><\/p><\/div><\/section>","_et_gb_content_width":"","footnotes":""},"tags":[304],"class_list":["post-831","page","type-page","status-publish","has-post-thumbnail","hentry","tag-outsourcing-fi"],"acf":[],"yoast_head":"<!-- This site is optimized with the Yoast SEO plugin v27.3 - https:\/\/yoast.com\/product\/yoast-seo-wordpress\/ -->\n<title>Korkealaatuisia kalibrointipalveluja<\/title>\n<meta name=\"description\" content=\"For more than 70 years, long-term partnerships has been shaping our calibration solutions to customer needs, from remote laboratory calibrations to permanently onsite\" \/>\n<meta name=\"robots\" content=\"index, follow, max-snippet:-1, max-image-preview:large, max-video-preview:-1\" \/>\n<link rel=\"canonical\" href=\"https:\/\/elementmetech.com\/fi\/palvelut\/kalibrointipartnerisi\/\" \/>\n<meta property=\"og:locale\" content=\"fi_FI\" \/>\n<meta property=\"og:type\" content=\"article\" \/>\n<meta property=\"og:title\" content=\"Korkealaatuisia kalibrointipalveluja\" \/>\n<meta property=\"og:description\" content=\"For more than 70 years, long-term partnerships has been shaping our calibration solutions to customer needs, from remote laboratory calibrations to permanently onsite\" \/>\n<meta property=\"og:url\" content=\"https:\/\/elementmetech.com\/fi\/palvelut\/kalibrointipartnerisi\/\" \/>\n<meta property=\"og:site_name\" content=\"Element Metech\" \/>\n<meta property=\"article:modified_time\" content=\"2024-10-29T08:59:58+00:00\" \/>\n<meta property=\"og:image\" content=\"https:\/\/elementmetech.com\/wp-content\/uploads\/2021\/06\/5-Calibration-experts-1-1600x480-1.jpg\" \/>\n\t<meta property=\"og:image:width\" content=\"1600\" \/>\n\t<meta property=\"og:image:height\" content=\"480\" \/>\n\t<meta property=\"og:image:type\" content=\"image\/jpeg\" \/>\n<meta name=\"twitter:card\" content=\"summary_large_image\" \/>\n<meta name=\"twitter:label1\" content=\"Arvioitu lukuaika\" \/>\n\t<meta name=\"twitter:data1\" content=\"3 minuuttia\" \/>\n<script type=\"application\/ld+json\" class=\"yoast-schema-graph\">{\"@context\":\"https:\\\/\\\/schema.org\",\"@graph\":[{\"@type\":\"WebPage\",\"@id\":\"https:\\\/\\\/elementmetech.com\\\/fi\\\/palvelut\\\/kalibrointipartnerisi\\\/\",\"url\":\"https:\\\/\\\/elementmetech.com\\\/fi\\\/palvelut\\\/kalibrointipartnerisi\\\/\",\"name\":\"Korkealaatuisia kalibrointipalveluja\",\"isPartOf\":{\"@id\":\"https:\\\/\\\/elementmetech.com\\\/fi\\\/#website\"},\"primaryImageOfPage\":{\"@id\":\"https:\\\/\\\/elementmetech.com\\\/fi\\\/palvelut\\\/kalibrointipartnerisi\\\/#primaryimage\"},\"image\":{\"@id\":\"https:\\\/\\\/elementmetech.com\\\/fi\\\/palvelut\\\/kalibrointipartnerisi\\\/#primaryimage\"},\"thumbnailUrl\":\"https:\\\/\\\/elementmetech.com\\\/wp-content\\\/uploads\\\/2021\\\/06\\\/5-Calibration-experts-1-1600x480-1.jpg\",\"datePublished\":\"2020-09-10T09:48:30+00:00\",\"dateModified\":\"2024-10-29T08:59:58+00:00\",\"description\":\"For more than 70 years, long-term partnerships has been shaping our calibration solutions to customer needs, from remote laboratory calibrations to permanently onsite\",\"breadcrumb\":{\"@id\":\"https:\\\/\\\/elementmetech.com\\\/fi\\\/palvelut\\\/kalibrointipartnerisi\\\/#breadcrumb\"},\"inLanguage\":\"fi\",\"potentialAction\":[{\"@type\":\"ReadAction\",\"target\":[\"https:\\\/\\\/elementmetech.com\\\/fi\\\/palvelut\\\/kalibrointipartnerisi\\\/\"]}]},{\"@type\":\"ImageObject\",\"inLanguage\":\"fi\",\"@id\":\"https:\\\/\\\/elementmetech.com\\\/fi\\\/palvelut\\\/kalibrointipartnerisi\\\/#primaryimage\",\"url\":\"https:\\\/\\\/elementmetech.com\\\/wp-content\\\/uploads\\\/2021\\\/06\\\/5-Calibration-experts-1-1600x480-1.jpg\",\"contentUrl\":\"https:\\\/\\\/elementmetech.com\\\/wp-content\\\/uploads\\\/2021\\\/06\\\/5-Calibration-experts-1-1600x480-1.jpg\",\"width\":1600,\"height\":480,\"caption\":\"Calibration Partner\"},{\"@type\":\"BreadcrumbList\",\"@id\":\"https:\\\/\\\/elementmetech.com\\\/fi\\\/palvelut\\\/kalibrointipartnerisi\\\/#breadcrumb\",\"itemListElement\":[{\"@type\":\"ListItem\",\"position\":1,\"name\":\"Home\",\"item\":\"https:\\\/\\\/elementmetech.com\\\/fi\\\/\"},{\"@type\":\"ListItem\",\"position\":2,\"name\":\"Metrologian asiantuntijapalvelut\",\"item\":\"https:\\\/\\\/elementmetech.com\\\/fi\\\/palvelut\\\/\"},{\"@type\":\"ListItem\",\"position\":3,\"name\":\"Kalibrointipartnerisi\"}]},{\"@type\":\"WebSite\",\"@id\":\"https:\\\/\\\/elementmetech.com\\\/fi\\\/#website\",\"url\":\"https:\\\/\\\/elementmetech.com\\\/fi\\\/\",\"name\":\"Element Metech\",\"description\":\"Delivering metrological confidence\",\"publisher\":{\"@id\":\"https:\\\/\\\/elementmetech.com\\\/fi\\\/#organization\"},\"potentialAction\":[{\"@type\":\"SearchAction\",\"target\":{\"@type\":\"EntryPoint\",\"urlTemplate\":\"https:\\\/\\\/elementmetech.com\\\/fi\\\/?s={search_term_string}\"},\"query-input\":{\"@type\":\"PropertyValueSpecification\",\"valueRequired\":true,\"valueName\":\"search_term_string\"}}],\"inLanguage\":\"fi\"},{\"@type\":\"Organization\",\"@id\":\"https:\\\/\\\/elementmetech.com\\\/fi\\\/#organization\",\"name\":\"Element Metech\",\"url\":\"https:\\\/\\\/elementmetech.com\\\/fi\\\/\",\"logo\":{\"@type\":\"ImageObject\",\"inLanguage\":\"fi\",\"@id\":\"https:\\\/\\\/elementmetech.com\\\/fi\\\/#\\\/schema\\\/logo\\\/image\\\/\",\"url\":\"https:\\\/\\\/elementmetech.com\\\/wp-content\\\/uploads\\\/2021\\\/06\\\/Element-Metech-Logo-1.svg\",\"contentUrl\":\"https:\\\/\\\/elementmetech.com\\\/wp-content\\\/uploads\\\/2021\\\/06\\\/Element-Metech-Logo-1.svg\",\"width\":\"1024\",\"height\":\"1024\",\"caption\":\"Element Metech\"},\"image\":{\"@id\":\"https:\\\/\\\/elementmetech.com\\\/fi\\\/#\\\/schema\\\/logo\\\/image\\\/\"},\"sameAs\":[\"https:\\\/\\\/www.linkedin.com\\\/company\\\/element-metech\\\/\"]}]}<\/script>\n<!-- \/ Yoast SEO plugin. -->","yoast_head_json":{"title":"Korkealaatuisia kalibrointipalveluja","description":"For more than 70 years, long-term partnerships has been shaping our calibration solutions to customer needs, from remote laboratory calibrations to permanently onsite","robots":{"index":"index","follow":"follow","max-snippet":"max-snippet:-1","max-image-preview":"max-image-preview:large","max-video-preview":"max-video-preview:-1"},"canonical":"https:\/\/elementmetech.com\/fi\/palvelut\/kalibrointipartnerisi\/","og_locale":"fi_FI","og_type":"article","og_title":"Korkealaatuisia kalibrointipalveluja","og_description":"For more than 70 years, long-term partnerships has been shaping our calibration solutions to customer needs, from remote laboratory calibrations to permanently onsite","og_url":"https:\/\/elementmetech.com\/fi\/palvelut\/kalibrointipartnerisi\/","og_site_name":"Element Metech","article_modified_time":"2024-10-29T08:59:58+00:00","og_image":[{"width":1600,"height":480,"url":"https:\/\/elementmetech.com\/wp-content\/uploads\/2021\/06\/5-Calibration-experts-1-1600x480-1.jpg","type":"image\/jpeg"}],"twitter_card":"summary_large_image","twitter_misc":{"Arvioitu lukuaika":"3 minuuttia"},"schema":{"@context":"https:\/\/schema.org","@graph":[{"@type":"WebPage","@id":"https:\/\/elementmetech.com\/fi\/palvelut\/kalibrointipartnerisi\/","url":"https:\/\/elementmetech.com\/fi\/palvelut\/kalibrointipartnerisi\/","name":"Korkealaatuisia kalibrointipalveluja","isPartOf":{"@id":"https:\/\/elementmetech.com\/fi\/#website"},"primaryImageOfPage":{"@id":"https:\/\/elementmetech.com\/fi\/palvelut\/kalibrointipartnerisi\/#primaryimage"},"image":{"@id":"https:\/\/elementmetech.com\/fi\/palvelut\/kalibrointipartnerisi\/#primaryimage"},"thumbnailUrl":"https:\/\/elementmetech.com\/wp-content\/uploads\/2021\/06\/5-Calibration-experts-1-1600x480-1.jpg","datePublished":"2020-09-10T09:48:30+00:00","dateModified":"2024-10-29T08:59:58+00:00","description":"For more than 70 years, long-term partnerships has been shaping our calibration solutions to customer needs, from remote laboratory calibrations to permanently onsite","breadcrumb":{"@id":"https:\/\/elementmetech.com\/fi\/palvelut\/kalibrointipartnerisi\/#breadcrumb"},"inLanguage":"fi","potentialAction":[{"@type":"ReadAction","target":["https:\/\/elementmetech.com\/fi\/palvelut\/kalibrointipartnerisi\/"]}]},{"@type":"ImageObject","inLanguage":"fi","@id":"https:\/\/elementmetech.com\/fi\/palvelut\/kalibrointipartnerisi\/#primaryimage","url":"https:\/\/elementmetech.com\/wp-content\/uploads\/2021\/06\/5-Calibration-experts-1-1600x480-1.jpg","contentUrl":"https:\/\/elementmetech.com\/wp-content\/uploads\/2021\/06\/5-Calibration-experts-1-1600x480-1.jpg","width":1600,"height":480,"caption":"Calibration Partner"},{"@type":"BreadcrumbList","@id":"https:\/\/elementmetech.com\/fi\/palvelut\/kalibrointipartnerisi\/#breadcrumb","itemListElement":[{"@type":"ListItem","position":1,"name":"Home","item":"https:\/\/elementmetech.com\/fi\/"},{"@type":"ListItem","position":2,"name":"Metrologian asiantuntijapalvelut","item":"https:\/\/elementmetech.com\/fi\/palvelut\/"},{"@type":"ListItem","position":3,"name":"Kalibrointipartnerisi"}]},{"@type":"WebSite","@id":"https:\/\/elementmetech.com\/fi\/#website","url":"https:\/\/elementmetech.com\/fi\/","name":"Element Metech","description":"Delivering metrological confidence","publisher":{"@id":"https:\/\/elementmetech.com\/fi\/#organization"},"potentialAction":[{"@type":"SearchAction","target":{"@type":"EntryPoint","urlTemplate":"https:\/\/elementmetech.com\/fi\/?s={search_term_string}"},"query-input":{"@type":"PropertyValueSpecification","valueRequired":true,"valueName":"search_term_string"}}],"inLanguage":"fi"},{"@type":"Organization","@id":"https:\/\/elementmetech.com\/fi\/#organization","name":"Element Metech","url":"https:\/\/elementmetech.com\/fi\/","logo":{"@type":"ImageObject","inLanguage":"fi","@id":"https:\/\/elementmetech.com\/fi\/#\/schema\/logo\/image\/","url":"https:\/\/elementmetech.com\/wp-content\/uploads\/2021\/06\/Element-Metech-Logo-1.svg","contentUrl":"https:\/\/elementmetech.com\/wp-content\/uploads\/2021\/06\/Element-Metech-Logo-1.svg","width":"1024","height":"1024","caption":"Element Metech"},"image":{"@id":"https:\/\/elementmetech.com\/fi\/#\/schema\/logo\/image\/"},"sameAs":["https:\/\/www.linkedin.com\/company\/element-metech\/"]}]}},"_links":{"self":[{"href":"https:\/\/elementmetech.com\/fi\/wp-json\/wp\/v2\/pages\/831","targetHints":{"allow":["GET"]}}],"collection":[{"href":"https:\/\/elementmetech.com\/fi\/wp-json\/wp\/v2\/pages"}],"about":[{"href":"https:\/\/elementmetech.com\/fi\/wp-json\/wp\/v2\/types\/page"}],"author":[{"embeddable":true,"href":"https:\/\/elementmetech.com\/fi\/wp-json\/wp\/v2\/users\/27"}],"replies":[{"embeddable":true,"href":"https:\/\/elementmetech.com\/fi\/wp-json\/wp\/v2\/comments?post=831"}],"version-history":[{"count":0,"href":"https:\/\/elementmetech.com\/fi\/wp-json\/wp\/v2\/pages\/831\/revisions"}],"up":[{"embeddable":true,"href":"https:\/\/elementmetech.com\/fi\/wp-json\/wp\/v2\/pages\/710"}],"wp:featuredmedia":[{"embeddable":true,"href":"https:\/\/elementmetech.com\/fi\/wp-json\/wp\/v2\/media\/3420"}],"wp:attachment":[{"href":"https:\/\/elementmetech.com\/fi\/wp-json\/wp\/v2\/media?parent=831"}],"wp:term":[{"taxonomy":"post_tag","embeddable":true,"href":"https:\/\/elementmetech.com\/fi\/wp-json\/wp\/v2\/tags?post=831"}],"curies":[{"name":"wp","href":"https:\/\/api.w.org\/{rel}","templated":true}]}}