{"id":825,"date":"2020-10-21T20:53:18","date_gmt":"2020-10-21T20:53:18","guid":{"rendered":"https:\/\/elementmetech.wpengine.com\/kalibrointilaboratoriot\/"},"modified":"2026-02-05T12:43:16","modified_gmt":"2026-02-05T11:43:16","slug":"laboratories","status":"publish","type":"page","link":"https:\/\/elementmetech.com\/fi\/about\/laboratories\/","title":{"rendered":"Our laboratories"},"content":{"rendered":"<p>[et_pb_section fb_built=&#8221;1&#8243; admin_label=&#8221;eng-2025-header-image-contact-us&#8221; _builder_version=&#8221;4.27.4&#8243; background_color=&#8221;#f7f9fb&#8221; background_image=&#8221;https:\/\/elementmetech.com\/wp-content\/uploads\/2025\/08\/dekor-cirkel-ljusbla-2.png&#8221; background_size=&#8221;contain&#8221; background_position=&#8221;top_left&#8221; background_enable_video_mp4=&#8221;off&#8221; custom_padding=&#8221;0px|0px|0px|0px|false|false&#8221; background_last_edited=&#8221;on|tablet&#8221; background_enable_image_tablet=&#8221;off&#8221; custom_css_free_form=&#8221;||&#8221; saved_tabs=&#8221;all&#8221; locked=&#8221;off&#8221; global_colors_info=&#8221;{}&#8221;][et_pb_row column_structure=&#8221;1_2,1_2&#8243; make_equal=&#8221;on&#8221; admin_label=&#8221;row&#8221; _builder_version=&#8221;4.27.4&#8243; width=&#8221;100%&#8221; max_width=&#8221;100%&#8221; custom_padding=&#8221;0px|0px|0px|0px|true|true&#8221; custom_css_main_element=&#8221;width:100% !important;&#8221; global_colors_info=&#8221;{}&#8221; custom_css_main_element_last_edited=&#8221;off|desktop&#8221; custom_css_main_element_tablet=&#8221;flex-wrap: nowrap;&#8221; custom_css_main_element_phone=&#8221;flex-wrap: nowrap;&#8221;][et_pb_column type=&#8221;1_2&#8243; _builder_version=&#8221;4.27.4&#8243; custom_padding=&#8221;50px||50px||false|false&#8221; global_colors_info=&#8221;{}&#8221; custom_padding__hover=&#8221;|||&#8221;][et_pb_cta title=&#8221;@ET-DC@eyJkeW5hbWljIjp0cnVlLCJjb250ZW50IjoicG9zdF90aXRsZSIsInNldHRpbmdzIjp7ImJlZm9yZSI6IiIsImFmdGVyIjoiIn19@&#8221; button_url=&#8221;#lab&#8221; button_text=&#8221;Our offer&#8221; module_class=&#8221;preamble&#8221; _builder_version=&#8221;4.27.5&#8243; _dynamic_attributes=&#8221;title,content&#8221; _module_preset=&#8221;default&#8221; header_level=&#8221;h1&#8243; header_text_align=&#8221;left&#8221; background_enable_color=&#8221;off&#8221; text_orientation=&#8221;left&#8221; background_layout=&#8221;light&#8221; max_width=&#8221;670px&#8221; max_width_tablet=&#8221;100%&#8221; max_width_phone=&#8221;100%&#8221; max_width_last_edited=&#8221;on|tablet&#8221; module_alignment=&#8221;right&#8221; custom_margin=&#8221;20px||20px||false|false&#8221; custom_margin_tablet=&#8221;||50px||false|false&#8221; custom_margin_phone=&#8221;||50px||false|false&#8221; custom_margin_last_edited=&#8221;on|desktop&#8221; custom_padding=&#8221;0px||0px||false|false&#8221; border_width_left=&#8221;3px&#8221; border_color_left=&#8221;#4BA1D2&#8243; global_colors_info=&#8221;{}&#8221;]@ET-DC@eyJkeW5hbWljIjp0cnVlLCJjb250ZW50IjoicG9zdF9leGNlcnB0Iiwic2V0dGluZ3MiOnsiYmVmb3JlIjoiIiwiYWZ0ZXIiOiIiLCJ3b3JkcyI6IiIsInJlYWRfbW9yZV9sYWJlbCI6IiJ9fQ==@[\/et_pb_cta][\/et_pb_column][et_pb_column type=&#8221;1_2&#8243; _builder_version=&#8221;4.27.4&#8243; _dynamic_attributes=&#8221;background_image&#8221; background_image=&#8221;@ET-DC@eyJkeW5hbWljIjp0cnVlLCJjb250ZW50IjoicG9zdF9mZWF0dXJlZF9pbWFnZSIsInNldHRpbmdzIjp7fX0=@&#8221; custom_padding=&#8221;|||&#8221; global_colors_info=&#8221;{}&#8221; custom_padding__hover=&#8221;|||&#8221;][et_pb_image src=&#8221;@ET-DC@eyJkeW5hbWljIjp0cnVlLCJjb250ZW50IjoicG9zdF9mZWF0dXJlZF9pbWFnZSIsInNldHRpbmdzIjp7fX0=@&#8221; title_text=&#8221;elementmetech-akustik&#8221; force_fullwidth=&#8221;on&#8221; disabled_on=&#8221;off|off|on&#8221; _builder_version=&#8221;4.27.4&#8243; _dynamic_attributes=&#8221;src&#8221; _module_preset=&#8221;default&#8221; custom_css_free_form=&#8221;selector img {height: 100%!important;max-width:none;}&#8221; global_colors_info=&#8221;{}&#8221;][\/et_pb_image][\/et_pb_column][\/et_pb_row][\/et_pb_section][et_pb_section fb_built=&#8221;1&#8243; admin_label=&#8221;FI-Labb &#8211; Rubrik 2025&#8243; _builder_version=&#8221;4.27.4&#8243; _module_preset=&#8221;default&#8221; saved_tabs=&#8221;all&#8221; global_colors_info=&#8221;{}&#8221; global_module=&#8221;18670&#8243; theme_builder_area=&#8221;post_content&#8221;][et_pb_row column_structure=&#8221;1_5,3_5,1_5&#8243; disabled_on=&#8221;off|off|off&#8221; _builder_version=&#8221;4.27.4&#8243; _module_preset=&#8221;default&#8221; width=&#8221;100%&#8221; locked=&#8221;off&#8221; global_colors_info=&#8221;{}&#8221; theme_builder_area=&#8221;post_content&#8221;][et_pb_column type=&#8221;1_5&#8243; _builder_version=&#8221;4.18.0&#8243; _module_preset=&#8221;default&#8221; global_colors_info=&#8221;{}&#8221; theme_builder_area=&#8221;post_content&#8221;][\/et_pb_column][et_pb_column type=&#8221;3_5&#8243; _builder_version=&#8221;4.18.0&#8243; _module_preset=&#8221;default&#8221; global_colors_info=&#8221;{}&#8221; theme_builder_area=&#8221;post_content&#8221;][et_pb_text module_id=&#8221;lab&#8221; _builder_version=&#8221;4.27.5&#8243; _module_preset=&#8221;default&#8221; text_orientation=&#8221;center&#8221; locked=&#8221;off&#8221; global_colors_info=&#8221;{}&#8221; theme_builder_area=&#8221;post_content&#8221;]<\/p>\n<h2>Kalibrointilaboratoriot Element Metech Suomi<\/h2>\n<p>Olemme t\u00e4\u00e4ll\u00e4 auttaaksemme sinua. Kalibrointilaboratoriomme sijaitsevat Nummela, Vaasa, Oulu ja  Sastamala. Suoritamme my\u00f6s laajan valikoiman asiakaskohtaisia kalibrointeja paikan p\u00e4\u00e4ll\u00e4, mukaan lukien liikkuva akkreditoitu kalibrointilaboratoriomme. Monille asiakkaille voimme j\u00e4rjest\u00e4\u00e4 my\u00f6s mittalaitteiden noudon ja palautuskuljetuksen.<\/p>\n<p>[\/et_pb_text][et_pb_button button_url=&#8221;#&#8221; button_text=&#8221;Ota yhteytt\u00e4&#8221; button_alignment=&#8221;center&#8221; module_class=&#8221;et-lb-btn-1&#8243; _builder_version=&#8221;4.27.5&#8243; _module_preset=&#8221;default&#8221; global_colors_info=&#8221;{}&#8221; theme_builder_area=&#8221;post_content&#8221;][\/et_pb_button][\/et_pb_column][et_pb_column type=&#8221;1_5&#8243; _builder_version=&#8221;4.18.0&#8243; _module_preset=&#8221;default&#8221; global_colors_info=&#8221;{}&#8221; theme_builder_area=&#8221;post_content&#8221;][\/et_pb_column][\/et_pb_row][\/et_pb_section][et_pb_section fb_built=&#8221;1&#8243; fullwidth=&#8221;on&#8221; admin_label=&#8221;Labb &#8211; karta 2025&#8243; module_id=&#8221;labb&#8221; _builder_version=&#8221;4.27.4&#8243; _module_preset=&#8221;default&#8221; global_module=&#8221;18671&#8243; saved_tabs=&#8221;all&#8221; locked=&#8221;off&#8221; collapsed=&#8221;on&#8221; global_colors_info=&#8221;{}&#8221;][et_pb_fullwidth_code _builder_version=&#8221;4.27.4&#8243; _module_preset=&#8221;default&#8221; global_colors_info=&#8221;{}&#8221;]<style>\r\n\t#wpsl-stores .wpsl-store-thumb {height:45px !important; width:45px !important;}\r\n\t#wpsl-stores, #wpsl-direction-details, #wpsl-gmap {height:550px !important;}\r\n\t#wpsl-gmap .wpsl-info-window {max-width:310px !important;}\r\n\t.wpsl-input label, #wpsl-radius label, #wpsl-category label {width:95px;}\r\n\t#wpsl-search-input ,#wpsl-category .wpsl-dropdown {width:179px;}\r\n<\/style>\r\n<div id=\"wpsl-wrap\">\r\n\t<div class=\"wpsl-search wpsl-clearfix wpsl-filter\">\r\n\t\t<div id=\"wpsl-search-wrap\">\r\n\t\t\t<form autocomplete=\"off\">\r\n\t\t\t<div class=\"wpsl-input\">\r\n\t\t\t\t<div><label for=\"wpsl-search-input\">Your location<\/label><\/div>\r\n\t\t\t\t<input id=\"wpsl-search-input\" type=\"text\" value=\"\" name=\"wpsl-search-input\" placeholder=\"\" aria-required=\"true\" \/>\r\n\t\t\t<\/div>\r\n\t\t\t<div class=\"wpsl-select-wrap\">\r\n\t\t\t\t<div id=\"wpsl-radius\">\r\n\t\t\t\t\t<label for=\"wpsl-radius-dropdown\">Search radius<\/label>\r\n\t\t\t\t\t<select id=\"wpsl-radius-dropdown\" class=\"wpsl-dropdown\" name=\"wpsl-radius\">\r\n\t\t\t\t\t\t<option value=\"10\">10 km<\/option><option value=\"25\">25 km<\/option><option selected=\"selected\" value=\"50\">50 km<\/option><option value=\"100\">100 km<\/option><option value=\"200\">200 km<\/option><option value=\"500\">500 km<\/option>\r\n\t\t\t\t\t<\/select>\r\n\t\t\t\t<\/div>\r\n\t\t\t\t<div id=\"wpsl-results\">\r\n\t\t\t\t\t<label for=\"wpsl-results-dropdown\">Results<\/label>\r\n\t\t\t\t\t<select id=\"wpsl-results-dropdown\" class=\"wpsl-dropdown\" name=\"wpsl-results\">\r\n\t\t\t\t\t\t<option selected=\"selected\" value=\"25\">25<\/option><option value=\"50\">50<\/option><option value=\"75\">75<\/option><option value=\"100\">100<\/option>\r\n\t\t\t\t\t<\/select>\r\n\t\t\t\t<\/div>\r\n\t\t\t<\/div>\r\n<div id=\"wpsl-category\">\r\n<label for=\"wpsl-category-list\">Category<\/label>\r\n<select  name='wpsl-category' id='wpsl-category-list' class='wpsl-dropdown'>\n\t<option value='0'>Any<\/option>\n\t<option class=\"level-0\" value=\"293\">Denmark<\/option>\n\t<option class=\"level-0\" value=\"294\">Finland<\/option>\n\t<option class=\"level-0\" value=\"295\">Germany<\/option>\n\t<option class=\"level-0\" value=\"292\">Sweden<\/option>\n<\/select>\n<\/div>\r\n\t\t\t\t<div class=\"wpsl-search-btn-wrap\"><input id=\"wpsl-search-btn\" type=\"submit\" value=\"Search\"><\/div>\r\n\t\t<\/form>\r\n\t\t<\/div>\r\n\t<\/div>\r\n\t<div id=\"wpsl-gmap\" class=\"wpsl-gmap-canvas\"><\/div>\r\n\t<div id=\"wpsl-result-list\">\r\n\t\t<div id=\"wpsl-stores\" >\r\n\t\t\t<ul><\/ul>\r\n\t\t<\/div>\r\n\t\t<div id=\"wpsl-direction-details\">\r\n\t\t\t<ul><\/ul>\r\n\t\t<\/div>\r\n\t<\/div>\r\n<\/div>\r\n[\/et_pb_fullwidth_code][\/et_pb_section]<\/p>\n","protected":false},"excerpt":{"rendered":"<p>We offers one of the broadest and most reliable ranges of traceable and accredited calibration services in Europe.<\/p>\n","protected":false},"author":27,"featured_media":4644,"parent":15367,"menu_order":0,"comment_status":"closed","ping_status":"closed","template":"","meta":{"_acf_changed":false,"_et_pb_use_builder":"on","_et_pb_old_content":"<article>Element Metech offers one of the broadest and most reliable ranges of traceable and accredited calibration services in Europe.\r\n\r\nFor calibration enquiries, please use our\u00a0<a href=\"index.php?option=com_content&view=article&id=46;contact-us&catid=8;about-exova&lang=en-GB\">contact page<\/a> and we will connect back shortly.\r\n\r\nThese are the main offices for our local calibration operations:\r\n<h3>Sweden<\/h3>\r\n<h4>Calibraton laboratories in Link\u00f6ping, Stockholm-Kista, Arboga, Ludvika, Gothenburg, Trollh\u00e4ttan, Esl\u00f6v.<\/h4>\r\nElement Metech AB\r\nBox 1340\r\nSE-581 13 Link\u00f6ping\r\nSweden\r\n\r\n+46 (0)10-603 61 00\r\ninfo.metech.se [at] element.com\r\n\r\nVisiting address:\r\nASJ-v\u00e4gen 7, Link\u00f6ping\r\n<h3>Denmark<\/h3>\r\n<h4>Calibraton laboratories in Copenhagen-Taastrup, Karup, Esbjerg, Lem.<\/h4>\r\nElement Metech A\/S\r\nHerningvej 30\r\nDK-7470 Karup\r\nDenmark\r\n\r\n+45 96 62 50 00\r\ninfo.metech.dk [at] element.com\r\n<h3>Finland<\/h3>\r\n<h4>Calibraton laboratories in Helsinki-Nummela, Vaasa, Sastamala, Oulu.<\/h4>\r\nElement Metech Oy\r\nKuormakuja 1\r\nFI-03100 Nummela\r\nFinland\r\n\r\nT:\u00a0+358 (0)400 356 050\r\ninfo.metech.fi [at] element.com\r\n<h3>Germany<\/h3>\r\n<h4>Calibraton laboratories in Hamburg-Norderstedt, Herne, Bremen, Berlin-Hennigsdorf.<\/h4>\r\nElement Metech GmbH\r\nHans-B\u00f6ckler-Ring 9\r\nD-22851 Norderstedt\/Hamburg\r\nGermany\r\n\r\n+49 (0) 40-52 95 61-0\r\ninfo.metech.de [at] element.com<a href=\"mailto:metechde@exova.com\">\r\n<\/a>\r\n<h3>Czech Republic<\/h3>\r\n<h4>Calibraton laboratory in Prague<\/h4>\r\nElement Metech \u00a0s.r.o\r\nTou\u017eimsk\u00e1 767\r\n199 00 Prague\r\nCzech Republic\r\n\r\n+420 778 085 554\r\ninfo.metech.cz [at] element.com\r\n\r\n<\/article>","_et_gb_content_width":"","footnotes":""},"tags":[326],"class_list":["post-825","page","type-page","status-publish","has-post-thumbnail","hentry","tag-behall"],"acf":[],"yoast_head":"<!-- This site is optimized with the Yoast SEO plugin v27.3 - https:\/\/yoast.com\/product\/yoast-seo-wordpress\/ -->\n<title>Our locations<\/title>\n<meta name=\"description\" content=\"Element Metech operates from 20 European calibration laboratories\" \/>\n<meta name=\"robots\" content=\"index, follow, max-snippet:-1, max-image-preview:large, max-video-preview:-1\" \/>\n<link rel=\"canonical\" href=\"https:\/\/elementmetech.com\/fi\/about\/laboratories\/\" \/>\n<meta property=\"og:locale\" content=\"fi_FI\" \/>\n<meta property=\"og:type\" content=\"article\" \/>\n<meta property=\"og:title\" content=\"Our locations\" \/>\n<meta property=\"og:description\" content=\"Element Metech operates from 20 European calibration laboratories\" \/>\n<meta property=\"og:url\" content=\"https:\/\/elementmetech.com\/fi\/about\/laboratories\/\" \/>\n<meta property=\"og:site_name\" content=\"Element Metech\" \/>\n<meta property=\"article:modified_time\" content=\"2026-02-05T11:43:16+00:00\" \/>\n<meta property=\"og:image\" content=\"https:\/\/elementmetech.com\/wp-content\/uploads\/2021\/09\/Element-Locations-1-1600x480-1.jpg\" \/>\n\t<meta property=\"og:image:width\" content=\"1600\" \/>\n\t<meta property=\"og:image:height\" content=\"480\" \/>\n\t<meta property=\"og:image:type\" content=\"image\/jpeg\" \/>\n<meta name=\"twitter:card\" content=\"summary_large_image\" \/>\n<meta name=\"twitter:label1\" content=\"Arvioitu lukuaika\" \/>\n\t<meta name=\"twitter:data1\" content=\"3 minuuttia\" \/>\n<script type=\"application\/ld+json\" class=\"yoast-schema-graph\">{\"@context\":\"https:\\\/\\\/schema.org\",\"@graph\":[{\"@type\":\"WebPage\",\"@id\":\"https:\\\/\\\/elementmetech.com\\\/fi\\\/about\\\/laboratories\\\/\",\"url\":\"https:\\\/\\\/elementmetech.com\\\/fi\\\/about\\\/laboratories\\\/\",\"name\":\"Our locations\",\"isPartOf\":{\"@id\":\"https:\\\/\\\/elementmetech.com\\\/fi\\\/#website\"},\"primaryImageOfPage\":{\"@id\":\"https:\\\/\\\/elementmetech.com\\\/fi\\\/about\\\/laboratories\\\/#primaryimage\"},\"image\":{\"@id\":\"https:\\\/\\\/elementmetech.com\\\/fi\\\/about\\\/laboratories\\\/#primaryimage\"},\"thumbnailUrl\":\"https:\\\/\\\/elementmetech.com\\\/wp-content\\\/uploads\\\/2021\\\/09\\\/Element-Locations-1-1600x480-1.jpg\",\"datePublished\":\"2020-10-21T20:53:18+00:00\",\"dateModified\":\"2026-02-05T11:43:16+00:00\",\"description\":\"Element Metech operates from 20 European calibration laboratories\",\"breadcrumb\":{\"@id\":\"https:\\\/\\\/elementmetech.com\\\/fi\\\/about\\\/laboratories\\\/#breadcrumb\"},\"inLanguage\":\"fi\",\"potentialAction\":[{\"@type\":\"ReadAction\",\"target\":[\"https:\\\/\\\/elementmetech.com\\\/fi\\\/about\\\/laboratories\\\/\"]}]},{\"@type\":\"ImageObject\",\"inLanguage\":\"fi\",\"@id\":\"https:\\\/\\\/elementmetech.com\\\/fi\\\/about\\\/laboratories\\\/#primaryimage\",\"url\":\"https:\\\/\\\/elementmetech.com\\\/wp-content\\\/uploads\\\/2021\\\/09\\\/Element-Locations-1-1600x480-1.jpg\",\"contentUrl\":\"https:\\\/\\\/elementmetech.com\\\/wp-content\\\/uploads\\\/2021\\\/09\\\/Element-Locations-1-1600x480-1.jpg\",\"width\":1600,\"height\":480,\"caption\":\"Marktf\u00fchrendes Kalibrierlabor\"},{\"@type\":\"BreadcrumbList\",\"@id\":\"https:\\\/\\\/elementmetech.com\\\/fi\\\/about\\\/laboratories\\\/#breadcrumb\",\"itemListElement\":[{\"@type\":\"ListItem\",\"position\":1,\"name\":\"Home\",\"item\":\"https:\\\/\\\/elementmetech.com\\\/fi\\\/\"},{\"@type\":\"ListItem\",\"position\":2,\"name\":\"About Element\",\"item\":\"https:\\\/\\\/elementmetech.com\\\/fi\\\/about\\\/\"},{\"@type\":\"ListItem\",\"position\":3,\"name\":\"Our laboratories\"}]},{\"@type\":\"WebSite\",\"@id\":\"https:\\\/\\\/elementmetech.com\\\/fi\\\/#website\",\"url\":\"https:\\\/\\\/elementmetech.com\\\/fi\\\/\",\"name\":\"Element Metech\",\"description\":\"Delivering metrological confidence\",\"publisher\":{\"@id\":\"https:\\\/\\\/elementmetech.com\\\/fi\\\/#organization\"},\"potentialAction\":[{\"@type\":\"SearchAction\",\"target\":{\"@type\":\"EntryPoint\",\"urlTemplate\":\"https:\\\/\\\/elementmetech.com\\\/fi\\\/?s={search_term_string}\"},\"query-input\":{\"@type\":\"PropertyValueSpecification\",\"valueRequired\":true,\"valueName\":\"search_term_string\"}}],\"inLanguage\":\"fi\"},{\"@type\":\"Organization\",\"@id\":\"https:\\\/\\\/elementmetech.com\\\/fi\\\/#organization\",\"name\":\"Element Metech\",\"url\":\"https:\\\/\\\/elementmetech.com\\\/fi\\\/\",\"logo\":{\"@type\":\"ImageObject\",\"inLanguage\":\"fi\",\"@id\":\"https:\\\/\\\/elementmetech.com\\\/fi\\\/#\\\/schema\\\/logo\\\/image\\\/\",\"url\":\"https:\\\/\\\/elementmetech.com\\\/wp-content\\\/uploads\\\/2021\\\/06\\\/Element-Metech-Logo-1.svg\",\"contentUrl\":\"https:\\\/\\\/elementmetech.com\\\/wp-content\\\/uploads\\\/2021\\\/06\\\/Element-Metech-Logo-1.svg\",\"width\":\"1024\",\"height\":\"1024\",\"caption\":\"Element Metech\"},\"image\":{\"@id\":\"https:\\\/\\\/elementmetech.com\\\/fi\\\/#\\\/schema\\\/logo\\\/image\\\/\"},\"sameAs\":[\"https:\\\/\\\/www.linkedin.com\\\/company\\\/element-metech\\\/\"]}]}<\/script>\n<!-- \/ Yoast SEO plugin. -->","yoast_head_json":{"title":"Our locations","description":"Element Metech operates from 20 European calibration laboratories","robots":{"index":"index","follow":"follow","max-snippet":"max-snippet:-1","max-image-preview":"max-image-preview:large","max-video-preview":"max-video-preview:-1"},"canonical":"https:\/\/elementmetech.com\/fi\/about\/laboratories\/","og_locale":"fi_FI","og_type":"article","og_title":"Our locations","og_description":"Element Metech operates from 20 European calibration laboratories","og_url":"https:\/\/elementmetech.com\/fi\/about\/laboratories\/","og_site_name":"Element Metech","article_modified_time":"2026-02-05T11:43:16+00:00","og_image":[{"width":1600,"height":480,"url":"https:\/\/elementmetech.com\/wp-content\/uploads\/2021\/09\/Element-Locations-1-1600x480-1.jpg","type":"image\/jpeg"}],"twitter_card":"summary_large_image","twitter_misc":{"Arvioitu lukuaika":"3 minuuttia"},"schema":{"@context":"https:\/\/schema.org","@graph":[{"@type":"WebPage","@id":"https:\/\/elementmetech.com\/fi\/about\/laboratories\/","url":"https:\/\/elementmetech.com\/fi\/about\/laboratories\/","name":"Our locations","isPartOf":{"@id":"https:\/\/elementmetech.com\/fi\/#website"},"primaryImageOfPage":{"@id":"https:\/\/elementmetech.com\/fi\/about\/laboratories\/#primaryimage"},"image":{"@id":"https:\/\/elementmetech.com\/fi\/about\/laboratories\/#primaryimage"},"thumbnailUrl":"https:\/\/elementmetech.com\/wp-content\/uploads\/2021\/09\/Element-Locations-1-1600x480-1.jpg","datePublished":"2020-10-21T20:53:18+00:00","dateModified":"2026-02-05T11:43:16+00:00","description":"Element Metech operates from 20 European calibration laboratories","breadcrumb":{"@id":"https:\/\/elementmetech.com\/fi\/about\/laboratories\/#breadcrumb"},"inLanguage":"fi","potentialAction":[{"@type":"ReadAction","target":["https:\/\/elementmetech.com\/fi\/about\/laboratories\/"]}]},{"@type":"ImageObject","inLanguage":"fi","@id":"https:\/\/elementmetech.com\/fi\/about\/laboratories\/#primaryimage","url":"https:\/\/elementmetech.com\/wp-content\/uploads\/2021\/09\/Element-Locations-1-1600x480-1.jpg","contentUrl":"https:\/\/elementmetech.com\/wp-content\/uploads\/2021\/09\/Element-Locations-1-1600x480-1.jpg","width":1600,"height":480,"caption":"Marktf\u00fchrendes Kalibrierlabor"},{"@type":"BreadcrumbList","@id":"https:\/\/elementmetech.com\/fi\/about\/laboratories\/#breadcrumb","itemListElement":[{"@type":"ListItem","position":1,"name":"Home","item":"https:\/\/elementmetech.com\/fi\/"},{"@type":"ListItem","position":2,"name":"About Element","item":"https:\/\/elementmetech.com\/fi\/about\/"},{"@type":"ListItem","position":3,"name":"Our laboratories"}]},{"@type":"WebSite","@id":"https:\/\/elementmetech.com\/fi\/#website","url":"https:\/\/elementmetech.com\/fi\/","name":"Element Metech","description":"Delivering metrological confidence","publisher":{"@id":"https:\/\/elementmetech.com\/fi\/#organization"},"potentialAction":[{"@type":"SearchAction","target":{"@type":"EntryPoint","urlTemplate":"https:\/\/elementmetech.com\/fi\/?s={search_term_string}"},"query-input":{"@type":"PropertyValueSpecification","valueRequired":true,"valueName":"search_term_string"}}],"inLanguage":"fi"},{"@type":"Organization","@id":"https:\/\/elementmetech.com\/fi\/#organization","name":"Element Metech","url":"https:\/\/elementmetech.com\/fi\/","logo":{"@type":"ImageObject","inLanguage":"fi","@id":"https:\/\/elementmetech.com\/fi\/#\/schema\/logo\/image\/","url":"https:\/\/elementmetech.com\/wp-content\/uploads\/2021\/06\/Element-Metech-Logo-1.svg","contentUrl":"https:\/\/elementmetech.com\/wp-content\/uploads\/2021\/06\/Element-Metech-Logo-1.svg","width":"1024","height":"1024","caption":"Element Metech"},"image":{"@id":"https:\/\/elementmetech.com\/fi\/#\/schema\/logo\/image\/"},"sameAs":["https:\/\/www.linkedin.com\/company\/element-metech\/"]}]}},"_links":{"self":[{"href":"https:\/\/elementmetech.com\/fi\/wp-json\/wp\/v2\/pages\/825","targetHints":{"allow":["GET"]}}],"collection":[{"href":"https:\/\/elementmetech.com\/fi\/wp-json\/wp\/v2\/pages"}],"about":[{"href":"https:\/\/elementmetech.com\/fi\/wp-json\/wp\/v2\/types\/page"}],"author":[{"embeddable":true,"href":"https:\/\/elementmetech.com\/fi\/wp-json\/wp\/v2\/users\/27"}],"replies":[{"embeddable":true,"href":"https:\/\/elementmetech.com\/fi\/wp-json\/wp\/v2\/comments?post=825"}],"version-history":[{"count":0,"href":"https:\/\/elementmetech.com\/fi\/wp-json\/wp\/v2\/pages\/825\/revisions"}],"up":[{"embeddable":true,"href":"https:\/\/elementmetech.com\/fi\/wp-json\/wp\/v2\/pages\/15367"}],"wp:featuredmedia":[{"embeddable":true,"href":"https:\/\/elementmetech.com\/fi\/wp-json\/wp\/v2\/media\/4644"}],"wp:attachment":[{"href":"https:\/\/elementmetech.com\/fi\/wp-json\/wp\/v2\/media?parent=825"}],"wp:term":[{"taxonomy":"post_tag","embeddable":true,"href":"https:\/\/elementmetech.com\/fi\/wp-json\/wp\/v2\/tags?post=825"}],"curies":[{"name":"wp","href":"https:\/\/api.w.org\/{rel}","templated":true}]}}