{"id":712,"date":"2016-04-11T09:46:55","date_gmt":"2016-04-11T09:46:55","guid":{"rendered":"https:\/\/elementmetech.wpengine.com\/kalibrointitasot\/"},"modified":"2021-10-05T12:04:42","modified_gmt":"2021-10-05T12:04:42","slug":"kalibrointitasot","status":"publish","type":"page","link":"https:\/\/elementmetech.com\/fi\/kalibrointitasot\/","title":{"rendered":"Kalibrointitasot"},"content":{"rendered":"<p>[et_pb_section fb_built=&#8221;1&#8243; _builder_version=&#8221;4.10.8&#8243; _module_preset=&#8221;default&#8221; global_colors_info=&#8221;{}&#8221;][et_pb_row column_structure=&#8221;1_5,3_5,1_5&#8243; _builder_version=&#8221;4.10.8&#8243; _module_preset=&#8221;default&#8221; global_colors_info=&#8221;{}&#8221;][et_pb_column type=&#8221;1_5&#8243; _builder_version=&#8221;4.10.8&#8243; _module_preset=&#8221;default&#8221; global_colors_info=&#8221;{}&#8221;][\/et_pb_column][et_pb_column type=&#8221;3_5&#8243; _builder_version=&#8221;4.10.8&#8243; _module_preset=&#8221;default&#8221; global_colors_info=&#8221;{}&#8221;][et_pb_text _builder_version=&#8221;4.10.8&#8243; _module_preset=&#8221;default&#8221; hover_enabled=&#8221;0&#8243; global_colors_info=&#8221;{}&#8221; sticky_enabled=&#8221;0&#8243;]<\/p>\n<div class=\"super-lead\">Kalibrointipalvelumme suoritetaan palvelukeskuksisamme tai paikan p\u00e4\u00e4ll\u00e4 asiakkaan toimipisteess\u00e4. Meid\u00e4t on sertifioitu standardin ISO 9001 mukaisesti ja laboratoriomme on akkreditoitu standardin ISO\/IEC 17025 mukaisesti.<\/div>\n<p>Palvelumme auttavat sinua t\u00e4ytt\u00e4m\u00e4\u00e4n mittauslaitteiden kalibroinneille asetetut vaatimukset. Mittauslaitepalvelumme antavat metrologisen varmennuksen, joka t\u00e4ytt\u00e4\u00e4 standardien ISO 9000 ja ISO 10012\u00b9 vaatimukset.<\/p>\n<h2>Akkreditoitu kalibrointi<\/h2>\n<p>Kun tarvitset mittaustulokset ja todisteen siit\u00e4, ett\u00e4 mittauslaite t\u00e4ytt\u00e4\u00e4 m\u00e4\u00e4ritellyt spesifikaationsa. Palvelu sis\u00e4lt\u00e4\u00e4 kansainv\u00e4lisesti tunnustetun kalibroinnin ja t\u00e4ytt\u00e4\u00e4 standardin ISO\/IEC 17025 mukaiset kalibrointivaatimukset. Se t\u00e4ytt\u00e4\u00e4 siis my\u00f6s standardien QS 9000 ja ISO\/TS 164949 vaatimukset.<\/p>\n<h3>Metrologinen vahvistus:<\/h3>\n<ul>\n<li>Kalibrointi akkreditoidussa laboratoriossa ja tarkistus ett\u00e4 laite spesifikaationsa<\/li>\n<li>S\u00e4\u00e4t\u00e4minen mahdollisuuksien mukaan, kun mittauslaite ei t\u00e4yt\u00e4 spesifikaatioitansa\u00b2.<\/li>\n<li>Akkreditoitu laboratorio antaa kalibrointitodistuksen, johon on merkitty t\u00e4ytt\u00e4\u00e4k\u00f6 laite spesifikaationsa vai ei.<\/li>\n<li>Mittaustulokset, mukaanlukien mittausep\u00e4varmuus, annetaan kunkin mittauspisteen osalta erikseen\u00b3.<\/li>\n<li>Kalibrointitodistuksen tiedot ja mittaustulokset tallennetaan 6 vuoden ajan.<\/li>\n<li>Sinet\u00f6inti ja tarralla merkitseminen kalibroiduksi.<\/li>\n<\/ul>\n<hr>\n<h2>J\u00e4ljitett\u00e4v\u00e4 kalibrointi<\/h2>\n<p>Kun tarvitset todisteen siit\u00e4, ett\u00e4 mittauslaite t\u00e4ytt\u00e4\u00e4 m\u00e4\u00e4ritellyt spesifikaationsa. Palvelu sis\u00e4lt\u00e4\u00e4 j\u00e4ljitett\u00e4v\u00e4n kalibroinnin, joka t\u00e4ytt\u00e4\u00e4 standardien ISO\/IEC 17025, ISO 9000 ja ISO10012 vaatimukset.<\/p>\n<h3>Metrologinen varmistus:<\/h3>\n<ul>\n<li>Kalibrointi ja tarkistus ett\u00e4 laite t\u00e4ytt\u00e4\u00e4 spesifikaationsa.<\/li>\n<li>S\u00e4\u00e4t\u00e4minen mahdollisuuksien mukaan, jos mittauslaite ei t\u00e4yt\u00e4 spesifikaatioitansa\u00b2.<\/li>\n<li>Laboratorio antaa kalibrointitodistuksen, johon on merkitty, t\u00e4ytt\u00e4\u00e4k\u00f6 laite spesifikaationsa vai ei. Mittaustulokset raportoidaan laitekohtaisesti.<\/li>\n<li>Kalibrointitodistuksen tiedot ja mittaustulokset tallennetaan j\u00e4rjestelm\u00e4\u00e4n 6 vuoden ajaksi.<\/li>\n<li>Sinet\u00f6inti ja merkitseminen kalibroiduksi tarralla.<\/li>\n<\/ul>\n<hr>\n<p>Kalibrointi kattaa yleens\u00e4 jonkin tietyn alueen kokonaan, mutta se voidaan mukauttaa asiakkaan tarpeiden mukaan. Mittauspisteet valitaan valmistajan antamien testausohjeiden tai vastaavien tietojen perusteella.<\/p>\n<p>Mittausmenetelm\u00e4t ja testilaitteet valitaan siten, ett\u00e4 j\u00e4ljitett\u00e4vyys vastaa kansallisia ja\/tai kansainv\u00e4lisi\u00e4 standardeja.<\/p>\n<p>Mittausep\u00e4varmuus otetaan huomioon tarkastettaessa, onko laite vaatimustenmukainen vai ei. Jos mittauslaite ei t\u00e4yt\u00e4 m\u00e4\u00e4rityst\u00e4 s\u00e4\u00e4t\u00e4misen j\u00e4lkeen tai sille on teht\u00e4v\u00e4 jotakin korjaust\u00f6it\u00e4, otamme yhteytt\u00e4 asiakkaaseen ennen toimenpiteiden suorittamista.<\/p>\n<p>(1) Kun s\u00e4\u00e4t\u00f6j\u00e4 suoritetaan, mittaustulokset raportoidaan kyseisten pisteiden osalta ennen s\u00e4\u00e4t\u00f6\u00e4 ja s\u00e4\u00e4d\u00f6n j\u00e4lkeen.<\/p>\n<p>(2) Voit halutessasi tilata palvelun ilman s\u00e4\u00e4t\u00e4mist\u00e4, esimerkiksi kun kyse on vertailulaitteesta, jonka kalibrointihistoria on t\u00e4rke\u00e4.<\/p>\n<p>(3) Suoritettaessa hyv\u00e4ksytty\u00e4 kalibrointia, joissa hyv\u00e4ksynt\u00e4 ei kata kaikkia parametreja, niin laite merkit\u00e4\u00e4n rajoitetusti kalibroiduksi.[\/et_pb_text][\/et_pb_column][et_pb_column type=&#8221;1_5&#8243; _builder_version=&#8221;4.10.8&#8243; _module_preset=&#8221;default&#8221; global_colors_info=&#8221;{}&#8221;][\/et_pb_column][\/et_pb_row][\/et_pb_section]<\/p>\n","protected":false},"excerpt":{"rendered":"<p>Kalibrointipalvelumme suoritetaan palvelukeskuksisamme tai paikan p\u00e4\u00e4ll\u00e4 asiakkaan toimipisteess\u00e4. Meid\u00e4t on sertifioitu standardin ISO 9001 mukaisesti ja laboratoriomme on akkreditoitu standardin ISO\/IEC 17025 mukaisesti. Palvelumme auttavat sinua t\u00e4ytt\u00e4m\u00e4\u00e4n mittauslaitteiden kalibroinneille asetetut vaatimukset. Mittauslaitepalvelumme antavat metrologisen varmennuksen, joka t\u00e4ytt\u00e4\u00e4 standardien ISO 9000 ja ISO 10012\u00b9 vaatimukset. Akkreditoitu kalibrointi Kun tarvitset mittaustulokset ja todisteen siit\u00e4, ett\u00e4 mittauslaite t\u00e4ytt\u00e4\u00e4 [&hellip;]<\/p>\n","protected":false},"author":33,"featured_media":3529,"parent":0,"menu_order":2,"comment_status":"closed","ping_status":"closed","template":"","meta":{"_acf_changed":false,"_et_pb_use_builder":"on","_et_pb_old_content":"<p><strong>Kalibrointipalvelumme suoritetaan palvelukeskuksisamme tai paikan p\u00e4\u00e4ll\u00e4 asiakkaan toimipisteess\u00e4. Meid\u00e4t on sertifioitu standardin ISO 9001 mukaisesti ja laboratoriomme on akkreditoitu standardin ISO\/IEC 17025 mukaisesti.<\/strong><\/p> <p>Palvelumme auttavat sinua t\u00e4ytt\u00e4m\u00e4\u00e4n mittauslaitteiden kalibroinneille asetetut vaatimukset. Mittauslaitepalvelumme antavat metrologisen varmennuksen, joka t\u00e4ytt\u00e4\u00e4 standardien ISO 9000 ja ISO 10012\u00b9 vaatimukset.<\/p> <h2>Akkreditoitu kalibrointi<\/h2> <p>Kun tarvitset mittaustulokset ja todisteen siit\u00e4, ett\u00e4 mittauslaite t\u00e4ytt\u00e4\u00e4 m\u00e4\u00e4ritellyt spesifikaationsa. Palvelu sis\u00e4lt\u00e4\u00e4 kansainv\u00e4lisesti tunnustetun kalibroinnin ja t\u00e4ytt\u00e4\u00e4 standardin ISO\/IEC 17025 mukaiset kalibrointivaatimukset. Se t\u00e4ytt\u00e4\u00e4 siis my\u00f6s standardien QS 9000 ja ISO\/TS 164949 vaatimukset.<\/p> <h3>Metrologinen vahvistus:<\/h3> <ul> <li>Kalibrointi akkreditoidussa laboratoriossa ja tarkistus ett\u00e4 laite spesifikaationsa<\/li> <li>S\u00e4\u00e4t\u00e4minen mahdollisuuksien mukaan, kun mittauslaite ei t\u00e4yt\u00e4 spesifikaatioitansa\u00b2.<\/li> <li>Akkreditoitu laboratorio antaa kalibrointitodistuksen, johon on merkitty t\u00e4ytt\u00e4\u00e4k\u00f6 laite spesifikaationsa vai ei. Mittaustulokset,<br \/>mukaanlukien mittausep\u00e4varmuus, annetaan kunkin mittauspisteen osalta erikseen\u00b3.<\/li> <li>Kalibrointitodistuksen tiedot ja mittaustulokset tallennetaan 6 vuoden ajan.<\/li> <li>Sinet\u00f6inti ja tarralla merkitseminen kalibroiduksi.<\/li> <\/ul> <hr \/> <h2>J\u00e4ljitett\u00e4v\u00e4 kalibrointi<\/h2> <p>Kun tarvitset todisteen siit\u00e4, ett\u00e4 mittauslaite t\u00e4ytt\u00e4\u00e4 m\u00e4\u00e4ritellyt spesifikaationsa. Palvelu sis\u00e4lt\u00e4\u00e4 j\u00e4ljitett\u00e4v\u00e4n kalibroinnin, joka t\u00e4ytt\u00e4\u00e4 standardien ISO\/IEC 17025, ISO 9000 ja ISO10012 vaatimukset.<\/p> <h3>Metrologinen varmistus:<\/h3> <ul> <li>Kalibrointi ja tarkistus ett\u00e4 laite t\u00e4ytt\u00e4\u00e4 spesifikaationsa.<\/li> <li>S\u00e4\u00e4t\u00e4minen mahdollisuuksien mukaan, jos mittauslaite ei t\u00e4yt\u00e4 spesifikaatioitansa\u00b2.<\/li> <li>Laboratorio antaa kalibrointitodistuksen, johon on merkitty, t\u00e4ytt\u00e4\u00e4k\u00f6 laite spesifikaationsa vai ei. Mittaustulokset raportoidaan laitekohtaisesti.<\/li> <li>Kalibrointitodistuksen tiedot ja mittaustulokset tallennetaan j\u00e4rjestelm\u00e4\u00e4n 6 vuoden ajaksi.<\/li> <li>Sinet\u00f6inti ja merkitseminen kalibroiduksi tarralla.<\/li> <\/ul> <hr \/> <p><span style=\"color: #595959;\">Kalibrointi kattaa yleens\u00e4 jonkin tietyn alueen kokonaan, mutta se voidaan mukauttaa asiakkaan tarpeiden mukaan. Mittauspisteet valitaan valmistajan antamien testausohjeiden tai vastaavien tietojen perusteella.<\/span><\/p> <p>Mittausmenetelm\u00e4t ja testilaitteet valitaan siten, ett\u00e4 j\u00e4ljitett\u00e4vyys vastaa kansallisia ja\/tai kansainv\u00e4lisi\u00e4 standardeja.<\/p> <p>Mittausep\u00e4varmuus otetaan huomioon tarkastettaessa, onko laite vaatimustenmukainen vai ei. Jos mittauslaite ei t\u00e4yt\u00e4 m\u00e4\u00e4rityst\u00e4 s\u00e4\u00e4t\u00e4misen j\u00e4lkeen tai sille on teht\u00e4v\u00e4 jotakin korjaust\u00f6it\u00e4, otamme yhteytt\u00e4 asiakkaaseen ennen toimenpiteiden suorittamista.<\/p> <p>(1) Kun s\u00e4\u00e4t\u00f6j\u00e4 suoritetaan, mittaustulokset raportoidaan kyseisten pisteiden osalta ennen s\u00e4\u00e4t\u00f6\u00e4 ja s\u00e4\u00e4d\u00f6n j\u00e4lkeen.<\/p> <p>(2) Voit halutessasi tilata palvelun ilman s\u00e4\u00e4t\u00e4mist\u00e4, esimerkiksi kun kyse on vertailulaitteesta, jonka kalibrointihistoria on t\u00e4rke\u00e4.<\/p> <p>(3) Suoritettaessa hyv\u00e4ksytty\u00e4 kalibrointia, joissa hyv\u00e4ksynt\u00e4 ei kata kaikkia parametreja, niin laite merkit\u00e4\u00e4n rajoitetusti kalibroiduksi.<\/p>","_et_gb_content_width":"","footnotes":""},"tags":[],"class_list":["post-712","page","type-page","status-publish","has-post-thumbnail","hentry"],"acf":[],"yoast_head":"<!-- This site is optimized with the Yoast SEO plugin v27.3 - https:\/\/yoast.com\/product\/yoast-seo-wordpress\/ -->\n<title>Kalibrointitasot<\/title>\n<meta name=\"description\" content=\"Element Metech tarjoaa j\u00e4ljitett\u00e4v\u00e4t tai ISO\/IEC 17025 -akkreditoidut mittalaitteiden kalibroinnit joko omissa laboratorioissaan tai asiakkaan tiloissa.\" \/>\n<meta name=\"robots\" content=\"index, follow, max-snippet:-1, max-image-preview:large, max-video-preview:-1\" \/>\n<link rel=\"canonical\" href=\"https:\/\/elementmetech.com\/fi\/kalibrointitasot\/\" \/>\n<meta property=\"og:locale\" content=\"fi_FI\" \/>\n<meta property=\"og:type\" content=\"article\" \/>\n<meta property=\"og:title\" content=\"Kalibrointitasot\" \/>\n<meta property=\"og:description\" content=\"Element Metech tarjoaa j\u00e4ljitett\u00e4v\u00e4t tai ISO\/IEC 17025 -akkreditoidut mittalaitteiden kalibroinnit joko omissa laboratorioissaan tai asiakkaan tiloissa.\" \/>\n<meta property=\"og:url\" content=\"https:\/\/elementmetech.com\/fi\/kalibrointitasot\/\" \/>\n<meta property=\"og:site_name\" content=\"Element Metech\" \/>\n<meta property=\"article:modified_time\" content=\"2021-10-05T12:04:42+00:00\" \/>\n<meta property=\"og:image\" content=\"https:\/\/elementmetech.com\/wp-content\/uploads\/2021\/06\/Calibration-Certificate-1-1600x480-1.jpg\" \/>\n\t<meta property=\"og:image:width\" content=\"1600\" \/>\n\t<meta property=\"og:image:height\" content=\"480\" \/>\n\t<meta property=\"og:image:type\" content=\"image\/jpeg\" \/>\n<meta name=\"twitter:card\" content=\"summary_large_image\" \/>\n<meta name=\"twitter:label1\" content=\"Arvioitu lukuaika\" \/>\n\t<meta name=\"twitter:data1\" content=\"2 minuuttia\" \/>\n<script type=\"application\/ld+json\" class=\"yoast-schema-graph\">{\"@context\":\"https:\\\/\\\/schema.org\",\"@graph\":[{\"@type\":\"WebPage\",\"@id\":\"https:\\\/\\\/elementmetech.com\\\/fi\\\/kalibrointitasot\\\/\",\"url\":\"https:\\\/\\\/elementmetech.com\\\/fi\\\/kalibrointitasot\\\/\",\"name\":\"Kalibrointitasot\",\"isPartOf\":{\"@id\":\"https:\\\/\\\/elementmetech.com\\\/fi\\\/#website\"},\"primaryImageOfPage\":{\"@id\":\"https:\\\/\\\/elementmetech.com\\\/fi\\\/kalibrointitasot\\\/#primaryimage\"},\"image\":{\"@id\":\"https:\\\/\\\/elementmetech.com\\\/fi\\\/kalibrointitasot\\\/#primaryimage\"},\"thumbnailUrl\":\"https:\\\/\\\/elementmetech.com\\\/wp-content\\\/uploads\\\/2021\\\/06\\\/Calibration-Certificate-1-1600x480-1.jpg\",\"datePublished\":\"2016-04-11T09:46:55+00:00\",\"dateModified\":\"2021-10-05T12:04:42+00:00\",\"description\":\"Element Metech tarjoaa j\u00e4ljitett\u00e4v\u00e4t tai ISO\\\/IEC 17025 -akkreditoidut mittalaitteiden kalibroinnit joko omissa laboratorioissaan tai asiakkaan tiloissa.\",\"breadcrumb\":{\"@id\":\"https:\\\/\\\/elementmetech.com\\\/fi\\\/kalibrointitasot\\\/#breadcrumb\"},\"inLanguage\":\"fi\",\"potentialAction\":[{\"@type\":\"ReadAction\",\"target\":[\"https:\\\/\\\/elementmetech.com\\\/fi\\\/kalibrointitasot\\\/\"]}]},{\"@type\":\"ImageObject\",\"inLanguage\":\"fi\",\"@id\":\"https:\\\/\\\/elementmetech.com\\\/fi\\\/kalibrointitasot\\\/#primaryimage\",\"url\":\"https:\\\/\\\/elementmetech.com\\\/wp-content\\\/uploads\\\/2021\\\/06\\\/Calibration-Certificate-1-1600x480-1.jpg\",\"contentUrl\":\"https:\\\/\\\/elementmetech.com\\\/wp-content\\\/uploads\\\/2021\\\/06\\\/Calibration-Certificate-1-1600x480-1.jpg\",\"width\":1600,\"height\":480,\"caption\":\"Kvalitetss\u00e4kra dina m\u00e4tinstrument med ackrediterad kalibrering fr\u00e5n Element S\u00f6ker du efter ackrediterade kalibreringstj\u00e4nster och vill vara s\u00e4ker p\u00e5 att kalibreringen utf\u00f6rs av ett oberoende och kompetent laboratorium? D\u00e5 \u00e4r Element Metech det sj\u00e4lvklara valet f\u00f6r dig. V\u00e5r omfattande erfarenhet och breda utbud av ackrediterade kalibreringstj\u00e4nster, tillsammans med v\u00e5r ackreditering enligt ISO\\\/IEC 17025, garanterar att du f\u00e5r h\u00f6gsta kvalitet p\u00e5 dina kalibreringar. Element Metech \u00e4r stolta \u00f6ver att kunna erbjuda ett av de bredaste utbuden av ackrediterad kalibrering i Europa. Vi \u00e4r ackrediterade enligt ISO\\\/IEC 17025, vilket garanterar att v\u00e5r kalibrering utf\u00f6rs enligt specifika kvalitetskrav som \u00e4r internationellt erk\u00e4nda. Att anlita ett ackrediterat laboratorium som Element Metech inneb\u00e4r en kvalitetsst\u00e4mpel som \u00f6kar f\u00f6rtroendet f\u00f6r ditt f\u00f6retag och dina produkter. V\u00e5ra laboratorier ackrediteras av det nationella ackrediteringsorganet i respektive land. I Sverige \u00e4r vi ackrediterade av Swedac, som \u00e4r en oberoende part som godk\u00e4nner laboratorier enligt standarden och kraven f\u00f6r samtliga v\u00e5ra ackrediterade lab. N\u00e4r du anv\u00e4nder m\u00e4tinstrument \u00e4r det viktigt att vara s\u00e4ker p\u00e5 att de ger korrekta resultat f\u00f6r att s\u00e4kerst\u00e4lla h\u00f6gsta kvalitet p\u00e5 dina produkter och tj\u00e4nster. Ackrediterad kalibrering \u00e4r ett bevis p\u00e5 att laboratoriet \u00e4r oberoende och kompetent och att kalibreringen utf\u00f6rs enligt internationellt erk\u00e4nda kvalitetskrav. Element Metech erbjuder ett brett utbud av ackrediterade kalibreringstj\u00e4nster, och v\u00e5r ISO\\\/IEC 17025-ackreditering garanterar h\u00f6gsta kvalitet. V\u00e5ra laboratorier ackrediteras av det nationella ackrediteringsorganet i respektive land. Ackrediterad kalibrering enligt ISO\\\/IEC 17025 Swedac Ackrediteringscertifikat ackrediterad kalibrring - element metech\"},{\"@type\":\"BreadcrumbList\",\"@id\":\"https:\\\/\\\/elementmetech.com\\\/fi\\\/kalibrointitasot\\\/#breadcrumb\",\"itemListElement\":[{\"@type\":\"ListItem\",\"position\":1,\"name\":\"Home\",\"item\":\"https:\\\/\\\/elementmetech.com\\\/fi\\\/\"},{\"@type\":\"ListItem\",\"position\":2,\"name\":\"Kalibrointitasot\"}]},{\"@type\":\"WebSite\",\"@id\":\"https:\\\/\\\/elementmetech.com\\\/fi\\\/#website\",\"url\":\"https:\\\/\\\/elementmetech.com\\\/fi\\\/\",\"name\":\"Element Metech\",\"description\":\"Delivering metrological confidence\",\"publisher\":{\"@id\":\"https:\\\/\\\/elementmetech.com\\\/fi\\\/#organization\"},\"potentialAction\":[{\"@type\":\"SearchAction\",\"target\":{\"@type\":\"EntryPoint\",\"urlTemplate\":\"https:\\\/\\\/elementmetech.com\\\/fi\\\/?s={search_term_string}\"},\"query-input\":{\"@type\":\"PropertyValueSpecification\",\"valueRequired\":true,\"valueName\":\"search_term_string\"}}],\"inLanguage\":\"fi\"},{\"@type\":\"Organization\",\"@id\":\"https:\\\/\\\/elementmetech.com\\\/fi\\\/#organization\",\"name\":\"Element Metech\",\"url\":\"https:\\\/\\\/elementmetech.com\\\/fi\\\/\",\"logo\":{\"@type\":\"ImageObject\",\"inLanguage\":\"fi\",\"@id\":\"https:\\\/\\\/elementmetech.com\\\/fi\\\/#\\\/schema\\\/logo\\\/image\\\/\",\"url\":\"https:\\\/\\\/elementmetech.com\\\/wp-content\\\/uploads\\\/2021\\\/06\\\/Element-Metech-Logo-1.svg\",\"contentUrl\":\"https:\\\/\\\/elementmetech.com\\\/wp-content\\\/uploads\\\/2021\\\/06\\\/Element-Metech-Logo-1.svg\",\"width\":\"1024\",\"height\":\"1024\",\"caption\":\"Element Metech\"},\"image\":{\"@id\":\"https:\\\/\\\/elementmetech.com\\\/fi\\\/#\\\/schema\\\/logo\\\/image\\\/\"},\"sameAs\":[\"https:\\\/\\\/www.linkedin.com\\\/company\\\/element-metech\\\/\"]}]}<\/script>\n<!-- \/ Yoast SEO plugin. -->","yoast_head_json":{"title":"Kalibrointitasot","description":"Element Metech tarjoaa j\u00e4ljitett\u00e4v\u00e4t tai ISO\/IEC 17025 -akkreditoidut mittalaitteiden kalibroinnit joko omissa laboratorioissaan tai asiakkaan tiloissa.","robots":{"index":"index","follow":"follow","max-snippet":"max-snippet:-1","max-image-preview":"max-image-preview:large","max-video-preview":"max-video-preview:-1"},"canonical":"https:\/\/elementmetech.com\/fi\/kalibrointitasot\/","og_locale":"fi_FI","og_type":"article","og_title":"Kalibrointitasot","og_description":"Element Metech tarjoaa j\u00e4ljitett\u00e4v\u00e4t tai ISO\/IEC 17025 -akkreditoidut mittalaitteiden kalibroinnit joko omissa laboratorioissaan tai asiakkaan tiloissa.","og_url":"https:\/\/elementmetech.com\/fi\/kalibrointitasot\/","og_site_name":"Element Metech","article_modified_time":"2021-10-05T12:04:42+00:00","og_image":[{"width":1600,"height":480,"url":"https:\/\/elementmetech.com\/wp-content\/uploads\/2021\/06\/Calibration-Certificate-1-1600x480-1.jpg","type":"image\/jpeg"}],"twitter_card":"summary_large_image","twitter_misc":{"Arvioitu lukuaika":"2 minuuttia"},"schema":{"@context":"https:\/\/schema.org","@graph":[{"@type":"WebPage","@id":"https:\/\/elementmetech.com\/fi\/kalibrointitasot\/","url":"https:\/\/elementmetech.com\/fi\/kalibrointitasot\/","name":"Kalibrointitasot","isPartOf":{"@id":"https:\/\/elementmetech.com\/fi\/#website"},"primaryImageOfPage":{"@id":"https:\/\/elementmetech.com\/fi\/kalibrointitasot\/#primaryimage"},"image":{"@id":"https:\/\/elementmetech.com\/fi\/kalibrointitasot\/#primaryimage"},"thumbnailUrl":"https:\/\/elementmetech.com\/wp-content\/uploads\/2021\/06\/Calibration-Certificate-1-1600x480-1.jpg","datePublished":"2016-04-11T09:46:55+00:00","dateModified":"2021-10-05T12:04:42+00:00","description":"Element Metech tarjoaa j\u00e4ljitett\u00e4v\u00e4t tai ISO\/IEC 17025 -akkreditoidut mittalaitteiden kalibroinnit joko omissa laboratorioissaan tai asiakkaan tiloissa.","breadcrumb":{"@id":"https:\/\/elementmetech.com\/fi\/kalibrointitasot\/#breadcrumb"},"inLanguage":"fi","potentialAction":[{"@type":"ReadAction","target":["https:\/\/elementmetech.com\/fi\/kalibrointitasot\/"]}]},{"@type":"ImageObject","inLanguage":"fi","@id":"https:\/\/elementmetech.com\/fi\/kalibrointitasot\/#primaryimage","url":"https:\/\/elementmetech.com\/wp-content\/uploads\/2021\/06\/Calibration-Certificate-1-1600x480-1.jpg","contentUrl":"https:\/\/elementmetech.com\/wp-content\/uploads\/2021\/06\/Calibration-Certificate-1-1600x480-1.jpg","width":1600,"height":480,"caption":"Kvalitetss\u00e4kra dina m\u00e4tinstrument med ackrediterad kalibrering fr\u00e5n Element S\u00f6ker du efter ackrediterade kalibreringstj\u00e4nster och vill vara s\u00e4ker p\u00e5 att kalibreringen utf\u00f6rs av ett oberoende och kompetent laboratorium? D\u00e5 \u00e4r Element Metech det sj\u00e4lvklara valet f\u00f6r dig. V\u00e5r omfattande erfarenhet och breda utbud av ackrediterade kalibreringstj\u00e4nster, tillsammans med v\u00e5r ackreditering enligt ISO\/IEC 17025, garanterar att du f\u00e5r h\u00f6gsta kvalitet p\u00e5 dina kalibreringar. Element Metech \u00e4r stolta \u00f6ver att kunna erbjuda ett av de bredaste utbuden av ackrediterad kalibrering i Europa. Vi \u00e4r ackrediterade enligt ISO\/IEC 17025, vilket garanterar att v\u00e5r kalibrering utf\u00f6rs enligt specifika kvalitetskrav som \u00e4r internationellt erk\u00e4nda. Att anlita ett ackrediterat laboratorium som Element Metech inneb\u00e4r en kvalitetsst\u00e4mpel som \u00f6kar f\u00f6rtroendet f\u00f6r ditt f\u00f6retag och dina produkter. V\u00e5ra laboratorier ackrediteras av det nationella ackrediteringsorganet i respektive land. I Sverige \u00e4r vi ackrediterade av Swedac, som \u00e4r en oberoende part som godk\u00e4nner laboratorier enligt standarden och kraven f\u00f6r samtliga v\u00e5ra ackrediterade lab. N\u00e4r du anv\u00e4nder m\u00e4tinstrument \u00e4r det viktigt att vara s\u00e4ker p\u00e5 att de ger korrekta resultat f\u00f6r att s\u00e4kerst\u00e4lla h\u00f6gsta kvalitet p\u00e5 dina produkter och tj\u00e4nster. Ackrediterad kalibrering \u00e4r ett bevis p\u00e5 att laboratoriet \u00e4r oberoende och kompetent och att kalibreringen utf\u00f6rs enligt internationellt erk\u00e4nda kvalitetskrav. Element Metech erbjuder ett brett utbud av ackrediterade kalibreringstj\u00e4nster, och v\u00e5r ISO\/IEC 17025-ackreditering garanterar h\u00f6gsta kvalitet. V\u00e5ra laboratorier ackrediteras av det nationella ackrediteringsorganet i respektive land. Ackrediterad kalibrering enligt ISO\/IEC 17025 Swedac Ackrediteringscertifikat ackrediterad kalibrring - element metech"},{"@type":"BreadcrumbList","@id":"https:\/\/elementmetech.com\/fi\/kalibrointitasot\/#breadcrumb","itemListElement":[{"@type":"ListItem","position":1,"name":"Home","item":"https:\/\/elementmetech.com\/fi\/"},{"@type":"ListItem","position":2,"name":"Kalibrointitasot"}]},{"@type":"WebSite","@id":"https:\/\/elementmetech.com\/fi\/#website","url":"https:\/\/elementmetech.com\/fi\/","name":"Element Metech","description":"Delivering metrological confidence","publisher":{"@id":"https:\/\/elementmetech.com\/fi\/#organization"},"potentialAction":[{"@type":"SearchAction","target":{"@type":"EntryPoint","urlTemplate":"https:\/\/elementmetech.com\/fi\/?s={search_term_string}"},"query-input":{"@type":"PropertyValueSpecification","valueRequired":true,"valueName":"search_term_string"}}],"inLanguage":"fi"},{"@type":"Organization","@id":"https:\/\/elementmetech.com\/fi\/#organization","name":"Element Metech","url":"https:\/\/elementmetech.com\/fi\/","logo":{"@type":"ImageObject","inLanguage":"fi","@id":"https:\/\/elementmetech.com\/fi\/#\/schema\/logo\/image\/","url":"https:\/\/elementmetech.com\/wp-content\/uploads\/2021\/06\/Element-Metech-Logo-1.svg","contentUrl":"https:\/\/elementmetech.com\/wp-content\/uploads\/2021\/06\/Element-Metech-Logo-1.svg","width":"1024","height":"1024","caption":"Element Metech"},"image":{"@id":"https:\/\/elementmetech.com\/fi\/#\/schema\/logo\/image\/"},"sameAs":["https:\/\/www.linkedin.com\/company\/element-metech\/"]}]}},"_links":{"self":[{"href":"https:\/\/elementmetech.com\/fi\/wp-json\/wp\/v2\/pages\/712","targetHints":{"allow":["GET"]}}],"collection":[{"href":"https:\/\/elementmetech.com\/fi\/wp-json\/wp\/v2\/pages"}],"about":[{"href":"https:\/\/elementmetech.com\/fi\/wp-json\/wp\/v2\/types\/page"}],"author":[{"embeddable":true,"href":"https:\/\/elementmetech.com\/fi\/wp-json\/wp\/v2\/users\/33"}],"replies":[{"embeddable":true,"href":"https:\/\/elementmetech.com\/fi\/wp-json\/wp\/v2\/comments?post=712"}],"version-history":[{"count":0,"href":"https:\/\/elementmetech.com\/fi\/wp-json\/wp\/v2\/pages\/712\/revisions"}],"wp:featuredmedia":[{"embeddable":true,"href":"https:\/\/elementmetech.com\/fi\/wp-json\/wp\/v2\/media\/3529"}],"wp:attachment":[{"href":"https:\/\/elementmetech.com\/fi\/wp-json\/wp\/v2\/media?parent=712"}],"wp:term":[{"taxonomy":"post_tag","embeddable":true,"href":"https:\/\/elementmetech.com\/fi\/wp-json\/wp\/v2\/tags?post=712"}],"curies":[{"name":"wp","href":"https:\/\/api.w.org\/{rel}","templated":true}]}}