{"id":1301,"date":"2016-04-11T09:46:43","date_gmt":"2016-04-11T09:46:43","guid":{"rendered":"https:\/\/elementmetech.wpengine.com\/akkreditoitu-kalibrointi-2\/"},"modified":"2023-11-17T12:46:22","modified_gmt":"2023-11-17T11:46:22","slug":"tietoa-akkreditoinneista","status":"publish","type":"page","link":"https:\/\/elementmetech.com\/fi\/tietoa-akkreditoinneista\/","title":{"rendered":"Akkreditoitu kalibrointi"},"content":{"rendered":"<p>[et_pb_section fb_built=&#8221;1&#8243; _builder_version=&#8221;4.16&#8243; _module_preset=&#8221;default&#8221; global_colors_info=&#8221;{}&#8221; theme_builder_area=&#8221;post_content&#8221;][et_pb_row column_structure=&#8221;1_5,3_5,1_5&#8243; _builder_version=&#8221;4.16&#8243; _module_preset=&#8221;default&#8221; global_colors_info=&#8221;{}&#8221; theme_builder_area=&#8221;post_content&#8221;][et_pb_column type=&#8221;1_5&#8243; _builder_version=&#8221;4.16&#8243; _module_preset=&#8221;default&#8221; global_colors_info=&#8221;{}&#8221; theme_builder_area=&#8221;post_content&#8221;][\/et_pb_column][et_pb_column type=&#8221;3_5&#8243; _builder_version=&#8221;4.16&#8243; _module_preset=&#8221;default&#8221; global_colors_info=&#8221;{}&#8221; theme_builder_area=&#8221;post_content&#8221;][et_pb_text _builder_version=&#8221;4.18.0&#8243; _module_preset=&#8221;default&#8221; global_colors_info=&#8221;{}&#8221; theme_builder_area=&#8221;post_content&#8221;]<\/p>\n<div class=\"super-lead\">\n<p>Element Metech tarjoaa asiakkailleen yhden Euroopan laajimman akkreditoitujen kalibrointien valikoiman. Akkreditointimme kattavat asiakkaidemme kalibrointitarpeet l\u00e4hes kaikilla eri aloilla.<\/p>\n<p>Useimmat palvelumme ovat saatavissa my\u00f6s paikan p\u00e4\u00e4ll\u00e4 asiakkaan luona.<\/p>\n<\/div>\n<h2>Miksi kannattaa k\u00e4ytt\u00e4\u00e4 akkreditoitua laboratoriota?<\/h2>\n<p>ISO\/IEC 17025 on tunnustettu kansainv\u00e4linen standardi. Tunnettu laatumerkki lis\u00e4\u00e4 asiakkaiden luottamusta yritykseen ja sen tuotteisiin, kun asiakkaat tiet\u00e4v\u00e4t, ett\u00e4 testilaitteet on kalibroitu riippumattomassa ja hyv\u00e4ksytyss\u00e4 kalibrointilaboratoriossa.<\/p>\n<h2>P\u00e4tevyyden osoittaminen<\/h2>\n<p>Laboratoriomme ovat saaneet akkreditoinnin, eli p\u00e4tev\u00e4ksi toteamisen, kunkin maan kansalliselta akkreditointeja my\u00f6nt\u00e4v\u00e4lt\u00e4 laitokselta. Akkreditointeja my\u00f6nt\u00e4v\u00e4t laitokset k\u00e4ytt\u00e4v\u00e4t samoja kansainv\u00e4lisi\u00e4 standardeja ja vaatimuksia. Suomessa kansallisia akkreditointeja my\u00f6nt\u00e4\u00e4 FINAS (Finnish Accreditation Service).<\/p>\n<p>Element Metech Oy, Kalibrointilaboratorio on FINAS-akkreditointipalvelun akkreditoima Kalibrointilaboratorio K049, akkreditointivaatimus SFS-EN ISO\/IEC 17025: 2017.<\/p>\n<h2>ISO\/IEC 17025 akkreditointi<\/h2>\n<ul>\n<li><a href=\"https:\/\/elementmetech.com\/wp-content\/uploads\/2022\/10\/K049_A13_2022-tod.pdf\" target=\"_blank\" rel=\"noopener\">Accreditation Certificate Finland <\/a><\/li>\n<li><a href=\"https:\/\/elementmetech.com\/wp-content\/uploads\/2022\/10\/K049_A13_2022.pdf\" target=\"_blank\" rel=\"noopener\">Scope of Accreditation<\/a><\/li>\n<\/ul>\n<h2><span><span class=\"ui-provider ee byx bzw bzx bzy bzz caa cab cac cae caf cag cah cai caj cak cal cam can cao cap caq car cas cat cau cav caw cax cay caz cba cbb cbc cbd\" dir=\"ltr\"><strong>ISO 9001 ja ISO 14001 Sertifikaatit<\/strong><\/span><\/span><\/h2>\n<ul>\n<li><a href=\"https:\/\/globalval.intelex.com\/ElementLiveLogin\/ElementLive\/DocLink?id=miBvCkTL7m9QgJUit2mVSnXz0ZQY84lqr0HN7CmLFA0xGDw7G-g6OprfzGh5TyV20\" rel=\"attachment noopener wp-att-959\" target=\"_blank\">ISO 9001 Certificate<\/a><\/li>\n<li><a href=\"https:\/\/globalval.intelex.com\/ElementLiveLogin\/ElementLive\/DocLink?id=6kj4Ub5AcxJ9jCJa-Kw0-uJrpSs8MoUaVOiMrpmWWl3VNJNsTA3SrfPXWHd4Y8rA0\" target=\"_blank\" rel=\"noopener\" style=\"font-size: 18px;\">ISO 14001 Certificate<\/a><\/li>\n<\/ul>\n<p>[\/et_pb_text][\/et_pb_column][et_pb_column type=&#8221;1_5&#8243; _builder_version=&#8221;4.16&#8243; _module_preset=&#8221;default&#8221; global_colors_info=&#8221;{}&#8221; theme_builder_area=&#8221;post_content&#8221;][\/et_pb_column][\/et_pb_row][\/et_pb_section]<\/p>\n","protected":false},"excerpt":{"rendered":"<p>Element Metech tarjoaa asiakkailleen yhden Euroopan laajimman akkreditoitujen kalibrointien valikoiman. Akkreditointimme kattavat asiakkaidemme kalibrointitarpeet l\u00e4hes kaikilla eri aloilla. Useimmat palvelumme ovat saatavissa my\u00f6s paikan p\u00e4\u00e4ll\u00e4 asiakkaan luona. Miksi kannattaa k\u00e4ytt\u00e4\u00e4 akkreditoitua laboratoriota? ISO\/IEC 17025 on tunnustettu kansainv\u00e4linen standardi. Tunnettu laatumerkki lis\u00e4\u00e4 asiakkaiden luottamusta yritykseen ja sen tuotteisiin, kun asiakkaat tiet\u00e4v\u00e4t, ett\u00e4 testilaitteet on kalibroitu riippumattomassa [&hellip;]<\/p>\n","protected":false},"author":33,"featured_media":3529,"parent":0,"menu_order":3,"comment_status":"closed","ping_status":"closed","template":"","meta":{"_acf_changed":false,"_et_pb_use_builder":"on","_et_pb_old_content":"<p><strong>Element Metech tarjoaa asiakkailleen yhden Euroopan laajimman akkreditoitujen kalibrointien valikoiman. Akkreditointimme kattavat asiakkaidemme kalibrointitarpeet l\u00e4hes kaikilla eri aloilla.<\/strong><\/p> <p>Useimmat palvelumme ovat saatavissa my\u00f6s paikan p\u00e4\u00e4ll\u00e4 asiakkaan luona.<\/p> <h2>Miksi kannattaa k\u00e4ytt\u00e4\u00e4 akkreditoitua laboratoriota?<\/h2> <p>ISO\/IEC 17025 on tunnustettu kansainv\u00e4linen standardi. Tunnettu laatumerkki lis\u00e4\u00e4 asiakkaiden luottamusta yritykseen ja sen tuotteisiin, kun asiakkaat tiet\u00e4v\u00e4t, ett\u00e4 testilaitteet on kalibroitu riippumattomassa ja hyv\u00e4ksytyss\u00e4 kalibrointilaboratoriossa.<\/p> <h2>Hyv\u00e4ksynn\u00e4n my\u00f6nt\u00e4j\u00e4t<\/h2> <p>Laboratoriomme ovat saaneet hyv\u00e4ksynn\u00e4n kunkin maan kansalliselta akkreditointeja my\u00f6nt\u00e4v\u00e4lt\u00e4 laitokselta. Ne kaikki k\u00e4ytt\u00e4v\u00e4t samoja kansainv\u00e4lisi\u00e4 standardeja ja vaatimuksia hyv\u00e4ksynn\u00f6iss\u00e4\u00e4n.\u00a0Suomessa kansallisia akkreditointeja my\u00f6nt\u00e4\u00e4 FINAS (Finnish Accreditation Service).<\/p> <h2>ISO\/IEC 17025\u00a0akkreditointi<\/h2> <p><a href=\"https:\/\/elementmetech.com\/wp-content\/uploads\/2016\/04\/Accreditation_Certificate_FINAS_K049_Nummela_Element_Metech_2020-03-20.pdf\" target=\"_blank\" rel=\"noopener\">Accreditation Certificate Finland<\/a><\/p> <p><a href=\"https:\/\/elementmetech.com\/wp-content\/uploads\/2016\/04\/Accreditation_Scope_FINAS_K049_Element_Metech_2020-11-27.pdf\" target=\"_blank\" rel=\"noopener\">Scope of Accreditation<\/a><\/p>","_et_gb_content_width":"","footnotes":""},"tags":[],"class_list":["post-1301","page","type-page","status-publish","has-post-thumbnail","hentry"],"acf":[],"yoast_head":"<!-- This site is optimized with the Yoast SEO plugin v27.3 - https:\/\/yoast.com\/product\/yoast-seo-wordpress\/ -->\n<title>Tietoa akkreditoinneista<\/title>\n<meta name=\"description\" content=\"Laadunvarmistus standardin ISO\/IEC 17025 mukaan onnistuu vain akkreditoidun kalibrointikumppanin kanssa. Euroopan laajin kalibrointivalikoima.\" \/>\n<meta name=\"robots\" content=\"index, follow, max-snippet:-1, max-image-preview:large, max-video-preview:-1\" \/>\n<link rel=\"canonical\" href=\"https:\/\/elementmetech.com\/fi\/tietoa-akkreditoinneista\/\" \/>\n<meta property=\"og:locale\" content=\"fi_FI\" \/>\n<meta property=\"og:type\" content=\"article\" \/>\n<meta property=\"og:title\" content=\"Tietoa akkreditoinneista\" \/>\n<meta property=\"og:description\" content=\"Laadunvarmistus standardin ISO\/IEC 17025 mukaan onnistuu vain akkreditoidun kalibrointikumppanin kanssa. Euroopan laajin kalibrointivalikoima.\" \/>\n<meta property=\"og:url\" content=\"https:\/\/elementmetech.com\/fi\/tietoa-akkreditoinneista\/\" \/>\n<meta property=\"og:site_name\" content=\"Element Metech\" \/>\n<meta property=\"article:modified_time\" content=\"2023-11-17T11:46:22+00:00\" \/>\n<meta property=\"og:image\" content=\"https:\/\/elementmetech.com\/wp-content\/uploads\/2021\/06\/Calibration-Certificate-1-1600x480-1.jpg\" \/>\n\t<meta property=\"og:image:width\" content=\"1600\" \/>\n\t<meta property=\"og:image:height\" content=\"480\" \/>\n\t<meta property=\"og:image:type\" content=\"image\/jpeg\" \/>\n<meta name=\"twitter:card\" content=\"summary_large_image\" \/>\n<meta name=\"twitter:label1\" content=\"Arvioitu lukuaika\" \/>\n\t<meta name=\"twitter:data1\" content=\"1 minuutti\" \/>\n<script type=\"application\/ld+json\" class=\"yoast-schema-graph\">{\"@context\":\"https:\\\/\\\/schema.org\",\"@graph\":[{\"@type\":\"WebPage\",\"@id\":\"https:\\\/\\\/elementmetech.com\\\/fi\\\/tietoa-akkreditoinneista\\\/\",\"url\":\"https:\\\/\\\/elementmetech.com\\\/fi\\\/tietoa-akkreditoinneista\\\/\",\"name\":\"Tietoa akkreditoinneista\",\"isPartOf\":{\"@id\":\"https:\\\/\\\/elementmetech.com\\\/fi\\\/#website\"},\"primaryImageOfPage\":{\"@id\":\"https:\\\/\\\/elementmetech.com\\\/fi\\\/tietoa-akkreditoinneista\\\/#primaryimage\"},\"image\":{\"@id\":\"https:\\\/\\\/elementmetech.com\\\/fi\\\/tietoa-akkreditoinneista\\\/#primaryimage\"},\"thumbnailUrl\":\"https:\\\/\\\/elementmetech.com\\\/wp-content\\\/uploads\\\/2021\\\/06\\\/Calibration-Certificate-1-1600x480-1.jpg\",\"datePublished\":\"2016-04-11T09:46:43+00:00\",\"dateModified\":\"2023-11-17T11:46:22+00:00\",\"description\":\"Laadunvarmistus standardin ISO\\\/IEC 17025 mukaan onnistuu vain akkreditoidun kalibrointikumppanin kanssa. Euroopan laajin kalibrointivalikoima.\",\"breadcrumb\":{\"@id\":\"https:\\\/\\\/elementmetech.com\\\/fi\\\/tietoa-akkreditoinneista\\\/#breadcrumb\"},\"inLanguage\":\"fi\",\"potentialAction\":[{\"@type\":\"ReadAction\",\"target\":[\"https:\\\/\\\/elementmetech.com\\\/fi\\\/tietoa-akkreditoinneista\\\/\"]}]},{\"@type\":\"ImageObject\",\"inLanguage\":\"fi\",\"@id\":\"https:\\\/\\\/elementmetech.com\\\/fi\\\/tietoa-akkreditoinneista\\\/#primaryimage\",\"url\":\"https:\\\/\\\/elementmetech.com\\\/wp-content\\\/uploads\\\/2021\\\/06\\\/Calibration-Certificate-1-1600x480-1.jpg\",\"contentUrl\":\"https:\\\/\\\/elementmetech.com\\\/wp-content\\\/uploads\\\/2021\\\/06\\\/Calibration-Certificate-1-1600x480-1.jpg\",\"width\":1600,\"height\":480,\"caption\":\"Kvalitetss\u00e4kra dina m\u00e4tinstrument med ackrediterad kalibrering fr\u00e5n Element S\u00f6ker du efter ackrediterade kalibreringstj\u00e4nster och vill vara s\u00e4ker p\u00e5 att kalibreringen utf\u00f6rs av ett oberoende och kompetent laboratorium? D\u00e5 \u00e4r Element Metech det sj\u00e4lvklara valet f\u00f6r dig. V\u00e5r omfattande erfarenhet och breda utbud av ackrediterade kalibreringstj\u00e4nster, tillsammans med v\u00e5r ackreditering enligt ISO\\\/IEC 17025, garanterar att du f\u00e5r h\u00f6gsta kvalitet p\u00e5 dina kalibreringar. Element Metech \u00e4r stolta \u00f6ver att kunna erbjuda ett av de bredaste utbuden av ackrediterad kalibrering i Europa. Vi \u00e4r ackrediterade enligt ISO\\\/IEC 17025, vilket garanterar att v\u00e5r kalibrering utf\u00f6rs enligt specifika kvalitetskrav som \u00e4r internationellt erk\u00e4nda. Att anlita ett ackrediterat laboratorium som Element Metech inneb\u00e4r en kvalitetsst\u00e4mpel som \u00f6kar f\u00f6rtroendet f\u00f6r ditt f\u00f6retag och dina produkter. V\u00e5ra laboratorier ackrediteras av det nationella ackrediteringsorganet i respektive land. I Sverige \u00e4r vi ackrediterade av Swedac, som \u00e4r en oberoende part som godk\u00e4nner laboratorier enligt standarden och kraven f\u00f6r samtliga v\u00e5ra ackrediterade lab. N\u00e4r du anv\u00e4nder m\u00e4tinstrument \u00e4r det viktigt att vara s\u00e4ker p\u00e5 att de ger korrekta resultat f\u00f6r att s\u00e4kerst\u00e4lla h\u00f6gsta kvalitet p\u00e5 dina produkter och tj\u00e4nster. Ackrediterad kalibrering \u00e4r ett bevis p\u00e5 att laboratoriet \u00e4r oberoende och kompetent och att kalibreringen utf\u00f6rs enligt internationellt erk\u00e4nda kvalitetskrav. Element Metech erbjuder ett brett utbud av ackrediterade kalibreringstj\u00e4nster, och v\u00e5r ISO\\\/IEC 17025-ackreditering garanterar h\u00f6gsta kvalitet. V\u00e5ra laboratorier ackrediteras av det nationella ackrediteringsorganet i respektive land. Ackrediterad kalibrering enligt ISO\\\/IEC 17025 Swedac Ackrediteringscertifikat ackrediterad kalibrring - element metech\"},{\"@type\":\"BreadcrumbList\",\"@id\":\"https:\\\/\\\/elementmetech.com\\\/fi\\\/tietoa-akkreditoinneista\\\/#breadcrumb\",\"itemListElement\":[{\"@type\":\"ListItem\",\"position\":1,\"name\":\"Home\",\"item\":\"https:\\\/\\\/elementmetech.com\\\/fi\\\/\"},{\"@type\":\"ListItem\",\"position\":2,\"name\":\"Akkreditoitu kalibrointi\"}]},{\"@type\":\"WebSite\",\"@id\":\"https:\\\/\\\/elementmetech.com\\\/fi\\\/#website\",\"url\":\"https:\\\/\\\/elementmetech.com\\\/fi\\\/\",\"name\":\"Element Metech\",\"description\":\"Delivering metrological confidence\",\"publisher\":{\"@id\":\"https:\\\/\\\/elementmetech.com\\\/fi\\\/#organization\"},\"potentialAction\":[{\"@type\":\"SearchAction\",\"target\":{\"@type\":\"EntryPoint\",\"urlTemplate\":\"https:\\\/\\\/elementmetech.com\\\/fi\\\/?s={search_term_string}\"},\"query-input\":{\"@type\":\"PropertyValueSpecification\",\"valueRequired\":true,\"valueName\":\"search_term_string\"}}],\"inLanguage\":\"fi\"},{\"@type\":\"Organization\",\"@id\":\"https:\\\/\\\/elementmetech.com\\\/fi\\\/#organization\",\"name\":\"Element Metech\",\"url\":\"https:\\\/\\\/elementmetech.com\\\/fi\\\/\",\"logo\":{\"@type\":\"ImageObject\",\"inLanguage\":\"fi\",\"@id\":\"https:\\\/\\\/elementmetech.com\\\/fi\\\/#\\\/schema\\\/logo\\\/image\\\/\",\"url\":\"https:\\\/\\\/elementmetech.com\\\/wp-content\\\/uploads\\\/2021\\\/06\\\/Element-Metech-Logo-1.svg\",\"contentUrl\":\"https:\\\/\\\/elementmetech.com\\\/wp-content\\\/uploads\\\/2021\\\/06\\\/Element-Metech-Logo-1.svg\",\"width\":\"1024\",\"height\":\"1024\",\"caption\":\"Element Metech\"},\"image\":{\"@id\":\"https:\\\/\\\/elementmetech.com\\\/fi\\\/#\\\/schema\\\/logo\\\/image\\\/\"},\"sameAs\":[\"https:\\\/\\\/www.linkedin.com\\\/company\\\/element-metech\\\/\"]}]}<\/script>\n<!-- \/ Yoast SEO plugin. -->","yoast_head_json":{"title":"Tietoa akkreditoinneista","description":"Laadunvarmistus standardin ISO\/IEC 17025 mukaan onnistuu vain akkreditoidun kalibrointikumppanin kanssa. Euroopan laajin kalibrointivalikoima.","robots":{"index":"index","follow":"follow","max-snippet":"max-snippet:-1","max-image-preview":"max-image-preview:large","max-video-preview":"max-video-preview:-1"},"canonical":"https:\/\/elementmetech.com\/fi\/tietoa-akkreditoinneista\/","og_locale":"fi_FI","og_type":"article","og_title":"Tietoa akkreditoinneista","og_description":"Laadunvarmistus standardin ISO\/IEC 17025 mukaan onnistuu vain akkreditoidun kalibrointikumppanin kanssa. Euroopan laajin kalibrointivalikoima.","og_url":"https:\/\/elementmetech.com\/fi\/tietoa-akkreditoinneista\/","og_site_name":"Element Metech","article_modified_time":"2023-11-17T11:46:22+00:00","og_image":[{"width":1600,"height":480,"url":"https:\/\/elementmetech.com\/wp-content\/uploads\/2021\/06\/Calibration-Certificate-1-1600x480-1.jpg","type":"image\/jpeg"}],"twitter_card":"summary_large_image","twitter_misc":{"Arvioitu lukuaika":"1 minuutti"},"schema":{"@context":"https:\/\/schema.org","@graph":[{"@type":"WebPage","@id":"https:\/\/elementmetech.com\/fi\/tietoa-akkreditoinneista\/","url":"https:\/\/elementmetech.com\/fi\/tietoa-akkreditoinneista\/","name":"Tietoa akkreditoinneista","isPartOf":{"@id":"https:\/\/elementmetech.com\/fi\/#website"},"primaryImageOfPage":{"@id":"https:\/\/elementmetech.com\/fi\/tietoa-akkreditoinneista\/#primaryimage"},"image":{"@id":"https:\/\/elementmetech.com\/fi\/tietoa-akkreditoinneista\/#primaryimage"},"thumbnailUrl":"https:\/\/elementmetech.com\/wp-content\/uploads\/2021\/06\/Calibration-Certificate-1-1600x480-1.jpg","datePublished":"2016-04-11T09:46:43+00:00","dateModified":"2023-11-17T11:46:22+00:00","description":"Laadunvarmistus standardin ISO\/IEC 17025 mukaan onnistuu vain akkreditoidun kalibrointikumppanin kanssa. Euroopan laajin kalibrointivalikoima.","breadcrumb":{"@id":"https:\/\/elementmetech.com\/fi\/tietoa-akkreditoinneista\/#breadcrumb"},"inLanguage":"fi","potentialAction":[{"@type":"ReadAction","target":["https:\/\/elementmetech.com\/fi\/tietoa-akkreditoinneista\/"]}]},{"@type":"ImageObject","inLanguage":"fi","@id":"https:\/\/elementmetech.com\/fi\/tietoa-akkreditoinneista\/#primaryimage","url":"https:\/\/elementmetech.com\/wp-content\/uploads\/2021\/06\/Calibration-Certificate-1-1600x480-1.jpg","contentUrl":"https:\/\/elementmetech.com\/wp-content\/uploads\/2021\/06\/Calibration-Certificate-1-1600x480-1.jpg","width":1600,"height":480,"caption":"Kvalitetss\u00e4kra dina m\u00e4tinstrument med ackrediterad kalibrering fr\u00e5n Element S\u00f6ker du efter ackrediterade kalibreringstj\u00e4nster och vill vara s\u00e4ker p\u00e5 att kalibreringen utf\u00f6rs av ett oberoende och kompetent laboratorium? D\u00e5 \u00e4r Element Metech det sj\u00e4lvklara valet f\u00f6r dig. V\u00e5r omfattande erfarenhet och breda utbud av ackrediterade kalibreringstj\u00e4nster, tillsammans med v\u00e5r ackreditering enligt ISO\/IEC 17025, garanterar att du f\u00e5r h\u00f6gsta kvalitet p\u00e5 dina kalibreringar. Element Metech \u00e4r stolta \u00f6ver att kunna erbjuda ett av de bredaste utbuden av ackrediterad kalibrering i Europa. Vi \u00e4r ackrediterade enligt ISO\/IEC 17025, vilket garanterar att v\u00e5r kalibrering utf\u00f6rs enligt specifika kvalitetskrav som \u00e4r internationellt erk\u00e4nda. Att anlita ett ackrediterat laboratorium som Element Metech inneb\u00e4r en kvalitetsst\u00e4mpel som \u00f6kar f\u00f6rtroendet f\u00f6r ditt f\u00f6retag och dina produkter. V\u00e5ra laboratorier ackrediteras av det nationella ackrediteringsorganet i respektive land. I Sverige \u00e4r vi ackrediterade av Swedac, som \u00e4r en oberoende part som godk\u00e4nner laboratorier enligt standarden och kraven f\u00f6r samtliga v\u00e5ra ackrediterade lab. N\u00e4r du anv\u00e4nder m\u00e4tinstrument \u00e4r det viktigt att vara s\u00e4ker p\u00e5 att de ger korrekta resultat f\u00f6r att s\u00e4kerst\u00e4lla h\u00f6gsta kvalitet p\u00e5 dina produkter och tj\u00e4nster. Ackrediterad kalibrering \u00e4r ett bevis p\u00e5 att laboratoriet \u00e4r oberoende och kompetent och att kalibreringen utf\u00f6rs enligt internationellt erk\u00e4nda kvalitetskrav. Element Metech erbjuder ett brett utbud av ackrediterade kalibreringstj\u00e4nster, och v\u00e5r ISO\/IEC 17025-ackreditering garanterar h\u00f6gsta kvalitet. V\u00e5ra laboratorier ackrediteras av det nationella ackrediteringsorganet i respektive land. Ackrediterad kalibrering enligt ISO\/IEC 17025 Swedac Ackrediteringscertifikat ackrediterad kalibrring - element metech"},{"@type":"BreadcrumbList","@id":"https:\/\/elementmetech.com\/fi\/tietoa-akkreditoinneista\/#breadcrumb","itemListElement":[{"@type":"ListItem","position":1,"name":"Home","item":"https:\/\/elementmetech.com\/fi\/"},{"@type":"ListItem","position":2,"name":"Akkreditoitu kalibrointi"}]},{"@type":"WebSite","@id":"https:\/\/elementmetech.com\/fi\/#website","url":"https:\/\/elementmetech.com\/fi\/","name":"Element Metech","description":"Delivering metrological confidence","publisher":{"@id":"https:\/\/elementmetech.com\/fi\/#organization"},"potentialAction":[{"@type":"SearchAction","target":{"@type":"EntryPoint","urlTemplate":"https:\/\/elementmetech.com\/fi\/?s={search_term_string}"},"query-input":{"@type":"PropertyValueSpecification","valueRequired":true,"valueName":"search_term_string"}}],"inLanguage":"fi"},{"@type":"Organization","@id":"https:\/\/elementmetech.com\/fi\/#organization","name":"Element Metech","url":"https:\/\/elementmetech.com\/fi\/","logo":{"@type":"ImageObject","inLanguage":"fi","@id":"https:\/\/elementmetech.com\/fi\/#\/schema\/logo\/image\/","url":"https:\/\/elementmetech.com\/wp-content\/uploads\/2021\/06\/Element-Metech-Logo-1.svg","contentUrl":"https:\/\/elementmetech.com\/wp-content\/uploads\/2021\/06\/Element-Metech-Logo-1.svg","width":"1024","height":"1024","caption":"Element Metech"},"image":{"@id":"https:\/\/elementmetech.com\/fi\/#\/schema\/logo\/image\/"},"sameAs":["https:\/\/www.linkedin.com\/company\/element-metech\/"]}]}},"_links":{"self":[{"href":"https:\/\/elementmetech.com\/fi\/wp-json\/wp\/v2\/pages\/1301","targetHints":{"allow":["GET"]}}],"collection":[{"href":"https:\/\/elementmetech.com\/fi\/wp-json\/wp\/v2\/pages"}],"about":[{"href":"https:\/\/elementmetech.com\/fi\/wp-json\/wp\/v2\/types\/page"}],"author":[{"embeddable":true,"href":"https:\/\/elementmetech.com\/fi\/wp-json\/wp\/v2\/users\/33"}],"replies":[{"embeddable":true,"href":"https:\/\/elementmetech.com\/fi\/wp-json\/wp\/v2\/comments?post=1301"}],"version-history":[{"count":0,"href":"https:\/\/elementmetech.com\/fi\/wp-json\/wp\/v2\/pages\/1301\/revisions"}],"wp:featuredmedia":[{"embeddable":true,"href":"https:\/\/elementmetech.com\/fi\/wp-json\/wp\/v2\/media\/3529"}],"wp:attachment":[{"href":"https:\/\/elementmetech.com\/fi\/wp-json\/wp\/v2\/media?parent=1301"}],"wp:term":[{"taxonomy":"post_tag","embeddable":true,"href":"https:\/\/elementmetech.com\/fi\/wp-json\/wp\/v2\/tags?post=1301"}],"curies":[{"name":"wp","href":"https:\/\/api.w.org\/{rel}","templated":true}]}}