{"id":830,"date":"2020-09-08T12:49:22","date_gmt":"2020-09-08T12:49:22","guid":{"rendered":"https:\/\/elementmetech.wpengine.com\/kunden-feedback\/"},"modified":"2026-01-27T10:02:36","modified_gmt":"2026-01-27T09:02:36","slug":"kunden-feedback","status":"publish","type":"page","link":"https:\/\/elementmetech.com\/de\/quality\/kunden-feedback\/","title":{"rendered":"Kunden-Feedback"},"content":{"rendered":"<p>[et_pb_section fb_built=&#8221;1&#8243; admin_label=&#8221;DE-2025-header-image-contact-us&#8221; _builder_version=&#8221;4.27.4&#8243; background_color=&#8221;#f7f9fb&#8221; background_image=&#8221;https:\/\/elementmetech.com\/wp-content\/uploads\/2025\/08\/dekor-cirkel-ljusbla-2.png&#8221; background_size=&#8221;contain&#8221; background_position=&#8221;top_left&#8221; background_enable_video_mp4=&#8221;off&#8221; custom_padding=&#8221;0px|0px|0px|0px|false|false&#8221; background_last_edited=&#8221;on|tablet&#8221; background_enable_image_tablet=&#8221;off&#8221; custom_css_free_form=&#8221;||&#8221; saved_tabs=&#8221;all&#8221; locked=&#8221;off&#8221; global_colors_info=&#8221;{}&#8221; global_module=&#8221;18053&#8243; theme_builder_area=&#8221;post_content&#8221;][et_pb_row column_structure=&#8221;1_2,1_2&#8243; make_equal=&#8221;on&#8221; admin_label=&#8221;row&#8221; _builder_version=&#8221;4.27.4&#8243; width=&#8221;100%&#8221; max_width=&#8221;100%&#8221; custom_padding=&#8221;0px|0px|0px|0px|true|true&#8221; custom_css_main_element=&#8221;width:100% !important;&#8221; global_colors_info=&#8221;{}&#8221; custom_css_main_element_last_edited=&#8221;off|desktop&#8221; custom_css_main_element_tablet=&#8221;flex-wrap: nowrap;&#8221; custom_css_main_element_phone=&#8221;flex-wrap: nowrap;&#8221; theme_builder_area=&#8221;post_content&#8221;][et_pb_column type=&#8221;1_2&#8243; _builder_version=&#8221;4.27.4&#8243; custom_padding=&#8221;50px||50px||false|false&#8221; global_colors_info=&#8221;{}&#8221; custom_padding__hover=&#8221;|||&#8221; theme_builder_area=&#8221;post_content&#8221;][et_pb_cta title=&#8221;@ET-DC@eyJkeW5hbWljIjp0cnVlLCJjb250ZW50IjoicG9zdF90aXRsZSIsInNldHRpbmdzIjp7ImJlZm9yZSI6IiIsImFmdGVyIjoiIn19@&#8221; button_url=&#8221;#&#8221; button_text=&#8221;Kontaktieren Sie uns&#8221; module_class=&#8221;preamble  et-lb-btn-1&#8243; _builder_version=&#8221;4.27.5&#8243; _dynamic_attributes=&#8221;title,content&#8221; _module_preset=&#8221;default&#8221; header_level=&#8221;h1&#8243; header_text_align=&#8221;left&#8221; background_enable_color=&#8221;off&#8221; text_orientation=&#8221;left&#8221; background_layout=&#8221;light&#8221; max_width=&#8221;670px&#8221; max_width_tablet=&#8221;100%&#8221; max_width_phone=&#8221;100%&#8221; max_width_last_edited=&#8221;on|tablet&#8221; module_alignment=&#8221;right&#8221; custom_margin=&#8221;20px||20px||false|false&#8221; custom_margin_tablet=&#8221;||50px||false|false&#8221; custom_margin_phone=&#8221;||50px||false|false&#8221; custom_margin_last_edited=&#8221;on|desktop&#8221; custom_padding=&#8221;0px||0px||false|false&#8221; border_width_left=&#8221;3px&#8221; border_color_left=&#8221;#4BA1D2&#8243; global_colors_info=&#8221;{}&#8221; theme_builder_area=&#8221;post_content&#8221;]@ET-DC@eyJkeW5hbWljIjp0cnVlLCJjb250ZW50IjoicG9zdF9leGNlcnB0Iiwic2V0dGluZ3MiOnsiYmVmb3JlIjoiIiwiYWZ0ZXIiOiIiLCJ3b3JkcyI6IiIsInJlYWRfbW9yZV9sYWJlbCI6IiJ9fQ==@[\/et_pb_cta][\/et_pb_column][et_pb_column type=&#8221;1_2&#8243; _builder_version=&#8221;4.27.4&#8243; _dynamic_attributes=&#8221;background_image&#8221; background_image=&#8221;@ET-DC@eyJkeW5hbWljIjp0cnVlLCJjb250ZW50IjoicG9zdF9mZWF0dXJlZF9pbWFnZSIsInNldHRpbmdzIjp7fX0=@&#8221; custom_padding=&#8221;|||&#8221; global_colors_info=&#8221;{}&#8221; custom_padding__hover=&#8221;|||&#8221; theme_builder_area=&#8221;post_content&#8221;][et_pb_image src=&#8221;@ET-DC@eyJkeW5hbWljIjp0cnVlLCJjb250ZW50IjoicG9zdF9mZWF0dXJlZF9pbWFnZSIsInNldHRpbmdzIjp7fX0=@&#8221; title_text=&#8221;elementmetech-akustik&#8221; force_fullwidth=&#8221;on&#8221; disabled_on=&#8221;off|off|on&#8221; _builder_version=&#8221;4.27.4&#8243; _dynamic_attributes=&#8221;src&#8221; _module_preset=&#8221;default&#8221; custom_css_free_form=&#8221;selector img {height: 100%!important;max-width:none;}&#8221; global_colors_info=&#8221;{}&#8221; theme_builder_area=&#8221;post_content&#8221;][\/et_pb_image][\/et_pb_column][\/et_pb_row][\/et_pb_section][et_pb_section fb_built=&#8221;1&#8243; admin_label=&#8221;section&#8221; _builder_version=&#8221;4.16&#8243; global_colors_info=&#8221;{}&#8221;][et_pb_row column_structure=&#8221;1_5,3_5,1_5&#8243; admin_label=&#8221;row&#8221; _builder_version=&#8221;4.16&#8243; background_size=&#8221;initial&#8221; background_position=&#8221;top_left&#8221; background_repeat=&#8221;repeat&#8221; global_colors_info=&#8221;{}&#8221;][et_pb_column type=&#8221;1_5&#8243; _builder_version=&#8221;4.16&#8243; custom_padding=&#8221;|||&#8221; global_colors_info=&#8221;{}&#8221; custom_padding__hover=&#8221;|||&#8221;][\/et_pb_column][et_pb_column type=&#8221;3_5&#8243; _builder_version=&#8221;4.16&#8243; custom_padding=&#8221;|||&#8221; global_colors_info=&#8221;{}&#8221; custom_padding__hover=&#8221;|||&#8221;][et_pb_text admin_label=&#8221;Text&#8221; _builder_version=&#8221;4.27.2&#8243; background_size=&#8221;initial&#8221; background_position=&#8221;top_left&#8221; background_repeat=&#8221;repeat&#8221; global_colors_info=&#8221;{}&#8221;]<\/p>\n<div class=\"super-lead\">\n<p>Sind Sie mit unseren Dienstleistungen zufrieden? Das Ziel von Element Metech ist es, der beste und vertrauensw\u00fcrdigste Kalibrierungspartner der Welt zu sein. Wir hoffen, dass Ihre Erfahrungen mit uns dieses widerspiegeln, und freuen uns \u00fcber Ihr Kunden-Feedback zu unseren Dienstleistungen.<\/p>\n<\/div>\n<h3>Kundenumfragen und direktes Kunden-Feedback<\/h3>\n<p>Element Metech f\u00fchrt regelm\u00e4\u00dfig kurze Kundenumfragen durch. Als Kunden k\u00f6nnen uns zudem jederzeit ein Feedback mit Kommentaren hinterlassen. Bitte w\u00e4hlen Sie daf\u00fcr im ersten Schritt, dass betreffende Labor aus.<\/p>\n<p class=\"readmore\"><a href=\"https:\/\/elementmaterials.eu.qualtrics.com\/jfe\/form\/SV_bvhZ5vEhC8xwBlr\" target=\"_blank\" rel=\"noopener\">Hier geht es zur Kundenumfrage<\/a><\/p>\n<h3>R\u00fcckmeldungen, Beschwerden und Reklamationen<\/h3>\n<p>\u00dcber folgende E-Mail-Adresse k\u00f6nnen Sie dem Metech Quality Team sowohl Lob und positive R\u00fcckmeldungen als auch Verbesserungsvorschl\u00e4ge und Reklamationen senden:<\/p>\n<p>quality.de [at] element.com<\/p>\n<p>Element Metech wertet alle R\u00fcckmeldungen aus und ergreift dann Ma\u00dfnahmen zur Verbesserung unserer Dienstleistungen und unseres Service. Wir\u00a0 best\u00e4tigen den Eingang einer Beschwerde und informieren den Beschwerdef\u00fchrer \u00fcber den Fortschritt bei der Behebung der Ursache. Zum Schluss teilen wir das Ergebnis mit.<\/p>\n<h3>Meldungen direkt im Metech Instrument Organizer (MIO\u2122)<\/h3>\n<p>Festgestellte Abweichungen, R\u00fcckmeldungen und Verbesserungsvorschl\u00e4ge k\u00f6nnen Kunden auch direkt in unserem Ger\u00e4te-Management-Tool MIO\u2122 melden.<\/p>\n<p>&nbsp;<\/p>\n<h3 class=\"readmore\">\u00a0<\/h3>\n<p>[\/et_pb_text][\/et_pb_column][et_pb_column type=&#8221;1_5&#8243; _builder_version=&#8221;4.16&#8243; custom_padding=&#8221;|||&#8221; global_colors_info=&#8221;{}&#8221; custom_padding__hover=&#8221;|||&#8221;][\/et_pb_column][\/et_pb_row][\/et_pb_section]<\/p>\n","protected":false},"excerpt":{"rendered":"<p>Sind Sie mit unseren Dienstleistungen zufrieden? Das Ziel von Element Metech ist es, der beste und vertrauensw\u00fcrdigste Kalibrierungspartner der Welt zu sein. Wir hoffen, dass Ihre Erfahrungen mit uns dieses widerspiegeln, und freuen uns \u00fcber Ihr Kunden-Feedback zu unseren Dienstleistungen. Kundenumfragen und direktes Kunden-Feedback Element Metech f\u00fchrt regelm\u00e4\u00dfig kurze Kundenumfragen durch. Als Kunden k\u00f6nnen uns [&hellip;]<\/p>\n","protected":false},"author":27,"featured_media":2183,"parent":15345,"menu_order":1,"comment_status":"closed","ping_status":"closed","template":"","meta":{"_acf_changed":false,"_et_pb_use_builder":"on","_et_pb_old_content":"<h6>UNTERST\u00dcTZEN SIE UNS, BESSER ZU WERDEN<\/h6> <h2>Ihre Meinung ist gefragt<\/h2> <p><\/p> <p>Wir haben uns zum Ziel gesetzt, zum weltweit vertrauensw\u00fcrdigsten Anbieter von Pr\u00fcfdienstleistungen zu werden. Wir hoffen, dass Ihre Erfahrungen damit \u00fcbereinstimmen und m\u00f6chten mehr \u00fcber Ihre Meinung als Kunde von Element wissen.<\/p> <p>Vielen Dank im Voraus f\u00fcr Ihre ehrliche Meinung. Wir freuen uns darauf, bald wieder mit Ihnen zusammenzuarbeiten.<\/p> <p class=\"readmore\"><a href=\"https:\/\/elementmaterials.eu.qualtrics.com\/jfe\/form\/SV_bvhZ5vEhC8xwBlr\" target=\"_blank\" rel=\"noopener\">Feedback abgeben<\/a><\/p>","_et_gb_content_width":"","footnotes":""},"tags":[327],"class_list":["post-830","page","type-page","status-publish","has-post-thumbnail","hentry","tag-behall"],"acf":[],"yoast_head":"<!-- This site is optimized with the Yoast SEO plugin v27.3 - https:\/\/yoast.com\/product\/yoast-seo-wordpress\/ -->\n<title>Kunden-Feedback - Element Metech<\/title>\n<meta name=\"description\" content=\"Sagen Sie uns Ihre Meinung. Wir werten jedes Kunden-Feedback und jede R\u00fcckmeldung aus, um Service und Dienstleistungen zu verbessern.\" \/>\n<meta name=\"robots\" content=\"index, follow, max-snippet:-1, max-image-preview:large, max-video-preview:-1\" \/>\n<link rel=\"canonical\" href=\"https:\/\/elementmetech.com\/de\/quality\/kunden-feedback\/\" \/>\n<meta property=\"og:locale\" content=\"de_DE\" \/>\n<meta property=\"og:type\" content=\"article\" \/>\n<meta property=\"og:title\" content=\"Kunden-Feedback - Element Metech\" \/>\n<meta property=\"og:description\" content=\"Sagen Sie uns Ihre Meinung. Wir werten jedes Kunden-Feedback und jede R\u00fcckmeldung aus, um Service und Dienstleistungen zu verbessern.\" \/>\n<meta property=\"og:url\" content=\"https:\/\/elementmetech.com\/de\/quality\/kunden-feedback\/\" \/>\n<meta property=\"og:site_name\" content=\"Element Metech\" \/>\n<meta property=\"article:modified_time\" content=\"2026-01-27T09:02:36+00:00\" \/>\n<meta property=\"og:image\" content=\"https:\/\/elementmetech.com\/wp-content\/uploads\/2021\/06\/Element-We-Make-Certain-1600x480-V3.jpg\" \/>\n\t<meta property=\"og:image:width\" content=\"1600\" \/>\n\t<meta property=\"og:image:height\" content=\"476\" \/>\n\t<meta property=\"og:image:type\" content=\"image\/jpeg\" \/>\n<meta name=\"twitter:card\" content=\"summary_large_image\" \/>\n<meta name=\"twitter:label1\" content=\"Gesch\u00e4tzte Lesezeit\" \/>\n\t<meta name=\"twitter:data1\" content=\"4 Minuten\" \/>\n<script type=\"application\/ld+json\" class=\"yoast-schema-graph\">{\"@context\":\"https:\\\/\\\/schema.org\",\"@graph\":[{\"@type\":\"WebPage\",\"@id\":\"https:\\\/\\\/elementmetech.com\\\/de\\\/quality\\\/kunden-feedback\\\/\",\"url\":\"https:\\\/\\\/elementmetech.com\\\/de\\\/quality\\\/kunden-feedback\\\/\",\"name\":\"Kunden-Feedback - Element Metech\",\"isPartOf\":{\"@id\":\"https:\\\/\\\/elementmetech.com\\\/de\\\/#website\"},\"primaryImageOfPage\":{\"@id\":\"https:\\\/\\\/elementmetech.com\\\/de\\\/quality\\\/kunden-feedback\\\/#primaryimage\"},\"image\":{\"@id\":\"https:\\\/\\\/elementmetech.com\\\/de\\\/quality\\\/kunden-feedback\\\/#primaryimage\"},\"thumbnailUrl\":\"https:\\\/\\\/elementmetech.com\\\/wp-content\\\/uploads\\\/2021\\\/06\\\/Element-We-Make-Certain-1600x480-V3.jpg\",\"datePublished\":\"2020-09-08T12:49:22+00:00\",\"dateModified\":\"2026-01-27T09:02:36+00:00\",\"description\":\"Sagen Sie uns Ihre Meinung. Wir werten jedes Kunden-Feedback und jede R\u00fcckmeldung aus, um Service und Dienstleistungen zu verbessern.\",\"breadcrumb\":{\"@id\":\"https:\\\/\\\/elementmetech.com\\\/de\\\/quality\\\/kunden-feedback\\\/#breadcrumb\"},\"inLanguage\":\"de-DE\",\"potentialAction\":[{\"@type\":\"ReadAction\",\"target\":[\"https:\\\/\\\/elementmetech.com\\\/de\\\/quality\\\/kunden-feedback\\\/\"]}]},{\"@type\":\"ImageObject\",\"inLanguage\":\"de-DE\",\"@id\":\"https:\\\/\\\/elementmetech.com\\\/de\\\/quality\\\/kunden-feedback\\\/#primaryimage\",\"url\":\"https:\\\/\\\/elementmetech.com\\\/wp-content\\\/uploads\\\/2021\\\/06\\\/Element-We-Make-Certain-1600x480-V3.jpg\",\"contentUrl\":\"https:\\\/\\\/elementmetech.com\\\/wp-content\\\/uploads\\\/2021\\\/06\\\/Element-We-Make-Certain-1600x480-V3.jpg\",\"width\":1600,\"height\":476},{\"@type\":\"BreadcrumbList\",\"@id\":\"https:\\\/\\\/elementmetech.com\\\/de\\\/quality\\\/kunden-feedback\\\/#breadcrumb\",\"itemListElement\":[{\"@type\":\"ListItem\",\"position\":1,\"name\":\"Home\",\"item\":\"https:\\\/\\\/elementmetech.com\\\/de\\\/\"},{\"@type\":\"ListItem\",\"position\":2,\"name\":\"Quality\",\"item\":\"https:\\\/\\\/elementmetech.com\\\/de\\\/quality\\\/\"},{\"@type\":\"ListItem\",\"position\":3,\"name\":\"Kunden-Feedback\"}]},{\"@type\":\"WebSite\",\"@id\":\"https:\\\/\\\/elementmetech.com\\\/de\\\/#website\",\"url\":\"https:\\\/\\\/elementmetech.com\\\/de\\\/\",\"name\":\"Element Metech\",\"description\":\"Delivering metrological confidence\",\"publisher\":{\"@id\":\"https:\\\/\\\/elementmetech.com\\\/de\\\/#organization\"},\"potentialAction\":[{\"@type\":\"SearchAction\",\"target\":{\"@type\":\"EntryPoint\",\"urlTemplate\":\"https:\\\/\\\/elementmetech.com\\\/de\\\/?s={search_term_string}\"},\"query-input\":{\"@type\":\"PropertyValueSpecification\",\"valueRequired\":true,\"valueName\":\"search_term_string\"}}],\"inLanguage\":\"de-DE\"},{\"@type\":\"Organization\",\"@id\":\"https:\\\/\\\/elementmetech.com\\\/de\\\/#organization\",\"name\":\"Element Metech\",\"url\":\"https:\\\/\\\/elementmetech.com\\\/de\\\/\",\"logo\":{\"@type\":\"ImageObject\",\"inLanguage\":\"de-DE\",\"@id\":\"https:\\\/\\\/elementmetech.com\\\/de\\\/#\\\/schema\\\/logo\\\/image\\\/\",\"url\":\"https:\\\/\\\/elementmetech.com\\\/wp-content\\\/uploads\\\/2021\\\/06\\\/Element-Metech-Logo-1.svg\",\"contentUrl\":\"https:\\\/\\\/elementmetech.com\\\/wp-content\\\/uploads\\\/2021\\\/06\\\/Element-Metech-Logo-1.svg\",\"width\":\"1024\",\"height\":\"1024\",\"caption\":\"Element Metech\"},\"image\":{\"@id\":\"https:\\\/\\\/elementmetech.com\\\/de\\\/#\\\/schema\\\/logo\\\/image\\\/\"},\"sameAs\":[\"https:\\\/\\\/www.linkedin.com\\\/company\\\/element-metech\\\/\"]}]}<\/script>\n<!-- \/ Yoast SEO plugin. -->","yoast_head_json":{"title":"Kunden-Feedback - Element Metech","description":"Sagen Sie uns Ihre Meinung. Wir werten jedes Kunden-Feedback und jede R\u00fcckmeldung aus, um Service und Dienstleistungen zu verbessern.","robots":{"index":"index","follow":"follow","max-snippet":"max-snippet:-1","max-image-preview":"max-image-preview:large","max-video-preview":"max-video-preview:-1"},"canonical":"https:\/\/elementmetech.com\/de\/quality\/kunden-feedback\/","og_locale":"de_DE","og_type":"article","og_title":"Kunden-Feedback - Element Metech","og_description":"Sagen Sie uns Ihre Meinung. Wir werten jedes Kunden-Feedback und jede R\u00fcckmeldung aus, um Service und Dienstleistungen zu verbessern.","og_url":"https:\/\/elementmetech.com\/de\/quality\/kunden-feedback\/","og_site_name":"Element Metech","article_modified_time":"2026-01-27T09:02:36+00:00","og_image":[{"width":1600,"height":476,"url":"https:\/\/elementmetech.com\/wp-content\/uploads\/2021\/06\/Element-We-Make-Certain-1600x480-V3.jpg","type":"image\/jpeg"}],"twitter_card":"summary_large_image","twitter_misc":{"Gesch\u00e4tzte Lesezeit":"4 Minuten"},"schema":{"@context":"https:\/\/schema.org","@graph":[{"@type":"WebPage","@id":"https:\/\/elementmetech.com\/de\/quality\/kunden-feedback\/","url":"https:\/\/elementmetech.com\/de\/quality\/kunden-feedback\/","name":"Kunden-Feedback - Element Metech","isPartOf":{"@id":"https:\/\/elementmetech.com\/de\/#website"},"primaryImageOfPage":{"@id":"https:\/\/elementmetech.com\/de\/quality\/kunden-feedback\/#primaryimage"},"image":{"@id":"https:\/\/elementmetech.com\/de\/quality\/kunden-feedback\/#primaryimage"},"thumbnailUrl":"https:\/\/elementmetech.com\/wp-content\/uploads\/2021\/06\/Element-We-Make-Certain-1600x480-V3.jpg","datePublished":"2020-09-08T12:49:22+00:00","dateModified":"2026-01-27T09:02:36+00:00","description":"Sagen Sie uns Ihre Meinung. Wir werten jedes Kunden-Feedback und jede R\u00fcckmeldung aus, um Service und Dienstleistungen zu verbessern.","breadcrumb":{"@id":"https:\/\/elementmetech.com\/de\/quality\/kunden-feedback\/#breadcrumb"},"inLanguage":"de-DE","potentialAction":[{"@type":"ReadAction","target":["https:\/\/elementmetech.com\/de\/quality\/kunden-feedback\/"]}]},{"@type":"ImageObject","inLanguage":"de-DE","@id":"https:\/\/elementmetech.com\/de\/quality\/kunden-feedback\/#primaryimage","url":"https:\/\/elementmetech.com\/wp-content\/uploads\/2021\/06\/Element-We-Make-Certain-1600x480-V3.jpg","contentUrl":"https:\/\/elementmetech.com\/wp-content\/uploads\/2021\/06\/Element-We-Make-Certain-1600x480-V3.jpg","width":1600,"height":476},{"@type":"BreadcrumbList","@id":"https:\/\/elementmetech.com\/de\/quality\/kunden-feedback\/#breadcrumb","itemListElement":[{"@type":"ListItem","position":1,"name":"Home","item":"https:\/\/elementmetech.com\/de\/"},{"@type":"ListItem","position":2,"name":"Quality","item":"https:\/\/elementmetech.com\/de\/quality\/"},{"@type":"ListItem","position":3,"name":"Kunden-Feedback"}]},{"@type":"WebSite","@id":"https:\/\/elementmetech.com\/de\/#website","url":"https:\/\/elementmetech.com\/de\/","name":"Element Metech","description":"Delivering metrological confidence","publisher":{"@id":"https:\/\/elementmetech.com\/de\/#organization"},"potentialAction":[{"@type":"SearchAction","target":{"@type":"EntryPoint","urlTemplate":"https:\/\/elementmetech.com\/de\/?s={search_term_string}"},"query-input":{"@type":"PropertyValueSpecification","valueRequired":true,"valueName":"search_term_string"}}],"inLanguage":"de-DE"},{"@type":"Organization","@id":"https:\/\/elementmetech.com\/de\/#organization","name":"Element Metech","url":"https:\/\/elementmetech.com\/de\/","logo":{"@type":"ImageObject","inLanguage":"de-DE","@id":"https:\/\/elementmetech.com\/de\/#\/schema\/logo\/image\/","url":"https:\/\/elementmetech.com\/wp-content\/uploads\/2021\/06\/Element-Metech-Logo-1.svg","contentUrl":"https:\/\/elementmetech.com\/wp-content\/uploads\/2021\/06\/Element-Metech-Logo-1.svg","width":"1024","height":"1024","caption":"Element Metech"},"image":{"@id":"https:\/\/elementmetech.com\/de\/#\/schema\/logo\/image\/"},"sameAs":["https:\/\/www.linkedin.com\/company\/element-metech\/"]}]}},"_links":{"self":[{"href":"https:\/\/elementmetech.com\/de\/wp-json\/wp\/v2\/pages\/830","targetHints":{"allow":["GET"]}}],"collection":[{"href":"https:\/\/elementmetech.com\/de\/wp-json\/wp\/v2\/pages"}],"about":[{"href":"https:\/\/elementmetech.com\/de\/wp-json\/wp\/v2\/types\/page"}],"author":[{"embeddable":true,"href":"https:\/\/elementmetech.com\/de\/wp-json\/wp\/v2\/users\/27"}],"replies":[{"embeddable":true,"href":"https:\/\/elementmetech.com\/de\/wp-json\/wp\/v2\/comments?post=830"}],"version-history":[{"count":0,"href":"https:\/\/elementmetech.com\/de\/wp-json\/wp\/v2\/pages\/830\/revisions"}],"up":[{"embeddable":true,"href":"https:\/\/elementmetech.com\/de\/wp-json\/wp\/v2\/pages\/15345"}],"wp:featuredmedia":[{"embeddable":true,"href":"https:\/\/elementmetech.com\/de\/wp-json\/wp\/v2\/media\/2183"}],"wp:attachment":[{"href":"https:\/\/elementmetech.com\/de\/wp-json\/wp\/v2\/media?parent=830"}],"wp:term":[{"taxonomy":"post_tag","embeddable":true,"href":"https:\/\/elementmetech.com\/de\/wp-json\/wp\/v2\/tags?post=830"}],"curies":[{"name":"wp","href":"https:\/\/api.w.org\/{rel}","templated":true}]}}