{"id":823,"date":"2020-04-23T14:54:31","date_gmt":"2020-04-23T14:54:31","guid":{"rendered":"https:\/\/elementmetech.wpengine.com\/unsere-standorte\/"},"modified":"2026-01-27T10:40:04","modified_gmt":"2026-01-27T09:40:04","slug":"unsere-standorte","status":"publish","type":"page","link":"https:\/\/elementmetech.com\/de\/about\/unsere-standorte\/","title":{"rendered":"Unsere Kalibrierlabore in Deutschland"},"content":{"rendered":"<p>[et_pb_section fb_built=&#8221;1&#8243; disabled_on=&#8221;off|off|off&#8221; admin_label=&#8221;section&#8221; _builder_version=&#8221;4.27.5&#8243; background_color=&#8221;#f7f9fb&#8221; background_image=&#8221;https:\/\/elementmetech.com\/wp-content\/uploads\/2025\/08\/dekor-cirkel-ljusbla-2.png&#8221; background_size=&#8221;contain&#8221; background_position=&#8221;top_left&#8221; background_enable_video_mp4=&#8221;off&#8221; custom_padding=&#8221;0px|0px|0px|0px|false|false&#8221; background_last_edited=&#8221;on|tablet&#8221; background_enable_image_tablet=&#8221;off&#8221; locked=&#8221;off&#8221; global_colors_info=&#8221;{}&#8221;][et_pb_row column_structure=&#8221;1_2,1_2&#8243; admin_label=&#8221;row&#8221; _builder_version=&#8221;4.27.4&#8243; width=&#8221;100%&#8221; max_width=&#8221;100%&#8221; custom_padding=&#8221;0px|0px|0px|0px|true|true&#8221; custom_css_main_element=&#8221;width:100%!important;display:flex;align-items:center;&#8221; global_colors_info=&#8221;{}&#8221; custom_css_main_element_last_edited=&#8221;on|tablet&#8221; custom_css_main_element_tablet=&#8221;flex-wrap: nowrap;&#8221; custom_css_main_element_phone=&#8221;flex-wrap: nowrap;&#8221;][et_pb_column type=&#8221;1_2&#8243; _builder_version=&#8221;4.16&#8243; custom_padding=&#8221;|||&#8221; global_colors_info=&#8221;{}&#8221; custom_padding__hover=&#8221;|||&#8221;][et_pb_cta title=&#8221;@ET-DC@eyJkeW5hbWljIjp0cnVlLCJjb250ZW50IjoicG9zdF90aXRsZSIsInNldHRpbmdzIjp7ImJlZm9yZSI6IiIsImFmdGVyIjoiIn19@&#8221; button_url=&#8221;#lab&#8221; button_text=&#8221;Unser Angebot&#8221; module_class=&#8221;preamble&#8221; _builder_version=&#8221;4.27.5&#8243; _dynamic_attributes=&#8221;title,content&#8221; _module_preset=&#8221;default&#8221; header_level=&#8221;h1&#8243; header_text_align=&#8221;left&#8221; background_enable_color=&#8221;off&#8221; text_orientation=&#8221;left&#8221; background_layout=&#8221;light&#8221; max_width=&#8221;640px&#8221; max_width_tablet=&#8221;100%&#8221; max_width_phone=&#8221;100%&#8221; max_width_last_edited=&#8221;on|tablet&#8221; module_alignment=&#8221;right&#8221; custom_margin=&#8221;20px||20px||false|false&#8221; custom_margin_tablet=&#8221;||50px||false|false&#8221; custom_margin_phone=&#8221;||50px||false|false&#8221; custom_margin_last_edited=&#8221;on|desktop&#8221; custom_padding=&#8221;0px||0px||false|false&#8221; border_width_left=&#8221;3px&#8221; border_color_left=&#8221;#4BA1D2&#8243; global_colors_info=&#8221;{}&#8221;]@ET-DC@eyJkeW5hbWljIjp0cnVlLCJjb250ZW50IjoicG9zdF9leGNlcnB0Iiwic2V0dGluZ3MiOnsiYmVmb3JlIjoiIiwiYWZ0ZXIiOiIiLCJ3b3JkcyI6IiIsInJlYWRfbW9yZV9sYWJlbCI6IiJ9fQ==@[\/et_pb_cta][\/et_pb_column][et_pb_column type=&#8221;1_2&#8243; _builder_version=&#8221;4.16&#8243; custom_padding=&#8221;|||&#8221; global_colors_info=&#8221;{}&#8221; custom_padding__hover=&#8221;|||&#8221;][et_pb_video src=&#8221;https:\/\/youtu.be\/96SOBwoRASo?si=USK4GQ6YQmTVu_BD&#8221; image_src=&#8221;\/\/i.ytimg.com\/vi\/96SOBwoRASo\/hqdefault.jpg&#8221; play_icon_color=&#8221;#4BA1D2&#8243; font_icon=&#8221;&#xe0a3;||divi||400&#8243; _builder_version=&#8221;4.27.5&#8243; _module_preset=&#8221;default&#8221; width=&#8221;100%&#8221; global_colors_info=&#8221;{}&#8221;][\/et_pb_video][\/et_pb_column][\/et_pb_row][\/et_pb_section][et_pb_section fb_built=&#8221;1&#8243; admin_label=&#8221;section&#8221; _builder_version=&#8221;4.16&#8243; global_colors_info=&#8221;{}&#8221;][et_pb_row column_structure=&#8221;1_4,1_2,1_4&#8243; admin_label=&#8221;row&#8221; module_id=&#8221;lab&#8221; _builder_version=&#8221;4.27.5&#8243; background_size=&#8221;initial&#8221; background_position=&#8221;top_left&#8221; background_repeat=&#8221;repeat&#8221; custom_padding=&#8221;0px|||||&#8221; global_colors_info=&#8221;{}&#8221;][et_pb_column type=&#8221;1_4&#8243; _builder_version=&#8221;4.16&#8243; custom_padding=&#8221;|||&#8221; global_colors_info=&#8221;{}&#8221; custom_padding__hover=&#8221;|||&#8221;][\/et_pb_column][et_pb_column type=&#8221;1_2&#8243; _builder_version=&#8221;4.16&#8243; custom_padding=&#8221;|||&#8221; global_colors_info=&#8221;{}&#8221; custom_padding__hover=&#8221;|||&#8221;][et_pb_text admin_label=&#8221;Text&#8221; module_id=&#8221;offer&#8221; module_class=&#8221;offer&#8221; _builder_version=&#8221;4.27.5&#8243; background_size=&#8221;initial&#8221; background_position=&#8221;top_left&#8221; background_repeat=&#8221;repeat&#8221; global_colors_info=&#8221;{}&#8221;]<\/p>\n<p>Element Metech verf\u00fcgt \u00fcber vier Kalibrierlabore an in Deutschland. Sie befinden sich in Hamburg-Norderstedt, Berlin-Hennigsdort, Bremen und in Wiesloch. Die hervorragend ausgebildeten Fachleute in unseren Kalibrierlaboren haben umfangreiche Erfahrung in allen Verfahren von Kalibrierungen und freuen sich auf Ihre Kontaktaufnahme. Schildern Sie uns Ihre Aufgabenstellung oder Ihr Problem, und wir finden eine L\u00f6sung f\u00fcr Sie.<\/p>\n<h2>Anfragen an unsere Kalibrierlabore<\/h2>\n<p>Wenn Sie eine Beratung oder ein Angebot w\u00fcnschen und Kontakt zu einem Element Metech Kalibrierlabor aufnehmen m\u00f6chten, nutzen Sie unser <a href=\"https:\/\/elementmetech.com\/de\/kontakt\/\">Kontaktformular, um unser Team anzusprechen<\/a>. Wir werden Sie schnellstm\u00f6glich kontaktieren.<\/p>\n<h2>Element Metech Kalibrierlabore im \u00dcberblick<\/h2>\n<p>Nachfolgend finden Sie die Kontaktadressen aller unserer Standorte in Deutschland.<\/p>\n<h3>Verwaltung &#8211; Element Metech GmbH<\/h3>\n<p>Telefon: +49(0)40 52 95 61 0<\/p>\n<h3>Kalibrierlabor &#8211; Element Metech Hamburg-Norderstedt<\/h3>\n<p>Element Metech GmbH<br \/>Hans-B\u00f6ckler-Ring 9<br \/>22851 Norderstedt<\/p>\n<p>Laborleiter: Thomas Waschinski, Telefon: +49 (0)40 646 60 990<\/p>\n<h3>Kalibrierlabor &#8211; Element Metech Berlin-Hennigsdorf<\/h3>\n<p>Element Metech GmbH<br \/>Am Rathenaupark<br \/>16761 Hennigsdorf<\/p>\n<p>Laborleiterin: Nadine Kleinert, Telefon: +49 (0)3302 866 9512<\/p>\n<h3>Kalibrierlabor &#8211; Element Metech Bremen<\/h3>\n<p>Element Metech GmbH<br \/>c\/o Atlas Elektronik GmbH<br \/>Sebaldsbruecker Heerstrasse 235<br \/>28309 Bremen<\/p>\n<p>Laborleiter: J\u00f6rg Biermann, Telefon: +49 (0)421 457 38 54<\/p>\n<h3>Kalibrierlabor &#8211; Element Metech KDK Wiesloch<\/h3>\n<p>Element Metech KDK GmbH<br \/>In den Ziegelwiesen 25<br \/>69168 Wiesloch<\/p>\n<p>Laborleiter: Florian K\u00fcmmel, Telefon: +49 (0)6222 30 53 8-0<\/p>\n<p>[\/et_pb_text][\/et_pb_column][et_pb_column type=&#8221;1_4&#8243; _builder_version=&#8221;4.16&#8243; custom_padding=&#8221;|||&#8221; global_colors_info=&#8221;{}&#8221; custom_padding__hover=&#8221;|||&#8221;][\/et_pb_column][\/et_pb_row][\/et_pb_section][et_pb_section fb_built=&#8221;1&#8243; admin_label=&#8221;DE-Lab-headline- 2025-section&#8221; _builder_version=&#8221;4.27.4&#8243; _module_preset=&#8221;default&#8221; saved_tabs=&#8221;all&#8221; global_colors_info=&#8221;{}&#8221; global_module=&#8221;18776&#8243; theme_builder_area=&#8221;post_content&#8221;][et_pb_row column_structure=&#8221;1_5,3_5,1_5&#8243; disabled_on=&#8221;off|off|off&#8221; _builder_version=&#8221;4.27.4&#8243; _module_preset=&#8221;default&#8221; width=&#8221;100%&#8221; locked=&#8221;off&#8221; global_colors_info=&#8221;{}&#8221; theme_builder_area=&#8221;post_content&#8221;][et_pb_column type=&#8221;1_5&#8243; _builder_version=&#8221;4.18.0&#8243; _module_preset=&#8221;default&#8221; global_colors_info=&#8221;{}&#8221; theme_builder_area=&#8221;post_content&#8221;][\/et_pb_column][et_pb_column type=&#8221;3_5&#8243; _builder_version=&#8221;4.18.0&#8243; _module_preset=&#8221;default&#8221; global_colors_info=&#8221;{}&#8221; theme_builder_area=&#8221;post_content&#8221;][et_pb_text module_id=&#8221;lab&#8221; _builder_version=&#8221;4.27.5&#8243; _module_preset=&#8221;default&#8221; text_orientation=&#8221;center&#8221; locked=&#8221;off&#8221; global_colors_info=&#8221;{}&#8221; theme_builder_area=&#8221;post_content&#8221;]<\/p>\n<h2>Unser Labor in Deutschland<\/h2>\n<p>Wir sind f\u00fcr Sie da. Unsere Kalibrierlabore befinden sich in Berlin-Hennigsdorf, Bremen, Hamburg-Norderstedt und Wiesloch. Dar\u00fcber hinaus f\u00fchren wir eine Vielzahl kundenspezifischer Vor-Ort-Eins\u00e4tze durch, einschlie\u00dflich unseres mobilen akkreditierten Kalibrierlabors. F\u00fcr viele Kunden k\u00f6nnen wir zudem L\u00f6sungen f\u00fcr die Abholung und R\u00fccklieferung von Messger\u00e4ten organisieren.<\/p>\n<p>[\/et_pb_text][et_pb_button button_url=&#8221;#&#8221; button_text=&#8221;Kontaktieren Sie uns&#8221; button_alignment=&#8221;center&#8221; module_class=&#8221;et-lb-btn-1&#8243; _builder_version=&#8221;4.27.5&#8243; _module_preset=&#8221;default&#8221; global_colors_info=&#8221;{}&#8221; theme_builder_area=&#8221;post_content&#8221;][\/et_pb_button][\/et_pb_column][et_pb_column type=&#8221;1_5&#8243; _builder_version=&#8221;4.18.0&#8243; _module_preset=&#8221;default&#8221; global_colors_info=&#8221;{}&#8221; theme_builder_area=&#8221;post_content&#8221;][\/et_pb_column][\/et_pb_row][\/et_pb_section][et_pb_section fb_built=&#8221;1&#8243; fullwidth=&#8221;on&#8221; admin_label=&#8221;Labb &#8211; karta 2025&#8243; _builder_version=&#8221;4.27.4&#8243; _module_preset=&#8221;default&#8221; saved_tabs=&#8221;all&#8221; locked=&#8221;off&#8221; global_colors_info=&#8221;{}&#8221;][et_pb_fullwidth_code _builder_version=&#8221;4.27.4&#8243; _module_preset=&#8221;default&#8221; global_colors_info=&#8221;{}&#8221;]<style>\r\n\t#wpsl-stores .wpsl-store-thumb {height:45px !important; width:45px !important;}\r\n\t#wpsl-stores, #wpsl-direction-details, #wpsl-gmap {height:550px !important;}\r\n\t#wpsl-gmap .wpsl-info-window {max-width:310px !important;}\r\n\t.wpsl-input label, #wpsl-radius label, #wpsl-category label {width:95px;}\r\n\t#wpsl-search-input ,#wpsl-category .wpsl-dropdown {width:179px;}\r\n<\/style>\r\n<div id=\"wpsl-wrap\">\r\n\t<div class=\"wpsl-search wpsl-clearfix wpsl-filter\">\r\n\t\t<div id=\"wpsl-search-wrap\">\r\n\t\t\t<form autocomplete=\"off\">\r\n\t\t\t<div class=\"wpsl-input\">\r\n\t\t\t\t<div><label for=\"wpsl-search-input\">Ihr Standort<\/label><\/div>\r\n\t\t\t\t<input id=\"wpsl-search-input\" type=\"text\" value=\"\" name=\"wpsl-search-input\" placeholder=\"\" aria-required=\"true\" \/>\r\n\t\t\t<\/div>\r\n\t\t\t<div class=\"wpsl-select-wrap\">\r\n\t\t\t\t<div id=\"wpsl-radius\">\r\n\t\t\t\t\t<label for=\"wpsl-radius-dropdown\">Suchradius<\/label>\r\n\t\t\t\t\t<select id=\"wpsl-radius-dropdown\" class=\"wpsl-dropdown\" name=\"wpsl-radius\">\r\n\t\t\t\t\t\t<option value=\"10\">10 km<\/option><option value=\"25\">25 km<\/option><option selected=\"selected\" value=\"50\">50 km<\/option><option value=\"100\">100 km<\/option><option value=\"200\">200 km<\/option><option value=\"500\">500 km<\/option>\r\n\t\t\t\t\t<\/select>\r\n\t\t\t\t<\/div>\r\n\t\t\t\t<div id=\"wpsl-results\">\r\n\t\t\t\t\t<label for=\"wpsl-results-dropdown\">Ergebnisse<\/label>\r\n\t\t\t\t\t<select id=\"wpsl-results-dropdown\" class=\"wpsl-dropdown\" name=\"wpsl-results\">\r\n\t\t\t\t\t\t<option selected=\"selected\" value=\"25\">25<\/option><option value=\"50\">50<\/option><option value=\"75\">75<\/option><option value=\"100\">100<\/option>\r\n\t\t\t\t\t<\/select>\r\n\t\t\t\t<\/div>\r\n\t\t\t<\/div>\r\n<div id=\"wpsl-category\">\r\n<label for=\"wpsl-category-list\">Kategorie<\/label>\r\n<select  name='wpsl-category' id='wpsl-category-list' class='wpsl-dropdown'>\n\t<option value='0'>Alle<\/option>\n\t<option class=\"level-0\" value=\"293\">Denmark<\/option>\n\t<option class=\"level-0\" value=\"294\">Finland<\/option>\n\t<option class=\"level-0\" value=\"295\">Germany<\/option>\n\t<option class=\"level-0\" value=\"292\">Sweden<\/option>\n<\/select>\n<\/div>\r\n\t\t\t\t<div class=\"wpsl-search-btn-wrap\"><input id=\"wpsl-search-btn\" type=\"submit\" value=\"Suche\"><\/div>\r\n\t\t<\/form>\r\n\t\t<\/div>\r\n\t<\/div>\r\n\t<div id=\"wpsl-gmap\" class=\"wpsl-gmap-canvas\"><\/div>\r\n\t<div id=\"wpsl-result-list\">\r\n\t\t<div id=\"wpsl-stores\" >\r\n\t\t\t<ul><\/ul>\r\n\t\t<\/div>\r\n\t\t<div id=\"wpsl-direction-details\">\r\n\t\t\t<ul><\/ul>\r\n\t\t<\/div>\r\n\t<\/div>\r\n<\/div>\r\n[\/et_pb_fullwidth_code][\/et_pb_section]<\/p>\n","protected":false},"excerpt":{"rendered":"<p>Element Metech verf\u00fcgt \u00fcber vier Kalibrierlabore an in Deutschland. Sie befinden sich in Hamburg-Norderstedt, Berlin-Hennigsdort, Bremen und in Wiesloch. Die hervorragend ausgebildeten Fachleute in unseren Kalibrierlaboren haben umfangreiche Erfahrung in allen Verfahren von Kalibrierungen und freuen sich auf Ihre Kontaktaufnahme. Schildern Sie uns Ihre Aufgabenstellung oder Ihr Problem, und wir finden eine L\u00f6sung f\u00fcr Sie. [&hellip;]<\/p>\n","protected":false},"author":27,"featured_media":4645,"parent":15368,"menu_order":0,"comment_status":"closed","ping_status":"closed","template":"","meta":{"_acf_changed":false,"_et_pb_use_builder":"on","_et_pb_old_content":"<h3>Kalibrierungsanfragen<\/h3> <p><a href=\"index.php?option=com_content&view=article&id=815&Itemid=358&lang=de\">Wenden Sie sich an unser Team<\/a> und wir werden Sie schnellstm\u00f6glich kontaktieren.<\/p> <h3>Verwaltung - Element Metech GmbH<\/h3> <p>Telefon: +49(0) 40 52 95 61 0<\/p> <h3>Hamburg-Norderstedt<\/h3> <p>Element Metech GmbH<br \/>Hans-B\u00f6ckler-Ring 9<br \/>22851 Norderstedt<\/p> <p>Laborleiter: Thomas Waschinski,\u00a0Telefon: +49 (0) 40 646 60 990<\/p> <h3>Berlin-Hennigsdorf<\/h3> <p>Element Metech GmbH<br \/>Am Rathenaupark<br \/>16761 Hennigsdorf<\/p> <p>Laborleiterin:\u00a0Nadine Kleinert,\u00a0Telefon: +49 (0) 3302 89 44 28<\/p> <h3>Bremen<\/h3> <p>Element Metech GmbH<br \/>c\/o Atlas Elektronik GmbH<br \/>Sebaldsbruecker Heerstrasse 235<br \/>28309 Bremen<\/p> <p>Laborleiter: J\u00f6rg Biermann,\u00a0Telefon: +49 (0) 421 457 38 54<\/p> <h3>Herne<\/h3> <p><a href=\"index.php?option=com_content&view=article&id=807;element-metech-eroeffnet-kalibrierlabor-in-herne-nrw&catid=43;neues&lang=de-DE\">Das Labor in Ratingen ist nach Herne umgezogen<\/a><\/p> <p>Element Metech GmbH<br \/>S\u00fcdstra\u00dfe 59<br \/>44625 Herne<\/p> <p>Laborleiterin:\u00a0Carmen Specowius,\u00a0Telefon: +49 (0) 2325 90 79 110<\/p> <p>\u00a0<\/p>","_et_gb_content_width":"","footnotes":""},"tags":[327],"class_list":["post-823","page","type-page","status-publish","has-post-thumbnail","hentry","tag-behall"],"acf":[],"yoast_head":"<!-- This site is optimized with the Yoast SEO plugin v27.3 - https:\/\/yoast.com\/product\/yoast-seo-wordpress\/ -->\n<title>Kalibrierlabore an 4 Standorten in Deutschland | Element Metech<\/title>\n<meta name=\"description\" content=\"Kalibrierlabore von Element Metech in Deutschland: \u2714Hamburg-Norderstedt \u2714Berlin-Hennigsdorf \u2714Bremen \u2714Wiesloch \u25b6 Kontaktieren Sie uns\" \/>\n<meta name=\"robots\" content=\"index, follow, max-snippet:-1, max-image-preview:large, max-video-preview:-1\" \/>\n<link rel=\"canonical\" href=\"https:\/\/elementmetech.com\/de\/about\/unsere-standorte\/\" \/>\n<meta property=\"og:locale\" content=\"de_DE\" \/>\n<meta property=\"og:type\" content=\"article\" \/>\n<meta property=\"og:title\" content=\"Kalibrierlabore an 4 Standorten in Deutschland | Element Metech\" \/>\n<meta property=\"og:description\" content=\"Kalibrierlabore von Element Metech in Deutschland: \u2714Hamburg-Norderstedt \u2714Berlin-Hennigsdorf \u2714Bremen \u2714Wiesloch \u25b6 Kontaktieren Sie uns\" \/>\n<meta property=\"og:url\" content=\"https:\/\/elementmetech.com\/de\/about\/unsere-standorte\/\" \/>\n<meta property=\"og:site_name\" content=\"Element Metech\" \/>\n<meta property=\"article:modified_time\" content=\"2026-01-27T09:40:04+00:00\" \/>\n<meta property=\"og:image\" content=\"https:\/\/elementmetech.com\/wp-content\/uploads\/2021\/09\/Element-Locations-1-1600x480-1.jpg\" \/>\n\t<meta property=\"og:image:width\" content=\"1600\" \/>\n\t<meta property=\"og:image:height\" content=\"480\" \/>\n\t<meta property=\"og:image:type\" content=\"image\/jpeg\" \/>\n<meta name=\"twitter:card\" content=\"summary_large_image\" \/>\n<meta name=\"twitter:label1\" content=\"Gesch\u00e4tzte Lesezeit\" \/>\n\t<meta name=\"twitter:data1\" content=\"5 Minuten\" \/>\n<script type=\"application\/ld+json\" class=\"yoast-schema-graph\">{\"@context\":\"https:\\\/\\\/schema.org\",\"@graph\":[{\"@type\":\"WebPage\",\"@id\":\"https:\\\/\\\/elementmetech.com\\\/de\\\/about\\\/unsere-standorte\\\/\",\"url\":\"https:\\\/\\\/elementmetech.com\\\/de\\\/about\\\/unsere-standorte\\\/\",\"name\":\"Kalibrierlabore an 4 Standorten in Deutschland | Element Metech\",\"isPartOf\":{\"@id\":\"https:\\\/\\\/elementmetech.com\\\/de\\\/#website\"},\"primaryImageOfPage\":{\"@id\":\"https:\\\/\\\/elementmetech.com\\\/de\\\/about\\\/unsere-standorte\\\/#primaryimage\"},\"image\":{\"@id\":\"https:\\\/\\\/elementmetech.com\\\/de\\\/about\\\/unsere-standorte\\\/#primaryimage\"},\"thumbnailUrl\":\"https:\\\/\\\/elementmetech.com\\\/wp-content\\\/uploads\\\/2021\\\/09\\\/Element-Locations-1-1600x480-1.jpg\",\"datePublished\":\"2020-04-23T14:54:31+00:00\",\"dateModified\":\"2026-01-27T09:40:04+00:00\",\"description\":\"Kalibrierlabore von Element Metech in Deutschland: \u2714Hamburg-Norderstedt \u2714Berlin-Hennigsdorf \u2714Bremen \u2714Wiesloch \u25b6 Kontaktieren Sie uns\",\"breadcrumb\":{\"@id\":\"https:\\\/\\\/elementmetech.com\\\/de\\\/about\\\/unsere-standorte\\\/#breadcrumb\"},\"inLanguage\":\"de-DE\",\"potentialAction\":[{\"@type\":\"ReadAction\",\"target\":[\"https:\\\/\\\/elementmetech.com\\\/de\\\/about\\\/unsere-standorte\\\/\"]}]},{\"@type\":\"ImageObject\",\"inLanguage\":\"de-DE\",\"@id\":\"https:\\\/\\\/elementmetech.com\\\/de\\\/about\\\/unsere-standorte\\\/#primaryimage\",\"url\":\"https:\\\/\\\/elementmetech.com\\\/wp-content\\\/uploads\\\/2021\\\/09\\\/Element-Locations-1-1600x480-1.jpg\",\"contentUrl\":\"https:\\\/\\\/elementmetech.com\\\/wp-content\\\/uploads\\\/2021\\\/09\\\/Element-Locations-1-1600x480-1.jpg\",\"width\":1600,\"height\":480,\"caption\":\"Marktf\u00fchrendes Kalibrierlabor\"},{\"@type\":\"BreadcrumbList\",\"@id\":\"https:\\\/\\\/elementmetech.com\\\/de\\\/about\\\/unsere-standorte\\\/#breadcrumb\",\"itemListElement\":[{\"@type\":\"ListItem\",\"position\":1,\"name\":\"Home\",\"item\":\"https:\\\/\\\/elementmetech.com\\\/de\\\/\"},{\"@type\":\"ListItem\",\"position\":2,\"name\":\"About Element\",\"item\":\"https:\\\/\\\/elementmetech.com\\\/de\\\/about\\\/\"},{\"@type\":\"ListItem\",\"position\":3,\"name\":\"Unsere Kalibrierlabore in Deutschland\"}]},{\"@type\":\"WebSite\",\"@id\":\"https:\\\/\\\/elementmetech.com\\\/de\\\/#website\",\"url\":\"https:\\\/\\\/elementmetech.com\\\/de\\\/\",\"name\":\"Element Metech\",\"description\":\"Delivering metrological confidence\",\"publisher\":{\"@id\":\"https:\\\/\\\/elementmetech.com\\\/de\\\/#organization\"},\"potentialAction\":[{\"@type\":\"SearchAction\",\"target\":{\"@type\":\"EntryPoint\",\"urlTemplate\":\"https:\\\/\\\/elementmetech.com\\\/de\\\/?s={search_term_string}\"},\"query-input\":{\"@type\":\"PropertyValueSpecification\",\"valueRequired\":true,\"valueName\":\"search_term_string\"}}],\"inLanguage\":\"de-DE\"},{\"@type\":\"Organization\",\"@id\":\"https:\\\/\\\/elementmetech.com\\\/de\\\/#organization\",\"name\":\"Element Metech\",\"url\":\"https:\\\/\\\/elementmetech.com\\\/de\\\/\",\"logo\":{\"@type\":\"ImageObject\",\"inLanguage\":\"de-DE\",\"@id\":\"https:\\\/\\\/elementmetech.com\\\/de\\\/#\\\/schema\\\/logo\\\/image\\\/\",\"url\":\"https:\\\/\\\/elementmetech.com\\\/wp-content\\\/uploads\\\/2021\\\/06\\\/Element-Metech-Logo-1.svg\",\"contentUrl\":\"https:\\\/\\\/elementmetech.com\\\/wp-content\\\/uploads\\\/2021\\\/06\\\/Element-Metech-Logo-1.svg\",\"width\":\"1024\",\"height\":\"1024\",\"caption\":\"Element Metech\"},\"image\":{\"@id\":\"https:\\\/\\\/elementmetech.com\\\/de\\\/#\\\/schema\\\/logo\\\/image\\\/\"},\"sameAs\":[\"https:\\\/\\\/www.linkedin.com\\\/company\\\/element-metech\\\/\"]}]}<\/script>\n<!-- \/ Yoast SEO plugin. -->","yoast_head_json":{"title":"Kalibrierlabore an 4 Standorten in Deutschland | Element Metech","description":"Kalibrierlabore von Element Metech in Deutschland: \u2714Hamburg-Norderstedt \u2714Berlin-Hennigsdorf \u2714Bremen \u2714Wiesloch \u25b6 Kontaktieren Sie uns","robots":{"index":"index","follow":"follow","max-snippet":"max-snippet:-1","max-image-preview":"max-image-preview:large","max-video-preview":"max-video-preview:-1"},"canonical":"https:\/\/elementmetech.com\/de\/about\/unsere-standorte\/","og_locale":"de_DE","og_type":"article","og_title":"Kalibrierlabore an 4 Standorten in Deutschland | Element Metech","og_description":"Kalibrierlabore von Element Metech in Deutschland: \u2714Hamburg-Norderstedt \u2714Berlin-Hennigsdorf \u2714Bremen \u2714Wiesloch \u25b6 Kontaktieren Sie uns","og_url":"https:\/\/elementmetech.com\/de\/about\/unsere-standorte\/","og_site_name":"Element Metech","article_modified_time":"2026-01-27T09:40:04+00:00","og_image":[{"width":1600,"height":480,"url":"https:\/\/elementmetech.com\/wp-content\/uploads\/2021\/09\/Element-Locations-1-1600x480-1.jpg","type":"image\/jpeg"}],"twitter_card":"summary_large_image","twitter_misc":{"Gesch\u00e4tzte Lesezeit":"5 Minuten"},"schema":{"@context":"https:\/\/schema.org","@graph":[{"@type":"WebPage","@id":"https:\/\/elementmetech.com\/de\/about\/unsere-standorte\/","url":"https:\/\/elementmetech.com\/de\/about\/unsere-standorte\/","name":"Kalibrierlabore an 4 Standorten in Deutschland | Element Metech","isPartOf":{"@id":"https:\/\/elementmetech.com\/de\/#website"},"primaryImageOfPage":{"@id":"https:\/\/elementmetech.com\/de\/about\/unsere-standorte\/#primaryimage"},"image":{"@id":"https:\/\/elementmetech.com\/de\/about\/unsere-standorte\/#primaryimage"},"thumbnailUrl":"https:\/\/elementmetech.com\/wp-content\/uploads\/2021\/09\/Element-Locations-1-1600x480-1.jpg","datePublished":"2020-04-23T14:54:31+00:00","dateModified":"2026-01-27T09:40:04+00:00","description":"Kalibrierlabore von Element Metech in Deutschland: \u2714Hamburg-Norderstedt \u2714Berlin-Hennigsdorf \u2714Bremen \u2714Wiesloch \u25b6 Kontaktieren Sie uns","breadcrumb":{"@id":"https:\/\/elementmetech.com\/de\/about\/unsere-standorte\/#breadcrumb"},"inLanguage":"de-DE","potentialAction":[{"@type":"ReadAction","target":["https:\/\/elementmetech.com\/de\/about\/unsere-standorte\/"]}]},{"@type":"ImageObject","inLanguage":"de-DE","@id":"https:\/\/elementmetech.com\/de\/about\/unsere-standorte\/#primaryimage","url":"https:\/\/elementmetech.com\/wp-content\/uploads\/2021\/09\/Element-Locations-1-1600x480-1.jpg","contentUrl":"https:\/\/elementmetech.com\/wp-content\/uploads\/2021\/09\/Element-Locations-1-1600x480-1.jpg","width":1600,"height":480,"caption":"Marktf\u00fchrendes Kalibrierlabor"},{"@type":"BreadcrumbList","@id":"https:\/\/elementmetech.com\/de\/about\/unsere-standorte\/#breadcrumb","itemListElement":[{"@type":"ListItem","position":1,"name":"Home","item":"https:\/\/elementmetech.com\/de\/"},{"@type":"ListItem","position":2,"name":"About Element","item":"https:\/\/elementmetech.com\/de\/about\/"},{"@type":"ListItem","position":3,"name":"Unsere Kalibrierlabore in Deutschland"}]},{"@type":"WebSite","@id":"https:\/\/elementmetech.com\/de\/#website","url":"https:\/\/elementmetech.com\/de\/","name":"Element Metech","description":"Delivering metrological confidence","publisher":{"@id":"https:\/\/elementmetech.com\/de\/#organization"},"potentialAction":[{"@type":"SearchAction","target":{"@type":"EntryPoint","urlTemplate":"https:\/\/elementmetech.com\/de\/?s={search_term_string}"},"query-input":{"@type":"PropertyValueSpecification","valueRequired":true,"valueName":"search_term_string"}}],"inLanguage":"de-DE"},{"@type":"Organization","@id":"https:\/\/elementmetech.com\/de\/#organization","name":"Element Metech","url":"https:\/\/elementmetech.com\/de\/","logo":{"@type":"ImageObject","inLanguage":"de-DE","@id":"https:\/\/elementmetech.com\/de\/#\/schema\/logo\/image\/","url":"https:\/\/elementmetech.com\/wp-content\/uploads\/2021\/06\/Element-Metech-Logo-1.svg","contentUrl":"https:\/\/elementmetech.com\/wp-content\/uploads\/2021\/06\/Element-Metech-Logo-1.svg","width":"1024","height":"1024","caption":"Element Metech"},"image":{"@id":"https:\/\/elementmetech.com\/de\/#\/schema\/logo\/image\/"},"sameAs":["https:\/\/www.linkedin.com\/company\/element-metech\/"]}]}},"_links":{"self":[{"href":"https:\/\/elementmetech.com\/de\/wp-json\/wp\/v2\/pages\/823","targetHints":{"allow":["GET"]}}],"collection":[{"href":"https:\/\/elementmetech.com\/de\/wp-json\/wp\/v2\/pages"}],"about":[{"href":"https:\/\/elementmetech.com\/de\/wp-json\/wp\/v2\/types\/page"}],"author":[{"embeddable":true,"href":"https:\/\/elementmetech.com\/de\/wp-json\/wp\/v2\/users\/27"}],"replies":[{"embeddable":true,"href":"https:\/\/elementmetech.com\/de\/wp-json\/wp\/v2\/comments?post=823"}],"version-history":[{"count":0,"href":"https:\/\/elementmetech.com\/de\/wp-json\/wp\/v2\/pages\/823\/revisions"}],"up":[{"embeddable":true,"href":"https:\/\/elementmetech.com\/de\/wp-json\/wp\/v2\/pages\/15368"}],"wp:featuredmedia":[{"embeddable":true,"href":"https:\/\/elementmetech.com\/de\/wp-json\/wp\/v2\/media\/4645"}],"wp:attachment":[{"href":"https:\/\/elementmetech.com\/de\/wp-json\/wp\/v2\/media?parent=823"}],"wp:term":[{"taxonomy":"post_tag","embeddable":true,"href":"https:\/\/elementmetech.com\/de\/wp-json\/wp\/v2\/tags?post=823"}],"curies":[{"name":"wp","href":"https:\/\/api.w.org\/{rel}","templated":true}]}}