{"id":544,"date":"2016-04-11T09:34:09","date_gmt":"2016-04-11T09:34:09","guid":{"rendered":"https:\/\/elementmetech.wpengine.com\/organisation\/"},"modified":"2025-05-12T11:15:06","modified_gmt":"2025-05-12T09:15:06","slug":"uber-uns","status":"publish","type":"page","link":"https:\/\/elementmetech.com\/de\/about\/uber-uns\/","title":{"rendered":"\u00dcber Element Metech"},"content":{"rendered":"<p>[et_pb_section fb_built=&#8221;1&#8243; _builder_version=&#8221;4.16&#8243; _module_preset=&#8221;default&#8221; global_colors_info=&#8221;{}&#8221;][et_pb_row column_structure=&#8221;1_5,3_5,1_5&#8243; _builder_version=&#8221;4.16&#8243; _module_preset=&#8221;default&#8221; global_colors_info=&#8221;{}&#8221;][et_pb_column type=&#8221;1_5&#8243; _builder_version=&#8221;4.16&#8243; _module_preset=&#8221;default&#8221; global_colors_info=&#8221;{}&#8221;][\/et_pb_column][et_pb_column type=&#8221;3_5&#8243; _builder_version=&#8221;4.16&#8243; _module_preset=&#8221;default&#8221; global_colors_info=&#8221;{}&#8221;][et_pb_text _builder_version=&#8221;4.27.4&#8243; _module_preset=&#8221;default&#8221; global_colors_info=&#8221;{}&#8221;]<\/p>\n<h2>Kalibrierung, Alles aus einer Hand<\/h2>\n<div class=\"super-lead\">\n<p>Element Metech ist ein Full-Service-Anbieter in der Messtechnik und kann sich um Ihren gesamten Bedarf an Kalibrierungen, messtechnischen Dienstleistungen und der Verwaltung von Messger\u00e4ten k\u00fcmmern.<\/p>\n<\/div>\n<p>An <a href=\"https:\/\/elementmetech.com\/de\/uber-uns\/unsere-standorte\/\">unseren Standorten<\/a> in Berlin-Hennigsdorf, Bremen, Hamburg-Norderstedt und Wiesloch bieten wir Werkskalibrierungen sowie DAkkS-akkreditierte Kalibrierungen nach ISO\/IEC 17025 an. Wir kalibrieren die meisten Hersteller und Typen von Pr\u00fcfmitteln und Messger\u00e4ten \u2013 je nach Bedarf in unseren Laboren oder beim Kunden vor Ort.<\/p>\n<h3>Messtechnische Dienstleistungen<\/h3>\n<ul>\n<li><a href=\"https:\/\/elementmetech.com\/de\/kalibrierung\/\">Kalibrierung von Messger\u00e4ten<\/a><\/li>\n<li><a href=\"https:\/\/elementmetech.com\/de\/koordinatenmesstechnik\/\">Koordinatenmesstechnik<\/a><\/li>\n<li><a href=\"https:\/\/elementmetech.com\/de\/mio\/\">Messmittelverwaltung online<\/a><\/li>\n<li><a href=\"https:\/\/elementmetech.com\/de\/messtechnische-beratung\/\">Messtechnische Beratung<\/a><\/li>\n<\/ul>\n<hr \/>\n<h2>Element Metech Management<\/h2>\n<div class=\"column\">\n<h3>Division Management, Kalibrierung<\/h3>\n<p>Bj\u00f6rn Kullman<br \/>Division Director, Metrology &amp; Calibration Division<\/p>\n<p>Leif \u00c5str\u00f6m<br \/>Finance Director<\/p>\n<p>Patrik Persson<br \/>Technical Director<\/p>\n<\/div>\n<div class=\"column\">\n<h3>Country Management<\/h3>\n<p>Rami Heikkila<br \/>General Manager, Finland<\/p>\n<p>Karin Abel<br \/>General Manager, Denmark<\/p>\n<p>Walter Riedl<br \/>General Manager, Germany<\/p>\n<p>Miroslava P\u00e1lkov\u00e1<br \/>General Manager, Czech Republic<\/p>\n<\/div>\n<div>\u00a0<\/div>\n<hr \/>\n<h2>Element in Deutschland<\/h2>\n<p>Element ist einer der weltweit gr\u00f6\u00dften unabh\u00e4ngigen Anbieter\u00a0von Pr\u00fcfungs-, Inspektions-, Kalibrierungs- und Zertifzierungsdienstleistungen. Wir betreuen zahlreiche Unternehmen\u00a0aus den Bereichen Luft- und Raumfahrt, Energieerzeugung,\u00a0Automobilbau, Transport, Medizintechnik und Maschinenbau \u2013\u00a0Branchen, in denen Betriebsausf\u00e4lle nicht vorkommen d\u00fcrfen.<\/p>\n<p>Die Arbeit f\u00fcr unsere Kunden dient einem Ziel: Gewissheit \u00fcber\u00a0die Zuverl\u00e4ssigkeit ihrer Produkte. Mit unserer fast 200 Jahre\u00a0langen Erfahrung und weltweiten Kapazit\u00e4ten stellen wir sicher,\u00a0dass die von uns getesteten Werksto\ufb00e und Produkte sicher,\u00a0von der ben\u00f6tigten Qualit\u00e4t, normgerecht und f\u00fcr die geplante\u00a0Verwendung geeignet sind.<\/p>\n<p>Lesen Sie mehr auf\u00a0<a href=\"https:\/\/www.element.com\/de\" target=\"_blank\" rel=\"noopener\">www.element.com\/de<\/a><\/p>\n<p>[\/et_pb_text][\/et_pb_column][et_pb_column type=&#8221;1_5&#8243; _builder_version=&#8221;4.16&#8243; _module_preset=&#8221;default&#8221; global_colors_info=&#8221;{}&#8221;][\/et_pb_column][\/et_pb_row][\/et_pb_section]<\/p>\n","protected":false},"excerpt":{"rendered":"<p>Kalibrierung, Alles aus einer Hand Element Metech ist ein Full-Service-Anbieter in der Messtechnik und kann sich um Ihren gesamten Bedarf an Kalibrierungen, messtechnischen Dienstleistungen und der Verwaltung von Messger\u00e4ten k\u00fcmmern. An unseren Standorten in Berlin-Hennigsdorf, Bremen, Hamburg-Norderstedt und Wiesloch bieten wir Werkskalibrierungen sowie DAkkS-akkreditierte Kalibrierungen nach ISO\/IEC 17025 an. Wir kalibrieren die meisten Hersteller und [&hellip;]<\/p>\n","protected":false},"author":33,"featured_media":2183,"parent":15368,"menu_order":6,"comment_status":"closed","ping_status":"closed","template":"","meta":{"_acf_changed":false,"_et_pb_use_builder":"on","_et_pb_old_content":"","_et_gb_content_width":"","footnotes":""},"tags":[],"class_list":["post-544","page","type-page","status-publish","has-post-thumbnail","hentry"],"acf":[],"yoast_head":"<!-- This site is optimized with the Yoast SEO plugin v27.3 - https:\/\/yoast.com\/product\/yoast-seo-wordpress\/ -->\n<title>Full-Service-Anbieter in der Messtechnik | Element Metech<\/title>\n<meta name=\"description\" content=\"Element Metech ist ein Full-Service-Anbieter f\u00fcr die Kalibrierung von Pr\u00fcfmitteln, Messger\u00e4ten und Messtechnik.\" \/>\n<meta name=\"robots\" content=\"index, follow, max-snippet:-1, max-image-preview:large, max-video-preview:-1\" \/>\n<link rel=\"canonical\" href=\"https:\/\/elementmetech.com\/de\/about\/uber-uns\/\" \/>\n<meta property=\"og:locale\" content=\"de_DE\" \/>\n<meta property=\"og:type\" content=\"article\" \/>\n<meta property=\"og:title\" content=\"Full-Service-Anbieter in der Messtechnik | Element Metech\" \/>\n<meta property=\"og:description\" content=\"Element Metech ist ein Full-Service-Anbieter f\u00fcr die Kalibrierung von Pr\u00fcfmitteln, Messger\u00e4ten und Messtechnik.\" \/>\n<meta property=\"og:url\" content=\"https:\/\/elementmetech.com\/de\/about\/uber-uns\/\" \/>\n<meta property=\"og:site_name\" content=\"Element Metech\" \/>\n<meta property=\"article:modified_time\" content=\"2025-05-12T09:15:06+00:00\" \/>\n<meta property=\"og:image\" content=\"https:\/\/elementmetech.com\/wp-content\/uploads\/2021\/06\/Element-We-Make-Certain-1600x480-V3.jpg\" \/>\n\t<meta property=\"og:image:width\" content=\"1600\" \/>\n\t<meta property=\"og:image:height\" content=\"476\" \/>\n\t<meta property=\"og:image:type\" content=\"image\/jpeg\" \/>\n<meta name=\"twitter:card\" content=\"summary_large_image\" \/>\n<meta name=\"twitter:label1\" content=\"Gesch\u00e4tzte Lesezeit\" \/>\n\t<meta name=\"twitter:data1\" content=\"2 Minuten\" \/>\n<script type=\"application\/ld+json\" class=\"yoast-schema-graph\">{\"@context\":\"https:\\\/\\\/schema.org\",\"@graph\":[{\"@type\":\"WebPage\",\"@id\":\"https:\\\/\\\/elementmetech.com\\\/de\\\/about\\\/uber-uns\\\/\",\"url\":\"https:\\\/\\\/elementmetech.com\\\/de\\\/about\\\/uber-uns\\\/\",\"name\":\"Full-Service-Anbieter in der Messtechnik | Element Metech\",\"isPartOf\":{\"@id\":\"https:\\\/\\\/elementmetech.com\\\/de\\\/#website\"},\"primaryImageOfPage\":{\"@id\":\"https:\\\/\\\/elementmetech.com\\\/de\\\/about\\\/uber-uns\\\/#primaryimage\"},\"image\":{\"@id\":\"https:\\\/\\\/elementmetech.com\\\/de\\\/about\\\/uber-uns\\\/#primaryimage\"},\"thumbnailUrl\":\"https:\\\/\\\/elementmetech.com\\\/wp-content\\\/uploads\\\/2021\\\/06\\\/Element-We-Make-Certain-1600x480-V3.jpg\",\"datePublished\":\"2016-04-11T09:34:09+00:00\",\"dateModified\":\"2025-05-12T09:15:06+00:00\",\"description\":\"Element Metech ist ein Full-Service-Anbieter f\u00fcr die Kalibrierung von Pr\u00fcfmitteln, Messger\u00e4ten und Messtechnik.\",\"breadcrumb\":{\"@id\":\"https:\\\/\\\/elementmetech.com\\\/de\\\/about\\\/uber-uns\\\/#breadcrumb\"},\"inLanguage\":\"de-DE\",\"potentialAction\":[{\"@type\":\"ReadAction\",\"target\":[\"https:\\\/\\\/elementmetech.com\\\/de\\\/about\\\/uber-uns\\\/\"]}]},{\"@type\":\"ImageObject\",\"inLanguage\":\"de-DE\",\"@id\":\"https:\\\/\\\/elementmetech.com\\\/de\\\/about\\\/uber-uns\\\/#primaryimage\",\"url\":\"https:\\\/\\\/elementmetech.com\\\/wp-content\\\/uploads\\\/2021\\\/06\\\/Element-We-Make-Certain-1600x480-V3.jpg\",\"contentUrl\":\"https:\\\/\\\/elementmetech.com\\\/wp-content\\\/uploads\\\/2021\\\/06\\\/Element-We-Make-Certain-1600x480-V3.jpg\",\"width\":1600,\"height\":476},{\"@type\":\"BreadcrumbList\",\"@id\":\"https:\\\/\\\/elementmetech.com\\\/de\\\/about\\\/uber-uns\\\/#breadcrumb\",\"itemListElement\":[{\"@type\":\"ListItem\",\"position\":1,\"name\":\"Home\",\"item\":\"https:\\\/\\\/elementmetech.com\\\/de\\\/\"},{\"@type\":\"ListItem\",\"position\":2,\"name\":\"\u00dcber Element Metech\"}]},{\"@type\":\"WebSite\",\"@id\":\"https:\\\/\\\/elementmetech.com\\\/de\\\/#website\",\"url\":\"https:\\\/\\\/elementmetech.com\\\/de\\\/\",\"name\":\"Element Metech\",\"description\":\"Delivering metrological confidence\",\"publisher\":{\"@id\":\"https:\\\/\\\/elementmetech.com\\\/de\\\/#organization\"},\"potentialAction\":[{\"@type\":\"SearchAction\",\"target\":{\"@type\":\"EntryPoint\",\"urlTemplate\":\"https:\\\/\\\/elementmetech.com\\\/de\\\/?s={search_term_string}\"},\"query-input\":{\"@type\":\"PropertyValueSpecification\",\"valueRequired\":true,\"valueName\":\"search_term_string\"}}],\"inLanguage\":\"de-DE\"},{\"@type\":\"Organization\",\"@id\":\"https:\\\/\\\/elementmetech.com\\\/de\\\/#organization\",\"name\":\"Element Metech\",\"url\":\"https:\\\/\\\/elementmetech.com\\\/de\\\/\",\"logo\":{\"@type\":\"ImageObject\",\"inLanguage\":\"de-DE\",\"@id\":\"https:\\\/\\\/elementmetech.com\\\/de\\\/#\\\/schema\\\/logo\\\/image\\\/\",\"url\":\"https:\\\/\\\/elementmetech.com\\\/wp-content\\\/uploads\\\/2021\\\/06\\\/Element-Metech-Logo-1.svg\",\"contentUrl\":\"https:\\\/\\\/elementmetech.com\\\/wp-content\\\/uploads\\\/2021\\\/06\\\/Element-Metech-Logo-1.svg\",\"width\":\"1024\",\"height\":\"1024\",\"caption\":\"Element Metech\"},\"image\":{\"@id\":\"https:\\\/\\\/elementmetech.com\\\/de\\\/#\\\/schema\\\/logo\\\/image\\\/\"},\"sameAs\":[\"https:\\\/\\\/www.linkedin.com\\\/company\\\/element-metech\\\/\"]}]}<\/script>\n<!-- \/ Yoast SEO plugin. -->","yoast_head_json":{"title":"Full-Service-Anbieter in der Messtechnik | Element Metech","description":"Element Metech ist ein Full-Service-Anbieter f\u00fcr die Kalibrierung von Pr\u00fcfmitteln, Messger\u00e4ten und Messtechnik.","robots":{"index":"index","follow":"follow","max-snippet":"max-snippet:-1","max-image-preview":"max-image-preview:large","max-video-preview":"max-video-preview:-1"},"canonical":"https:\/\/elementmetech.com\/de\/about\/uber-uns\/","og_locale":"de_DE","og_type":"article","og_title":"Full-Service-Anbieter in der Messtechnik | Element Metech","og_description":"Element Metech ist ein Full-Service-Anbieter f\u00fcr die Kalibrierung von Pr\u00fcfmitteln, Messger\u00e4ten und Messtechnik.","og_url":"https:\/\/elementmetech.com\/de\/about\/uber-uns\/","og_site_name":"Element Metech","article_modified_time":"2025-05-12T09:15:06+00:00","og_image":[{"width":1600,"height":476,"url":"https:\/\/elementmetech.com\/wp-content\/uploads\/2021\/06\/Element-We-Make-Certain-1600x480-V3.jpg","type":"image\/jpeg"}],"twitter_card":"summary_large_image","twitter_misc":{"Gesch\u00e4tzte Lesezeit":"2 Minuten"},"schema":{"@context":"https:\/\/schema.org","@graph":[{"@type":"WebPage","@id":"https:\/\/elementmetech.com\/de\/about\/uber-uns\/","url":"https:\/\/elementmetech.com\/de\/about\/uber-uns\/","name":"Full-Service-Anbieter in der Messtechnik | Element Metech","isPartOf":{"@id":"https:\/\/elementmetech.com\/de\/#website"},"primaryImageOfPage":{"@id":"https:\/\/elementmetech.com\/de\/about\/uber-uns\/#primaryimage"},"image":{"@id":"https:\/\/elementmetech.com\/de\/about\/uber-uns\/#primaryimage"},"thumbnailUrl":"https:\/\/elementmetech.com\/wp-content\/uploads\/2021\/06\/Element-We-Make-Certain-1600x480-V3.jpg","datePublished":"2016-04-11T09:34:09+00:00","dateModified":"2025-05-12T09:15:06+00:00","description":"Element Metech ist ein Full-Service-Anbieter f\u00fcr die Kalibrierung von Pr\u00fcfmitteln, Messger\u00e4ten und Messtechnik.","breadcrumb":{"@id":"https:\/\/elementmetech.com\/de\/about\/uber-uns\/#breadcrumb"},"inLanguage":"de-DE","potentialAction":[{"@type":"ReadAction","target":["https:\/\/elementmetech.com\/de\/about\/uber-uns\/"]}]},{"@type":"ImageObject","inLanguage":"de-DE","@id":"https:\/\/elementmetech.com\/de\/about\/uber-uns\/#primaryimage","url":"https:\/\/elementmetech.com\/wp-content\/uploads\/2021\/06\/Element-We-Make-Certain-1600x480-V3.jpg","contentUrl":"https:\/\/elementmetech.com\/wp-content\/uploads\/2021\/06\/Element-We-Make-Certain-1600x480-V3.jpg","width":1600,"height":476},{"@type":"BreadcrumbList","@id":"https:\/\/elementmetech.com\/de\/about\/uber-uns\/#breadcrumb","itemListElement":[{"@type":"ListItem","position":1,"name":"Home","item":"https:\/\/elementmetech.com\/de\/"},{"@type":"ListItem","position":2,"name":"\u00dcber Element Metech"}]},{"@type":"WebSite","@id":"https:\/\/elementmetech.com\/de\/#website","url":"https:\/\/elementmetech.com\/de\/","name":"Element Metech","description":"Delivering metrological confidence","publisher":{"@id":"https:\/\/elementmetech.com\/de\/#organization"},"potentialAction":[{"@type":"SearchAction","target":{"@type":"EntryPoint","urlTemplate":"https:\/\/elementmetech.com\/de\/?s={search_term_string}"},"query-input":{"@type":"PropertyValueSpecification","valueRequired":true,"valueName":"search_term_string"}}],"inLanguage":"de-DE"},{"@type":"Organization","@id":"https:\/\/elementmetech.com\/de\/#organization","name":"Element Metech","url":"https:\/\/elementmetech.com\/de\/","logo":{"@type":"ImageObject","inLanguage":"de-DE","@id":"https:\/\/elementmetech.com\/de\/#\/schema\/logo\/image\/","url":"https:\/\/elementmetech.com\/wp-content\/uploads\/2021\/06\/Element-Metech-Logo-1.svg","contentUrl":"https:\/\/elementmetech.com\/wp-content\/uploads\/2021\/06\/Element-Metech-Logo-1.svg","width":"1024","height":"1024","caption":"Element Metech"},"image":{"@id":"https:\/\/elementmetech.com\/de\/#\/schema\/logo\/image\/"},"sameAs":["https:\/\/www.linkedin.com\/company\/element-metech\/"]}]}},"_links":{"self":[{"href":"https:\/\/elementmetech.com\/de\/wp-json\/wp\/v2\/pages\/544","targetHints":{"allow":["GET"]}}],"collection":[{"href":"https:\/\/elementmetech.com\/de\/wp-json\/wp\/v2\/pages"}],"about":[{"href":"https:\/\/elementmetech.com\/de\/wp-json\/wp\/v2\/types\/page"}],"author":[{"embeddable":true,"href":"https:\/\/elementmetech.com\/de\/wp-json\/wp\/v2\/users\/33"}],"replies":[{"embeddable":true,"href":"https:\/\/elementmetech.com\/de\/wp-json\/wp\/v2\/comments?post=544"}],"version-history":[{"count":0,"href":"https:\/\/elementmetech.com\/de\/wp-json\/wp\/v2\/pages\/544\/revisions"}],"up":[{"embeddable":true,"href":"https:\/\/elementmetech.com\/de\/wp-json\/wp\/v2\/pages\/15368"}],"wp:featuredmedia":[{"embeddable":true,"href":"https:\/\/elementmetech.com\/de\/wp-json\/wp\/v2\/media\/2183"}],"wp:attachment":[{"href":"https:\/\/elementmetech.com\/de\/wp-json\/wp\/v2\/media?parent=544"}],"wp:term":[{"taxonomy":"post_tag","embeddable":true,"href":"https:\/\/elementmetech.com\/de\/wp-json\/wp\/v2\/tags?post=544"}],"curies":[{"name":"wp","href":"https:\/\/api.w.org\/{rel}","templated":true}]}}