{"id":538,"date":"2016-04-11T09:46:43","date_gmt":"2016-04-11T09:46:43","guid":{"rendered":"https:\/\/elementmetech.wpengine.com\/akkreditierte-kalibrierung\/"},"modified":"2024-11-15T15:26:02","modified_gmt":"2024-11-15T14:26:02","slug":"akkreditierung","status":"publish","type":"page","link":"https:\/\/elementmetech.com\/de\/akkreditierung\/","title":{"rendered":"Akkreditierte Kalibrierung"},"content":{"rendered":"<p>[et_pb_section fb_built=&#8221;1&#8243; custom_padding_last_edited=&#8221;on|desktop&#8221; _builder_version=&#8221;4.16&#8243; _dynamic_attributes=&#8221;background_image&#8221; _module_preset=&#8221;default&#8221; use_background_color_gradient=&#8221;on&#8221; background_color_gradient_direction=&#8221;90deg&#8221; background_color_gradient_stops=&#8221;rgba(28,53,92,0.6) 50%|rgba(0,0,0,0) 50%&#8221; background_color_gradient_overlays_image=&#8221;on&#8221; background_color_gradient_start=&#8221;rgba(28,53,92,0.6)&#8221; background_color_gradient_start_position=&#8221;50%&#8221; background_color_gradient_end=&#8221;rgba(0,0,0,0)&#8221; background_color_gradient_end_position=&#8221;50%&#8221; background_image=&#8221;@ET-DC@eyJkeW5hbWljIjp0cnVlLCJjb250ZW50IjoicG9zdF9mZWF0dXJlZF9pbWFnZSIsInNldHRpbmdzIjp7fX0=@&#8221; background_repeat=&#8221;space&#8221; custom_padding=&#8221;94px||130px||false|false&#8221; custom_padding_tablet=&#8221;350px||0px||false|false&#8221; custom_padding_phone=&#8221;&#8221; background_last_edited=&#8221;on|phone&#8221; use_background_color_gradient_tablet=&#8221;off&#8221; background_position_phone=&#8221;center_right&#8221; saved_tabs=&#8221;all&#8221; locked=&#8221;off&#8221; global_colors_info=&#8221;{}&#8221;][et_pb_row column_structure=&#8221;1_2,1_2&#8243; _builder_version=&#8221;4.16&#8243; _module_preset=&#8221;default&#8221; background_color_gradient_start=&#8221;rgba(40,62,122,0.8)&#8221; background_color_gradient_end=&#8221;#5f37a8&#8243; width=&#8221;100%&#8221; max_width=&#8221;100%&#8221; custom_margin=&#8221;||0px||false|false&#8221; custom_margin_last_edited=&#8221;off|desktop&#8221; custom_padding=&#8221;0px||0px||false|false&#8221; background_last_edited=&#8221;on|tablet&#8221; use_background_color_gradient_tablet=&#8221;on&#8221; background_color_gradient_direction_tablet=&#8221;0deg&#8221; background_color_gradient_stops_tablet=&#8221;#283e7a 59%|rgba(40,62,122,0.7) 100%&#8221; background_color_gradient_start_tablet=&#8221;#283e7a&#8221; background_color_gradient_start_position_tablet=&#8221;59%&#8221; background_color_gradient_end_tablet=&#8221;rgba(40,62,122,0.7)&#8221; global_colors_info=&#8221;{}&#8221;][et_pb_column type=&#8221;1_2&#8243; _builder_version=&#8221;4.16&#8243; _module_preset=&#8221;default&#8221; global_colors_info=&#8221;{}&#8221;][et_pb_cta title=&#8221;@ET-DC@eyJkeW5hbWljIjp0cnVlLCJjb250ZW50IjoicG9zdF90aXRsZSIsInNldHRpbmdzIjp7ImJlZm9yZSI6IiIsImFmdGVyIjoiIn19@&#8221; button_text=&#8221;Covid-19: We are open for calibration&#8221; _builder_version=&#8221;4.16&#8243; _dynamic_attributes=&#8221;title&#8221; _module_preset=&#8221;default&#8221; header_level=&#8221;h1&#8243; header_font_size=&#8221;2.13rem&#8221; background_color=&#8221;RGBA(0,0,0,0)&#8221; text_orientation=&#8221;left&#8221; max_width=&#8221;670px&#8221; max_width_tablet=&#8221;100%&#8221; max_width_phone=&#8221;&#8221; max_width_last_edited=&#8221;on|desktop&#8221; module_alignment=&#8221;right&#8221; custom_margin=&#8221;||||false|false&#8221; custom_margin_tablet=&#8221;||||false|false&#8221; custom_margin_phone=&#8221;&#8221; custom_margin_last_edited=&#8221;on|tablet&#8221; custom_padding=&#8221;||0px|||&#8221; custom_padding_tablet=&#8221;||0px||false|false&#8221; custom_padding_phone=&#8221;&#8221; custom_padding_last_edited=&#8221;on|tablet&#8221; header_font_size_tablet=&#8221;2.13rem&#8221; header_font_size_phone=&#8221;&#8221; header_font_size_last_edited=&#8221;on|desktop&#8221; text_orientation_tablet=&#8221;center&#8221; text_orientation_phone=&#8221;&#8221; text_orientation_last_edited=&#8221;on|tablet&#8221; global_colors_info=&#8221;{}&#8221;][\/et_pb_cta][\/et_pb_column][et_pb_column type=&#8221;1_2&#8243; _builder_version=&#8221;4.16&#8243; _module_preset=&#8221;default&#8221; global_colors_info=&#8221;{}&#8221;][\/et_pb_column][\/et_pb_row][\/et_pb_section][et_pb_section fb_built=&#8221;1&#8243; admin_label=&#8221;section&#8221; _builder_version=&#8221;4.16&#8243; collapsed=&#8221;on&#8221; global_colors_info=&#8221;{}&#8221;][et_pb_row column_structure=&#8221;1_5,3_5,1_5&#8243; admin_label=&#8221;row&#8221; _builder_version=&#8221;4.16&#8243; background_size=&#8221;initial&#8221; background_position=&#8221;top_left&#8221; background_repeat=&#8221;repeat&#8221; global_colors_info=&#8221;{}&#8221;][et_pb_column type=&#8221;1_5&#8243; _builder_version=&#8221;4.16&#8243; custom_padding=&#8221;|||&#8221; global_colors_info=&#8221;{}&#8221; custom_padding__hover=&#8221;|||&#8221;][\/et_pb_column][et_pb_column type=&#8221;3_5&#8243; _builder_version=&#8221;4.16&#8243; custom_padding=&#8221;|||&#8221; global_colors_info=&#8221;{}&#8221; custom_padding__hover=&#8221;|||&#8221;][et_pb_text admin_label=&#8221;Text&#8221; _builder_version=&#8221;4.23.1&#8243; background_size=&#8221;initial&#8221; background_position=&#8221;top_left&#8221; background_repeat=&#8221;repeat&#8221; global_colors_info=&#8221;{}&#8221;]<\/p>\n<div class=\"super-lead\">\n<p>Element Metech z\u00e4hlt zu den gr\u00f6\u00dften Kalibrierdienstleistern in Europa. Mit dem breitesten Kalibrierportfolio k\u00f6nnen wir Anforderungen unserer Kunden aus vielen unterschiedlichen Branchen erf\u00fcllen. Unsere Kalibrierlabore sind von der Deutschen Akkreditierungsstelle (DAkkS) nach ISO \/ IEC 17025 akkreditiert. Viele unserer DAkkS akkreditierten Kalibrierungen k\u00f6nnen auch vor Ort bei unseren Kunden durchgef\u00fchrt werden.<\/p>\n<\/div>\n<h3>Warum ein DAkkS akkreditiertes Labor?<\/h3>\n<p>ISO \/ IEC 17025 ist ein anerkannter internationaler Standard. Als Qualit\u00e4tssiegel bedeutet dies ein erh\u00f6htes Vertrauen in Ihr Unternehmen und Ihre Produkte, wenn Ihre Kunden wissen, dass Ihre Messger\u00e4te durch ein unabh\u00e4ngiges von der DAkkS akkreditiertes Kalibrierlabor ordnungsgem\u00e4\u00df kalibriert wurden.<\/p>\n<h3>Akkreditierungsstellen<\/h3>\n<p>Unsere europ\u00e4ischen Labore sind von der nationalen Akkreditierungsstelle f\u00fcr jedes Land akkreditiert &#8211; alle nach denselben internationalen Standards und Anforderungen.<\/p>\n<p>&nbsp;<\/p>\n<hr \/>\n<h3>\u00a0<\/h3>\n<h3>DAkkS\u00a0Akkreditierungen nach\u00a0DIN EN ISO\/IEC 17025<\/h3>\n<p>\u00a0Element Metech Kalibrierlabor Berlin-Hennigsdorf: <a href=\"https:\/\/www.dakks.de\/files\/data\/as\/pdf\/D-K-15020-01-00.pdf\" target=\"_blank\" rel=\"noopener\">D-K-15020-01<\/a><\/p>\n<p>Element Metech Kalibrierlabore Bremen und Hamburg-Norderstedt: <a href=\"https:\/\/www.dakks.de\/files\/data\/as\/pdf\/D-K-15020-04-00.pdf\">D-K-15020-04-00<\/a>, <a href=\"https:\/\/www.dakks.de\/files\/data\/as\/pdf\/D-K-15020-04-01.pdf\">D-K-15020-04-01<\/a>, <a href=\"https:\/\/www.dakks.de\/files\/data\/as\/pdf\/D-K-15020-04-02.pdf\">D-K-15020-04-02<\/a>, <a href=\"https:\/\/www.dakks.de\/files\/data\/as\/pdf\/D-K-15020-04-00.pdf\" target=\"_blank\" rel=\"noopener\">D-K-15020-04<\/a><\/p>\n<p>Element Metech KDK Kalibrierlabor Wiesloch: <a href=\"https:\/\/www.dakks.de\/files\/data\/as\/pdf\/D-K-15180-01-00.pdf\" target=\"_blank\" rel=\"noopener\">D-K-15180-01-00<\/a>, <a href=\"https:\/\/www.dakks.de\/files\/data\/as\/pdf\/D-K-15180-01-01.pdf\" target=\"_blank\" rel=\"noopener\">D-K-15180-01-01<\/a>, <a href=\"https:\/\/www.dakks.de\/files\/data\/as\/pdf\/D-K-15180-01-02.pdf\" target=\"_blank\" rel=\"noopener\">D-K-15180-01-02<\/a><\/p>\n<p>Element Metech KDK Kalibrierlabor Wiesloch: <a href=\"https:\/\/elementmetech.com\/wp-content\/uploads\/2023\/10\/Element-Metech-KDK-GmbH-flexible-Akkreditierung.pdf\" target=\"_blank\" rel=\"attachment noopener wp-att-6706\">flexible Akkreditierung<\/a><\/p>\n<h3>ISO 9001 und ISO 14001 Zertifizierung<\/h3>\n<p>\u200b<a href=\"https:\/\/globalval.intelex.com\/ElementLiveLogin\/ElementLive\/DocLink?id=miBvCkTL7m9QgJUit2mVSnXz0ZQY84lqr0HN7CmLFA0xGDw7G-g6OprfzGh5TyV20\" target=\"_blank\" rel=\"attachment noopener wp-att-959\">ISO 9001 Certificate\u00a0<\/a>(alle Metech-Standorte)<\/p>\n<p><a href=\"https:\/\/globalval.intelex.com\/ElementLiveLogin\/ElementLive\/DocLink?id=6kj4Ub5AcxJ9jCJa-Kw0-uJrpSs8MoUaVOiMrpmWWl3VNJNsTA3SrfPXWHd4Y8rA0\" target=\"_blank\" rel=\"noopener\">ISO 14001 Certificate<\/a> (nur Schweden &amp; Finnland)<\/p>\n<p>[\/et_pb_text][\/et_pb_column][et_pb_column type=&#8221;1_5&#8243; _builder_version=&#8221;4.16&#8243; custom_padding=&#8221;|||&#8221; global_colors_info=&#8221;{}&#8221; custom_padding__hover=&#8221;|||&#8221;][\/et_pb_column][\/et_pb_row][\/et_pb_section]<\/p>\n","protected":false},"excerpt":{"rendered":"<p>Element Metech z\u00e4hlt zu den gr\u00f6\u00dften Kalibrierdienstleistern in Europa. Mit dem breitesten Kalibrierportfolio k\u00f6nnen wir Anforderungen unserer Kunden aus vielen unterschiedlichen Branchen erf\u00fcllen. Unsere Kalibrierlabore sind von der Deutschen Akkreditierungsstelle (DAkkS) nach ISO \/ IEC 17025 akkreditiert. Viele unserer DAkkS akkreditierten Kalibrierungen k\u00f6nnen auch vor Ort bei unseren Kunden durchgef\u00fchrt werden. Warum ein DAkkS akkreditiertes [&hellip;]<\/p>\n","protected":false},"author":33,"featured_media":3530,"parent":0,"menu_order":3,"comment_status":"closed","ping_status":"closed","template":"","meta":{"_acf_changed":false,"_et_pb_use_builder":"on","_et_pb_old_content":"<p><strong>Element Metech z\u00e4hlt zu den gr\u00f6\u00dften Kalibrierdienstleistern in Europa. Mit dem breitesten Kalibrierportfolio k\u00f6nnen wir\u00a0Anforderungen unserer Kunden\u00a0aus vielen verschiedenen Branchen erf\u00fcllen.<\/strong><\/p> <p>Unsere Kalibrierservices sind nach ISO \/ IEC 17025 akkreditiert. Die meisten unserer Dienstleistungen sind auch bei unseren Kunden vor Ort verf\u00fcgbar.<\/p> <h2>Warum ein akkreditiertes Labor?<\/h2> <p>ISO \/ IEC 17025 ist ein anerkannter internationaler Standard. Als Qualit\u00e4tssiegel bedeutet dies ein erh\u00f6htes Vertrauen in Ihr Unternehmen und Ihre Produkte, wenn Ihre Kunden wissen, dass Ihr Pr\u00fcfger\u00e4t durch ein unabh\u00e4ngiges, qualifiziertes Kalibrierlabor ordnungsgem\u00e4\u00df kalibriert wurde.\u00a0<\/p> <h2>Akkreditierungsstellen<\/h2> <p>Unsere europ\u00e4ischen Labore sind von der nationalen Akkreditierungsstelle f\u00fcr jedes Land akkreditiert - alle nach denselben internationalen Standards und Anforderungen.<\/p> <hr \/> <h2>DAkkS\u00a0Akkreditierungen nach\u00a0DIN EN ISO\/IEC 17025\u00a0<\/h2> <p><a href=\"https:\/\/www.dakks.de\/files\/data\/as\/pdf\/D-K-15020-01-00.pdf\" target=\"_blank\" rel=\"noopener\">D-K-15020-01 Labor Hennigsdorf<\/a><\/p> <p><a href=\"https:\/\/www.dakks.de\/files\/data\/as\/pdf\/D-K-15020-03-00.pdf\" target=\"_blank\" rel=\"noopener\">D-K-15020-03 Labor Herne<\/a><\/p> <p><a href=\"https:\/\/www.dakks.de\/files\/data\/as\/pdf\/D-K-15020-04-00.pdf\" target=\"_blank\" rel=\"noopener\">D-K-15020-04 Labor Bremen und Norderstedt<\/a><\/p> <p>\u00a0<\/p>","_et_gb_content_width":"","footnotes":""},"tags":[],"class_list":["post-538","page","type-page","status-publish","has-post-thumbnail","hentry"],"acf":[],"yoast_head":"<!-- This site is optimized with the Yoast SEO plugin v27.5 - https:\/\/yoast.com\/product\/yoast-seo-wordpress\/ -->\n<title>DAkkS akkreditierte Kalibrierung - Element Metech<\/title>\n<meta name=\"description\" content=\"Unsere Kalibrierlabore sind durch die DAkkS gem\u00e4\u00df ISO\/IEC 17025 akkreditiert und bieten die akkreditierte Kalibrierung von Messger\u00e4ten.\" \/>\n<meta name=\"robots\" content=\"index, follow, max-snippet:-1, max-image-preview:large, max-video-preview:-1\" \/>\n<link rel=\"canonical\" href=\"https:\/\/elementmetech.com\/de\/akkreditierung\/\" \/>\n<meta property=\"og:locale\" content=\"de_DE\" \/>\n<meta property=\"og:type\" content=\"article\" \/>\n<meta property=\"og:title\" content=\"DAkkS akkreditierte Kalibrierung - Element Metech\" \/>\n<meta property=\"og:description\" content=\"Unsere Kalibrierlabore sind durch die DAkkS gem\u00e4\u00df ISO\/IEC 17025 akkreditiert und bieten die akkreditierte Kalibrierung von Messger\u00e4ten.\" \/>\n<meta property=\"og:url\" content=\"https:\/\/elementmetech.com\/de\/akkreditierung\/\" \/>\n<meta property=\"og:site_name\" content=\"Element Metech\" \/>\n<meta property=\"article:modified_time\" content=\"2024-11-15T14:26:02+00:00\" \/>\n<meta property=\"og:image\" content=\"https:\/\/elementmetech.com\/wp-content\/uploads\/2021\/06\/Calibration-Certificate-1-1600x480-1.jpg\" \/>\n\t<meta property=\"og:image:width\" content=\"1600\" \/>\n\t<meta property=\"og:image:height\" content=\"480\" \/>\n\t<meta property=\"og:image:type\" content=\"image\/jpeg\" \/>\n<meta name=\"twitter:card\" content=\"summary_large_image\" \/>\n<meta name=\"twitter:label1\" content=\"Gesch\u00e4tzte Lesezeit\" \/>\n\t<meta name=\"twitter:data1\" content=\"3 Minuten\" \/>\n<script type=\"application\/ld+json\" class=\"yoast-schema-graph\">{\"@context\":\"https:\\\/\\\/schema.org\",\"@graph\":[{\"@type\":\"WebPage\",\"@id\":\"https:\\\/\\\/elementmetech.com\\\/de\\\/akkreditierung\\\/\",\"url\":\"https:\\\/\\\/elementmetech.com\\\/de\\\/akkreditierung\\\/\",\"name\":\"DAkkS akkreditierte Kalibrierung - Element Metech\",\"isPartOf\":{\"@id\":\"https:\\\/\\\/elementmetech.com\\\/de\\\/#website\"},\"primaryImageOfPage\":{\"@id\":\"https:\\\/\\\/elementmetech.com\\\/de\\\/akkreditierung\\\/#primaryimage\"},\"image\":{\"@id\":\"https:\\\/\\\/elementmetech.com\\\/de\\\/akkreditierung\\\/#primaryimage\"},\"thumbnailUrl\":\"https:\\\/\\\/elementmetech.com\\\/wp-content\\\/uploads\\\/2021\\\/06\\\/Calibration-Certificate-1-1600x480-1.jpg\",\"datePublished\":\"2016-04-11T09:46:43+00:00\",\"dateModified\":\"2024-11-15T14:26:02+00:00\",\"description\":\"Unsere Kalibrierlabore sind durch die DAkkS gem\u00e4\u00df ISO\\\/IEC 17025 akkreditiert und bieten die akkreditierte Kalibrierung von Messger\u00e4ten.\",\"breadcrumb\":{\"@id\":\"https:\\\/\\\/elementmetech.com\\\/de\\\/akkreditierung\\\/#breadcrumb\"},\"inLanguage\":\"de-DE\",\"potentialAction\":[{\"@type\":\"ReadAction\",\"target\":[\"https:\\\/\\\/elementmetech.com\\\/de\\\/akkreditierung\\\/\"]}]},{\"@type\":\"ImageObject\",\"inLanguage\":\"de-DE\",\"@id\":\"https:\\\/\\\/elementmetech.com\\\/de\\\/akkreditierung\\\/#primaryimage\",\"url\":\"https:\\\/\\\/elementmetech.com\\\/wp-content\\\/uploads\\\/2021\\\/06\\\/Calibration-Certificate-1-1600x480-1.jpg\",\"contentUrl\":\"https:\\\/\\\/elementmetech.com\\\/wp-content\\\/uploads\\\/2021\\\/06\\\/Calibration-Certificate-1-1600x480-1.jpg\",\"width\":1600,\"height\":480,\"caption\":\"Kvalitetss\u00e4kra dina m\u00e4tinstrument med ackrediterad kalibrering fr\u00e5n Element S\u00f6ker du efter ackrediterade kalibreringstj\u00e4nster och vill vara s\u00e4ker p\u00e5 att kalibreringen utf\u00f6rs av ett oberoende och kompetent laboratorium? D\u00e5 \u00e4r Element Metech det sj\u00e4lvklara valet f\u00f6r dig. V\u00e5r omfattande erfarenhet och breda utbud av ackrediterade kalibreringstj\u00e4nster, tillsammans med v\u00e5r ackreditering enligt ISO\\\/IEC 17025, garanterar att du f\u00e5r h\u00f6gsta kvalitet p\u00e5 dina kalibreringar. Element Metech \u00e4r stolta \u00f6ver att kunna erbjuda ett av de bredaste utbuden av ackrediterad kalibrering i Europa. Vi \u00e4r ackrediterade enligt ISO\\\/IEC 17025, vilket garanterar att v\u00e5r kalibrering utf\u00f6rs enligt specifika kvalitetskrav som \u00e4r internationellt erk\u00e4nda. Att anlita ett ackrediterat laboratorium som Element Metech inneb\u00e4r en kvalitetsst\u00e4mpel som \u00f6kar f\u00f6rtroendet f\u00f6r ditt f\u00f6retag och dina produkter. V\u00e5ra laboratorier ackrediteras av det nationella ackrediteringsorganet i respektive land. I Sverige \u00e4r vi ackrediterade av Swedac, som \u00e4r en oberoende part som godk\u00e4nner laboratorier enligt standarden och kraven f\u00f6r samtliga v\u00e5ra ackrediterade lab. N\u00e4r du anv\u00e4nder m\u00e4tinstrument \u00e4r det viktigt att vara s\u00e4ker p\u00e5 att de ger korrekta resultat f\u00f6r att s\u00e4kerst\u00e4lla h\u00f6gsta kvalitet p\u00e5 dina produkter och tj\u00e4nster. Ackrediterad kalibrering \u00e4r ett bevis p\u00e5 att laboratoriet \u00e4r oberoende och kompetent och att kalibreringen utf\u00f6rs enligt internationellt erk\u00e4nda kvalitetskrav. Element Metech erbjuder ett brett utbud av ackrediterade kalibreringstj\u00e4nster, och v\u00e5r ISO\\\/IEC 17025-ackreditering garanterar h\u00f6gsta kvalitet. V\u00e5ra laboratorier ackrediteras av det nationella ackrediteringsorganet i respektive land. Ackrediterad kalibrering enligt ISO\\\/IEC 17025 Swedac Ackrediteringscertifikat ackrediterad kalibrring - element metech\"},{\"@type\":\"BreadcrumbList\",\"@id\":\"https:\\\/\\\/elementmetech.com\\\/de\\\/akkreditierung\\\/#breadcrumb\",\"itemListElement\":[{\"@type\":\"ListItem\",\"position\":1,\"name\":\"Home\",\"item\":\"https:\\\/\\\/elementmetech.com\\\/de\\\/\"},{\"@type\":\"ListItem\",\"position\":2,\"name\":\"Akkreditierte Kalibrierung\"}]},{\"@type\":\"WebSite\",\"@id\":\"https:\\\/\\\/elementmetech.com\\\/de\\\/#website\",\"url\":\"https:\\\/\\\/elementmetech.com\\\/de\\\/\",\"name\":\"Element Metech\",\"description\":\"Delivering metrological confidence\",\"publisher\":{\"@id\":\"https:\\\/\\\/elementmetech.com\\\/de\\\/#organization\"},\"potentialAction\":[{\"@type\":\"SearchAction\",\"target\":{\"@type\":\"EntryPoint\",\"urlTemplate\":\"https:\\\/\\\/elementmetech.com\\\/de\\\/?s={search_term_string}\"},\"query-input\":{\"@type\":\"PropertyValueSpecification\",\"valueRequired\":true,\"valueName\":\"search_term_string\"}}],\"inLanguage\":\"de-DE\"},{\"@type\":\"Organization\",\"@id\":\"https:\\\/\\\/elementmetech.com\\\/de\\\/#organization\",\"name\":\"Element Metech\",\"url\":\"https:\\\/\\\/elementmetech.com\\\/de\\\/\",\"logo\":{\"@type\":\"ImageObject\",\"inLanguage\":\"de-DE\",\"@id\":\"https:\\\/\\\/elementmetech.com\\\/de\\\/#\\\/schema\\\/logo\\\/image\\\/\",\"url\":\"https:\\\/\\\/elementmetech.com\\\/wp-content\\\/uploads\\\/2021\\\/06\\\/Element-Metech-Logo-1.svg\",\"contentUrl\":\"https:\\\/\\\/elementmetech.com\\\/wp-content\\\/uploads\\\/2021\\\/06\\\/Element-Metech-Logo-1.svg\",\"width\":\"1024\",\"height\":\"1024\",\"caption\":\"Element Metech\"},\"image\":{\"@id\":\"https:\\\/\\\/elementmetech.com\\\/de\\\/#\\\/schema\\\/logo\\\/image\\\/\"},\"sameAs\":[\"https:\\\/\\\/www.linkedin.com\\\/company\\\/element-metech\\\/\"]}]}<\/script>\n<!-- \/ Yoast SEO plugin. -->","yoast_head_json":{"title":"DAkkS akkreditierte Kalibrierung - Element Metech","description":"Unsere Kalibrierlabore sind durch die DAkkS gem\u00e4\u00df ISO\/IEC 17025 akkreditiert und bieten die akkreditierte Kalibrierung von Messger\u00e4ten.","robots":{"index":"index","follow":"follow","max-snippet":"max-snippet:-1","max-image-preview":"max-image-preview:large","max-video-preview":"max-video-preview:-1"},"canonical":"https:\/\/elementmetech.com\/de\/akkreditierung\/","og_locale":"de_DE","og_type":"article","og_title":"DAkkS akkreditierte Kalibrierung - Element Metech","og_description":"Unsere Kalibrierlabore sind durch die DAkkS gem\u00e4\u00df ISO\/IEC 17025 akkreditiert und bieten die akkreditierte Kalibrierung von Messger\u00e4ten.","og_url":"https:\/\/elementmetech.com\/de\/akkreditierung\/","og_site_name":"Element Metech","article_modified_time":"2024-11-15T14:26:02+00:00","og_image":[{"width":1600,"height":480,"url":"https:\/\/elementmetech.com\/wp-content\/uploads\/2021\/06\/Calibration-Certificate-1-1600x480-1.jpg","type":"image\/jpeg"}],"twitter_card":"summary_large_image","twitter_misc":{"Gesch\u00e4tzte Lesezeit":"3 Minuten"},"schema":{"@context":"https:\/\/schema.org","@graph":[{"@type":"WebPage","@id":"https:\/\/elementmetech.com\/de\/akkreditierung\/","url":"https:\/\/elementmetech.com\/de\/akkreditierung\/","name":"DAkkS akkreditierte Kalibrierung - Element Metech","isPartOf":{"@id":"https:\/\/elementmetech.com\/de\/#website"},"primaryImageOfPage":{"@id":"https:\/\/elementmetech.com\/de\/akkreditierung\/#primaryimage"},"image":{"@id":"https:\/\/elementmetech.com\/de\/akkreditierung\/#primaryimage"},"thumbnailUrl":"https:\/\/elementmetech.com\/wp-content\/uploads\/2021\/06\/Calibration-Certificate-1-1600x480-1.jpg","datePublished":"2016-04-11T09:46:43+00:00","dateModified":"2024-11-15T14:26:02+00:00","description":"Unsere Kalibrierlabore sind durch die DAkkS gem\u00e4\u00df ISO\/IEC 17025 akkreditiert und bieten die akkreditierte Kalibrierung von Messger\u00e4ten.","breadcrumb":{"@id":"https:\/\/elementmetech.com\/de\/akkreditierung\/#breadcrumb"},"inLanguage":"de-DE","potentialAction":[{"@type":"ReadAction","target":["https:\/\/elementmetech.com\/de\/akkreditierung\/"]}]},{"@type":"ImageObject","inLanguage":"de-DE","@id":"https:\/\/elementmetech.com\/de\/akkreditierung\/#primaryimage","url":"https:\/\/elementmetech.com\/wp-content\/uploads\/2021\/06\/Calibration-Certificate-1-1600x480-1.jpg","contentUrl":"https:\/\/elementmetech.com\/wp-content\/uploads\/2021\/06\/Calibration-Certificate-1-1600x480-1.jpg","width":1600,"height":480,"caption":"Kvalitetss\u00e4kra dina m\u00e4tinstrument med ackrediterad kalibrering fr\u00e5n Element S\u00f6ker du efter ackrediterade kalibreringstj\u00e4nster och vill vara s\u00e4ker p\u00e5 att kalibreringen utf\u00f6rs av ett oberoende och kompetent laboratorium? D\u00e5 \u00e4r Element Metech det sj\u00e4lvklara valet f\u00f6r dig. V\u00e5r omfattande erfarenhet och breda utbud av ackrediterade kalibreringstj\u00e4nster, tillsammans med v\u00e5r ackreditering enligt ISO\/IEC 17025, garanterar att du f\u00e5r h\u00f6gsta kvalitet p\u00e5 dina kalibreringar. Element Metech \u00e4r stolta \u00f6ver att kunna erbjuda ett av de bredaste utbuden av ackrediterad kalibrering i Europa. Vi \u00e4r ackrediterade enligt ISO\/IEC 17025, vilket garanterar att v\u00e5r kalibrering utf\u00f6rs enligt specifika kvalitetskrav som \u00e4r internationellt erk\u00e4nda. Att anlita ett ackrediterat laboratorium som Element Metech inneb\u00e4r en kvalitetsst\u00e4mpel som \u00f6kar f\u00f6rtroendet f\u00f6r ditt f\u00f6retag och dina produkter. V\u00e5ra laboratorier ackrediteras av det nationella ackrediteringsorganet i respektive land. I Sverige \u00e4r vi ackrediterade av Swedac, som \u00e4r en oberoende part som godk\u00e4nner laboratorier enligt standarden och kraven f\u00f6r samtliga v\u00e5ra ackrediterade lab. N\u00e4r du anv\u00e4nder m\u00e4tinstrument \u00e4r det viktigt att vara s\u00e4ker p\u00e5 att de ger korrekta resultat f\u00f6r att s\u00e4kerst\u00e4lla h\u00f6gsta kvalitet p\u00e5 dina produkter och tj\u00e4nster. Ackrediterad kalibrering \u00e4r ett bevis p\u00e5 att laboratoriet \u00e4r oberoende och kompetent och att kalibreringen utf\u00f6rs enligt internationellt erk\u00e4nda kvalitetskrav. Element Metech erbjuder ett brett utbud av ackrediterade kalibreringstj\u00e4nster, och v\u00e5r ISO\/IEC 17025-ackreditering garanterar h\u00f6gsta kvalitet. V\u00e5ra laboratorier ackrediteras av det nationella ackrediteringsorganet i respektive land. Ackrediterad kalibrering enligt ISO\/IEC 17025 Swedac Ackrediteringscertifikat ackrediterad kalibrring - element metech"},{"@type":"BreadcrumbList","@id":"https:\/\/elementmetech.com\/de\/akkreditierung\/#breadcrumb","itemListElement":[{"@type":"ListItem","position":1,"name":"Home","item":"https:\/\/elementmetech.com\/de\/"},{"@type":"ListItem","position":2,"name":"Akkreditierte Kalibrierung"}]},{"@type":"WebSite","@id":"https:\/\/elementmetech.com\/de\/#website","url":"https:\/\/elementmetech.com\/de\/","name":"Element Metech","description":"Delivering metrological confidence","publisher":{"@id":"https:\/\/elementmetech.com\/de\/#organization"},"potentialAction":[{"@type":"SearchAction","target":{"@type":"EntryPoint","urlTemplate":"https:\/\/elementmetech.com\/de\/?s={search_term_string}"},"query-input":{"@type":"PropertyValueSpecification","valueRequired":true,"valueName":"search_term_string"}}],"inLanguage":"de-DE"},{"@type":"Organization","@id":"https:\/\/elementmetech.com\/de\/#organization","name":"Element Metech","url":"https:\/\/elementmetech.com\/de\/","logo":{"@type":"ImageObject","inLanguage":"de-DE","@id":"https:\/\/elementmetech.com\/de\/#\/schema\/logo\/image\/","url":"https:\/\/elementmetech.com\/wp-content\/uploads\/2021\/06\/Element-Metech-Logo-1.svg","contentUrl":"https:\/\/elementmetech.com\/wp-content\/uploads\/2021\/06\/Element-Metech-Logo-1.svg","width":"1024","height":"1024","caption":"Element Metech"},"image":{"@id":"https:\/\/elementmetech.com\/de\/#\/schema\/logo\/image\/"},"sameAs":["https:\/\/www.linkedin.com\/company\/element-metech\/"]}]}},"_links":{"self":[{"href":"https:\/\/elementmetech.com\/de\/wp-json\/wp\/v2\/pages\/538","targetHints":{"allow":["GET"]}}],"collection":[{"href":"https:\/\/elementmetech.com\/de\/wp-json\/wp\/v2\/pages"}],"about":[{"href":"https:\/\/elementmetech.com\/de\/wp-json\/wp\/v2\/types\/page"}],"author":[{"embeddable":true,"href":"https:\/\/elementmetech.com\/de\/wp-json\/wp\/v2\/users\/33"}],"replies":[{"embeddable":true,"href":"https:\/\/elementmetech.com\/de\/wp-json\/wp\/v2\/comments?post=538"}],"version-history":[{"count":0,"href":"https:\/\/elementmetech.com\/de\/wp-json\/wp\/v2\/pages\/538\/revisions"}],"wp:featuredmedia":[{"embeddable":true,"href":"https:\/\/elementmetech.com\/de\/wp-json\/wp\/v2\/media\/3530"}],"wp:attachment":[{"href":"https:\/\/elementmetech.com\/de\/wp-json\/wp\/v2\/media?parent=538"}],"wp:term":[{"taxonomy":"post_tag","embeddable":true,"href":"https:\/\/elementmetech.com\/de\/wp-json\/wp\/v2\/tags?post=538"}],"curies":[{"name":"wp","href":"https:\/\/api.w.org\/{rel}","templated":true}]}}