{"id":509,"date":"2016-07-04T09:18:44","date_gmt":"2016-07-04T09:18:44","guid":{"rendered":"https:\/\/elementmetech.wpengine.com\/outsourcing\/"},"modified":"2016-07-04T09:18:44","modified_gmt":"2016-07-04T09:18:44","slug":"outsourcing","status":"publish","type":"page","link":"https:\/\/elementmetech.com\/de\/outsourcing\/","title":{"rendered":"Outsourcing"},"content":{"rendered":"<p>Durch kontinuierliche Outsourcing Partnerschaften und \u00dcbernahmen ist Element Metech seit 1947 stetig gewachsen. Wir sind der f\u00fchrende 3rd Party Kalibrierdienstleister in Europa und Spezialist bei dem Outsourcing von internen Kalibrierlaboren. Das bedeutet tiefes Verst\u00e4ndnis verschiedenster Industrien, neuer Messgr\u00f6ssen, Akkreditierungen und Kapazit\u00e4ten. Davon profitieren alle Kunden.<\/p>\n<h2>Harmonisierte Prozesse und Qualit\u00e4tslevel<\/h2>\n<p>Wir sind Experten bei der Beurteilung der Qualit\u00e4tsanforderungen in verschiedensten Industriesektoren. Element Metech hilft Ihnen f\u00fcr Sie den richtigen Weg zu finden.<\/p>\n<p>Outsourcing bedeutet harmonisierte Prozesse und einheitlicher hoher Qualit\u00e4tsstandard. Neue Technologien und Herausforderungen kommen allen zu Gute.<\/p>\n<h2>Wir \u00fcbernehmen Verantwortung<\/h2>\n<p>Outsourcing bedeutet, dass Sie sich auf Ihr Kerngesch\u00e4ft konzentrieren k\u00f6nnen, w\u00e4hrend wir uns um Ihre Kalibrierung k\u00fcmmern. Investitionen und Verwaltung werden reduziert, die Professionalit\u00e4t bleibt erhalten. Element Metech \u00fcbernimmt die volle Verantwortung f\u00fcr Investitionen, Akkreditierung und f\u00fcr die Mitarbeiter.<\/p>\n<h2>Was passiert mit den Mitarbeitern?<\/h2>\n<p>Ihre Mitarbeiter werden ein wichtiger Teil der Element Metech dessen Kerngesch\u00e4ft das Kalibrieren ist. Ihre Mitarbeiter k\u00f6nnen sich weiterentwickeln und lernen neue Kunden und Technologien kennen.<\/p>\n","protected":false},"excerpt":{"rendered":"<p>Durch kontinuierliche Outsourcing Partnerschaften und \u00dcbernahmen ist Element Metech seit 1947 stetig gewachsen. Wir sind der f\u00fchrende 3rd Party Kalibrierdienstleister in Europa und Spezialist bei dem Outsourcing von internen Kalibrierlaboren. Das bedeutet tiefes Verst\u00e4ndnis verschiedenster Industrien, neuer Messgr\u00f6ssen, Akkreditierungen und Kapazit\u00e4ten. Davon profitieren alle Kunden. Harmonisierte Prozesse und Qualit\u00e4tslevel Wir sind Experten bei der Beurteilung [&hellip;]<\/p>\n","protected":false},"author":33,"featured_media":2834,"parent":0,"menu_order":5,"comment_status":"closed","ping_status":"closed","template":"","meta":{"_acf_changed":false,"_et_pb_use_builder":"","_et_pb_old_content":"","_et_gb_content_width":"","footnotes":""},"tags":[],"class_list":["post-509","page","type-page","status-publish","has-post-thumbnail","hentry"],"acf":[],"yoast_head":"<!-- This site is optimized with the Yoast SEO plugin v27.3 - https:\/\/yoast.com\/product\/yoast-seo-wordpress\/ -->\n<title>Wir \u00fcbernehmen Verantwortung (Outsourcing)<\/title>\n<meta name=\"robots\" content=\"index, follow, max-snippet:-1, max-image-preview:large, max-video-preview:-1\" \/>\n<link rel=\"canonical\" href=\"https:\/\/elementmetech.com\/de\/outsourcing\/\" \/>\n<meta property=\"og:locale\" content=\"de_DE\" \/>\n<meta property=\"og:type\" content=\"article\" \/>\n<meta property=\"og:title\" content=\"Wir \u00fcbernehmen Verantwortung (Outsourcing)\" \/>\n<meta property=\"og:description\" content=\"Durch kontinuierliche Outsourcing Partnerschaften und \u00dcbernahmen ist Element Metech seit 1947 stetig gewachsen. Wir sind der f\u00fchrende 3rd Party Kalibrierdienstleister in Europa und Spezialist bei dem Outsourcing von internen Kalibrierlaboren. Das bedeutet tiefes Verst\u00e4ndnis verschiedenster Industrien, neuer Messgr\u00f6ssen, Akkreditierungen und Kapazit\u00e4ten. Davon profitieren alle Kunden. Harmonisierte Prozesse und Qualit\u00e4tslevel Wir sind Experten bei der Beurteilung [&hellip;]\" \/>\n<meta property=\"og:url\" content=\"https:\/\/elementmetech.com\/de\/outsourcing\/\" \/>\n<meta property=\"og:site_name\" content=\"Element Metech\" \/>\n<meta property=\"og:image\" content=\"https:\/\/elementmetech.com\/wp-content\/uploads\/2021\/06\/em-header2021-06-15-at-1-4-59.jpg\" \/>\n\t<meta property=\"og:image:width\" content=\"1600\" \/>\n\t<meta property=\"og:image:height\" content=\"477\" \/>\n\t<meta property=\"og:image:type\" content=\"image\/jpeg\" \/>\n<meta name=\"twitter:card\" content=\"summary_large_image\" \/>\n<meta name=\"twitter:label1\" content=\"Gesch\u00e4tzte Lesezeit\" \/>\n\t<meta name=\"twitter:data1\" content=\"1 Minute\" \/>\n<script type=\"application\/ld+json\" class=\"yoast-schema-graph\">{\"@context\":\"https:\\\/\\\/schema.org\",\"@graph\":[{\"@type\":\"WebPage\",\"@id\":\"https:\\\/\\\/elementmetech.com\\\/de\\\/outsourcing\\\/\",\"url\":\"https:\\\/\\\/elementmetech.com\\\/de\\\/outsourcing\\\/\",\"name\":\"Wir \u00fcbernehmen Verantwortung (Outsourcing)\",\"isPartOf\":{\"@id\":\"https:\\\/\\\/elementmetech.com\\\/de\\\/#website\"},\"primaryImageOfPage\":{\"@id\":\"https:\\\/\\\/elementmetech.com\\\/de\\\/outsourcing\\\/#primaryimage\"},\"image\":{\"@id\":\"https:\\\/\\\/elementmetech.com\\\/de\\\/outsourcing\\\/#primaryimage\"},\"thumbnailUrl\":\"https:\\\/\\\/elementmetech.com\\\/wp-content\\\/uploads\\\/2021\\\/06\\\/em-header2021-06-15-at-1-4-59.jpg\",\"datePublished\":\"2016-07-04T09:18:44+00:00\",\"breadcrumb\":{\"@id\":\"https:\\\/\\\/elementmetech.com\\\/de\\\/outsourcing\\\/#breadcrumb\"},\"inLanguage\":\"de-DE\",\"potentialAction\":[{\"@type\":\"ReadAction\",\"target\":[\"https:\\\/\\\/elementmetech.com\\\/de\\\/outsourcing\\\/\"]}]},{\"@type\":\"ImageObject\",\"inLanguage\":\"de-DE\",\"@id\":\"https:\\\/\\\/elementmetech.com\\\/de\\\/outsourcing\\\/#primaryimage\",\"url\":\"https:\\\/\\\/elementmetech.com\\\/wp-content\\\/uploads\\\/2021\\\/06\\\/em-header2021-06-15-at-1-4-59.jpg\",\"contentUrl\":\"https:\\\/\\\/elementmetech.com\\\/wp-content\\\/uploads\\\/2021\\\/06\\\/em-header2021-06-15-at-1-4-59.jpg\",\"width\":1600,\"height\":477},{\"@type\":\"BreadcrumbList\",\"@id\":\"https:\\\/\\\/elementmetech.com\\\/de\\\/outsourcing\\\/#breadcrumb\",\"itemListElement\":[{\"@type\":\"ListItem\",\"position\":1,\"name\":\"Home\",\"item\":\"https:\\\/\\\/elementmetech.com\\\/de\\\/\"},{\"@type\":\"ListItem\",\"position\":2,\"name\":\"Outsourcing\"}]},{\"@type\":\"WebSite\",\"@id\":\"https:\\\/\\\/elementmetech.com\\\/de\\\/#website\",\"url\":\"https:\\\/\\\/elementmetech.com\\\/de\\\/\",\"name\":\"Element Metech\",\"description\":\"Delivering metrological confidence\",\"publisher\":{\"@id\":\"https:\\\/\\\/elementmetech.com\\\/de\\\/#organization\"},\"potentialAction\":[{\"@type\":\"SearchAction\",\"target\":{\"@type\":\"EntryPoint\",\"urlTemplate\":\"https:\\\/\\\/elementmetech.com\\\/de\\\/?s={search_term_string}\"},\"query-input\":{\"@type\":\"PropertyValueSpecification\",\"valueRequired\":true,\"valueName\":\"search_term_string\"}}],\"inLanguage\":\"de-DE\"},{\"@type\":\"Organization\",\"@id\":\"https:\\\/\\\/elementmetech.com\\\/de\\\/#organization\",\"name\":\"Element Metech\",\"url\":\"https:\\\/\\\/elementmetech.com\\\/de\\\/\",\"logo\":{\"@type\":\"ImageObject\",\"inLanguage\":\"de-DE\",\"@id\":\"https:\\\/\\\/elementmetech.com\\\/de\\\/#\\\/schema\\\/logo\\\/image\\\/\",\"url\":\"https:\\\/\\\/elementmetech.com\\\/wp-content\\\/uploads\\\/2021\\\/06\\\/Element-Metech-Logo-1.svg\",\"contentUrl\":\"https:\\\/\\\/elementmetech.com\\\/wp-content\\\/uploads\\\/2021\\\/06\\\/Element-Metech-Logo-1.svg\",\"width\":\"1024\",\"height\":\"1024\",\"caption\":\"Element Metech\"},\"image\":{\"@id\":\"https:\\\/\\\/elementmetech.com\\\/de\\\/#\\\/schema\\\/logo\\\/image\\\/\"},\"sameAs\":[\"https:\\\/\\\/www.linkedin.com\\\/company\\\/element-metech\\\/\"]}]}<\/script>\n<!-- \/ Yoast SEO plugin. -->","yoast_head_json":{"title":"Wir \u00fcbernehmen Verantwortung (Outsourcing)","robots":{"index":"index","follow":"follow","max-snippet":"max-snippet:-1","max-image-preview":"max-image-preview:large","max-video-preview":"max-video-preview:-1"},"canonical":"https:\/\/elementmetech.com\/de\/outsourcing\/","og_locale":"de_DE","og_type":"article","og_title":"Wir \u00fcbernehmen Verantwortung (Outsourcing)","og_description":"Durch kontinuierliche Outsourcing Partnerschaften und \u00dcbernahmen ist Element Metech seit 1947 stetig gewachsen. Wir sind der f\u00fchrende 3rd Party Kalibrierdienstleister in Europa und Spezialist bei dem Outsourcing von internen Kalibrierlaboren. Das bedeutet tiefes Verst\u00e4ndnis verschiedenster Industrien, neuer Messgr\u00f6ssen, Akkreditierungen und Kapazit\u00e4ten. Davon profitieren alle Kunden. Harmonisierte Prozesse und Qualit\u00e4tslevel Wir sind Experten bei der Beurteilung [&hellip;]","og_url":"https:\/\/elementmetech.com\/de\/outsourcing\/","og_site_name":"Element Metech","og_image":[{"width":1600,"height":477,"url":"https:\/\/elementmetech.com\/wp-content\/uploads\/2021\/06\/em-header2021-06-15-at-1-4-59.jpg","type":"image\/jpeg"}],"twitter_card":"summary_large_image","twitter_misc":{"Gesch\u00e4tzte Lesezeit":"1 Minute"},"schema":{"@context":"https:\/\/schema.org","@graph":[{"@type":"WebPage","@id":"https:\/\/elementmetech.com\/de\/outsourcing\/","url":"https:\/\/elementmetech.com\/de\/outsourcing\/","name":"Wir \u00fcbernehmen Verantwortung (Outsourcing)","isPartOf":{"@id":"https:\/\/elementmetech.com\/de\/#website"},"primaryImageOfPage":{"@id":"https:\/\/elementmetech.com\/de\/outsourcing\/#primaryimage"},"image":{"@id":"https:\/\/elementmetech.com\/de\/outsourcing\/#primaryimage"},"thumbnailUrl":"https:\/\/elementmetech.com\/wp-content\/uploads\/2021\/06\/em-header2021-06-15-at-1-4-59.jpg","datePublished":"2016-07-04T09:18:44+00:00","breadcrumb":{"@id":"https:\/\/elementmetech.com\/de\/outsourcing\/#breadcrumb"},"inLanguage":"de-DE","potentialAction":[{"@type":"ReadAction","target":["https:\/\/elementmetech.com\/de\/outsourcing\/"]}]},{"@type":"ImageObject","inLanguage":"de-DE","@id":"https:\/\/elementmetech.com\/de\/outsourcing\/#primaryimage","url":"https:\/\/elementmetech.com\/wp-content\/uploads\/2021\/06\/em-header2021-06-15-at-1-4-59.jpg","contentUrl":"https:\/\/elementmetech.com\/wp-content\/uploads\/2021\/06\/em-header2021-06-15-at-1-4-59.jpg","width":1600,"height":477},{"@type":"BreadcrumbList","@id":"https:\/\/elementmetech.com\/de\/outsourcing\/#breadcrumb","itemListElement":[{"@type":"ListItem","position":1,"name":"Home","item":"https:\/\/elementmetech.com\/de\/"},{"@type":"ListItem","position":2,"name":"Outsourcing"}]},{"@type":"WebSite","@id":"https:\/\/elementmetech.com\/de\/#website","url":"https:\/\/elementmetech.com\/de\/","name":"Element Metech","description":"Delivering metrological confidence","publisher":{"@id":"https:\/\/elementmetech.com\/de\/#organization"},"potentialAction":[{"@type":"SearchAction","target":{"@type":"EntryPoint","urlTemplate":"https:\/\/elementmetech.com\/de\/?s={search_term_string}"},"query-input":{"@type":"PropertyValueSpecification","valueRequired":true,"valueName":"search_term_string"}}],"inLanguage":"de-DE"},{"@type":"Organization","@id":"https:\/\/elementmetech.com\/de\/#organization","name":"Element Metech","url":"https:\/\/elementmetech.com\/de\/","logo":{"@type":"ImageObject","inLanguage":"de-DE","@id":"https:\/\/elementmetech.com\/de\/#\/schema\/logo\/image\/","url":"https:\/\/elementmetech.com\/wp-content\/uploads\/2021\/06\/Element-Metech-Logo-1.svg","contentUrl":"https:\/\/elementmetech.com\/wp-content\/uploads\/2021\/06\/Element-Metech-Logo-1.svg","width":"1024","height":"1024","caption":"Element Metech"},"image":{"@id":"https:\/\/elementmetech.com\/de\/#\/schema\/logo\/image\/"},"sameAs":["https:\/\/www.linkedin.com\/company\/element-metech\/"]}]}},"_links":{"self":[{"href":"https:\/\/elementmetech.com\/de\/wp-json\/wp\/v2\/pages\/509","targetHints":{"allow":["GET"]}}],"collection":[{"href":"https:\/\/elementmetech.com\/de\/wp-json\/wp\/v2\/pages"}],"about":[{"href":"https:\/\/elementmetech.com\/de\/wp-json\/wp\/v2\/types\/page"}],"author":[{"embeddable":true,"href":"https:\/\/elementmetech.com\/de\/wp-json\/wp\/v2\/users\/33"}],"replies":[{"embeddable":true,"href":"https:\/\/elementmetech.com\/de\/wp-json\/wp\/v2\/comments?post=509"}],"version-history":[{"count":0,"href":"https:\/\/elementmetech.com\/de\/wp-json\/wp\/v2\/pages\/509\/revisions"}],"wp:featuredmedia":[{"embeddable":true,"href":"https:\/\/elementmetech.com\/de\/wp-json\/wp\/v2\/media\/2834"}],"wp:attachment":[{"href":"https:\/\/elementmetech.com\/de\/wp-json\/wp\/v2\/media?parent=509"}],"wp:term":[{"taxonomy":"post_tag","embeddable":true,"href":"https:\/\/elementmetech.com\/de\/wp-json\/wp\/v2\/tags?post=509"}],"curies":[{"name":"wp","href":"https:\/\/api.w.org\/{rel}","templated":true}]}}