{"id":15440,"date":"2022-05-13T11:43:43","date_gmt":"2022-05-13T11:43:43","guid":{"rendered":"https:\/\/elementmet3stg.wpenginepowered.com\/kalibrierung\/varfor-kalibrera\/"},"modified":"2025-09-01T14:58:23","modified_gmt":"2025-09-01T12:58:23","slug":"varfor-kalibrera","status":"publish","type":"page","link":"https:\/\/elementmetech.com\/de\/calibration\/varfor-kalibrera\/","title":{"rendered":"Varf\u00f6r kalibrera hos ett ackrediterat laboratorium?"},"content":{"rendered":"<p>[et_pb_section fb_built=&#8221;1&#8243; admin_label=&#8221;section&#8221; _builder_version=&#8221;4.16&#8243; locked=&#8221;off&#8221; global_colors_info=&#8221;{}&#8221;][et_pb_row column_structure=&#8221;1_5,3_5,1_5&#8243; admin_label=&#8221;row&#8221; _builder_version=&#8221;4.16&#8243; background_size=&#8221;initial&#8221; background_position=&#8221;top_left&#8221; background_repeat=&#8221;repeat&#8221; global_colors_info=&#8221;{}&#8221;][et_pb_column type=&#8221;1_5&#8243; _builder_version=&#8221;4.16&#8243; custom_padding=&#8221;|||&#8221; global_colors_info=&#8221;{}&#8221; custom_padding__hover=&#8221;|||&#8221;][\/et_pb_column][et_pb_column type=&#8221;3_5&#8243; _builder_version=&#8221;4.16&#8243; custom_padding=&#8221;|||&#8221; global_colors_info=&#8221;{}&#8221; custom_padding__hover=&#8221;|||&#8221;][et_pb_text admin_label=&#8221;Intro&#8221; _builder_version=&#8221;4.16&#8243; background_size=&#8221;initial&#8221; background_position=&#8221;top_left&#8221; background_repeat=&#8221;repeat&#8221; global_colors_info=&#8221;{}&#8221;]<\/p>\n<div class=\"super-lead\">ISO\/IEC 17025 \u00e4r en erk\u00e4nd internationell kvalitetsstandard. F\u00f6rutom att ge metrologisk f\u00f6rtroende f\u00f6r din egen verksamhet, kommer anv\u00e4ndningen av en ackrediterad kalibreringstj\u00e4nst ocks\u00e5 att inneb\u00e4ra en kvalitetsm\u00e4rkning f\u00f6r ditt f\u00f6retag och dina produkter, om dina kunder vet att din testutrustning har kalibrerats noggrant av ett oberoende, kvalificerat kalibreringslaboratorium.<\/div>\n<p>[\/et_pb_text][\/et_pb_column][et_pb_column type=&#8221;1_5&#8243; _builder_version=&#8221;4.16&#8243; custom_padding=&#8221;|||&#8221; global_colors_info=&#8221;{}&#8221; custom_padding__hover=&#8221;|||&#8221;][\/et_pb_column][\/et_pb_row][et_pb_row column_structure=&#8221;1_3,1_3,1_3&#8243; _builder_version=&#8221;4.16&#8243; _module_preset=&#8221;default&#8221; global_colors_info=&#8221;{}&#8221;][et_pb_column type=&#8221;1_3&#8243; _builder_version=&#8221;4.16&#8243; _module_preset=&#8221;default&#8221; global_colors_info=&#8221;{}&#8221;][et_pb_text _builder_version=&#8221;4.16&#8243; _module_preset=&#8221;default&#8221; global_colors_info=&#8221;{}&#8221;]<\/p>\n<h3>M\u00e4t r\u00e4tt<\/h3>\n<p>Kalibrering beh\u00f6vs alltid f\u00f6r att se om dina m\u00e4tinstrument st\u00e4mmer \u00f6verens med verkligheten. Genom att j\u00e4mf\u00f6ra m\u00e4tinstrumentet med en k\u00e4nd referensstandard kan kalibreringslaboratoriet se att instrumentet ligger inom referensramarna. Kalibrerade m\u00e4tinstrument kvalitetss\u00e4krar verksamheten och s\u00e4kerst\u00e4ller att du kan leverera korrekta data till dina kunder.<\/p>\n<p><a href=\"\/sv\/kalibrering\/vad-ar-kalibrering\/\">Vi reder ut begreppen.<\/a><\/p>\n<p>[\/et_pb_text][et_pb_button button_url=&#8221;https:\/\/search.swedac.se\/sv\/ackrediteringar\/0012&#8243; url_new_window=&#8221;on&#8221; button_text=&#8221;Ackrediterade laboratorier&#8221; _builder_version=&#8221;4.16&#8243; _module_preset=&#8221;default&#8221; global_colors_info=&#8221;{}&#8221;][\/et_pb_button][\/et_pb_column][et_pb_column type=&#8221;1_3&#8243; _builder_version=&#8221;4.16&#8243; _module_preset=&#8221;default&#8221; global_colors_info=&#8221;{}&#8221;][et_pb_text admin_label=&#8221;Sp\u00e5rbar kalibreringsstandard&#8221; _builder_version=&#8221;4.16&#8243; background_size=&#8221;initial&#8221; background_position=&#8221;top_left&#8221; background_repeat=&#8221;repeat&#8221; global_colors_info=&#8221;{}&#8221;]<\/p>\n<h3>Kalibreringscertificat<\/h3>\n<p>Ett kalibreringscertifikat utf\u00e4rdas efter en s.k. sp\u00e5rbar kalibrering och visar att m\u00e4tinstrumentet har j\u00e4mf\u00f6rts med en k\u00e4nd referensstandard, det vill s\u00e4ga en sp\u00e5rbar standard. Standarden \u00e4r en kvantitet baserad p\u00e5 SI-systemets sju grundenheter plus ett antal h\u00e4rledda enheter.<\/p>\n<p>[\/et_pb_text][et_pb_text admin_label=&#8221;Ackrediterad kalibrering&#8221; _builder_version=&#8221;4.16&#8243; _module_preset=&#8221;default&#8221; global_colors_info=&#8221;{}&#8221;]<\/p>\n<h3>Kalibreringsbevis<\/h3>\n<p>Ibland st\u00e4lls krav p\u00e5 att man kan uppvisa ett kalibreringsbevis, vilket kr\u00e4ver att laboratoriet som utf\u00f6r kalibreringen \u00e4r ackrediterat. F\u00f6rst efter utf\u00f6rd <strong>ackrediterad kalibrering<\/strong> kan ett kalibreringsbevis uf\u00e4rdas. Observera att ett kalibreringsbevis ej b\u00f6r f\u00f6rv\u00e4xlas med ett kalibreringscertifikat.<\/p>\n<p>[\/et_pb_text][\/et_pb_column][et_pb_column type=&#8221;1_3&#8243; _builder_version=&#8221;4.16&#8243; _module_preset=&#8221;default&#8221; global_colors_info=&#8221;{}&#8221;][et_pb_cta title=&#8221;Full koll p\u00e5 dina m\u00e4tdon med MIO&#8221; button_url=&#8221;\/sv\/matdonsregister-mio\/&#8221; button_text=&#8221;M\u00e4tdonsregister, MIO&#8221; admin_label=&#8221;MIO &#8211; CTA&#8221; _builder_version=&#8221;4.11.1&#8243; _module_preset=&#8221;default&#8221; header_level=&#8221;h3&#8243; background_color=&#8221;#009dd5&#8243; text_orientation=&#8221;left&#8221; custom_padding=&#8221;20px|20px|20px|20px|false|false&#8221; border_radii=&#8221;on|5px|5px|5px|5px&#8221; global_module=&#8221;6223&#8243; saved_tabs=&#8221;all&#8221; global_colors_info=&#8221;{}&#8221;]<\/p>\n<p>Metech Instrument Organizer, MIO, \u00e4r v\u00e5rt popul\u00e4ra webb-baserade m\u00e4tdonsregister som hj\u00e4lper dig att h\u00e5lla full kontroll \u00f6ver m\u00e4tdonshistorik, kalibreringsstatus och kalibreringscertifikat. Enkelt, s\u00e4kert och redo f\u00f6r n\u00e4sta revision.<\/p>\n<p>[\/et_pb_cta][\/et_pb_column][\/et_pb_row][\/et_pb_section][et_pb_section fb_built=&#8221;1&#8243; _builder_version=&#8221;4.16&#8243; _module_preset=&#8221;default&#8221; background_color=&#8221;#efefef&#8221; locked=&#8221;off&#8221; global_colors_info=&#8221;{}&#8221;][et_pb_row _builder_version=&#8221;4.16&#8243; _module_preset=&#8221;default&#8221; global_colors_info=&#8221;{}&#8221;][et_pb_column type=&#8221;4_4&#8243; _builder_version=&#8221;4.16&#8243; _module_preset=&#8221;default&#8221; global_colors_info=&#8221;{}&#8221;][et_pb_text _builder_version=&#8221;4.16&#8243; _module_preset=&#8221;default&#8221; text_orientation=&#8221;center&#8221; global_colors_info=&#8221;{}&#8221;]<\/p>\n<h2>Kalibreringstj\u00e4nster fr\u00e5n Element Metech<\/h2>\n<p>[\/et_pb_text][\/et_pb_column][\/et_pb_row][et_pb_row column_structure=&#8221;1_4,1_4,1_4,1_4&#8243; _builder_version=&#8221;4.16&#8243; _module_preset=&#8221;default&#8221; global_colors_info=&#8221;{}&#8221;][et_pb_column type=&#8221;1_4&#8243; _builder_version=&#8221;4.16&#8243; _module_preset=&#8221;default&#8221; global_colors_info=&#8221;{}&#8221;][et_pb_text _builder_version=&#8221;4.16&#8243; _module_preset=&#8221;default&#8221; link_option_url=&#8221;\/sv\/kalibrering\/elektriska-maetinstrument\/&#8221; global_colors_info=&#8221;{}&#8221;]<\/p>\n<h3>Elektriska m\u00e4tinstrument<\/h3>\n<p>Vi utf\u00f6r kalibrering av elektriska m\u00e4tinstrument inom DC\/LF, RF\/mikrov\u00e5gor och tid\/frekvens. Vi kalibrerar allt fr\u00e5n portabla multimetrar och str\u00f6mt\u00e4nger till oscilloskop och spektrumanalysatorer.<\/p>\n<p>[\/et_pb_text][et_pb_text _builder_version=&#8221;4.16&#8243; _module_preset=&#8221;default&#8221; link_option_url=&#8221;\/sv\/kalibrering\/kalibrering-av-optiska-och-fiberoptiska-maetinstrument\/&#8221; global_colors_info=&#8221;{}&#8221;]<\/p>\n<h3>Optiska m\u00e4tinstrument<\/h3>\n<p>Element Metech utf\u00f6r sp\u00e5rbar och ackrediterad kalibrering av m\u00e4tdon och m\u00e4tinstrument som m\u00e4ter optiska signaler. Vi \u00e4r opartiska och kalibrerar alla fabrikat och typer av m\u00e4tinstrument.<\/p>\n<p>[\/et_pb_text][\/et_pb_column][et_pb_column type=&#8221;1_4&#8243; _builder_version=&#8221;4.16&#8243; _module_preset=&#8221;default&#8221; global_colors_info=&#8221;{}&#8221;][et_pb_text _builder_version=&#8221;4.16&#8243; _module_preset=&#8221;default&#8221; link_option_url=&#8221;\/sv\/kalibrering\/laengdkalibrering\/&#8221; global_colors_info=&#8221;{}&#8221;]<\/p>\n<h3>L\u00e4ngd &amp; geometri<\/h3>\n<p>F\u00f6r att bibeh\u00e5lla m\u00e4tnoggrannheten hos geometriska m\u00e4tdon som skjutm\u00e5tt och mikrometrar utg\u00f6r regelbunden kalibrering en viktig del av underh\u00e5llet. Element Metech erbjuder ett brett utbud av kalibrering av l\u00e4ngdm\u00e4tdon, g\u00e4ngtolkar och vinkelgivare. Kalibreringen utf\u00f6rs enligt internationella standarder och vi \u00e4r ackrediterade enligt ISO\/IEC 17025 f\u00f6r en rad olika typer av m\u00e4tdon.[\/et_pb_text][et_pb_text _builder_version=&#8221;4.16&#8243; _module_preset=&#8221;default&#8221; link_option_url=&#8221;\/sv\/kalibrering\/kalibrering-och-service-av-fibersvetsar\/&#8221; global_colors_info=&#8221;{}&#8221;]<\/p>\n<h3>Fibersvetsar<\/h3>\n<p>En av v\u00e5ra specialiteter \u00e4r service av fibersvetsar. V\u00e5r l\u00e5nga erfarenhet t\u00e4cker de allra \ufb02esta fabrikat och typer, vilket ger dig b\u00e4ttre skarvv\u00e4rden och h\u00f6gre tillf\u00f6rlitlighet.[\/et_pb_text][\/et_pb_column][et_pb_column type=&#8221;1_4&#8243; _builder_version=&#8221;4.16&#8243; _module_preset=&#8221;default&#8221; global_colors_info=&#8221;{}&#8221;][et_pb_text _builder_version=&#8221;4.16&#8243; _module_preset=&#8221;default&#8221; link_option_url=&#8221;\/sv\/kalibrering\/mekanisk-kalibrering\/&#8221; global_colors_info=&#8221;{}&#8221;]<\/p>\n<h3>Givarkalibrering<\/h3>\n<p>Mekanisk kalibrering t\u00e4cker ett mycket brett omr\u00e5de, bland annat moment, kraft, tryck, \ufb02\u00f6de, massa\/vikt och acceleration\/vibration. Vi kalibrerar de allra flesta fabrikat och typer av verktyg och givare inom detta omr\u00e5de.[\/et_pb_text][et_pb_text _builder_version=&#8221;4.16&#8243; _module_preset=&#8221;default&#8221; link_option_url=&#8221;\/sv\/kalibrering\/kalibrering-av-pipetter\/&#8221; global_colors_info=&#8221;{}&#8221;]<\/p>\n<h3>Pipetter<\/h3>\n<p>Kalibrering \u00e4r det enda s\u00e4ttet att s\u00e4kerst\u00e4lla att pipetten inte hamnar utanf\u00f6r sina toleransgr\u00e4nser. Vi erbjuder service och ackrediterad kalibrering av alla typer av enkanals- och flerkanalspipetter i intervallet 0,1 \u00b5l till 50000 \u00b5l. Kalibrering utf\u00f6rs enligt ISO 8655 och med referensutrustning som \u00e4r sp\u00e5rbar till nationella och internationella normaler.[\/et_pb_text][\/et_pb_column][et_pb_column type=&#8221;1_4&#8243; _builder_version=&#8221;4.16&#8243; _module_preset=&#8221;default&#8221; global_colors_info=&#8221;{}&#8221;][et_pb_text _builder_version=&#8221;4.16&#8243; _module_preset=&#8221;default&#8221; link_option_url=&#8221;\/sv\/kalibrering\/kalibrering-av-temperatur-fukt\/&#8221; global_colors_info=&#8221;{}&#8221;]<\/p>\n<h3>Temperatur &amp; fukt<\/h3>\n<p>Inom temperatur och luftfuktighet kalibrerar vi m\u00e5nga olika typer av termometrar, temperaturgivare och fuktm\u00e4tare. Omr\u00e5det temperatur och fukt t\u00e4cker \u00e4ven kalibrering av klimatsk\u00e5p och v\u00e4rmesk\u00e5p, och p\u00e5 plats kan vi ocks\u00e5 kalibrera station\u00e4ra temperatursensorer och temperatursystem.[\/et_pb_text][et_pb_text _builder_version=&#8221;4.16&#8243; _module_preset=&#8221;default&#8221; link_option_url=&#8221;\/sv\/kalibrering\/akustisk-utrustning\/&#8221; global_colors_info=&#8221;{}&#8221;]<\/p>\n<h3>Akustisk kalibrering<\/h3>\n<p>V\u00e5rt kalibreringslaboratorium i Taastrup K\u00f6penhamn \u00e4r specialiserat p\u00e5 ackrediterad kalibrering av akustisk m\u00e4tutrustning och kalibrerar de flesta m\u00e4rken och instrumenttyper f\u00f6r att hj\u00e4lpa tillverkare att uppfylla strikta kvalitetskrav.[\/et_pb_text][\/et_pb_column][\/et_pb_row][\/et_pb_section]<\/p>\n","protected":false},"excerpt":{"rendered":"<p>[et_pb_section fb_built=&#8221;1&#8243; admin_label=&#8221;section&#8221; _builder_version=&#8221;4.16&#8243; locked=&#8221;off&#8221; global_colors_info=&#8221;{}&#8221;][et_pb_row column_structure=&#8221;1_5,3_5,1_5&#8243; admin_label=&#8221;row&#8221; _builder_version=&#8221;4.16&#8243; background_size=&#8221;initial&#8221; background_position=&#8221;top_left&#8221; background_repeat=&#8221;repeat&#8221; global_colors_info=&#8221;{}&#8221;][et_pb_column type=&#8221;1_5&#8243; _builder_version=&#8221;4.16&#8243; custom_padding=&#8221;|||&#8221; global_colors_info=&#8221;{}&#8221; custom_padding__hover=&#8221;|||&#8221;][\/et_pb_column][et_pb_column type=&#8221;3_5&#8243; _builder_version=&#8221;4.16&#8243; custom_padding=&#8221;|||&#8221; global_colors_info=&#8221;{}&#8221; custom_padding__hover=&#8221;|||&#8221;][et_pb_text admin_label=&#8221;Intro&#8221; _builder_version=&#8221;4.16&#8243; background_size=&#8221;initial&#8221; background_position=&#8221;top_left&#8221; background_repeat=&#8221;repeat&#8221; global_colors_info=&#8221;{}&#8221;] ISO\/IEC 17025 \u00e4r en erk\u00e4nd internationell kvalitetsstandard. F\u00f6rutom att ge metrologisk f\u00f6rtroende f\u00f6r din egen verksamhet, kommer anv\u00e4ndningen av en ackrediterad kalibreringstj\u00e4nst ocks\u00e5 att inneb\u00e4ra en [&hellip;]<\/p>\n","protected":false},"author":33,"featured_media":5983,"parent":512,"menu_order":0,"comment_status":"closed","ping_status":"closed","template":"","meta":{"_acf_changed":false,"_et_pb_use_builder":"","_et_pb_old_content":"<h3>Why use an accredited laboratory?<\/h3><p>ISO\/IEC 17025 is a recognized international quality standard. Besides providing metrological confidence to your own operations, using an accredited calibration service will also mean a quality label for your company and products, if your customers know that your test equipment has been thoroughly calibrated by an independent, qualified calibration laboratory.<\/p>","_et_gb_content_width":"","footnotes":""},"tags":[],"class_list":["post-15440","page","type-page","status-publish","has-post-thumbnail","hentry"],"acf":[],"yoast_head":"<!-- This site is optimized with the Yoast SEO plugin v27.3 - https:\/\/yoast.com\/product\/yoast-seo-wordpress\/ -->\n<title>Varf\u00f6r kalibrera hos ett ackrediterat laboratorium? - Element Metech<\/title>\n<meta name=\"description\" content=\"Leverera korrekta data till dina kunder. Kalibrering bidrar till kvalitetss\u00e4kring och efterlevnad av standarder. Kontakta oss idag!\" \/>\n<meta name=\"robots\" content=\"index, follow, max-snippet:-1, max-image-preview:large, max-video-preview:-1\" \/>\n<link rel=\"canonical\" href=\"https:\/\/elementmetech.com\/de\/calibration\/varfor-kalibrera\/\" \/>\n<meta property=\"og:locale\" content=\"de_DE\" \/>\n<meta property=\"og:type\" content=\"article\" \/>\n<meta property=\"og:title\" content=\"Varf\u00f6r kalibrera hos ett ackrediterat laboratorium? - Element Metech\" \/>\n<meta property=\"og:description\" content=\"Leverera korrekta data till dina kunder. Kalibrering bidrar till kvalitetss\u00e4kring och efterlevnad av standarder. Kontakta oss idag!\" \/>\n<meta property=\"og:url\" content=\"https:\/\/elementmetech.com\/de\/calibration\/varfor-kalibrera\/\" \/>\n<meta property=\"og:site_name\" content=\"Element Metech\" \/>\n<meta property=\"article:modified_time\" content=\"2025-09-01T12:58:23+00:00\" \/>\n<meta property=\"og:image\" content=\"https:\/\/elementmetech.com\/wp-content\/uploads\/2022\/04\/Element-Calibration_1600x480.jpg\" \/>\n\t<meta property=\"og:image:width\" content=\"1600\" \/>\n\t<meta property=\"og:image:height\" content=\"480\" \/>\n\t<meta property=\"og:image:type\" content=\"image\/jpeg\" \/>\n<meta name=\"twitter:card\" content=\"summary_large_image\" \/>\n<meta name=\"twitter:label1\" content=\"Gesch\u00e4tzte Lesezeit\" \/>\n\t<meta name=\"twitter:data1\" content=\"6 Minuten\" \/>\n<script type=\"application\/ld+json\" class=\"yoast-schema-graph\">{\"@context\":\"https:\\\/\\\/schema.org\",\"@graph\":[{\"@type\":\"WebPage\",\"@id\":\"https:\\\/\\\/elementmetech.com\\\/de\\\/calibration\\\/varfor-kalibrera\\\/\",\"url\":\"https:\\\/\\\/elementmetech.com\\\/de\\\/calibration\\\/varfor-kalibrera\\\/\",\"name\":\"Varf\u00f6r kalibrera hos ett ackrediterat laboratorium? - Element Metech\",\"isPartOf\":{\"@id\":\"https:\\\/\\\/elementmetech.com\\\/de\\\/#website\"},\"primaryImageOfPage\":{\"@id\":\"https:\\\/\\\/elementmetech.com\\\/de\\\/calibration\\\/varfor-kalibrera\\\/#primaryimage\"},\"image\":{\"@id\":\"https:\\\/\\\/elementmetech.com\\\/de\\\/calibration\\\/varfor-kalibrera\\\/#primaryimage\"},\"thumbnailUrl\":\"https:\\\/\\\/elementmetech.com\\\/wp-content\\\/uploads\\\/2022\\\/04\\\/Element-Calibration_1600x480.jpg\",\"datePublished\":\"2022-05-13T11:43:43+00:00\",\"dateModified\":\"2025-09-01T12:58:23+00:00\",\"description\":\"Leverera korrekta data till dina kunder. Kalibrering bidrar till kvalitetss\u00e4kring och efterlevnad av standarder. Kontakta oss idag!\",\"breadcrumb\":{\"@id\":\"https:\\\/\\\/elementmetech.com\\\/de\\\/calibration\\\/varfor-kalibrera\\\/#breadcrumb\"},\"inLanguage\":\"de-DE\",\"potentialAction\":[{\"@type\":\"ReadAction\",\"target\":[\"https:\\\/\\\/elementmetech.com\\\/de\\\/calibration\\\/varfor-kalibrera\\\/\"]}]},{\"@type\":\"ImageObject\",\"inLanguage\":\"de-DE\",\"@id\":\"https:\\\/\\\/elementmetech.com\\\/de\\\/calibration\\\/varfor-kalibrera\\\/#primaryimage\",\"url\":\"https:\\\/\\\/elementmetech.com\\\/wp-content\\\/uploads\\\/2022\\\/04\\\/Element-Calibration_1600x480.jpg\",\"contentUrl\":\"https:\\\/\\\/elementmetech.com\\\/wp-content\\\/uploads\\\/2022\\\/04\\\/Element-Calibration_1600x480.jpg\",\"width\":1600,\"height\":480},{\"@type\":\"BreadcrumbList\",\"@id\":\"https:\\\/\\\/elementmetech.com\\\/de\\\/calibration\\\/varfor-kalibrera\\\/#breadcrumb\",\"itemListElement\":[{\"@type\":\"ListItem\",\"position\":1,\"name\":\"Home\",\"item\":\"https:\\\/\\\/elementmetech.com\\\/de\\\/\"},{\"@type\":\"ListItem\",\"position\":2,\"name\":\"Kalibrierung &#038; Metrologie\",\"item\":\"https:\\\/\\\/elementmetech.com\\\/de\\\/calibration\\\/\"},{\"@type\":\"ListItem\",\"position\":3,\"name\":\"Varf\u00f6r kalibrera hos ett ackrediterat laboratorium?\"}]},{\"@type\":\"WebSite\",\"@id\":\"https:\\\/\\\/elementmetech.com\\\/de\\\/#website\",\"url\":\"https:\\\/\\\/elementmetech.com\\\/de\\\/\",\"name\":\"Element Metech\",\"description\":\"Delivering metrological confidence\",\"publisher\":{\"@id\":\"https:\\\/\\\/elementmetech.com\\\/de\\\/#organization\"},\"potentialAction\":[{\"@type\":\"SearchAction\",\"target\":{\"@type\":\"EntryPoint\",\"urlTemplate\":\"https:\\\/\\\/elementmetech.com\\\/de\\\/?s={search_term_string}\"},\"query-input\":{\"@type\":\"PropertyValueSpecification\",\"valueRequired\":true,\"valueName\":\"search_term_string\"}}],\"inLanguage\":\"de-DE\"},{\"@type\":\"Organization\",\"@id\":\"https:\\\/\\\/elementmetech.com\\\/de\\\/#organization\",\"name\":\"Element Metech\",\"url\":\"https:\\\/\\\/elementmetech.com\\\/de\\\/\",\"logo\":{\"@type\":\"ImageObject\",\"inLanguage\":\"de-DE\",\"@id\":\"https:\\\/\\\/elementmetech.com\\\/de\\\/#\\\/schema\\\/logo\\\/image\\\/\",\"url\":\"https:\\\/\\\/elementmetech.com\\\/wp-content\\\/uploads\\\/2021\\\/06\\\/Element-Metech-Logo-1.svg\",\"contentUrl\":\"https:\\\/\\\/elementmetech.com\\\/wp-content\\\/uploads\\\/2021\\\/06\\\/Element-Metech-Logo-1.svg\",\"width\":\"1024\",\"height\":\"1024\",\"caption\":\"Element Metech\"},\"image\":{\"@id\":\"https:\\\/\\\/elementmetech.com\\\/de\\\/#\\\/schema\\\/logo\\\/image\\\/\"},\"sameAs\":[\"https:\\\/\\\/www.linkedin.com\\\/company\\\/element-metech\\\/\"]}]}<\/script>\n<!-- \/ Yoast SEO plugin. -->","yoast_head_json":{"title":"Varf\u00f6r kalibrera hos ett ackrediterat laboratorium? - Element Metech","description":"Leverera korrekta data till dina kunder. Kalibrering bidrar till kvalitetss\u00e4kring och efterlevnad av standarder. Kontakta oss idag!","robots":{"index":"index","follow":"follow","max-snippet":"max-snippet:-1","max-image-preview":"max-image-preview:large","max-video-preview":"max-video-preview:-1"},"canonical":"https:\/\/elementmetech.com\/de\/calibration\/varfor-kalibrera\/","og_locale":"de_DE","og_type":"article","og_title":"Varf\u00f6r kalibrera hos ett ackrediterat laboratorium? - Element Metech","og_description":"Leverera korrekta data till dina kunder. Kalibrering bidrar till kvalitetss\u00e4kring och efterlevnad av standarder. Kontakta oss idag!","og_url":"https:\/\/elementmetech.com\/de\/calibration\/varfor-kalibrera\/","og_site_name":"Element Metech","article_modified_time":"2025-09-01T12:58:23+00:00","og_image":[{"width":1600,"height":480,"url":"https:\/\/elementmetech.com\/wp-content\/uploads\/2022\/04\/Element-Calibration_1600x480.jpg","type":"image\/jpeg"}],"twitter_card":"summary_large_image","twitter_misc":{"Gesch\u00e4tzte Lesezeit":"6 Minuten"},"schema":{"@context":"https:\/\/schema.org","@graph":[{"@type":"WebPage","@id":"https:\/\/elementmetech.com\/de\/calibration\/varfor-kalibrera\/","url":"https:\/\/elementmetech.com\/de\/calibration\/varfor-kalibrera\/","name":"Varf\u00f6r kalibrera hos ett ackrediterat laboratorium? - Element Metech","isPartOf":{"@id":"https:\/\/elementmetech.com\/de\/#website"},"primaryImageOfPage":{"@id":"https:\/\/elementmetech.com\/de\/calibration\/varfor-kalibrera\/#primaryimage"},"image":{"@id":"https:\/\/elementmetech.com\/de\/calibration\/varfor-kalibrera\/#primaryimage"},"thumbnailUrl":"https:\/\/elementmetech.com\/wp-content\/uploads\/2022\/04\/Element-Calibration_1600x480.jpg","datePublished":"2022-05-13T11:43:43+00:00","dateModified":"2025-09-01T12:58:23+00:00","description":"Leverera korrekta data till dina kunder. Kalibrering bidrar till kvalitetss\u00e4kring och efterlevnad av standarder. Kontakta oss idag!","breadcrumb":{"@id":"https:\/\/elementmetech.com\/de\/calibration\/varfor-kalibrera\/#breadcrumb"},"inLanguage":"de-DE","potentialAction":[{"@type":"ReadAction","target":["https:\/\/elementmetech.com\/de\/calibration\/varfor-kalibrera\/"]}]},{"@type":"ImageObject","inLanguage":"de-DE","@id":"https:\/\/elementmetech.com\/de\/calibration\/varfor-kalibrera\/#primaryimage","url":"https:\/\/elementmetech.com\/wp-content\/uploads\/2022\/04\/Element-Calibration_1600x480.jpg","contentUrl":"https:\/\/elementmetech.com\/wp-content\/uploads\/2022\/04\/Element-Calibration_1600x480.jpg","width":1600,"height":480},{"@type":"BreadcrumbList","@id":"https:\/\/elementmetech.com\/de\/calibration\/varfor-kalibrera\/#breadcrumb","itemListElement":[{"@type":"ListItem","position":1,"name":"Home","item":"https:\/\/elementmetech.com\/de\/"},{"@type":"ListItem","position":2,"name":"Kalibrierung &#038; Metrologie","item":"https:\/\/elementmetech.com\/de\/calibration\/"},{"@type":"ListItem","position":3,"name":"Varf\u00f6r kalibrera hos ett ackrediterat laboratorium?"}]},{"@type":"WebSite","@id":"https:\/\/elementmetech.com\/de\/#website","url":"https:\/\/elementmetech.com\/de\/","name":"Element Metech","description":"Delivering metrological confidence","publisher":{"@id":"https:\/\/elementmetech.com\/de\/#organization"},"potentialAction":[{"@type":"SearchAction","target":{"@type":"EntryPoint","urlTemplate":"https:\/\/elementmetech.com\/de\/?s={search_term_string}"},"query-input":{"@type":"PropertyValueSpecification","valueRequired":true,"valueName":"search_term_string"}}],"inLanguage":"de-DE"},{"@type":"Organization","@id":"https:\/\/elementmetech.com\/de\/#organization","name":"Element Metech","url":"https:\/\/elementmetech.com\/de\/","logo":{"@type":"ImageObject","inLanguage":"de-DE","@id":"https:\/\/elementmetech.com\/de\/#\/schema\/logo\/image\/","url":"https:\/\/elementmetech.com\/wp-content\/uploads\/2021\/06\/Element-Metech-Logo-1.svg","contentUrl":"https:\/\/elementmetech.com\/wp-content\/uploads\/2021\/06\/Element-Metech-Logo-1.svg","width":"1024","height":"1024","caption":"Element Metech"},"image":{"@id":"https:\/\/elementmetech.com\/de\/#\/schema\/logo\/image\/"},"sameAs":["https:\/\/www.linkedin.com\/company\/element-metech\/"]}]}},"_links":{"self":[{"href":"https:\/\/elementmetech.com\/de\/wp-json\/wp\/v2\/pages\/15440","targetHints":{"allow":["GET"]}}],"collection":[{"href":"https:\/\/elementmetech.com\/de\/wp-json\/wp\/v2\/pages"}],"about":[{"href":"https:\/\/elementmetech.com\/de\/wp-json\/wp\/v2\/types\/page"}],"author":[{"embeddable":true,"href":"https:\/\/elementmetech.com\/de\/wp-json\/wp\/v2\/users\/33"}],"replies":[{"embeddable":true,"href":"https:\/\/elementmetech.com\/de\/wp-json\/wp\/v2\/comments?post=15440"}],"version-history":[{"count":0,"href":"https:\/\/elementmetech.com\/de\/wp-json\/wp\/v2\/pages\/15440\/revisions"}],"up":[{"embeddable":true,"href":"https:\/\/elementmetech.com\/de\/wp-json\/wp\/v2\/pages\/512"}],"wp:featuredmedia":[{"embeddable":true,"href":"https:\/\/elementmetech.com\/de\/wp-json\/wp\/v2\/media\/5983"}],"wp:attachment":[{"href":"https:\/\/elementmetech.com\/de\/wp-json\/wp\/v2\/media?parent=15440"}],"wp:term":[{"taxonomy":"post_tag","embeddable":true,"href":"https:\/\/elementmetech.com\/de\/wp-json\/wp\/v2\/tags?post=15440"}],"curies":[{"name":"wp","href":"https:\/\/api.w.org\/{rel}","templated":true}]}}