{"id":804,"date":"2020-02-03T18:01:33","date_gmt":"2020-02-03T18:01:33","guid":{"rendered":"https:\/\/elementmetech.wpengine.com\/vore-servicecentre\/"},"modified":"2026-02-05T12:41:07","modified_gmt":"2026-02-05T11:41:07","slug":"servicecentre","status":"publish","type":"page","link":"https:\/\/elementmetech.com\/da\/om\/servicecentre\/","title":{"rendered":"Vore servicecentre"},"content":{"rendered":"<p>[et_pb_section fb_built=&#8221;1&#8243; disabled_on=&#8221;off|off|off&#8221; admin_label=&#8221;section&#8221; _builder_version=&#8221;4.27.5&#8243; background_color=&#8221;#f7f9fb&#8221; background_image=&#8221;https:\/\/elementmetech.com\/wp-content\/uploads\/2025\/08\/dekor-cirkel-ljusbla-2.png&#8221; background_size=&#8221;contain&#8221; background_position=&#8221;top_left&#8221; background_enable_video_mp4=&#8221;off&#8221; custom_padding=&#8221;0px|0px|0px|0px|false|false&#8221; background_last_edited=&#8221;on|tablet&#8221; background_enable_image_tablet=&#8221;off&#8221; locked=&#8221;off&#8221; global_colors_info=&#8221;{}&#8221;][et_pb_row column_structure=&#8221;1_2,1_2&#8243; admin_label=&#8221;row&#8221; _builder_version=&#8221;4.27.4&#8243; width=&#8221;100%&#8221; max_width=&#8221;100%&#8221; custom_padding=&#8221;0px|0px|0px|0px|true|true&#8221; custom_css_main_element=&#8221;width:100%!important;display:flex;align-items:center;&#8221; global_colors_info=&#8221;{}&#8221; custom_css_main_element_last_edited=&#8221;on|tablet&#8221; custom_css_main_element_tablet=&#8221;flex-wrap: nowrap;&#8221; custom_css_main_element_phone=&#8221;flex-wrap: nowrap;&#8221;][et_pb_column type=&#8221;1_2&#8243; _builder_version=&#8221;4.16&#8243; custom_padding=&#8221;|||&#8221; global_colors_info=&#8221;{}&#8221; custom_padding__hover=&#8221;|||&#8221;][et_pb_cta title=&#8221;@ET-DC@eyJkeW5hbWljIjp0cnVlLCJjb250ZW50IjoicG9zdF90aXRsZSIsInNldHRpbmdzIjp7ImJlZm9yZSI6IiIsImFmdGVyIjoiIn19@&#8221; button_url=&#8221;#lab&#8221; button_text=&#8221;Vores tilbud&#8221; module_class=&#8221;preamble&#8221; _builder_version=&#8221;4.27.5&#8243; _dynamic_attributes=&#8221;title,content&#8221; _module_preset=&#8221;default&#8221; header_level=&#8221;h1&#8243; header_text_align=&#8221;left&#8221; background_enable_color=&#8221;off&#8221; text_orientation=&#8221;left&#8221; background_layout=&#8221;light&#8221; max_width=&#8221;640px&#8221; max_width_tablet=&#8221;100%&#8221; max_width_phone=&#8221;100%&#8221; max_width_last_edited=&#8221;on|tablet&#8221; module_alignment=&#8221;right&#8221; custom_margin=&#8221;20px||20px||false|false&#8221; custom_margin_tablet=&#8221;||50px||false|false&#8221; custom_margin_phone=&#8221;||50px||false|false&#8221; custom_margin_last_edited=&#8221;on|desktop&#8221; custom_padding=&#8221;0px||0px||false|false&#8221; border_width_left=&#8221;3px&#8221; border_color_left=&#8221;#4BA1D2&#8243; global_colors_info=&#8221;{}&#8221;]@ET-DC@eyJkeW5hbWljIjp0cnVlLCJjb250ZW50IjoicG9zdF9leGNlcnB0Iiwic2V0dGluZ3MiOnsiYmVmb3JlIjoiIiwiYWZ0ZXIiOiIiLCJ3b3JkcyI6IiIsInJlYWRfbW9yZV9sYWJlbCI6IiJ9fQ==@[\/et_pb_cta][\/et_pb_column][et_pb_column type=&#8221;1_2&#8243; _builder_version=&#8221;4.16&#8243; custom_padding=&#8221;|||&#8221; global_colors_info=&#8221;{}&#8221; custom_padding__hover=&#8221;|||&#8221;][et_pb_video src=&#8221;https:\/\/youtu.be\/UdTOK35rOzs?si=HEVI9eaLliYZaKL_&#8221; image_src=&#8221;\/\/i.ytimg.com\/vi\/UdTOK35rOzs\/hqdefault.jpg&#8221; play_icon_color=&#8221;#4BA1D2&#8243; font_icon=&#8221;&#xe0a3;||divi||400&#8243; _builder_version=&#8221;4.27.5&#8243; _module_preset=&#8221;default&#8221; width=&#8221;100%&#8221; global_colors_info=&#8221;{}&#8221;][\/et_pb_video][\/et_pb_column][\/et_pb_row][\/et_pb_section][et_pb_section fb_built=&#8221;1&#8243; _builder_version=&#8221;4.16&#8243; _module_preset=&#8221;default&#8221; global_colors_info=&#8221;{}&#8221;][et_pb_row column_structure=&#8221;1_5,3_5,1_5&#8243; _builder_version=&#8221;4.27.5&#8243; _module_preset=&#8221;default&#8221; global_colors_info=&#8221;{}&#8221;][et_pb_column type=&#8221;1_5&#8243; _builder_version=&#8221;4.27.5&#8243; _module_preset=&#8221;default&#8221; global_colors_info=&#8221;{}&#8221;][\/et_pb_column][et_pb_column type=&#8221;3_5&#8243; _builder_version=&#8221;4.27.5&#8243; _module_preset=&#8221;default&#8221; global_colors_info=&#8221;{}&#8221;][et_pb_text _builder_version=&#8221;4.27.5&#8243; _module_preset=&#8221;default&#8221; global_colors_info=&#8221;{}&#8221;]<\/p>\n<h2>Vore servicecentre<\/h2>\n<p>Telefon: +45 96 62 50 00<br \/>E-mail: <a href=\"mailto:info.metech.dk@element.com\">info.metech.dk@element.com<\/a><\/p>\n<h3>Esbjerg<\/h3>\n<p>Element Metech A\/S<br \/>Staget 1<br \/>6700 Esbjerg<\/p>\n<h3>Herning<\/h3>\n<p>Element Metech A\/S<br \/>Fastrupdalen 40<br \/>7400 Herning<\/p>\n<h3>Taastrup<\/h3>\n<p>Element Metech A\/S<br \/>Spotorno All\u00e9 2-4<br \/>2630 Taastrup<\/p>\n<h3>Ny foresp\u00f8rgsel<\/h3>\n<p>Hvis du vil kontakte vores team for at anmode om et tilbud, skal du bruge <a href=\"https:\/\/elementmetech.com\/da\/kontakt\/\">vores kontaktside<\/a><\/p>\n<h3>Kundecenter<\/h3>\n<ul>\n<li>Booking af kalibreringer<\/li>\n<li>Foresp\u00f8rgsel p\u00e5 status p\u00e5 kalibreringer og reparationer<\/li>\n<li>Support til MIO &#8211; Metech Instrument Organizer<\/li>\n<\/ul>\n<p>Telefon: +45 96 62 50 13<br \/>E-mail: <a href=\"mailto:info.metech.dk@element.com\">info.metech.dk@element.com<\/a><\/p>\n<p>[\/et_pb_text][\/et_pb_column][et_pb_column type=&#8221;1_5&#8243; _builder_version=&#8221;4.27.5&#8243; _module_preset=&#8221;default&#8221; global_colors_info=&#8221;{}&#8221;][\/et_pb_column][\/et_pb_row][\/et_pb_section][et_pb_section fb_built=&#8221;1&#8243; admin_label=&#8221;dk-Lab-heading-2025-section&#8221; module_id=&#8221;#lab&#8221; module_class=&#8221;#lab&#8221; _builder_version=&#8221;4.27.5&#8243; _module_preset=&#8221;default&#8221; global_module=&#8221;18637&#8243; saved_tabs=&#8221;all&#8221; global_colors_info=&#8221;{}&#8221;][et_pb_row column_structure=&#8221;1_5,3_5,1_5&#8243; disabled_on=&#8221;off|off|off&#8221; _builder_version=&#8221;4.27.4&#8243; _module_preset=&#8221;default&#8221; width=&#8221;100%&#8221; locked=&#8221;off&#8221; global_colors_info=&#8221;{}&#8221;][et_pb_column type=&#8221;1_5&#8243; _builder_version=&#8221;4.18.0&#8243; _module_preset=&#8221;default&#8221; global_colors_info=&#8221;{}&#8221;][\/et_pb_column][et_pb_column type=&#8221;3_5&#8243; _builder_version=&#8221;4.18.0&#8243; _module_preset=&#8221;default&#8221; global_colors_info=&#8221;{}&#8221;][et_pb_text module_id=&#8221;lab&#8221; _builder_version=&#8221;4.27.5&#8243; _module_preset=&#8221;default&#8221; text_orientation=&#8221;center&#8221; hover_enabled=&#8221;0&#8243; locked=&#8221;off&#8221; global_colors_info=&#8221;{}&#8221; sticky_enabled=&#8221;0&#8243;]<\/p>\n<h2>Vores laboratorier i Danmark<\/h2>\n<p>Vi er her for at hj\u00e6lpe dig. Vores kalibreringslaboratorier er placeret i Herning, Taastrup og Esbjerg. Vi udf\u00f8rer ogs\u00e5 en bred vifte af kundespecifikke opgaver p\u00e5 stedet, herunder med vores mobile akkrediterede kalibreringslaboratorium. For mange kunder kan vi arrangere l\u00f8sninger for afhentning og returnering af m\u00e5leinstrumenter.<\/p>\n<p>[\/et_pb_text][et_pb_button button_url=&#8221;#&#8221; button_text=&#8221;Kontakt os&#8221; button_alignment=&#8221;center&#8221; module_class=&#8221;et-lb-btn-1&#8243; _builder_version=&#8221;4.27.5&#8243; _module_preset=&#8221;default&#8221; global_colors_info=&#8221;{}&#8221;][\/et_pb_button][\/et_pb_column][et_pb_column type=&#8221;1_5&#8243; _builder_version=&#8221;4.18.0&#8243; _module_preset=&#8221;default&#8221; global_colors_info=&#8221;{}&#8221;][\/et_pb_column][\/et_pb_row][\/et_pb_section][et_pb_section fb_built=&#8221;1&#8243; fullwidth=&#8221;on&#8221; admin_label=&#8221;Dk- Labb-map- 2025-section&#8221; module_id=&#8221;labb&#8221; _builder_version=&#8221;4.27.4&#8243; _module_preset=&#8221;default&#8221; global_module=&#8221;18636&#8243; saved_tabs=&#8221;all&#8221; locked=&#8221;off&#8221; collapsed=&#8221;on&#8221; global_colors_info=&#8221;{}&#8221;][et_pb_fullwidth_code _builder_version=&#8221;4.27.4&#8243; _module_preset=&#8221;default&#8221; global_colors_info=&#8221;{}&#8221;]<style>\r\n\t#wpsl-stores .wpsl-store-thumb {height:45px !important; width:45px !important;}\r\n\t#wpsl-stores, #wpsl-direction-details, #wpsl-gmap {height:550px !important;}\r\n\t#wpsl-gmap .wpsl-info-window {max-width:310px !important;}\r\n\t.wpsl-input label, #wpsl-radius label, #wpsl-category label {width:95px;}\r\n\t#wpsl-search-input ,#wpsl-category .wpsl-dropdown {width:179px;}\r\n<\/style>\r\n<div id=\"wpsl-wrap\">\r\n\t<div class=\"wpsl-search wpsl-clearfix wpsl-filter\">\r\n\t\t<div id=\"wpsl-search-wrap\">\r\n\t\t\t<form autocomplete=\"off\">\r\n\t\t\t<div class=\"wpsl-input\">\r\n\t\t\t\t<div><label for=\"wpsl-search-input\">Your location<\/label><\/div>\r\n\t\t\t\t<input id=\"wpsl-search-input\" type=\"text\" value=\"\" name=\"wpsl-search-input\" placeholder=\"\" aria-required=\"true\" \/>\r\n\t\t\t<\/div>\r\n\t\t\t<div class=\"wpsl-select-wrap\">\r\n\t\t\t\t<div id=\"wpsl-radius\">\r\n\t\t\t\t\t<label for=\"wpsl-radius-dropdown\">Search radius<\/label>\r\n\t\t\t\t\t<select id=\"wpsl-radius-dropdown\" class=\"wpsl-dropdown\" name=\"wpsl-radius\">\r\n\t\t\t\t\t\t<option value=\"10\">10 km<\/option><option value=\"25\">25 km<\/option><option selected=\"selected\" value=\"50\">50 km<\/option><option value=\"100\">100 km<\/option><option value=\"200\">200 km<\/option><option value=\"500\">500 km<\/option>\r\n\t\t\t\t\t<\/select>\r\n\t\t\t\t<\/div>\r\n\t\t\t\t<div id=\"wpsl-results\">\r\n\t\t\t\t\t<label for=\"wpsl-results-dropdown\">Results<\/label>\r\n\t\t\t\t\t<select id=\"wpsl-results-dropdown\" class=\"wpsl-dropdown\" name=\"wpsl-results\">\r\n\t\t\t\t\t\t<option selected=\"selected\" value=\"25\">25<\/option><option value=\"50\">50<\/option><option value=\"75\">75<\/option><option value=\"100\">100<\/option>\r\n\t\t\t\t\t<\/select>\r\n\t\t\t\t<\/div>\r\n\t\t\t<\/div>\r\n<div id=\"wpsl-category\">\r\n<label for=\"wpsl-category-list\">Category<\/label>\r\n<select  name='wpsl-category' id='wpsl-category-list' class='wpsl-dropdown'>\n\t<option value='0'>Any<\/option>\n\t<option class=\"level-0\" value=\"293\">Denmark<\/option>\n\t<option class=\"level-0\" value=\"294\">Finland<\/option>\n\t<option class=\"level-0\" value=\"295\">Germany<\/option>\n\t<option class=\"level-0\" value=\"292\">Sweden<\/option>\n<\/select>\n<\/div>\r\n\t\t\t\t<div class=\"wpsl-search-btn-wrap\"><input id=\"wpsl-search-btn\" type=\"submit\" value=\"Search\"><\/div>\r\n\t\t<\/form>\r\n\t\t<\/div>\r\n\t<\/div>\r\n\t<div id=\"wpsl-gmap\" class=\"wpsl-gmap-canvas\"><\/div>\r\n\t<div id=\"wpsl-result-list\">\r\n\t\t<div id=\"wpsl-stores\" >\r\n\t\t\t<ul><\/ul>\r\n\t\t<\/div>\r\n\t\t<div id=\"wpsl-direction-details\">\r\n\t\t\t<ul><\/ul>\r\n\t\t<\/div>\r\n\t<\/div>\r\n<\/div>\r\n[\/et_pb_fullwidth_code][\/et_pb_section]<\/p>\n","protected":false},"excerpt":{"rendered":"<p>Vore servicecentre Telefon: +45 96 62 50 00E-mail: info.metech.dk@element.com Esbjerg Element Metech A\/SStaget 16700 Esbjerg Herning Element Metech A\/SFastrupdalen 407400 Herning Taastrup Element Metech A\/SSpotorno All\u00e9 2-42630 Taastrup Ny foresp\u00f8rgsel Hvis du vil kontakte vores team for at anmode om et tilbud, skal du bruge vores kontaktside Kundecenter Booking af kalibreringer Foresp\u00f8rgsel p\u00e5 status p\u00e5 [&hellip;]<\/p>\n","protected":false},"author":27,"featured_media":4643,"parent":15366,"menu_order":2,"comment_status":"closed","ping_status":"closed","template":"","meta":{"_acf_changed":false,"_et_pb_use_builder":"on","_et_pb_old_content":"<p>Telefon: +45 96 62 50 00<br \/> E-mail: <a href=\"mailto:info.metech.dk@element.com\">info.metech.dk@element.com<\/a><\/p> <table> <tbody> <tr> <td style=\"width: 180px; text-align: left; vertical-align: top;\"> <p>Element Metech A\/S<br \/> Flyvestation Karup<br \/> Herningvej 30<br \/> 7470 Karup J<\/p> <\/td> <td style=\"width: 180px; text-align: left; vertical-align: top;\"> <p>Element Metech A\/S<br \/> Helgesh\u00f8j All\u00e9 24<br \/> 2630 Tastrup<\/p> <\/td> <td style=\"width: 180px; text-align: left; vertical-align: top;\"> <p>Element Metech A\/S<br \/> Smed Hansens Vej 9<br \/> 6940 Lem St.<\/p> <\/td> <td style=\"width: 180px; text-align: left; vertical-align: top;\"> <p>Element Metech A\/S<br \/> Staget 1<br \/> 6700 Esbjerg<\/p> <\/td> <\/tr> <\/tbody> <\/table> <p><strong>\u00a0<\/strong><\/p> <h3>Kundecenter<\/h3> <p>Booking af kalibreringer<br \/> Foresp\u00f8rgsel p\u00e5 status p\u00e5 kalibreringer og reparationer<br \/> Support til MIO - Metech Instrument Organiser<\/p> <p>Telefon: +45 96 62 50 13<br \/> E-mail: <a href=\"mailto:info.metech.dk@element.com\">info.metech.dk@element.com<\/a><\/p> <p>\u00a0<\/p> <h3>Salg<\/h3> <table style=\"width: 658px; height: 97px;\"> <tbody> <tr> <td style=\"width: 150px; text-align: left; vertical-align: top;\"> <p><strong>Flemming Sand<br \/> <\/strong>Salgschef<br \/>Telefon +45 96 62 50 61<br \/> <a href=\"mailto:flemming.sand@element.com\">flemming.sand@element.com<\/a><\/p> <\/td> <td style=\"width: 150px; text-align: left; vertical-align: top;\"> <p><strong>Theis Glad<br \/> <\/strong>Salgschef,\u00a0 Mediko<br \/> Telefon +45 30 78 50 52<br \/> <a href=\"mailto:theis.glad@element.com\">theis.glad@element.com<\/a><\/p> <\/td> <td style=\"width: 149px; text-align: left; vertical-align: top;\"> <p><strong>\u00a0<\/strong><\/p> <\/td> <\/tr> <\/tbody> <\/table> <p>\u00a0<\/p> <h3>HQSE<\/h3> <table style=\"width: 659px; height: 109px;\"> <tbody> <tr> <td style=\"width: 150px; text-align: left; vertical-align: top;\"> <p><strong><strong>J\u00f8rgen Monrad<br \/> <\/strong>Quality\u00a0Manager<br \/> Telefon +45 28 80 71 52<br \/> <a href=\"mailto:jorgen.monrad@element.com\">jorgen.monrad@element.com<\/a><\/strong><\/p> <\/td> <td style=\"width: 150px; text-align: left; vertical-align: top;\"> <p><strong>Bent Husted<br \/> <\/strong>Senior Quality Specialist<br \/> Telefon +45 96 62 50 42<br \/> <a href=\"mailto:bent.husted@element.com\">bent.husted@element.com<\/a><\/p> <\/td> <td style=\"width: 150px; text-align: left; vertical-align: top;\">\u00a0<\/td> <\/tr> <\/tbody> <\/table>","_et_gb_content_width":"","footnotes":""},"tags":[328],"class_list":["post-804","page","type-page","status-publish","has-post-thumbnail","hentry","tag-behall"],"acf":[],"yoast_head":"<!-- This site is optimized with the Yoast SEO plugin v27.3 - https:\/\/yoast.com\/product\/yoast-seo-wordpress\/ -->\n<title>Vore servicecentre - Element Metech<\/title>\n<meta name=\"description\" content=\"Find vores servicecentre og laboratorier i Danmark med kontaktoplysninger, booking, support og fleksible l\u00f8sninger for kalibrering og m\u00e5leudstyr.\" \/>\n<meta name=\"robots\" content=\"index, follow, max-snippet:-1, max-image-preview:large, max-video-preview:-1\" \/>\n<link rel=\"canonical\" href=\"https:\/\/elementmetech.com\/da\/om\/servicecentre\/\" \/>\n<meta property=\"og:locale\" content=\"da_DK\" \/>\n<meta property=\"og:type\" content=\"article\" \/>\n<meta property=\"og:title\" content=\"Vore servicecentre - Element Metech\" \/>\n<meta property=\"og:description\" content=\"Find vores servicecentre og laboratorier i Danmark med kontaktoplysninger, booking, support og fleksible l\u00f8sninger for kalibrering og m\u00e5leudstyr.\" \/>\n<meta property=\"og:url\" content=\"https:\/\/elementmetech.com\/da\/om\/servicecentre\/\" \/>\n<meta property=\"og:site_name\" content=\"Element Metech\" \/>\n<meta property=\"article:modified_time\" content=\"2026-02-05T11:41:07+00:00\" \/>\n<meta property=\"og:image\" content=\"https:\/\/elementmetech.com\/wp-content\/uploads\/2021\/09\/Element-Locations-1-1600x480-1.jpg\" \/>\n\t<meta property=\"og:image:width\" content=\"1600\" \/>\n\t<meta property=\"og:image:height\" content=\"480\" \/>\n\t<meta property=\"og:image:type\" content=\"image\/jpeg\" \/>\n<meta name=\"twitter:card\" content=\"summary_large_image\" \/>\n<meta name=\"twitter:label1\" content=\"Estimeret l\u00e6setid\" \/>\n\t<meta name=\"twitter:data1\" content=\"4 minutter\" \/>\n<script type=\"application\/ld+json\" class=\"yoast-schema-graph\">{\"@context\":\"https:\\\/\\\/schema.org\",\"@graph\":[{\"@type\":\"WebPage\",\"@id\":\"https:\\\/\\\/elementmetech.com\\\/da\\\/om\\\/servicecentre\\\/\",\"url\":\"https:\\\/\\\/elementmetech.com\\\/da\\\/om\\\/servicecentre\\\/\",\"name\":\"Vore servicecentre - Element Metech\",\"isPartOf\":{\"@id\":\"https:\\\/\\\/elementmetech.com\\\/da\\\/#website\"},\"primaryImageOfPage\":{\"@id\":\"https:\\\/\\\/elementmetech.com\\\/da\\\/om\\\/servicecentre\\\/#primaryimage\"},\"image\":{\"@id\":\"https:\\\/\\\/elementmetech.com\\\/da\\\/om\\\/servicecentre\\\/#primaryimage\"},\"thumbnailUrl\":\"https:\\\/\\\/elementmetech.com\\\/wp-content\\\/uploads\\\/2021\\\/09\\\/Element-Locations-1-1600x480-1.jpg\",\"datePublished\":\"2020-02-03T18:01:33+00:00\",\"dateModified\":\"2026-02-05T11:41:07+00:00\",\"description\":\"Find vores servicecentre og laboratorier i Danmark med kontaktoplysninger, booking, support og fleksible l\u00f8sninger for kalibrering og m\u00e5leudstyr.\",\"breadcrumb\":{\"@id\":\"https:\\\/\\\/elementmetech.com\\\/da\\\/om\\\/servicecentre\\\/#breadcrumb\"},\"inLanguage\":\"da-DK\",\"potentialAction\":[{\"@type\":\"ReadAction\",\"target\":[\"https:\\\/\\\/elementmetech.com\\\/da\\\/om\\\/servicecentre\\\/\"]}]},{\"@type\":\"ImageObject\",\"inLanguage\":\"da-DK\",\"@id\":\"https:\\\/\\\/elementmetech.com\\\/da\\\/om\\\/servicecentre\\\/#primaryimage\",\"url\":\"https:\\\/\\\/elementmetech.com\\\/wp-content\\\/uploads\\\/2021\\\/09\\\/Element-Locations-1-1600x480-1.jpg\",\"contentUrl\":\"https:\\\/\\\/elementmetech.com\\\/wp-content\\\/uploads\\\/2021\\\/09\\\/Element-Locations-1-1600x480-1.jpg\",\"width\":1600,\"height\":480,\"caption\":\"Marktf\u00fchrendes Kalibrierlabor\"},{\"@type\":\"BreadcrumbList\",\"@id\":\"https:\\\/\\\/elementmetech.com\\\/da\\\/om\\\/servicecentre\\\/#breadcrumb\",\"itemListElement\":[{\"@type\":\"ListItem\",\"position\":1,\"name\":\"Home\",\"item\":\"https:\\\/\\\/elementmetech.com\\\/da\\\/\"},{\"@type\":\"ListItem\",\"position\":2,\"name\":\"Om Element\",\"item\":\"https:\\\/\\\/elementmetech.com\\\/da\\\/about\\\/\"},{\"@type\":\"ListItem\",\"position\":3,\"name\":\"Vore servicecentre\"}]},{\"@type\":\"WebSite\",\"@id\":\"https:\\\/\\\/elementmetech.com\\\/da\\\/#website\",\"url\":\"https:\\\/\\\/elementmetech.com\\\/da\\\/\",\"name\":\"Element Metech\",\"description\":\"Delivering metrological confidence\",\"publisher\":{\"@id\":\"https:\\\/\\\/elementmetech.com\\\/da\\\/#organization\"},\"potentialAction\":[{\"@type\":\"SearchAction\",\"target\":{\"@type\":\"EntryPoint\",\"urlTemplate\":\"https:\\\/\\\/elementmetech.com\\\/da\\\/?s={search_term_string}\"},\"query-input\":{\"@type\":\"PropertyValueSpecification\",\"valueRequired\":true,\"valueName\":\"search_term_string\"}}],\"inLanguage\":\"da-DK\"},{\"@type\":\"Organization\",\"@id\":\"https:\\\/\\\/elementmetech.com\\\/da\\\/#organization\",\"name\":\"Element Metech\",\"url\":\"https:\\\/\\\/elementmetech.com\\\/da\\\/\",\"logo\":{\"@type\":\"ImageObject\",\"inLanguage\":\"da-DK\",\"@id\":\"https:\\\/\\\/elementmetech.com\\\/da\\\/#\\\/schema\\\/logo\\\/image\\\/\",\"url\":\"https:\\\/\\\/elementmetech.com\\\/wp-content\\\/uploads\\\/2021\\\/06\\\/Element-Metech-Logo-1.svg\",\"contentUrl\":\"https:\\\/\\\/elementmetech.com\\\/wp-content\\\/uploads\\\/2021\\\/06\\\/Element-Metech-Logo-1.svg\",\"width\":\"1024\",\"height\":\"1024\",\"caption\":\"Element Metech\"},\"image\":{\"@id\":\"https:\\\/\\\/elementmetech.com\\\/da\\\/#\\\/schema\\\/logo\\\/image\\\/\"},\"sameAs\":[\"https:\\\/\\\/www.linkedin.com\\\/company\\\/element-metech\\\/\"]}]}<\/script>\n<!-- \/ Yoast SEO plugin. -->","yoast_head_json":{"title":"Vore servicecentre - Element Metech","description":"Find vores servicecentre og laboratorier i Danmark med kontaktoplysninger, booking, support og fleksible l\u00f8sninger for kalibrering og m\u00e5leudstyr.","robots":{"index":"index","follow":"follow","max-snippet":"max-snippet:-1","max-image-preview":"max-image-preview:large","max-video-preview":"max-video-preview:-1"},"canonical":"https:\/\/elementmetech.com\/da\/om\/servicecentre\/","og_locale":"da_DK","og_type":"article","og_title":"Vore servicecentre - Element Metech","og_description":"Find vores servicecentre og laboratorier i Danmark med kontaktoplysninger, booking, support og fleksible l\u00f8sninger for kalibrering og m\u00e5leudstyr.","og_url":"https:\/\/elementmetech.com\/da\/om\/servicecentre\/","og_site_name":"Element Metech","article_modified_time":"2026-02-05T11:41:07+00:00","og_image":[{"width":1600,"height":480,"url":"https:\/\/elementmetech.com\/wp-content\/uploads\/2021\/09\/Element-Locations-1-1600x480-1.jpg","type":"image\/jpeg"}],"twitter_card":"summary_large_image","twitter_misc":{"Estimeret l\u00e6setid":"4 minutter"},"schema":{"@context":"https:\/\/schema.org","@graph":[{"@type":"WebPage","@id":"https:\/\/elementmetech.com\/da\/om\/servicecentre\/","url":"https:\/\/elementmetech.com\/da\/om\/servicecentre\/","name":"Vore servicecentre - Element Metech","isPartOf":{"@id":"https:\/\/elementmetech.com\/da\/#website"},"primaryImageOfPage":{"@id":"https:\/\/elementmetech.com\/da\/om\/servicecentre\/#primaryimage"},"image":{"@id":"https:\/\/elementmetech.com\/da\/om\/servicecentre\/#primaryimage"},"thumbnailUrl":"https:\/\/elementmetech.com\/wp-content\/uploads\/2021\/09\/Element-Locations-1-1600x480-1.jpg","datePublished":"2020-02-03T18:01:33+00:00","dateModified":"2026-02-05T11:41:07+00:00","description":"Find vores servicecentre og laboratorier i Danmark med kontaktoplysninger, booking, support og fleksible l\u00f8sninger for kalibrering og m\u00e5leudstyr.","breadcrumb":{"@id":"https:\/\/elementmetech.com\/da\/om\/servicecentre\/#breadcrumb"},"inLanguage":"da-DK","potentialAction":[{"@type":"ReadAction","target":["https:\/\/elementmetech.com\/da\/om\/servicecentre\/"]}]},{"@type":"ImageObject","inLanguage":"da-DK","@id":"https:\/\/elementmetech.com\/da\/om\/servicecentre\/#primaryimage","url":"https:\/\/elementmetech.com\/wp-content\/uploads\/2021\/09\/Element-Locations-1-1600x480-1.jpg","contentUrl":"https:\/\/elementmetech.com\/wp-content\/uploads\/2021\/09\/Element-Locations-1-1600x480-1.jpg","width":1600,"height":480,"caption":"Marktf\u00fchrendes Kalibrierlabor"},{"@type":"BreadcrumbList","@id":"https:\/\/elementmetech.com\/da\/om\/servicecentre\/#breadcrumb","itemListElement":[{"@type":"ListItem","position":1,"name":"Home","item":"https:\/\/elementmetech.com\/da\/"},{"@type":"ListItem","position":2,"name":"Om Element","item":"https:\/\/elementmetech.com\/da\/about\/"},{"@type":"ListItem","position":3,"name":"Vore servicecentre"}]},{"@type":"WebSite","@id":"https:\/\/elementmetech.com\/da\/#website","url":"https:\/\/elementmetech.com\/da\/","name":"Element Metech","description":"Delivering metrological confidence","publisher":{"@id":"https:\/\/elementmetech.com\/da\/#organization"},"potentialAction":[{"@type":"SearchAction","target":{"@type":"EntryPoint","urlTemplate":"https:\/\/elementmetech.com\/da\/?s={search_term_string}"},"query-input":{"@type":"PropertyValueSpecification","valueRequired":true,"valueName":"search_term_string"}}],"inLanguage":"da-DK"},{"@type":"Organization","@id":"https:\/\/elementmetech.com\/da\/#organization","name":"Element Metech","url":"https:\/\/elementmetech.com\/da\/","logo":{"@type":"ImageObject","inLanguage":"da-DK","@id":"https:\/\/elementmetech.com\/da\/#\/schema\/logo\/image\/","url":"https:\/\/elementmetech.com\/wp-content\/uploads\/2021\/06\/Element-Metech-Logo-1.svg","contentUrl":"https:\/\/elementmetech.com\/wp-content\/uploads\/2021\/06\/Element-Metech-Logo-1.svg","width":"1024","height":"1024","caption":"Element Metech"},"image":{"@id":"https:\/\/elementmetech.com\/da\/#\/schema\/logo\/image\/"},"sameAs":["https:\/\/www.linkedin.com\/company\/element-metech\/"]}]}},"_links":{"self":[{"href":"https:\/\/elementmetech.com\/da\/wp-json\/wp\/v2\/pages\/804","targetHints":{"allow":["GET"]}}],"collection":[{"href":"https:\/\/elementmetech.com\/da\/wp-json\/wp\/v2\/pages"}],"about":[{"href":"https:\/\/elementmetech.com\/da\/wp-json\/wp\/v2\/types\/page"}],"author":[{"embeddable":true,"href":"https:\/\/elementmetech.com\/da\/wp-json\/wp\/v2\/users\/27"}],"replies":[{"embeddable":true,"href":"https:\/\/elementmetech.com\/da\/wp-json\/wp\/v2\/comments?post=804"}],"version-history":[{"count":0,"href":"https:\/\/elementmetech.com\/da\/wp-json\/wp\/v2\/pages\/804\/revisions"}],"up":[{"embeddable":true,"href":"https:\/\/elementmetech.com\/da\/wp-json\/wp\/v2\/pages\/15366"}],"wp:featuredmedia":[{"embeddable":true,"href":"https:\/\/elementmetech.com\/da\/wp-json\/wp\/v2\/media\/4643"}],"wp:attachment":[{"href":"https:\/\/elementmetech.com\/da\/wp-json\/wp\/v2\/media?parent=804"}],"wp:term":[{"taxonomy":"post_tag","embeddable":true,"href":"https:\/\/elementmetech.com\/da\/wp-json\/wp\/v2\/tags?post=804"}],"curies":[{"name":"wp","href":"https:\/\/api.w.org\/{rel}","templated":true}]}}