{"id":7890,"date":"2022-06-23T11:18:47","date_gmt":"2022-06-23T11:18:47","guid":{"rendered":"https:\/\/elementmet3stg.wpenginepowered.com\/detaljer\/"},"modified":"2023-05-17T09:05:32","modified_gmt":"2023-05-17T07:05:32","slug":"detaljer","status":"publish","type":"page","link":"https:\/\/elementmetech.com\/da\/calibration\/virksomhed\/courses-webinars\/detaljer\/","title":{"rendered":"Kursusoplysninger"},"content":{"rendered":"<p>[et_pb_section fb_built=&#8221;1&#8243; _builder_version=&#8221;4.18.0&#8243; _dynamic_attributes=&#8221;background_image&#8221; _module_preset=&#8221;default&#8221; use_background_color_gradient=&#8221;on&#8221; background_color_gradient_direction=&#8221;90deg&#8221; background_color_gradient_stops=&#8221;rgba(28,53,92,0.6) 50%|rgba(0,0,0,0) 91%&#8221; background_color_gradient_overlays_image=&#8221;on&#8221; background_color_gradient_start=&#8221;rgba(28,53,92,0.6)&#8221; background_color_gradient_start_position=&#8221;50%&#8221; background_color_gradient_end=&#8221;rgba(0,0,0,0)&#8221; background_color_gradient_end_position=&#8221;50%&#8221; background_image=&#8221;@ET-DC@eyJkeW5hbWljIjp0cnVlLCJjb250ZW50IjoicG9zdF9mZWF0dXJlZF9pbWFnZSIsInNldHRpbmdzIjp7fX0=@&#8221; background_repeat=&#8221;space&#8221; custom_padding=&#8221;200px||||false|false&#8221; background_last_edited=&#8221;on|phone&#8221; use_background_color_gradient_tablet=&#8221;off&#8221; background_position_phone=&#8221;center_right&#8221; global_colors_info=&#8221;{}&#8221;][et_pb_row _builder_version=&#8221;4.17.6&#8243; _module_preset=&#8221;default&#8221; global_colors_info=&#8221;{}&#8221;][et_pb_column type=&#8221;4_4&#8243; _builder_version=&#8221;4.17.6&#8243; _module_preset=&#8221;default&#8221; global_colors_info=&#8221;{}&#8221;][\/et_pb_column][\/et_pb_row][\/et_pb_section][et_pb_section fb_built=&#8221;1&#8243; admin_label=&#8221;section&#8221; _builder_version=&#8221;4.16&#8243; locked=&#8221;off&#8221; global_colors_info=&#8221;{}&#8221;][et_pb_row column_structure=&#8221;1_5,3_5,1_5&#8243; admin_label=&#8221;row&#8221; _builder_version=&#8221;4.16&#8243; background_size=&#8221;initial&#8221; background_position=&#8221;top_left&#8221; background_repeat=&#8221;repeat&#8221; global_colors_info=&#8221;{}&#8221;][et_pb_column type=&#8221;1_5&#8243; _builder_version=&#8221;4.16&#8243; custom_padding=&#8221;|||&#8221; global_colors_info=&#8221;{}&#8221; custom_padding__hover=&#8221;|||&#8221;][\/et_pb_column][et_pb_column type=&#8221;3_5&#8243; _builder_version=&#8221;4.16&#8243; custom_padding=&#8221;|||&#8221; global_colors_info=&#8221;{}&#8221; custom_padding__hover=&#8221;|||&#8221;][et_pb_code _builder_version=&#8221;4.21.0&#8243; _module_preset=&#8221;default&#8221; hover_enabled=&#8221;0&#8243; global_colors_info=&#8221;{}&#8221; sticky_enabled=&#8221;0&#8243;]\t\t<div class=\"eduadmin detail-view\"\n\t\t     data-courseid=\"\"\n\t\t     data-eventid=\"\">\n\t\t\t<a href=\"javascript:\/\/\" onclick=\"eduGlobalMethods.GoBack('..\/', event);\"\n\t\t\t   class=\"backLink\">\u00ab Go back<\/a>\n\t\t\t<div class=\"title\">\n\t\t\t\t\t\t\t\t<h1 class=\"courseTitle\">\t\t\t\t\t<small\n\t\t\t\t\t\tclass=\"courseLevel\"><\/small>\n\t\t\t\t<\/h1>\n\t\t\t<\/div>\n\t\t\t<hr \/>\n\t\t\t<div class=\"textblock\">\n\t\t\t\t\t\t\t\t\t\t\t\t\t\t\t\t\t\t\t\t\t\t\t\t\t\t\t<\/div>\n\t\t\t<div class=\"eventInformation\">\n\t\t\t\t\t\t\t<\/div>\n\n\t\t\t\t<h3>Region<\/h3>\n\t<div class=\"search-regionitems\">\n\t\t\t<\/div>\n<div class=\"event-table eventDays\" data-eduwidget=\"eventlist\"\n     data-objectid=\"\"\n     data-spotsleft=\"exactNumbers\"\n     data-spotsettings=\"1-5\r\n5-10\r\n10+\"\n     data-fewspots=\"3\" data-showmore=\"-1\"\n     data-groupbycity=\"1\"\n     data-fetchmonths=\"8\"\n     data-region=\"\"\n\t\t data-showvenue=\"\"\n\t data-eventinquiry=\"\"\n\t data-useeduform=\"1\"\n\t data-ondemand=\"\">\n\t\t\t<div class=\"noDatesAvailable\">\n\t\t\t<i>No available dates for the selected course<\/i>\n\t\t<\/div>\n\t\t<\/div>\n\t\t<\/div>\n\t\t[\/et_pb_code][\/et_pb_column][et_pb_column type=&#8221;1_5&#8243; _builder_version=&#8221;4.16&#8243; custom_padding=&#8221;|||&#8221; global_colors_info=&#8221;{}&#8221; custom_padding__hover=&#8221;|||&#8221;][\/et_pb_column][\/et_pb_row][\/et_pb_section]<\/p>\n","protected":false},"excerpt":{"rendered":"1\n","protected":false},"author":22,"featured_media":6526,"parent":16747,"menu_order":0,"comment_status":"closed","ping_status":"closed","template":"","meta":{"_acf_changed":false,"_et_pb_use_builder":"on","_et_pb_old_content":"","_et_gb_content_width":"","footnotes":""},"tags":[],"class_list":["post-7890","page","type-page","status-publish","has-post-thumbnail","hentry"],"acf":[],"yoast_head":"<!-- This site is optimized with the Yoast SEO plugin v27.3 - https:\/\/yoast.com\/product\/yoast-seo-wordpress\/ -->\n<title>Kursusoplysninger - Element Metech<\/title>\n<meta name=\"description\" content=\"Kurser og tr\u00e6ningsmuligheder fra Element Metech i kalibreringsteknologi.\" \/>\n<meta name=\"robots\" content=\"index, follow, max-snippet:-1, max-image-preview:large, max-video-preview:-1\" \/>\n<link rel=\"canonical\" href=\"https:\/\/elementmetech.com\/da\/calibration\/virksomhed\/courses-webinars\/detaljer\/\" \/>\n<meta property=\"og:locale\" content=\"da_DK\" \/>\n<meta property=\"og:type\" content=\"article\" \/>\n<meta property=\"og:title\" content=\"Kursinformation |\u00a0Utbildning &amp; Webbinars fr\u00e5n Element Metech\" \/>\n<meta property=\"og:description\" content=\"Missa inte att boka din plats inf\u00f6r kommande utbildningstillf\u00e4llen.\" \/>\n<meta property=\"og:url\" content=\"https:\/\/elementmetech.com\/da\/calibration\/virksomhed\/courses-webinars\/detaljer\/\" \/>\n<meta property=\"og:site_name\" content=\"Element Metech\" \/>\n<meta property=\"article:modified_time\" content=\"2023-05-17T07:05:32+00:00\" \/>\n<meta property=\"og:image\" content=\"https:\/\/elementmetech.com\/wp-content\/uploads\/2022\/08\/element-utbildning-calendar.jpg\" \/>\n\t<meta property=\"og:image:width\" content=\"1200\" \/>\n\t<meta property=\"og:image:height\" content=\"630\" \/>\n\t<meta property=\"og:image:type\" content=\"image\/jpeg\" \/>\n<meta name=\"twitter:card\" content=\"summary_large_image\" \/>\n<meta name=\"twitter:title\" content=\"Kursinformation |\u00a0Utbildning &amp; Webbinars fr\u00e5n Element Metech\" \/>\n<meta name=\"twitter:description\" content=\"Missa inte att boka din plats inf\u00f6r kommande utbildningstillf\u00e4llen.\" \/>\n<meta name=\"twitter:image\" content=\"https:\/\/elementmetech.com\/wp-content\/uploads\/2022\/08\/element-utbildning-calendar.jpg\" \/>\n<meta name=\"twitter:label1\" content=\"Estimeret l\u00e6setid\" \/>\n\t<meta name=\"twitter:data1\" content=\"1 minut\" \/>\n<script type=\"application\/ld+json\" class=\"yoast-schema-graph\">{\"@context\":\"https:\\\/\\\/schema.org\",\"@graph\":[{\"@type\":\"WebPage\",\"@id\":\"https:\\\/\\\/elementmetech.com\\\/da\\\/calibration\\\/virksomhed\\\/courses-webinars\\\/detaljer\\\/\",\"url\":\"https:\\\/\\\/elementmetech.com\\\/da\\\/calibration\\\/virksomhed\\\/courses-webinars\\\/detaljer\\\/\",\"name\":\"Kursusoplysninger - Element Metech\",\"isPartOf\":{\"@id\":\"https:\\\/\\\/elementmetech.com\\\/da\\\/#website\"},\"primaryImageOfPage\":{\"@id\":\"https:\\\/\\\/elementmetech.com\\\/da\\\/calibration\\\/virksomhed\\\/courses-webinars\\\/detaljer\\\/#primaryimage\"},\"image\":{\"@id\":\"https:\\\/\\\/elementmetech.com\\\/da\\\/calibration\\\/virksomhed\\\/courses-webinars\\\/detaljer\\\/#primaryimage\"},\"thumbnailUrl\":\"https:\\\/\\\/elementmetech.com\\\/wp-content\\\/uploads\\\/2022\\\/08\\\/Event-Calendar-1600x480-1.webp\",\"datePublished\":\"2022-06-23T11:18:47+00:00\",\"dateModified\":\"2023-05-17T07:05:32+00:00\",\"description\":\"Kurser og tr\u00e6ningsmuligheder fra Element Metech i kalibreringsteknologi.\",\"breadcrumb\":{\"@id\":\"https:\\\/\\\/elementmetech.com\\\/da\\\/calibration\\\/virksomhed\\\/courses-webinars\\\/detaljer\\\/#breadcrumb\"},\"inLanguage\":\"da-DK\",\"potentialAction\":[{\"@type\":\"ReadAction\",\"target\":[\"https:\\\/\\\/elementmetech.com\\\/da\\\/calibration\\\/virksomhed\\\/courses-webinars\\\/detaljer\\\/\"]}]},{\"@type\":\"ImageObject\",\"inLanguage\":\"da-DK\",\"@id\":\"https:\\\/\\\/elementmetech.com\\\/da\\\/calibration\\\/virksomhed\\\/courses-webinars\\\/detaljer\\\/#primaryimage\",\"url\":\"https:\\\/\\\/elementmetech.com\\\/wp-content\\\/uploads\\\/2022\\\/08\\\/Event-Calendar-1600x480-1.webp\",\"contentUrl\":\"https:\\\/\\\/elementmetech.com\\\/wp-content\\\/uploads\\\/2022\\\/08\\\/Event-Calendar-1600x480-1.webp\",\"width\":1600,\"height\":480},{\"@type\":\"BreadcrumbList\",\"@id\":\"https:\\\/\\\/elementmetech.com\\\/da\\\/calibration\\\/virksomhed\\\/courses-webinars\\\/detaljer\\\/#breadcrumb\",\"itemListElement\":[{\"@type\":\"ListItem\",\"position\":1,\"name\":\"Home\",\"item\":\"https:\\\/\\\/elementmetech.com\\\/da\\\/\"},{\"@type\":\"ListItem\",\"position\":2,\"name\":\"Kursusoplysninger\"}]},{\"@type\":\"WebSite\",\"@id\":\"https:\\\/\\\/elementmetech.com\\\/da\\\/#website\",\"url\":\"https:\\\/\\\/elementmetech.com\\\/da\\\/\",\"name\":\"Element Metech\",\"description\":\"Delivering metrological confidence\",\"publisher\":{\"@id\":\"https:\\\/\\\/elementmetech.com\\\/da\\\/#organization\"},\"potentialAction\":[{\"@type\":\"SearchAction\",\"target\":{\"@type\":\"EntryPoint\",\"urlTemplate\":\"https:\\\/\\\/elementmetech.com\\\/da\\\/?s={search_term_string}\"},\"query-input\":{\"@type\":\"PropertyValueSpecification\",\"valueRequired\":true,\"valueName\":\"search_term_string\"}}],\"inLanguage\":\"da-DK\"},{\"@type\":\"Organization\",\"@id\":\"https:\\\/\\\/elementmetech.com\\\/da\\\/#organization\",\"name\":\"Element Metech\",\"url\":\"https:\\\/\\\/elementmetech.com\\\/da\\\/\",\"logo\":{\"@type\":\"ImageObject\",\"inLanguage\":\"da-DK\",\"@id\":\"https:\\\/\\\/elementmetech.com\\\/da\\\/#\\\/schema\\\/logo\\\/image\\\/\",\"url\":\"https:\\\/\\\/elementmetech.com\\\/wp-content\\\/uploads\\\/2021\\\/06\\\/Element-Metech-Logo-1.svg\",\"contentUrl\":\"https:\\\/\\\/elementmetech.com\\\/wp-content\\\/uploads\\\/2021\\\/06\\\/Element-Metech-Logo-1.svg\",\"width\":\"1024\",\"height\":\"1024\",\"caption\":\"Element Metech\"},\"image\":{\"@id\":\"https:\\\/\\\/elementmetech.com\\\/da\\\/#\\\/schema\\\/logo\\\/image\\\/\"},\"sameAs\":[\"https:\\\/\\\/www.linkedin.com\\\/company\\\/element-metech\\\/\"]}]}<\/script>\n<!-- \/ Yoast SEO plugin. -->","yoast_head_json":{"title":"Kursusoplysninger - Element Metech","description":"Kurser og tr\u00e6ningsmuligheder fra Element Metech i kalibreringsteknologi.","robots":{"index":"index","follow":"follow","max-snippet":"max-snippet:-1","max-image-preview":"max-image-preview:large","max-video-preview":"max-video-preview:-1"},"canonical":"https:\/\/elementmetech.com\/da\/calibration\/virksomhed\/courses-webinars\/detaljer\/","og_locale":"da_DK","og_type":"article","og_title":"Kursinformation |\u00a0Utbildning & Webbinars fr\u00e5n Element Metech","og_description":"Missa inte att boka din plats inf\u00f6r kommande utbildningstillf\u00e4llen.","og_url":"https:\/\/elementmetech.com\/da\/calibration\/virksomhed\/courses-webinars\/detaljer\/","og_site_name":"Element Metech","article_modified_time":"2023-05-17T07:05:32+00:00","og_image":[{"width":1200,"height":630,"url":"https:\/\/elementmetech.com\/wp-content\/uploads\/2022\/08\/element-utbildning-calendar.jpg","type":"image\/jpeg"}],"twitter_card":"summary_large_image","twitter_title":"Kursinformation |\u00a0Utbildning & Webbinars fr\u00e5n Element Metech","twitter_description":"Missa inte att boka din plats inf\u00f6r kommande utbildningstillf\u00e4llen.","twitter_image":"https:\/\/elementmetech.com\/wp-content\/uploads\/2022\/08\/element-utbildning-calendar.jpg","twitter_misc":{"Estimeret l\u00e6setid":"1 minut"},"schema":{"@context":"https:\/\/schema.org","@graph":[{"@type":"WebPage","@id":"https:\/\/elementmetech.com\/da\/calibration\/virksomhed\/courses-webinars\/detaljer\/","url":"https:\/\/elementmetech.com\/da\/calibration\/virksomhed\/courses-webinars\/detaljer\/","name":"Kursusoplysninger - Element Metech","isPartOf":{"@id":"https:\/\/elementmetech.com\/da\/#website"},"primaryImageOfPage":{"@id":"https:\/\/elementmetech.com\/da\/calibration\/virksomhed\/courses-webinars\/detaljer\/#primaryimage"},"image":{"@id":"https:\/\/elementmetech.com\/da\/calibration\/virksomhed\/courses-webinars\/detaljer\/#primaryimage"},"thumbnailUrl":"https:\/\/elementmetech.com\/wp-content\/uploads\/2022\/08\/Event-Calendar-1600x480-1.webp","datePublished":"2022-06-23T11:18:47+00:00","dateModified":"2023-05-17T07:05:32+00:00","description":"Kurser og tr\u00e6ningsmuligheder fra Element Metech i kalibreringsteknologi.","breadcrumb":{"@id":"https:\/\/elementmetech.com\/da\/calibration\/virksomhed\/courses-webinars\/detaljer\/#breadcrumb"},"inLanguage":"da-DK","potentialAction":[{"@type":"ReadAction","target":["https:\/\/elementmetech.com\/da\/calibration\/virksomhed\/courses-webinars\/detaljer\/"]}]},{"@type":"ImageObject","inLanguage":"da-DK","@id":"https:\/\/elementmetech.com\/da\/calibration\/virksomhed\/courses-webinars\/detaljer\/#primaryimage","url":"https:\/\/elementmetech.com\/wp-content\/uploads\/2022\/08\/Event-Calendar-1600x480-1.webp","contentUrl":"https:\/\/elementmetech.com\/wp-content\/uploads\/2022\/08\/Event-Calendar-1600x480-1.webp","width":1600,"height":480},{"@type":"BreadcrumbList","@id":"https:\/\/elementmetech.com\/da\/calibration\/virksomhed\/courses-webinars\/detaljer\/#breadcrumb","itemListElement":[{"@type":"ListItem","position":1,"name":"Home","item":"https:\/\/elementmetech.com\/da\/"},{"@type":"ListItem","position":2,"name":"Kursusoplysninger"}]},{"@type":"WebSite","@id":"https:\/\/elementmetech.com\/da\/#website","url":"https:\/\/elementmetech.com\/da\/","name":"Element Metech","description":"Delivering metrological confidence","publisher":{"@id":"https:\/\/elementmetech.com\/da\/#organization"},"potentialAction":[{"@type":"SearchAction","target":{"@type":"EntryPoint","urlTemplate":"https:\/\/elementmetech.com\/da\/?s={search_term_string}"},"query-input":{"@type":"PropertyValueSpecification","valueRequired":true,"valueName":"search_term_string"}}],"inLanguage":"da-DK"},{"@type":"Organization","@id":"https:\/\/elementmetech.com\/da\/#organization","name":"Element Metech","url":"https:\/\/elementmetech.com\/da\/","logo":{"@type":"ImageObject","inLanguage":"da-DK","@id":"https:\/\/elementmetech.com\/da\/#\/schema\/logo\/image\/","url":"https:\/\/elementmetech.com\/wp-content\/uploads\/2021\/06\/Element-Metech-Logo-1.svg","contentUrl":"https:\/\/elementmetech.com\/wp-content\/uploads\/2021\/06\/Element-Metech-Logo-1.svg","width":"1024","height":"1024","caption":"Element Metech"},"image":{"@id":"https:\/\/elementmetech.com\/da\/#\/schema\/logo\/image\/"},"sameAs":["https:\/\/www.linkedin.com\/company\/element-metech\/"]}]}},"_links":{"self":[{"href":"https:\/\/elementmetech.com\/da\/wp-json\/wp\/v2\/pages\/7890","targetHints":{"allow":["GET"]}}],"collection":[{"href":"https:\/\/elementmetech.com\/da\/wp-json\/wp\/v2\/pages"}],"about":[{"href":"https:\/\/elementmetech.com\/da\/wp-json\/wp\/v2\/types\/page"}],"author":[{"embeddable":true,"href":"https:\/\/elementmetech.com\/da\/wp-json\/wp\/v2\/users\/22"}],"replies":[{"embeddable":true,"href":"https:\/\/elementmetech.com\/da\/wp-json\/wp\/v2\/comments?post=7890"}],"version-history":[{"count":0,"href":"https:\/\/elementmetech.com\/da\/wp-json\/wp\/v2\/pages\/7890\/revisions"}],"up":[{"embeddable":true,"href":"https:\/\/elementmetech.com\/da\/wp-json\/wp\/v2\/pages\/16747"}],"wp:featuredmedia":[{"embeddable":true,"href":"https:\/\/elementmetech.com\/da\/wp-json\/wp\/v2\/media\/6526"}],"wp:attachment":[{"href":"https:\/\/elementmetech.com\/da\/wp-json\/wp\/v2\/media?parent=7890"}],"wp:term":[{"taxonomy":"post_tag","embeddable":true,"href":"https:\/\/elementmetech.com\/da\/wp-json\/wp\/v2\/tags?post=7890"}],"curies":[{"name":"wp","href":"https:\/\/api.w.org\/{rel}","templated":true}]}}