{"id":782,"date":"2018-11-15T08:47:25","date_gmt":"2018-11-15T08:47:25","guid":{"rendered":"https:\/\/elementmetech.wpengine.com\/kalibrering-af-elmalere\/"},"modified":"2021-06-23T20:00:01","modified_gmt":"2021-06-23T20:00:01","slug":"elmalere","status":"publish","type":"page","link":"https:\/\/elementmetech.com\/da\/calibration\/elmalere\/","title":{"rendered":"Kalibrering af elm\u00e5lere"},"content":{"rendered":"<p>[et_pb_section fb_built=&#8221;1&#8243; _builder_version=&#8221;4.9.4&#8243; _module_preset=&#8221;default&#8221; custom_padding=&#8221;40px||40px||false|false&#8221;][et_pb_row column_structure=&#8221;1_5,3_5,1_5&#8243; _builder_version=&#8221;4.9.4&#8243; _module_preset=&#8221;default&#8221; custom_padding=&#8221;0px||0px||false|false&#8221;][et_pb_column type=&#8221;1_5&#8243; _builder_version=&#8221;4.9.4&#8243; _module_preset=&#8221;default&#8221;][\/et_pb_column][et_pb_column type=&#8221;3_5&#8243; _builder_version=&#8221;4.9.4&#8243; _module_preset=&#8221;default&#8221;][et_pb_text _builder_version=&#8221;4.9.4&#8243; _module_preset=&#8221;default&#8221; hover_enabled=&#8221;0&#8243; sticky_enabled=&#8221;0&#8243;]<\/p>\n<p class=\"super-lead\">Element Metech A\/S er DANAK akkrediteret til kalibrering af elm\u00e5lere. Vores mange \u00e5rs erfaring, vores veluddannede personale samt brugen af referencem\u00e5leudstyr p\u00e5 et meget h\u00f8jt, teknisk niveau danner baggrunden for vores store ekspertise.<\/p>\n<h2>M\u00e5lerlaboratorium<\/h2>\n<p>Vort m\u00e5lerlaboratorium er det eneste af sin art i Danmark og kalibrerer \u00e5rligt ca. 15.000 elm\u00e5lere for danske elselskaber og leverand\u00f8rer af elm\u00e5lere. Laboratoriet lever, som DANAK akkrediteret kalibreringslaboratorium, op til kravene til kalibrering af elm\u00e5lere.<\/p>\n<h2>Lovpligtig statistisk m\u00e5lerkontrol<\/h2>\n<p>For at sikre, at elm\u00e5lere m\u00e5ler n\u00f8jagtigt, er disse underlagt en lovpligtig stikpr\u00f8vekontrol. Vort online kontrolsystem for elm\u00e5lere i drift, M\u00e5lerweb, hj\u00e6lper kunden med at huske p\u00e5 kontrollerne, s\u00e5 udtagning af stikpr\u00f8verne bliver en smal sag. N\u00e5r kunden har udtaget og sendt m\u00e5lerne til os, foretager vi kalibreringerne og opdaterer M\u00e5lerweb med resultaterne.<\/p>\n<h2>Hvis kunden klager over sin elm\u00e5ler &#8211; hvad s\u00e5?<\/h2>\n<p>En gang imellem sker det, at der opst\u00e5r uenighed hos kunden om elm\u00e5lerens n\u00f8jagtighed. Hvis det sker, er vi parat til at r\u00e5dgive Dem, s\u00e5ledes De er kl\u00e6dt p\u00e5 til at behandle kundens henvendelse. Vi har eksempelvis mulighed for at udarbejde en uvildig kalibreringsrapport over kundens elm\u00e5ler, s\u00e5ledes eventuelle uoverensstemmelser mellem Dem og kunden nemt kan afklares.<\/p>\n<p>[\/et_pb_text][\/et_pb_column][et_pb_column type=&#8221;1_5&#8243; _builder_version=&#8221;4.9.4&#8243; _module_preset=&#8221;default&#8221;][\/et_pb_column][\/et_pb_row][\/et_pb_section][et_pb_section fb_built=&#8221;1&#8243; specialty=&#8221;on&#8221; padding_top_bottom_link_1=&#8221;false&#8221; padding_top_bottom_link_2=&#8221;false&#8221; padding_left_right_link_1=&#8221;false&#8221; padding_left_right_link_2=&#8221;false&#8221; padding_top_1=&#8221;0px&#8221; padding_top_2=&#8221;0px&#8221; padding_bottom_1=&#8221;0px&#8221; padding_bottom_2=&#8221;0px&#8221; module_class=&#8221;padding40&#8243; _builder_version=&#8221;4.9.4&#8243; _module_preset=&#8221;default&#8221; custom_padding=&#8221;40px||40px||false|false&#8221;][et_pb_column type=&#8221;1_2&#8243; _builder_version=&#8221;3.25&#8243; custom_padding=&#8221;|||&#8221; custom_padding__hover=&#8221;|||&#8221;][et_pb_image src=&#8221;https:\/\/elementmetech.com\/wp-content\/uploads\/2018\/11\/elmaalere.jpg&#8221; title_text=&#8221;elmaalere&#8221; _builder_version=&#8221;4.9.4&#8243; _module_preset=&#8221;default&#8221; hover_enabled=&#8221;0&#8243; sticky_enabled=&#8221;0&#8243;][\/et_pb_image][\/et_pb_column][et_pb_column type=&#8221;1_2&#8243; specialty_columns=&#8221;2&#8243; _builder_version=&#8221;3.25&#8243; custom_padding=&#8221;|||&#8221; custom_padding__hover=&#8221;|||&#8221;][et_pb_row_inner _builder_version=&#8221;4.9.4&#8243; _module_preset=&#8221;default&#8221; custom_margin=&#8221;||||false|false&#8221; custom_padding=&#8221;0px||||false|false&#8221;][et_pb_column_inner saved_specialty_column_type=&#8221;1_2&#8243; _builder_version=&#8221;4.9.4&#8243; _module_preset=&#8221;default&#8221;][et_pb_text _builder_version=&#8221;4.9.4&#8243; _module_preset=&#8221;default&#8221; hover_enabled=&#8221;0&#8243; sticky_enabled=&#8221;0&#8243;]<\/p>\n<h2>Typiske services<\/h2>\n<p>[\/et_pb_text][\/et_pb_column_inner][\/et_pb_row_inner][et_pb_row_inner _builder_version=&#8221;4.9.4&#8243; _module_preset=&#8221;default&#8221;][et_pb_column_inner saved_specialty_column_type=&#8221;1_2&#8243; _builder_version=&#8221;4.9.4&#8243; _module_preset=&#8221;default&#8221;][et_pb_text _builder_version=&#8221;4.9.4&#8243; _module_preset=&#8221;default&#8221; hover_enabled=&#8221;0&#8243; sticky_enabled=&#8221;0&#8243;]<\/p>\n<ul>\n<li>Kalibrering af elm\u00e5lere i fm. stikpr\u00f8vekontrol<\/li>\n<li>Kalibrering af elm\u00e5lere i fm. kundeklage<\/li>\n<li>Kalibrering af elm\u00e5lere for transmissionsselskaber<\/li>\n<li>Re-verifikation af elm\u00e5lere<\/li>\n<li>Verifikation af nye elm\u00e5lere<\/li>\n<\/ul>\n<p>[\/et_pb_text][\/et_pb_column_inner][\/et_pb_row_inner][\/et_pb_column][\/et_pb_section]<\/p>\n","protected":false},"excerpt":{"rendered":"<p>Element Metech A\/S er DANAK akkrediteret til kalibrering af elm\u00e5lere. Vores mange \u00e5rs erfaring, vores veluddannede personale samt brugen af referencem\u00e5leudstyr p\u00e5 et meget h\u00f8jt, teknisk niveau danner baggrunden for vores store ekspertise. M\u00e5lerlaboratorium Vort m\u00e5lerlaboratorium er det eneste af sin art i Danmark og kalibrerer \u00e5rligt ca. 15.000 elm\u00e5lere for danske elselskaber og leverand\u00f8rer [&hellip;]<\/p>\n","protected":false},"author":27,"featured_media":1369,"parent":2429,"menu_order":3,"comment_status":"closed","ping_status":"closed","template":"","meta":{"_acf_changed":false,"_et_pb_use_builder":"on","_et_pb_old_content":"<h2>Elm\u00e5lere<\/h2> <p>Element Metech A\/S er DANAK akkrediteret til kalibrering af elm\u00e5lere. Vores mange \u00e5rs erfaring, vores veluddannede personale samt brugen af referencem\u00e5leudstyr p\u00e5 et meget h\u00f8jt, teknisk niveau danner baggrunden for vores store ekspertise.<\/p> <h2>M\u00e5lerlaboratorium<\/h2> <p>Vort m\u00e5lerlaboratorium er det eneste af sin art i Danmark og kalibrerer \u00e5rligt ca. 15.000 elm\u00e5lere for danske elselskaber og leverand\u00f8rer af elm\u00e5lere. Laboratoriet lever, som DANAK akkrediteret kalibreringslaboratorium, op til kravene til kalibrering af elm\u00e5lere.<\/p> <h2>Lovpligtig statistisk m\u00e5lerkontrol<\/h2> <p>For at sikre, at elm\u00e5lere m\u00e5ler n\u00f8jagtigt, er disse underlagt en lovpligtig stikpr\u00f8vekontrol. Vort online kontrolsystem for elm\u00e5lere i drift, M\u00e5lerweb, hj\u00e6lper kunden med at huske p\u00e5 kontrollerne, s\u00e5 udtagning af stikpr\u00f8verne bliver en smal sag. N\u00e5r kunden har udtaget og sendt m\u00e5lerne til os, foretager vi kalibreringerne og opdaterer M\u00e5lerweb med resultaterne.<\/p> <h2>Hvis kunden klager over sin elm\u00e5ler - hvad s\u00e5?<\/h2> <p>En gang imellem sker det, at der opst\u00e5r uenighed hos kunden om elm\u00e5lerens n\u00f8jagtighed. Hvis det sker, er vi parat til at r\u00e5dgive Dem, s\u00e5ledes De er kl\u00e6dt p\u00e5 til at behandle kundens henvendelse. Vi har eksempelvis mulighed for at udarbejde en uvildig kalibreringsrapport over kundens elm\u00e5ler, s\u00e5ledes eventuelle uoverensstemmelser mellem Dem og kunden nemt kan afklares.<\/p> <h2>Typiske services<\/h2> <ul> <li>Kalibrering af elm\u00e5lere i fm. stikpr\u00f8vekontrol<\/li> <li>Kalibrering af elm\u00e5lere i fm. kundeklage<\/li> <li>Kalibrering af elm\u00e5lere for transmissionsselskaber<\/li> <li>Re-verifikation af elm\u00e5lere<\/li> <li>Verifikation af nye elm\u00e5lere<\/li> <\/ul> <p><\/p> <p><\/p> <p>\u00a0<\/p> <p>Element Metech er den eneste kontakt, De har brug for, n\u00e5r det kommer til kalibrering, service og administration af m\u00e5leudstyr.<\/p> <p class=\"readmore\"><a href=\"\/dk\/kontakt\/\">Kontakt vores team<\/a><\/p>","_et_gb_content_width":"","footnotes":""},"tags":[],"class_list":["post-782","page","type-page","status-publish","has-post-thumbnail","hentry"],"acf":[],"yoast_head":"<!-- This site is optimized with the Yoast SEO plugin v27.3 - https:\/\/yoast.com\/product\/yoast-seo-wordpress\/ -->\n<title>Kalibrering af elm\u00e5lere<\/title>\n<meta name=\"description\" content=\"Akkrediteret kalibrering af elm\u00e5lere\" \/>\n<meta name=\"robots\" content=\"index, follow, max-snippet:-1, max-image-preview:large, max-video-preview:-1\" \/>\n<link rel=\"canonical\" href=\"https:\/\/elementmetech.com\/da\/calibration\/elmalere\/\" \/>\n<meta property=\"og:locale\" content=\"da_DK\" \/>\n<meta property=\"og:type\" content=\"article\" \/>\n<meta property=\"og:title\" content=\"Kalibrering af elm\u00e5lere\" \/>\n<meta property=\"og:description\" content=\"Akkrediteret kalibrering af elm\u00e5lere\" \/>\n<meta property=\"og:url\" content=\"https:\/\/elementmetech.com\/da\/calibration\/elmalere\/\" \/>\n<meta property=\"og:site_name\" content=\"Element Metech\" \/>\n<meta property=\"article:modified_time\" content=\"2021-06-23T20:00:01+00:00\" \/>\n<meta property=\"og:image\" content=\"https:\/\/elementmetech.com\/wp-content\/uploads\/2018\/11\/elmaalere-1024x1024.jpg\" \/>\n\t<meta property=\"og:image:width\" content=\"1024\" \/>\n\t<meta property=\"og:image:height\" content=\"1024\" \/>\n\t<meta property=\"og:image:type\" content=\"image\/jpeg\" \/>\n<meta name=\"twitter:card\" content=\"summary_large_image\" \/>\n<meta name=\"twitter:label1\" content=\"Estimeret l\u00e6setid\" \/>\n\t<meta name=\"twitter:data1\" content=\"3 minutter\" \/>\n<script type=\"application\/ld+json\" class=\"yoast-schema-graph\">{\"@context\":\"https:\\\/\\\/schema.org\",\"@graph\":[{\"@type\":\"WebPage\",\"@id\":\"https:\\\/\\\/elementmetech.com\\\/da\\\/calibration\\\/elmalere\\\/\",\"url\":\"https:\\\/\\\/elementmetech.com\\\/da\\\/calibration\\\/elmalere\\\/\",\"name\":\"Kalibrering af elm\u00e5lere\",\"isPartOf\":{\"@id\":\"https:\\\/\\\/elementmetech.com\\\/da\\\/#website\"},\"primaryImageOfPage\":{\"@id\":\"https:\\\/\\\/elementmetech.com\\\/da\\\/calibration\\\/elmalere\\\/#primaryimage\"},\"image\":{\"@id\":\"https:\\\/\\\/elementmetech.com\\\/da\\\/calibration\\\/elmalere\\\/#primaryimage\"},\"thumbnailUrl\":\"https:\\\/\\\/elementmetech.com\\\/wp-content\\\/uploads\\\/2018\\\/11\\\/elmaalere.jpg\",\"datePublished\":\"2018-11-15T08:47:25+00:00\",\"dateModified\":\"2021-06-23T20:00:01+00:00\",\"description\":\"Akkrediteret kalibrering af elm\u00e5lere\",\"breadcrumb\":{\"@id\":\"https:\\\/\\\/elementmetech.com\\\/da\\\/calibration\\\/elmalere\\\/#breadcrumb\"},\"inLanguage\":\"da-DK\",\"potentialAction\":[{\"@type\":\"ReadAction\",\"target\":[\"https:\\\/\\\/elementmetech.com\\\/da\\\/calibration\\\/elmalere\\\/\"]}]},{\"@type\":\"ImageObject\",\"inLanguage\":\"da-DK\",\"@id\":\"https:\\\/\\\/elementmetech.com\\\/da\\\/calibration\\\/elmalere\\\/#primaryimage\",\"url\":\"https:\\\/\\\/elementmetech.com\\\/wp-content\\\/uploads\\\/2018\\\/11\\\/elmaalere.jpg\",\"contentUrl\":\"https:\\\/\\\/elementmetech.com\\\/wp-content\\\/uploads\\\/2018\\\/11\\\/elmaalere.jpg\",\"width\":2492,\"height\":2492,\"caption\":\"elmaalere\"},{\"@type\":\"BreadcrumbList\",\"@id\":\"https:\\\/\\\/elementmetech.com\\\/da\\\/calibration\\\/elmalere\\\/#breadcrumb\",\"itemListElement\":[{\"@type\":\"ListItem\",\"position\":1,\"name\":\"Home\",\"item\":\"https:\\\/\\\/elementmetech.com\\\/da\\\/\"},{\"@type\":\"ListItem\",\"position\":2,\"name\":\"Kalibrering &#038; Metrologi\",\"item\":\"https:\\\/\\\/elementmetech.com\\\/da\\\/calibration\\\/\"},{\"@type\":\"ListItem\",\"position\":3,\"name\":\"Kalibrering af elm\u00e5lere\"}]},{\"@type\":\"WebSite\",\"@id\":\"https:\\\/\\\/elementmetech.com\\\/da\\\/#website\",\"url\":\"https:\\\/\\\/elementmetech.com\\\/da\\\/\",\"name\":\"Element Metech\",\"description\":\"Delivering metrological confidence\",\"publisher\":{\"@id\":\"https:\\\/\\\/elementmetech.com\\\/da\\\/#organization\"},\"potentialAction\":[{\"@type\":\"SearchAction\",\"target\":{\"@type\":\"EntryPoint\",\"urlTemplate\":\"https:\\\/\\\/elementmetech.com\\\/da\\\/?s={search_term_string}\"},\"query-input\":{\"@type\":\"PropertyValueSpecification\",\"valueRequired\":true,\"valueName\":\"search_term_string\"}}],\"inLanguage\":\"da-DK\"},{\"@type\":\"Organization\",\"@id\":\"https:\\\/\\\/elementmetech.com\\\/da\\\/#organization\",\"name\":\"Element Metech\",\"url\":\"https:\\\/\\\/elementmetech.com\\\/da\\\/\",\"logo\":{\"@type\":\"ImageObject\",\"inLanguage\":\"da-DK\",\"@id\":\"https:\\\/\\\/elementmetech.com\\\/da\\\/#\\\/schema\\\/logo\\\/image\\\/\",\"url\":\"https:\\\/\\\/elementmetech.com\\\/wp-content\\\/uploads\\\/2021\\\/06\\\/Element-Metech-Logo-1.svg\",\"contentUrl\":\"https:\\\/\\\/elementmetech.com\\\/wp-content\\\/uploads\\\/2021\\\/06\\\/Element-Metech-Logo-1.svg\",\"width\":\"1024\",\"height\":\"1024\",\"caption\":\"Element Metech\"},\"image\":{\"@id\":\"https:\\\/\\\/elementmetech.com\\\/da\\\/#\\\/schema\\\/logo\\\/image\\\/\"},\"sameAs\":[\"https:\\\/\\\/www.linkedin.com\\\/company\\\/element-metech\\\/\"]}]}<\/script>\n<!-- \/ Yoast SEO plugin. -->","yoast_head_json":{"title":"Kalibrering af elm\u00e5lere","description":"Akkrediteret kalibrering af elm\u00e5lere","robots":{"index":"index","follow":"follow","max-snippet":"max-snippet:-1","max-image-preview":"max-image-preview:large","max-video-preview":"max-video-preview:-1"},"canonical":"https:\/\/elementmetech.com\/da\/calibration\/elmalere\/","og_locale":"da_DK","og_type":"article","og_title":"Kalibrering af elm\u00e5lere","og_description":"Akkrediteret kalibrering af elm\u00e5lere","og_url":"https:\/\/elementmetech.com\/da\/calibration\/elmalere\/","og_site_name":"Element Metech","article_modified_time":"2021-06-23T20:00:01+00:00","og_image":[{"width":1024,"height":1024,"url":"https:\/\/elementmetech.com\/wp-content\/uploads\/2018\/11\/elmaalere-1024x1024.jpg","type":"image\/jpeg"}],"twitter_card":"summary_large_image","twitter_misc":{"Estimeret l\u00e6setid":"3 minutter"},"schema":{"@context":"https:\/\/schema.org","@graph":[{"@type":"WebPage","@id":"https:\/\/elementmetech.com\/da\/calibration\/elmalere\/","url":"https:\/\/elementmetech.com\/da\/calibration\/elmalere\/","name":"Kalibrering af elm\u00e5lere","isPartOf":{"@id":"https:\/\/elementmetech.com\/da\/#website"},"primaryImageOfPage":{"@id":"https:\/\/elementmetech.com\/da\/calibration\/elmalere\/#primaryimage"},"image":{"@id":"https:\/\/elementmetech.com\/da\/calibration\/elmalere\/#primaryimage"},"thumbnailUrl":"https:\/\/elementmetech.com\/wp-content\/uploads\/2018\/11\/elmaalere.jpg","datePublished":"2018-11-15T08:47:25+00:00","dateModified":"2021-06-23T20:00:01+00:00","description":"Akkrediteret kalibrering af elm\u00e5lere","breadcrumb":{"@id":"https:\/\/elementmetech.com\/da\/calibration\/elmalere\/#breadcrumb"},"inLanguage":"da-DK","potentialAction":[{"@type":"ReadAction","target":["https:\/\/elementmetech.com\/da\/calibration\/elmalere\/"]}]},{"@type":"ImageObject","inLanguage":"da-DK","@id":"https:\/\/elementmetech.com\/da\/calibration\/elmalere\/#primaryimage","url":"https:\/\/elementmetech.com\/wp-content\/uploads\/2018\/11\/elmaalere.jpg","contentUrl":"https:\/\/elementmetech.com\/wp-content\/uploads\/2018\/11\/elmaalere.jpg","width":2492,"height":2492,"caption":"elmaalere"},{"@type":"BreadcrumbList","@id":"https:\/\/elementmetech.com\/da\/calibration\/elmalere\/#breadcrumb","itemListElement":[{"@type":"ListItem","position":1,"name":"Home","item":"https:\/\/elementmetech.com\/da\/"},{"@type":"ListItem","position":2,"name":"Kalibrering &#038; Metrologi","item":"https:\/\/elementmetech.com\/da\/calibration\/"},{"@type":"ListItem","position":3,"name":"Kalibrering af elm\u00e5lere"}]},{"@type":"WebSite","@id":"https:\/\/elementmetech.com\/da\/#website","url":"https:\/\/elementmetech.com\/da\/","name":"Element Metech","description":"Delivering metrological confidence","publisher":{"@id":"https:\/\/elementmetech.com\/da\/#organization"},"potentialAction":[{"@type":"SearchAction","target":{"@type":"EntryPoint","urlTemplate":"https:\/\/elementmetech.com\/da\/?s={search_term_string}"},"query-input":{"@type":"PropertyValueSpecification","valueRequired":true,"valueName":"search_term_string"}}],"inLanguage":"da-DK"},{"@type":"Organization","@id":"https:\/\/elementmetech.com\/da\/#organization","name":"Element Metech","url":"https:\/\/elementmetech.com\/da\/","logo":{"@type":"ImageObject","inLanguage":"da-DK","@id":"https:\/\/elementmetech.com\/da\/#\/schema\/logo\/image\/","url":"https:\/\/elementmetech.com\/wp-content\/uploads\/2021\/06\/Element-Metech-Logo-1.svg","contentUrl":"https:\/\/elementmetech.com\/wp-content\/uploads\/2021\/06\/Element-Metech-Logo-1.svg","width":"1024","height":"1024","caption":"Element Metech"},"image":{"@id":"https:\/\/elementmetech.com\/da\/#\/schema\/logo\/image\/"},"sameAs":["https:\/\/www.linkedin.com\/company\/element-metech\/"]}]}},"_links":{"self":[{"href":"https:\/\/elementmetech.com\/da\/wp-json\/wp\/v2\/pages\/782","targetHints":{"allow":["GET"]}}],"collection":[{"href":"https:\/\/elementmetech.com\/da\/wp-json\/wp\/v2\/pages"}],"about":[{"href":"https:\/\/elementmetech.com\/da\/wp-json\/wp\/v2\/types\/page"}],"author":[{"embeddable":true,"href":"https:\/\/elementmetech.com\/da\/wp-json\/wp\/v2\/users\/27"}],"replies":[{"embeddable":true,"href":"https:\/\/elementmetech.com\/da\/wp-json\/wp\/v2\/comments?post=782"}],"version-history":[{"count":0,"href":"https:\/\/elementmetech.com\/da\/wp-json\/wp\/v2\/pages\/782\/revisions"}],"up":[{"embeddable":true,"href":"https:\/\/elementmetech.com\/da\/wp-json\/wp\/v2\/pages\/2429"}],"wp:featuredmedia":[{"embeddable":true,"href":"https:\/\/elementmetech.com\/da\/wp-json\/wp\/v2\/media\/1369"}],"wp:attachment":[{"href":"https:\/\/elementmetech.com\/da\/wp-json\/wp\/v2\/media?parent=782"}],"wp:term":[{"taxonomy":"post_tag","embeddable":true,"href":"https:\/\/elementmetech.com\/da\/wp-json\/wp\/v2\/tags?post=782"}],"curies":[{"name":"wp","href":"https:\/\/api.w.org\/{rel}","templated":true}]}}