{"id":448,"date":"2016-04-11T09:49:03","date_gmt":"2016-04-11T09:49:03","guid":{"rendered":"https:\/\/elementmetech.wpengine.com\/kalibrering-flow\/"},"modified":"2026-01-30T09:45:48","modified_gmt":"2026-01-30T08:45:48","slug":"flow-3","status":"publish","type":"page","link":"https:\/\/elementmetech.com\/da\/calibration\/flow-3\/","title":{"rendered":"Kalibrering af flow"},"content":{"rendered":"<p>[et_pb_section fb_built=&#8221;1&#8243; admin_label=&#8221;DK-2025-header-image&#8221; _builder_version=&#8221;4.27.4&#8243; background_color=&#8221;#f7f9fb&#8221; background_image=&#8221;https:\/\/elementmetech.com\/wp-content\/uploads\/2025\/08\/dekor-cirkel-ljusbla-2.png&#8221; background_size=&#8221;contain&#8221; background_position=&#8221;top_left&#8221; background_enable_video_mp4=&#8221;off&#8221; custom_padding=&#8221;0px|0px|0px|0px|false|false&#8221; background_last_edited=&#8221;on|tablet&#8221; background_enable_image_tablet=&#8221;off&#8221; saved_tabs=&#8221;all&#8221; locked=&#8221;off&#8221; global_colors_info=&#8221;{}&#8221; global_module=&#8221;15472&#8243; theme_builder_area=&#8221;post_content&#8221;][et_pb_row column_structure=&#8221;1_2,1_2&#8243; make_equal=&#8221;on&#8221; admin_label=&#8221;row&#8221; _builder_version=&#8221;4.27.4&#8243; width=&#8221;100%&#8221; max_width=&#8221;100%&#8221; custom_padding=&#8221;0px|0px|0px|0px|true|true&#8221; custom_css_main_element=&#8221;width:100% !important;&#8221; global_colors_info=&#8221;{}&#8221; custom_css_main_element_last_edited=&#8221;off|desktop&#8221; custom_css_main_element_tablet=&#8221;flex-wrap: nowrap;&#8221; custom_css_main_element_phone=&#8221;flex-wrap: nowrap;&#8221; theme_builder_area=&#8221;post_content&#8221;][et_pb_column type=&#8221;1_2&#8243; _builder_version=&#8221;4.27.4&#8243; custom_padding=&#8221;50px||50px||false|false&#8221; global_colors_info=&#8221;{}&#8221; custom_padding__hover=&#8221;|||&#8221; theme_builder_area=&#8221;post_content&#8221;][et_pb_cta title=&#8221;@ET-DC@eyJkeW5hbWljIjp0cnVlLCJjb250ZW50IjoicG9zdF90aXRsZSIsInNldHRpbmdzIjp7ImJlZm9yZSI6IiIsImFmdGVyIjoiIn19@&#8221; button_url=&#8221;#offer&#8221; button_text=&#8221;Vores tilbud&#8221; module_class=&#8221;preamble&#8221; _builder_version=&#8221;4.27.4&#8243; _dynamic_attributes=&#8221;title,content&#8221; _module_preset=&#8221;default&#8221; header_level=&#8221;h1&#8243; header_text_align=&#8221;left&#8221; background_enable_color=&#8221;off&#8221; text_orientation=&#8221;left&#8221; background_layout=&#8221;light&#8221; max_width=&#8221;640px&#8221; max_width_tablet=&#8221;100%&#8221; max_width_phone=&#8221;100%&#8221; max_width_last_edited=&#8221;on|tablet&#8221; module_alignment=&#8221;right&#8221; custom_margin=&#8221;20px||20px||false|false&#8221; custom_margin_tablet=&#8221;||50px||false|false&#8221; custom_margin_phone=&#8221;||50px||false|false&#8221; custom_margin_last_edited=&#8221;on|desktop&#8221; custom_padding=&#8221;0px||0px||false|false&#8221; border_width_left=&#8221;3px&#8221; border_color_left=&#8221;#4BA1D2&#8243; global_colors_info=&#8221;{}&#8221; theme_builder_area=&#8221;post_content&#8221;]@ET-DC@eyJkeW5hbWljIjp0cnVlLCJjb250ZW50IjoicG9zdF9leGNlcnB0Iiwic2V0dGluZ3MiOnsiYmVmb3JlIjoiIiwiYWZ0ZXIiOiIiLCJ3b3JkcyI6IiIsInJlYWRfbW9yZV9sYWJlbCI6IiJ9fQ==@[\/et_pb_cta][\/et_pb_column][et_pb_column type=&#8221;1_2&#8243; _builder_version=&#8221;4.27.4&#8243; _dynamic_attributes=&#8221;background_image&#8221; background_image=&#8221;@ET-DC@eyJkeW5hbWljIjp0cnVlLCJjb250ZW50IjoicG9zdF9mZWF0dXJlZF9pbWFnZSIsInNldHRpbmdzIjp7fX0=@&#8221; custom_padding=&#8221;|||&#8221; global_colors_info=&#8221;{}&#8221; custom_padding__hover=&#8221;|||&#8221; theme_builder_area=&#8221;post_content&#8221;][et_pb_image src=&#8221;@ET-DC@eyJkeW5hbWljIjp0cnVlLCJjb250ZW50IjoicG9zdF9mZWF0dXJlZF9pbWFnZSIsInNldHRpbmdzIjp7fX0=@&#8221; title_text=&#8221;elementmetech-akustik&#8221; force_fullwidth=&#8221;on&#8221; disabled_on=&#8221;off|off|on&#8221; _builder_version=&#8221;4.27.4&#8243; _dynamic_attributes=&#8221;src&#8221; _module_preset=&#8221;default&#8221; custom_css_free_form=&#8221;selector img {height: 100%!important;max-width:none;}&#8221; global_colors_info=&#8221;{}&#8221; theme_builder_area=&#8221;post_content&#8221;][\/et_pb_image][\/et_pb_column][\/et_pb_row][\/et_pb_section][et_pb_section fb_built=&#8221;1&#8243; _builder_version=&#8221;4.16&#8243; _module_preset=&#8221;default&#8221; custom_padding=&#8221;40px||40px||false|false&#8221; global_colors_info=&#8221;{}&#8221;][et_pb_row column_structure=&#8221;1_5,3_5,1_5&#8243; _builder_version=&#8221;4.16&#8243; _module_preset=&#8221;default&#8221; custom_padding=&#8221;0px||0px||false|false&#8221; global_colors_info=&#8221;{}&#8221;][et_pb_column type=&#8221;1_5&#8243; _builder_version=&#8221;4.16&#8243; _module_preset=&#8221;default&#8221; global_colors_info=&#8221;{}&#8221;][\/et_pb_column][et_pb_column type=&#8221;3_5&#8243; _builder_version=&#8221;4.16&#8243; _module_preset=&#8221;default&#8221; global_colors_info=&#8221;{}&#8221;][et_pb_text _builder_version=&#8221;4.16&#8243; _module_preset=&#8221;default&#8221; global_colors_info=&#8221;{}&#8221;]<\/p>\n<p class=\"super-lead\">Element Metech leverer sporbare og akkrediterede kalibreringer af instrumenter der generere eller m\u00e5ler flow. Vi er uafh\u00e6ngige af andre forhandlere, og er i stand til at supportere alle fabrikant- og instrumenttyper.<\/p>\n<p>[\/et_pb_text][\/et_pb_column][et_pb_column type=&#8221;1_5&#8243; _builder_version=&#8221;4.16&#8243; _module_preset=&#8221;default&#8221; global_colors_info=&#8221;{}&#8221;][\/et_pb_column][\/et_pb_row][\/et_pb_section][et_pb_section fb_built=&#8221;1&#8243; specialty=&#8221;on&#8221; padding_top_1=&#8221;0px&#8221; padding_top_2=&#8221;0px&#8221; padding_bottom_1=&#8221;0px&#8221; padding_bottom_2=&#8221;0px&#8221; padding_top_bottom_link_1=&#8221;false&#8221; padding_top_bottom_link_2=&#8221;false&#8221; padding_left_right_link_1=&#8221;false&#8221; padding_left_right_link_2=&#8221;false&#8221; module_class=&#8221;padding40&#8243; _builder_version=&#8221;4.16&#8243; _module_preset=&#8221;default&#8221; custom_padding=&#8221;40px||40px||false|false&#8221; global_colors_info=&#8221;{}&#8221;][et_pb_column type=&#8221;1_2&#8243; _builder_version=&#8221;4.16&#8243; custom_padding=&#8221;|||&#8221; global_colors_info=&#8221;{}&#8221; custom_padding__hover=&#8221;|||&#8221;][et_pb_image src=&#8221;https:\/\/elementmetech.com\/wp-content\/uploads\/2020\/04\/Calibration-Flow-1-640&#215;480.jpg&#8221; title_text=&#8221;Calibration Flow&#8221; _builder_version=&#8221;4.16&#8243; _module_preset=&#8221;default&#8221; global_colors_info=&#8221;{}&#8221;][\/et_pb_image][\/et_pb_column][et_pb_column type=&#8221;1_2&#8243; specialty_columns=&#8221;2&#8243; _builder_version=&#8221;4.16&#8243; custom_padding=&#8221;|||&#8221; global_colors_info=&#8221;{}&#8221; custom_padding__hover=&#8221;|||&#8221;][et_pb_row_inner _builder_version=&#8221;4.16&#8243; _module_preset=&#8221;default&#8221; custom_margin=&#8221;||||false|false&#8221; custom_padding=&#8221;0px||||false|false&#8221; global_colors_info=&#8221;{}&#8221;][et_pb_column_inner saved_specialty_column_type=&#8221;1_2&#8243; _builder_version=&#8221;4.16&#8243; _module_preset=&#8221;default&#8221; global_colors_info=&#8221;{}&#8221;][et_pb_text _builder_version=&#8221;4.16&#8243; _module_preset=&#8221;default&#8221; global_colors_info=&#8221;{}&#8221;]<\/p>\n<h2>Typiske instrumenttyper<\/h2>\n<p>[\/et_pb_text][\/et_pb_column_inner][\/et_pb_row_inner][et_pb_row_inner column_structure=&#8221;1_2,1_2&#8243; _builder_version=&#8221;4.16&#8243; _module_preset=&#8221;default&#8221; global_colors_info=&#8221;{}&#8221;][et_pb_column_inner type=&#8221;1_2&#8243; saved_specialty_column_type=&#8221;1_2&#8243; _builder_version=&#8221;4.16&#8243; _module_preset=&#8221;default&#8221; global_colors_info=&#8221;{}&#8221;][et_pb_text _builder_version=&#8221;4.16&#8243; _module_preset=&#8221;default&#8221; global_colors_info=&#8221;{}&#8221;]<\/p>\n<ul>\n<li>Volumen flow m\u00e5ler<\/li>\n<li>M\u00e6ngde flow m\u00e5ler<\/li>\n<li>Flow kontroller<\/li>\n<li>Flow r\u00f8r<\/li>\n<li>Drejem\u00e5ler<\/li>\n<\/ul>\n<p>[\/et_pb_text][\/et_pb_column_inner][et_pb_column_inner type=&#8221;1_2&#8243; saved_specialty_column_type=&#8221;1_2&#8243; _builder_version=&#8221;4.16&#8243; _module_preset=&#8221;default&#8221; global_colors_info=&#8221;{}&#8221;][et_pb_text _builder_version=&#8221;4.16&#8243; _module_preset=&#8221;default&#8221; global_colors_info=&#8221;{}&#8221;]<\/p>\n<ul>\n<li>Slit sampler<\/li>\n<li>Luft sampler<\/li>\n<li>Bobbel flow m\u00e5ler<\/li>\n<li>VA flow m\u00e5ler<\/li>\n<li>L\u00e6kage tester<\/li>\n<li>Gl\u00f8detest enhed<\/li>\n<\/ul>\n<p>[\/et_pb_text][\/et_pb_column_inner][\/et_pb_row_inner][\/et_pb_column][\/et_pb_section][et_pb_section fb_built=&#8221;1&#8243; _builder_version=&#8221;4.16&#8243; _module_preset=&#8221;default&#8221; global_colors_info=&#8221;{}&#8221;][et_pb_row column_structure=&#8221;1_2,1_2&#8243; _builder_version=&#8221;4.16&#8243; _module_preset=&#8221;default&#8221; global_colors_info=&#8221;{}&#8221;][et_pb_column type=&#8221;1_2&#8243; _builder_version=&#8221;4.16&#8243; _module_preset=&#8221;default&#8221; global_colors_info=&#8221;{}&#8221;][et_pb_text _builder_version=&#8221;4.16&#8243; _module_preset=&#8221;default&#8221; global_colors_info=&#8221;{}&#8221;]<\/p>\n<h2>Justering og korrektionsdata<\/h2>\n<p>En ekstra service som vi tilbyder, er justering eller indtastning af korrektionsdata i de fleste typer af gas flow m\u00e5leudstyr, samt slit og luft samplere.<\/p>\n<p>[\/et_pb_text][\/et_pb_column][et_pb_column type=&#8221;1_2&#8243; _builder_version=&#8221;4.16&#8243; _module_preset=&#8221;default&#8221; global_colors_info=&#8221;{}&#8221;][\/et_pb_column][\/et_pb_row][\/et_pb_section]<\/p>\n","protected":false},"excerpt":{"rendered":"<p>Element Metech leverer sporbare og akkrediterede kalibreringer af instrumenter der generere eller m\u00e5ler flow. Vi er uafh\u00e6ngige af andre forhandlere, og er i stand til at supportere alle fabrikant- og instrumenttyper.Typiske instrumenttyper Volumen flow m\u00e5ler M\u00e6ngde flow m\u00e5ler Flow kontroller Flow r\u00f8r Drejem\u00e5ler Slit sampler Luft sampler Bobbel flow m\u00e5ler VA flow m\u00e5ler L\u00e6kage tester [&hellip;]<\/p>\n","protected":false},"author":33,"featured_media":3558,"parent":2429,"menu_order":13,"comment_status":"closed","ping_status":"closed","template":"","meta":{"_acf_changed":false,"_et_pb_use_builder":"on","_et_pb_old_content":"<p><strong>Element Metech leverer sporbare og akkrediterede kalibreringer af instrumenter der generere eller m\u00e5ler flow. Vi er uafh\u00e6ngige af andre forhandlere, og er i stand til at supportere alle fabrikant- og instrumenttyper. <\/strong><\/p> <h2>Typiske instrumenttyper<\/h2> <div class=\"column\"> <ul> <li>Volumen flow m\u00e5ler<\/li> <li>M\u00e6ngde flow m\u00e5ler<\/li> <li>Flow kontroller<\/li> <li>Flow r\u00f8r<\/li> <li>Drejem\u00e5ler<\/li> <\/ul> <\/div> <div class=\"column\"> <ul> <li>Slit sampler<\/li> <li>Luft sampler<\/li> <li>Bobbel flow m\u00e5ler<\/li> <li>VA flow m\u00e5ler<\/li> <li>L\u00e6kage tester<\/li> <li>Gl\u00f8detest enhed<\/li> <\/ul> <\/div> <h2>Justering og korrektionsdata<\/h2> <p>En ekstra service som vi tilbyder, er justering eller indtastning af korrektionsdata i de fleste typer af gas flow m\u00e5leudstyr, samt slit og luft samplere.<\/p> <h3>Service<\/h3> <p>Vi er stolte over vores fleksibilitet og omfattende f\u00e6rdigheder. Hvis den anmodede service ikke er tilg\u00e6ngelig t\u00e6t p\u00e5 din placering, vil vi selvf\u00f8lgelig arrangere den n\u00f8dvendige logistik inden for Element Metech , for at hj\u00e6lpe dig med alle dine behov inden for kalibrering, service og m\u00e5leteknik.<\/p> <p><\/p> <p><\/p> <p>Element Metech er den eneste kontakt, De har brug for, n\u00e5r det kommer til kalibrering, service og administration af m\u00e5leudstyr.<\/p> <p class=\"readmore\"><a href=\"\/dk\/kontakt\/\">Kontakt vores team<\/a><\/p>","_et_gb_content_width":"","footnotes":""},"tags":[],"class_list":["post-448","page","type-page","status-publish","has-post-thumbnail","hentry"],"acf":[],"yoast_head":"<!-- This site is optimized with the Yoast SEO plugin v27.5 - https:\/\/yoast.com\/product\/yoast-seo-wordpress\/ -->\n<title>Kalibrering af flow<\/title>\n<meta name=\"description\" content=\"Sporbar og akkrediteret kalibrering af flowinstrumenter for alle fabrikater med justering, korrektionsdata og support til gas- og luftflowudstyr.\" \/>\n<meta name=\"robots\" content=\"index, follow, max-snippet:-1, max-image-preview:large, max-video-preview:-1\" \/>\n<link rel=\"canonical\" href=\"https:\/\/elementmetech.com\/da\/calibration\/flow-3\/\" \/>\n<meta property=\"og:locale\" content=\"da_DK\" \/>\n<meta property=\"og:type\" content=\"article\" \/>\n<meta property=\"og:title\" content=\"Kalibrering af flow\" \/>\n<meta property=\"og:description\" content=\"Sporbar og akkrediteret kalibrering af flowinstrumenter for alle fabrikater med justering, korrektionsdata og support til gas- og luftflowudstyr.\" \/>\n<meta property=\"og:url\" content=\"https:\/\/elementmetech.com\/da\/calibration\/flow-3\/\" \/>\n<meta property=\"og:site_name\" content=\"Element Metech\" \/>\n<meta property=\"article:modified_time\" content=\"2026-01-30T08:45:48+00:00\" \/>\n<meta property=\"og:image\" content=\"https:\/\/elementmetech.com\/wp-content\/uploads\/2021\/06\/Calibration-Flow-2-1600x480-1.jpg\" \/>\n\t<meta property=\"og:image:width\" content=\"1600\" \/>\n\t<meta property=\"og:image:height\" content=\"480\" \/>\n\t<meta property=\"og:image:type\" content=\"image\/jpeg\" \/>\n<meta name=\"twitter:card\" content=\"summary_large_image\" \/>\n<meta name=\"twitter:label1\" content=\"Estimeret l\u00e6setid\" \/>\n\t<meta name=\"twitter:data1\" content=\"5 minutter\" \/>\n<script type=\"application\/ld+json\" class=\"yoast-schema-graph\">{\"@context\":\"https:\\\/\\\/schema.org\",\"@graph\":[{\"@type\":\"WebPage\",\"@id\":\"https:\\\/\\\/elementmetech.com\\\/da\\\/calibration\\\/flow-3\\\/\",\"url\":\"https:\\\/\\\/elementmetech.com\\\/da\\\/calibration\\\/flow-3\\\/\",\"name\":\"Kalibrering af flow\",\"isPartOf\":{\"@id\":\"https:\\\/\\\/elementmetech.com\\\/da\\\/#website\"},\"primaryImageOfPage\":{\"@id\":\"https:\\\/\\\/elementmetech.com\\\/da\\\/calibration\\\/flow-3\\\/#primaryimage\"},\"image\":{\"@id\":\"https:\\\/\\\/elementmetech.com\\\/da\\\/calibration\\\/flow-3\\\/#primaryimage\"},\"thumbnailUrl\":\"https:\\\/\\\/elementmetech.com\\\/wp-content\\\/uploads\\\/2021\\\/06\\\/Calibration-Flow-2-1600x480-1.jpg\",\"datePublished\":\"2016-04-11T09:49:03+00:00\",\"dateModified\":\"2026-01-30T08:45:48+00:00\",\"description\":\"Sporbar og akkrediteret kalibrering af flowinstrumenter for alle fabrikater med justering, korrektionsdata og support til gas- og luftflowudstyr.\",\"breadcrumb\":{\"@id\":\"https:\\\/\\\/elementmetech.com\\\/da\\\/calibration\\\/flow-3\\\/#breadcrumb\"},\"inLanguage\":\"da-DK\",\"potentialAction\":[{\"@type\":\"ReadAction\",\"target\":[\"https:\\\/\\\/elementmetech.com\\\/da\\\/calibration\\\/flow-3\\\/\"]}]},{\"@type\":\"ImageObject\",\"inLanguage\":\"da-DK\",\"@id\":\"https:\\\/\\\/elementmetech.com\\\/da\\\/calibration\\\/flow-3\\\/#primaryimage\",\"url\":\"https:\\\/\\\/elementmetech.com\\\/wp-content\\\/uploads\\\/2021\\\/06\\\/Calibration-Flow-2-1600x480-1.jpg\",\"contentUrl\":\"https:\\\/\\\/elementmetech.com\\\/wp-content\\\/uploads\\\/2021\\\/06\\\/Calibration-Flow-2-1600x480-1.jpg\",\"width\":1600,\"height\":480,\"caption\":\"Gauges\"},{\"@type\":\"BreadcrumbList\",\"@id\":\"https:\\\/\\\/elementmetech.com\\\/da\\\/calibration\\\/flow-3\\\/#breadcrumb\",\"itemListElement\":[{\"@type\":\"ListItem\",\"position\":1,\"name\":\"Home\",\"item\":\"https:\\\/\\\/elementmetech.com\\\/da\\\/\"},{\"@type\":\"ListItem\",\"position\":2,\"name\":\"Kalibrering &#038; Metrologi\",\"item\":\"https:\\\/\\\/elementmetech.com\\\/da\\\/calibration\\\/\"},{\"@type\":\"ListItem\",\"position\":3,\"name\":\"Kalibrering af flow\"}]},{\"@type\":\"WebSite\",\"@id\":\"https:\\\/\\\/elementmetech.com\\\/da\\\/#website\",\"url\":\"https:\\\/\\\/elementmetech.com\\\/da\\\/\",\"name\":\"Element Metech\",\"description\":\"Delivering metrological confidence\",\"publisher\":{\"@id\":\"https:\\\/\\\/elementmetech.com\\\/da\\\/#organization\"},\"potentialAction\":[{\"@type\":\"SearchAction\",\"target\":{\"@type\":\"EntryPoint\",\"urlTemplate\":\"https:\\\/\\\/elementmetech.com\\\/da\\\/?s={search_term_string}\"},\"query-input\":{\"@type\":\"PropertyValueSpecification\",\"valueRequired\":true,\"valueName\":\"search_term_string\"}}],\"inLanguage\":\"da-DK\"},{\"@type\":\"Organization\",\"@id\":\"https:\\\/\\\/elementmetech.com\\\/da\\\/#organization\",\"name\":\"Element Metech\",\"url\":\"https:\\\/\\\/elementmetech.com\\\/da\\\/\",\"logo\":{\"@type\":\"ImageObject\",\"inLanguage\":\"da-DK\",\"@id\":\"https:\\\/\\\/elementmetech.com\\\/da\\\/#\\\/schema\\\/logo\\\/image\\\/\",\"url\":\"https:\\\/\\\/elementmetech.com\\\/wp-content\\\/uploads\\\/2021\\\/06\\\/Element-Metech-Logo-1.svg\",\"contentUrl\":\"https:\\\/\\\/elementmetech.com\\\/wp-content\\\/uploads\\\/2021\\\/06\\\/Element-Metech-Logo-1.svg\",\"width\":\"1024\",\"height\":\"1024\",\"caption\":\"Element Metech\"},\"image\":{\"@id\":\"https:\\\/\\\/elementmetech.com\\\/da\\\/#\\\/schema\\\/logo\\\/image\\\/\"},\"sameAs\":[\"https:\\\/\\\/www.linkedin.com\\\/company\\\/element-metech\\\/\"]}]}<\/script>\n<!-- \/ Yoast SEO plugin. -->","yoast_head_json":{"title":"Kalibrering af flow","description":"Sporbar og akkrediteret kalibrering af flowinstrumenter for alle fabrikater med justering, korrektionsdata og support til gas- og luftflowudstyr.","robots":{"index":"index","follow":"follow","max-snippet":"max-snippet:-1","max-image-preview":"max-image-preview:large","max-video-preview":"max-video-preview:-1"},"canonical":"https:\/\/elementmetech.com\/da\/calibration\/flow-3\/","og_locale":"da_DK","og_type":"article","og_title":"Kalibrering af flow","og_description":"Sporbar og akkrediteret kalibrering af flowinstrumenter for alle fabrikater med justering, korrektionsdata og support til gas- og luftflowudstyr.","og_url":"https:\/\/elementmetech.com\/da\/calibration\/flow-3\/","og_site_name":"Element Metech","article_modified_time":"2026-01-30T08:45:48+00:00","og_image":[{"width":1600,"height":480,"url":"https:\/\/elementmetech.com\/wp-content\/uploads\/2021\/06\/Calibration-Flow-2-1600x480-1.jpg","type":"image\/jpeg"}],"twitter_card":"summary_large_image","twitter_misc":{"Estimeret l\u00e6setid":"5 minutter"},"schema":{"@context":"https:\/\/schema.org","@graph":[{"@type":"WebPage","@id":"https:\/\/elementmetech.com\/da\/calibration\/flow-3\/","url":"https:\/\/elementmetech.com\/da\/calibration\/flow-3\/","name":"Kalibrering af flow","isPartOf":{"@id":"https:\/\/elementmetech.com\/da\/#website"},"primaryImageOfPage":{"@id":"https:\/\/elementmetech.com\/da\/calibration\/flow-3\/#primaryimage"},"image":{"@id":"https:\/\/elementmetech.com\/da\/calibration\/flow-3\/#primaryimage"},"thumbnailUrl":"https:\/\/elementmetech.com\/wp-content\/uploads\/2021\/06\/Calibration-Flow-2-1600x480-1.jpg","datePublished":"2016-04-11T09:49:03+00:00","dateModified":"2026-01-30T08:45:48+00:00","description":"Sporbar og akkrediteret kalibrering af flowinstrumenter for alle fabrikater med justering, korrektionsdata og support til gas- og luftflowudstyr.","breadcrumb":{"@id":"https:\/\/elementmetech.com\/da\/calibration\/flow-3\/#breadcrumb"},"inLanguage":"da-DK","potentialAction":[{"@type":"ReadAction","target":["https:\/\/elementmetech.com\/da\/calibration\/flow-3\/"]}]},{"@type":"ImageObject","inLanguage":"da-DK","@id":"https:\/\/elementmetech.com\/da\/calibration\/flow-3\/#primaryimage","url":"https:\/\/elementmetech.com\/wp-content\/uploads\/2021\/06\/Calibration-Flow-2-1600x480-1.jpg","contentUrl":"https:\/\/elementmetech.com\/wp-content\/uploads\/2021\/06\/Calibration-Flow-2-1600x480-1.jpg","width":1600,"height":480,"caption":"Gauges"},{"@type":"BreadcrumbList","@id":"https:\/\/elementmetech.com\/da\/calibration\/flow-3\/#breadcrumb","itemListElement":[{"@type":"ListItem","position":1,"name":"Home","item":"https:\/\/elementmetech.com\/da\/"},{"@type":"ListItem","position":2,"name":"Kalibrering &#038; Metrologi","item":"https:\/\/elementmetech.com\/da\/calibration\/"},{"@type":"ListItem","position":3,"name":"Kalibrering af flow"}]},{"@type":"WebSite","@id":"https:\/\/elementmetech.com\/da\/#website","url":"https:\/\/elementmetech.com\/da\/","name":"Element Metech","description":"Delivering metrological confidence","publisher":{"@id":"https:\/\/elementmetech.com\/da\/#organization"},"potentialAction":[{"@type":"SearchAction","target":{"@type":"EntryPoint","urlTemplate":"https:\/\/elementmetech.com\/da\/?s={search_term_string}"},"query-input":{"@type":"PropertyValueSpecification","valueRequired":true,"valueName":"search_term_string"}}],"inLanguage":"da-DK"},{"@type":"Organization","@id":"https:\/\/elementmetech.com\/da\/#organization","name":"Element Metech","url":"https:\/\/elementmetech.com\/da\/","logo":{"@type":"ImageObject","inLanguage":"da-DK","@id":"https:\/\/elementmetech.com\/da\/#\/schema\/logo\/image\/","url":"https:\/\/elementmetech.com\/wp-content\/uploads\/2021\/06\/Element-Metech-Logo-1.svg","contentUrl":"https:\/\/elementmetech.com\/wp-content\/uploads\/2021\/06\/Element-Metech-Logo-1.svg","width":"1024","height":"1024","caption":"Element Metech"},"image":{"@id":"https:\/\/elementmetech.com\/da\/#\/schema\/logo\/image\/"},"sameAs":["https:\/\/www.linkedin.com\/company\/element-metech\/"]}]}},"_links":{"self":[{"href":"https:\/\/elementmetech.com\/da\/wp-json\/wp\/v2\/pages\/448","targetHints":{"allow":["GET"]}}],"collection":[{"href":"https:\/\/elementmetech.com\/da\/wp-json\/wp\/v2\/pages"}],"about":[{"href":"https:\/\/elementmetech.com\/da\/wp-json\/wp\/v2\/types\/page"}],"author":[{"embeddable":true,"href":"https:\/\/elementmetech.com\/da\/wp-json\/wp\/v2\/users\/33"}],"replies":[{"embeddable":true,"href":"https:\/\/elementmetech.com\/da\/wp-json\/wp\/v2\/comments?post=448"}],"version-history":[{"count":0,"href":"https:\/\/elementmetech.com\/da\/wp-json\/wp\/v2\/pages\/448\/revisions"}],"up":[{"embeddable":true,"href":"https:\/\/elementmetech.com\/da\/wp-json\/wp\/v2\/pages\/2429"}],"wp:featuredmedia":[{"embeddable":true,"href":"https:\/\/elementmetech.com\/da\/wp-json\/wp\/v2\/media\/3558"}],"wp:attachment":[{"href":"https:\/\/elementmetech.com\/da\/wp-json\/wp\/v2\/media?parent=448"}],"wp:term":[{"taxonomy":"post_tag","embeddable":true,"href":"https:\/\/elementmetech.com\/da\/wp-json\/wp\/v2\/tags?post=448"}],"curies":[{"name":"wp","href":"https:\/\/api.w.org\/{rel}","templated":true}]}}