{"id":442,"date":"2016-04-11T09:46:55","date_gmt":"2016-04-11T09:46:55","guid":{"rendered":"https:\/\/elementmetech.wpengine.com\/calibration-levels-2\/"},"modified":"2021-10-04T20:44:50","modified_gmt":"2021-10-04T20:44:50","slug":"kalibreringsniveauer","status":"publish","type":"page","link":"https:\/\/elementmetech.com\/da\/kalibreringsniveauer\/","title":{"rendered":"Kalibreringsniveauer"},"content":{"rendered":"<p>[et_pb_section fb_built=&#8221;1&#8243; admin_label=&#8221;section&#8221; _builder_version=&#8221;3.22&#8243; global_colors_info=&#8221;{}&#8221;][et_pb_row admin_label=&#8221;row&#8221; _builder_version=&#8221;3.25&#8243; background_size=&#8221;initial&#8221; background_position=&#8221;top_left&#8221; background_repeat=&#8221;repeat&#8221; global_colors_info=&#8221;{}&#8221; column_structure=&#8221;1_5,3_5,1_5&#8243;][et_pb_column type=&#8221;1_5&#8243; _builder_version=&#8221;3.25&#8243; custom_padding=&#8221;|||&#8221; global_colors_info=&#8221;{}&#8221; custom_padding__hover=&#8221;|||&#8221;][\/et_pb_column][et_pb_column type=&#8221;3_5&#8243; _builder_version=&#8221;3.25&#8243; custom_padding=&#8221;|||&#8221; global_colors_info=&#8221;{}&#8221; custom_padding__hover=&#8221;|||&#8221;][et_pb_text admin_label=&#8221;Text&#8221; _builder_version=&#8221;4.10.8&#8243; background_size=&#8221;initial&#8221; background_position=&#8221;top_left&#8221; background_repeat=&#8221;repeat&#8221; hover_enabled=&#8221;0&#8243; global_colors_info=&#8221;{}&#8221; sticky_enabled=&#8221;0&#8243;]<\/p>\n<div class=\"super-lead\">\n<p>Vores kalibreringsydelser udf\u00f8res p\u00e5 et af vores servicecentre, eller on-site. Som leverand\u00f8r er vi certificeret i henhold til ISO 9001, og vores akkrediterede laboratorier er akkrediteret af Akkrediteringsmyndigheder i henhold til ISO\/IEC 17025.<\/p>\n<\/div>\n<p>Vores ydelser er udviklet for at hj\u00e6lpe dig som kunde med at opfylde de krav, der stilles i forbindelse med vedligeholdelse og kalibrering af dine m\u00e5leinstrumenter. Alle ydelser leveres med en m\u00e5leteknisk bekr\u00e6ftelse af m\u00e5leinstrumenterne, der opfylder kravene i standarder som fx ISO 9001 og ISO 10012.<\/p>\n<h2>Akkrediteret kalibrering<\/h2>\n<p>N\u00e5r du skal bruge m\u00e5leresultater og bevis p\u00e5 at m\u00e5leinstrumentet overholder specifikationerne. Denne service omfatter en international anerkendt kalibrering, og opfylder kravene til kalibrering, i henhold til ISO\/IEC 17025, hvilket betyder kravene i\u00a0IATF 16949 opfyldes.<\/p>\n<h3>M\u00e5leteknisk bekr\u00e6ftelse:<\/h3>\n<ul>\n<li><strong>Kalibrering<\/strong>, der er udf\u00f8rt i et akkrediteret laboratorium og testet for overholdelse af de korrekte specifikationer.<\/li>\n<li><strong>Justering<\/strong> n\u00e5r m\u00e5leinstrumentet ikke overholder specifikationerne, hvis muligt. (2)<\/li>\n<li><strong>Kalibreringscertifikat<\/strong> udstedt af et akkrediteret laboratorium, som bekr\u00e6fter overensstemmelse eller manglende overensstemmelse. M\u00e5leresultater rapporteres for hvert enkelt instrument. (1)<\/li>\n<li><strong>Dokumenter<\/strong> som kalibreringscertifikat og m\u00e5leresultater gemmes i min. 6 \u00e5r.<\/li>\n<li><strong>Forsegling og m\u00e6rkning<\/strong> med kalibreringslabel.<\/li>\n<\/ul>\n<hr \/>\n<h2>Sporbar kalibrering<\/h2>\n<p>N\u00e5r du har brug for et bevis p\u00e5, at m\u00e5leinstrumentet overholder specifikationerne. Denne service leverer en sporbar kalibrering der opfylder kravene i ISO\/IEC 17025, ISO 9001 og ISO 10012.<\/p>\n<h3>M\u00e5leteknisk bekr\u00e6ftelse:<\/h3>\n<ul>\n<li><strong>Kalibrering<\/strong> og test for overholdelse af de korrekte specifikationer.<\/li>\n<li><strong>Justering<\/strong> n\u00e5r m\u00e5leinstrumentet ikke overholder specifikationerne, hvis muligt. (2)<\/li>\n<li><strong>Kalibreringscertifikat<\/strong> som bekr\u00e6fter overensstemmelse eller manglende overensstemmelse. M\u00e5leresultater rapporteres for hvert enkelt instrument. (1)<\/li>\n<li><strong>Dokumenter<\/strong><\/li>\n<li><strong>Forsegling og m\u00e6rkning<\/strong> som &#8220;Kalibreret&#8221;.<\/li>\n<\/ul>\n<hr \/>\n<p>Kalibreringen d\u00e6kker normalt over den fulde specificerede udvalg, men kan blive skr\u00e6ddersyet til dine behov. (3) M\u00e5lepunkter er valgt i henhold til fabrikantens performance test eller tilsvarende.<\/p>\n<p>M\u00e5leprocedurer og testudstyr er valgt for at sikre sporbarhed til nationale og\/eller internationale normaler.<br \/>M\u00e5leusikkerheden er taget i betragtning n\u00e5r der udf\u00f8res bed\u00f8mmelse af overensstemmelse eller manglende overensstemmelse med krav. Hvis m\u00e5leinstrumentet ikke overholder specifikationen efter justering, eller der er behov for reparation, vil kunden blive kontaktet f\u00f8r der foretages yderligere aktiviteter).<\/p>\n<p>(1) N\u00e5r justeringer udf\u00f8res, vil m\u00e5leresultaterne bliver rapporteret for de aktuelle punkter.<\/p>\n<p>(2) Du kan bestemme, at der ikke skal udf\u00f8res justeringer, fx ved referenceudstyr hvor kalibreringshistorikken er vigtig. M\u00e5leinstrumentet bliver derefter returneret, hvad enten det overholder specifikationerne eller ej.<\/p>\n<p>(3) Den fulde specifikation henviser til relevante dele af specifikationen. N\u00e5r der udf\u00f8res akkrediterede kalibreringer hvor det ikke er alle parametre der er d\u00e6kket af akkrediteringen, vil kalibreringen blive udf\u00f8rt som en ikke-akkrediteret m\u00e5ling, for at d\u00e6kke den fulde specifikation.<\/p>\n<p>[\/et_pb_text][\/et_pb_column][et_pb_column type=&#8221;1_5&#8243; _builder_version=&#8221;3.25&#8243; custom_padding=&#8221;|||&#8221; global_colors_info=&#8221;{}&#8221; custom_padding__hover=&#8221;|||&#8221;][\/et_pb_column][\/et_pb_row][\/et_pb_section]<\/p>\n","protected":false},"excerpt":{"rendered":"<p>Vores kalibreringsydelser udf\u00f8res p\u00e5 et af vores servicecentre, eller on-site. Som leverand\u00f8r er vi certificeret i henhold til ISO 9001, og vores akkrediterede laboratorier er akkrediteret af Akkrediteringsmyndigheder i henhold til ISO\/IEC 17025. Vores ydelser er udviklet for at hj\u00e6lpe dig som kunde med at opfylde de krav, der stilles i forbindelse med vedligeholdelse og [&hellip;]<\/p>\n","protected":false},"author":33,"featured_media":3528,"parent":0,"menu_order":2,"comment_status":"closed","ping_status":"closed","template":"","meta":{"_acf_changed":false,"_et_pb_use_builder":"on","_et_pb_old_content":"<p><strong>Vores kalibreringsydelser udf\u00f8res p\u00e5 et af vores servicecentre, eller on-site. Som leverand\u00f8r er vi certificeret i henhold til ISO 9001, og vores akkrediterede laboratorier er akkrediteret af Akkrediteringsmyndigheder i henhold til ISO\/IEC 17025.<\/strong><\/p> <p>Vores ydelser er udviklet for at hj\u00e6lpe dig som kunde med at opfylde de krav, der stilles i forbindelse med vedligeholdelse og kalibrering af dine m\u00e5leinstrumenter. Alle ydelser leveres med en m\u00e5leteknisk bekr\u00e6ftelse af m\u00e5leinstrumenterne, der opfylder kravene i standarder som fx ISO 9001 og ISO 10012.<\/p> <h2>Akkrediteret kalibrering<\/h2> <p>N\u00e5r du skal bruge m\u00e5leresultater og bevis p\u00e5 at m\u00e5leinstrumentet overholder specifikationerne. Denne service omfatter en international anerkendt kalibrering, og opfylder kravene til kalibrering, i henhold til ISO\/IEC 17025, hvilket betyder kravene i\u00a0IATF 16949 opfyldes.<\/p> <h3>M\u00e5leteknisk bekr\u00e6ftelse:<\/h3> <ul> <li><strong>Kalibrering<\/strong>, der er udf\u00f8rt i et akkrediteret laboratorium og testet for overholdelse af de korrekte specifikationer.<\/li> <li><strong>Justering<\/strong> n\u00e5r m\u00e5leinstrumentet ikke overholder specifikationerne, hvis muligt. (2)<\/li> <li><strong>Kalibreringscertifikat<\/strong> udstedt af et akkrediteret laboratorium, som bekr\u00e6fter overensstemmelse eller manglende overensstemmelse. M\u00e5leresultater rapporteres for hvert enkelt instrument. (1)<\/li> <li><strong>Dokumenter<\/strong> som kalibreringscertifikat og m\u00e5leresultater gemmes i min. 6 \u00e5r.<\/li> <li><strong>Forsegling og m\u00e6rkning<\/strong> med kalibreringslabel.<\/li> <\/ul> <hr \/> <h2>Sporbar kalibrering<\/h2> <p>N\u00e5r du har brug for et bevis p\u00e5, at m\u00e5leinstrumentet overholder specifikationerne. Denne service leverer en sporbar kalibrering der opfylder kravene i ISO\/IEC 17025, ISO 9001 og ISO 10012.<\/p> <h3>M\u00e5leteknisk bekr\u00e6ftelse:<\/h3> <ul> <li><strong>Kalibrering<\/strong> og test for overholdelse af de korrekte specifikationer.<\/li> <li><strong>Justering<\/strong> n\u00e5r m\u00e5leinstrumentet ikke overholder specifikationerne, hvis muligt. (2)<\/li> <li><strong>Kalibreringscertifikat<\/strong> som bekr\u00e6fter overensstemmelse eller manglende overensstemmelse. M\u00e5leresultater rapporteres for hvert enkelt instrument. (1)<\/li> <li><strong>Dokumenter<\/strong><\/li> <li><strong>Forsegling og m\u00e6rkning<\/strong> som \"Kalibreret\".<\/li> <\/ul> <hr \/> <p>Kalibreringen d\u00e6kker normalt over den fulde specificerede udvalg, men kan blive skr\u00e6ddersyet til dine behov. (3) M\u00e5lepunkter er valgt i henhold til fabrikantens performance test eller tilsvarende.<\/p> <p>M\u00e5leprocedurer og testudstyr er valgt for at sikre sporbarhed til nationale og\/eller internationale normaler.<br \/>M\u00e5leusikkerheden er taget i betragtning n\u00e5r der udf\u00f8res bed\u00f8mmelse af overensstemmelse eller manglende overensstemmelse med krav. Hvis m\u00e5leinstrumentet ikke overholder specifikationen efter justering, eller der er behov for reparation, vil kunden blive kontaktet f\u00f8r der foretages yderligere aktiviteter).<\/p> <p>(1) N\u00e5r justeringer udf\u00f8res, vil m\u00e5leresultaterne bliver rapporteret for de aktuelle punkter.<\/p> <p>(2) Du kan bestemme, at der ikke skal udf\u00f8res justeringer, fx ved referenceudstyr hvor kalibreringshistorikken er vigtig. M\u00e5leinstrumentet bliver derefter returneret, hvad enten det overholder specifikationerne eller ej.<\/p> <p>(3) Den fulde specifikation henviser til relevante dele af specifikationen. N\u00e5r der udf\u00f8res akkrediterede kalibreringer hvor det ikke er alle parametre der er d\u00e6kket af akkrediteringen, vil kalibreringen blive udf\u00f8rt som en ikke-akkrediteret m\u00e5ling, for at d\u00e6kke den fulde specifikation.<\/p>","_et_gb_content_width":"","footnotes":""},"tags":[],"class_list":["post-442","page","type-page","status-publish","has-post-thumbnail","hentry"],"acf":[],"yoast_head":"<!-- This site is optimized with the Yoast SEO plugin v27.3 - https:\/\/yoast.com\/product\/yoast-seo-wordpress\/ -->\n<title>Kalibreringsniveauer - Element Metech<\/title>\n<meta name=\"robots\" content=\"index, follow, max-snippet:-1, max-image-preview:large, max-video-preview:-1\" \/>\n<link rel=\"canonical\" href=\"https:\/\/elementmetech.com\/da\/kalibreringsniveauer\/\" \/>\n<meta property=\"og:locale\" content=\"da_DK\" \/>\n<meta property=\"og:type\" content=\"article\" \/>\n<meta property=\"og:title\" content=\"Kalibreringsniveauer - Element Metech\" \/>\n<meta property=\"og:description\" content=\"Vores kalibreringsydelser udf\u00f8res p\u00e5 et af vores servicecentre, eller on-site. Som leverand\u00f8r er vi certificeret i henhold til ISO 9001, og vores akkrediterede laboratorier er akkrediteret af Akkrediteringsmyndigheder i henhold til ISO\/IEC 17025. Vores ydelser er udviklet for at hj\u00e6lpe dig som kunde med at opfylde de krav, der stilles i forbindelse med vedligeholdelse og [&hellip;]\" \/>\n<meta property=\"og:url\" content=\"https:\/\/elementmetech.com\/da\/kalibreringsniveauer\/\" \/>\n<meta property=\"og:site_name\" content=\"Element Metech\" \/>\n<meta property=\"article:modified_time\" content=\"2021-10-04T20:44:50+00:00\" \/>\n<meta property=\"og:image\" content=\"https:\/\/elementmetech.com\/wp-content\/uploads\/2021\/06\/Calibration-Certificate-1-1600x480-1.jpg\" \/>\n\t<meta property=\"og:image:width\" content=\"1600\" \/>\n\t<meta property=\"og:image:height\" content=\"480\" \/>\n\t<meta property=\"og:image:type\" content=\"image\/jpeg\" \/>\n<meta name=\"twitter:card\" content=\"summary_large_image\" \/>\n<meta name=\"twitter:label1\" content=\"Estimeret l\u00e6setid\" \/>\n\t<meta name=\"twitter:data1\" content=\"3 minutter\" \/>\n<script type=\"application\/ld+json\" class=\"yoast-schema-graph\">{\"@context\":\"https:\\\/\\\/schema.org\",\"@graph\":[{\"@type\":\"WebPage\",\"@id\":\"https:\\\/\\\/elementmetech.com\\\/da\\\/kalibreringsniveauer\\\/\",\"url\":\"https:\\\/\\\/elementmetech.com\\\/da\\\/kalibreringsniveauer\\\/\",\"name\":\"Kalibreringsniveauer - Element Metech\",\"isPartOf\":{\"@id\":\"https:\\\/\\\/elementmetech.com\\\/da\\\/#website\"},\"primaryImageOfPage\":{\"@id\":\"https:\\\/\\\/elementmetech.com\\\/da\\\/kalibreringsniveauer\\\/#primaryimage\"},\"image\":{\"@id\":\"https:\\\/\\\/elementmetech.com\\\/da\\\/kalibreringsniveauer\\\/#primaryimage\"},\"thumbnailUrl\":\"https:\\\/\\\/elementmetech.com\\\/wp-content\\\/uploads\\\/2021\\\/06\\\/Calibration-Certificate-1-1600x480-1.jpg\",\"datePublished\":\"2016-04-11T09:46:55+00:00\",\"dateModified\":\"2021-10-04T20:44:50+00:00\",\"breadcrumb\":{\"@id\":\"https:\\\/\\\/elementmetech.com\\\/da\\\/kalibreringsniveauer\\\/#breadcrumb\"},\"inLanguage\":\"da-DK\",\"potentialAction\":[{\"@type\":\"ReadAction\",\"target\":[\"https:\\\/\\\/elementmetech.com\\\/da\\\/kalibreringsniveauer\\\/\"]}]},{\"@type\":\"ImageObject\",\"inLanguage\":\"da-DK\",\"@id\":\"https:\\\/\\\/elementmetech.com\\\/da\\\/kalibreringsniveauer\\\/#primaryimage\",\"url\":\"https:\\\/\\\/elementmetech.com\\\/wp-content\\\/uploads\\\/2021\\\/06\\\/Calibration-Certificate-1-1600x480-1.jpg\",\"contentUrl\":\"https:\\\/\\\/elementmetech.com\\\/wp-content\\\/uploads\\\/2021\\\/06\\\/Calibration-Certificate-1-1600x480-1.jpg\",\"width\":1600,\"height\":480,\"caption\":\"Kvalitetss\u00e4kra dina m\u00e4tinstrument med ackrediterad kalibrering fr\u00e5n Element S\u00f6ker du efter ackrediterade kalibreringstj\u00e4nster och vill vara s\u00e4ker p\u00e5 att kalibreringen utf\u00f6rs av ett oberoende och kompetent laboratorium? D\u00e5 \u00e4r Element Metech det sj\u00e4lvklara valet f\u00f6r dig. V\u00e5r omfattande erfarenhet och breda utbud av ackrediterade kalibreringstj\u00e4nster, tillsammans med v\u00e5r ackreditering enligt ISO\\\/IEC 17025, garanterar att du f\u00e5r h\u00f6gsta kvalitet p\u00e5 dina kalibreringar. Element Metech \u00e4r stolta \u00f6ver att kunna erbjuda ett av de bredaste utbuden av ackrediterad kalibrering i Europa. Vi \u00e4r ackrediterade enligt ISO\\\/IEC 17025, vilket garanterar att v\u00e5r kalibrering utf\u00f6rs enligt specifika kvalitetskrav som \u00e4r internationellt erk\u00e4nda. Att anlita ett ackrediterat laboratorium som Element Metech inneb\u00e4r en kvalitetsst\u00e4mpel som \u00f6kar f\u00f6rtroendet f\u00f6r ditt f\u00f6retag och dina produkter. V\u00e5ra laboratorier ackrediteras av det nationella ackrediteringsorganet i respektive land. I Sverige \u00e4r vi ackrediterade av Swedac, som \u00e4r en oberoende part som godk\u00e4nner laboratorier enligt standarden och kraven f\u00f6r samtliga v\u00e5ra ackrediterade lab. N\u00e4r du anv\u00e4nder m\u00e4tinstrument \u00e4r det viktigt att vara s\u00e4ker p\u00e5 att de ger korrekta resultat f\u00f6r att s\u00e4kerst\u00e4lla h\u00f6gsta kvalitet p\u00e5 dina produkter och tj\u00e4nster. Ackrediterad kalibrering \u00e4r ett bevis p\u00e5 att laboratoriet \u00e4r oberoende och kompetent och att kalibreringen utf\u00f6rs enligt internationellt erk\u00e4nda kvalitetskrav. Element Metech erbjuder ett brett utbud av ackrediterade kalibreringstj\u00e4nster, och v\u00e5r ISO\\\/IEC 17025-ackreditering garanterar h\u00f6gsta kvalitet. V\u00e5ra laboratorier ackrediteras av det nationella ackrediteringsorganet i respektive land. Ackrediterad kalibrering enligt ISO\\\/IEC 17025 Swedac Ackrediteringscertifikat ackrediterad kalibrring - element metech\"},{\"@type\":\"BreadcrumbList\",\"@id\":\"https:\\\/\\\/elementmetech.com\\\/da\\\/kalibreringsniveauer\\\/#breadcrumb\",\"itemListElement\":[{\"@type\":\"ListItem\",\"position\":1,\"name\":\"Home\",\"item\":\"https:\\\/\\\/elementmetech.com\\\/da\\\/\"},{\"@type\":\"ListItem\",\"position\":2,\"name\":\"Kalibreringsniveauer\"}]},{\"@type\":\"WebSite\",\"@id\":\"https:\\\/\\\/elementmetech.com\\\/da\\\/#website\",\"url\":\"https:\\\/\\\/elementmetech.com\\\/da\\\/\",\"name\":\"Element Metech\",\"description\":\"Delivering metrological confidence\",\"publisher\":{\"@id\":\"https:\\\/\\\/elementmetech.com\\\/da\\\/#organization\"},\"potentialAction\":[{\"@type\":\"SearchAction\",\"target\":{\"@type\":\"EntryPoint\",\"urlTemplate\":\"https:\\\/\\\/elementmetech.com\\\/da\\\/?s={search_term_string}\"},\"query-input\":{\"@type\":\"PropertyValueSpecification\",\"valueRequired\":true,\"valueName\":\"search_term_string\"}}],\"inLanguage\":\"da-DK\"},{\"@type\":\"Organization\",\"@id\":\"https:\\\/\\\/elementmetech.com\\\/da\\\/#organization\",\"name\":\"Element Metech\",\"url\":\"https:\\\/\\\/elementmetech.com\\\/da\\\/\",\"logo\":{\"@type\":\"ImageObject\",\"inLanguage\":\"da-DK\",\"@id\":\"https:\\\/\\\/elementmetech.com\\\/da\\\/#\\\/schema\\\/logo\\\/image\\\/\",\"url\":\"https:\\\/\\\/elementmetech.com\\\/wp-content\\\/uploads\\\/2021\\\/06\\\/Element-Metech-Logo-1.svg\",\"contentUrl\":\"https:\\\/\\\/elementmetech.com\\\/wp-content\\\/uploads\\\/2021\\\/06\\\/Element-Metech-Logo-1.svg\",\"width\":\"1024\",\"height\":\"1024\",\"caption\":\"Element Metech\"},\"image\":{\"@id\":\"https:\\\/\\\/elementmetech.com\\\/da\\\/#\\\/schema\\\/logo\\\/image\\\/\"},\"sameAs\":[\"https:\\\/\\\/www.linkedin.com\\\/company\\\/element-metech\\\/\"]}]}<\/script>\n<!-- \/ Yoast SEO plugin. -->","yoast_head_json":{"title":"Kalibreringsniveauer - Element Metech","robots":{"index":"index","follow":"follow","max-snippet":"max-snippet:-1","max-image-preview":"max-image-preview:large","max-video-preview":"max-video-preview:-1"},"canonical":"https:\/\/elementmetech.com\/da\/kalibreringsniveauer\/","og_locale":"da_DK","og_type":"article","og_title":"Kalibreringsniveauer - Element Metech","og_description":"Vores kalibreringsydelser udf\u00f8res p\u00e5 et af vores servicecentre, eller on-site. Som leverand\u00f8r er vi certificeret i henhold til ISO 9001, og vores akkrediterede laboratorier er akkrediteret af Akkrediteringsmyndigheder i henhold til ISO\/IEC 17025. Vores ydelser er udviklet for at hj\u00e6lpe dig som kunde med at opfylde de krav, der stilles i forbindelse med vedligeholdelse og [&hellip;]","og_url":"https:\/\/elementmetech.com\/da\/kalibreringsniveauer\/","og_site_name":"Element Metech","article_modified_time":"2021-10-04T20:44:50+00:00","og_image":[{"width":1600,"height":480,"url":"https:\/\/elementmetech.com\/wp-content\/uploads\/2021\/06\/Calibration-Certificate-1-1600x480-1.jpg","type":"image\/jpeg"}],"twitter_card":"summary_large_image","twitter_misc":{"Estimeret l\u00e6setid":"3 minutter"},"schema":{"@context":"https:\/\/schema.org","@graph":[{"@type":"WebPage","@id":"https:\/\/elementmetech.com\/da\/kalibreringsniveauer\/","url":"https:\/\/elementmetech.com\/da\/kalibreringsniveauer\/","name":"Kalibreringsniveauer - Element Metech","isPartOf":{"@id":"https:\/\/elementmetech.com\/da\/#website"},"primaryImageOfPage":{"@id":"https:\/\/elementmetech.com\/da\/kalibreringsniveauer\/#primaryimage"},"image":{"@id":"https:\/\/elementmetech.com\/da\/kalibreringsniveauer\/#primaryimage"},"thumbnailUrl":"https:\/\/elementmetech.com\/wp-content\/uploads\/2021\/06\/Calibration-Certificate-1-1600x480-1.jpg","datePublished":"2016-04-11T09:46:55+00:00","dateModified":"2021-10-04T20:44:50+00:00","breadcrumb":{"@id":"https:\/\/elementmetech.com\/da\/kalibreringsniveauer\/#breadcrumb"},"inLanguage":"da-DK","potentialAction":[{"@type":"ReadAction","target":["https:\/\/elementmetech.com\/da\/kalibreringsniveauer\/"]}]},{"@type":"ImageObject","inLanguage":"da-DK","@id":"https:\/\/elementmetech.com\/da\/kalibreringsniveauer\/#primaryimage","url":"https:\/\/elementmetech.com\/wp-content\/uploads\/2021\/06\/Calibration-Certificate-1-1600x480-1.jpg","contentUrl":"https:\/\/elementmetech.com\/wp-content\/uploads\/2021\/06\/Calibration-Certificate-1-1600x480-1.jpg","width":1600,"height":480,"caption":"Kvalitetss\u00e4kra dina m\u00e4tinstrument med ackrediterad kalibrering fr\u00e5n Element S\u00f6ker du efter ackrediterade kalibreringstj\u00e4nster och vill vara s\u00e4ker p\u00e5 att kalibreringen utf\u00f6rs av ett oberoende och kompetent laboratorium? D\u00e5 \u00e4r Element Metech det sj\u00e4lvklara valet f\u00f6r dig. V\u00e5r omfattande erfarenhet och breda utbud av ackrediterade kalibreringstj\u00e4nster, tillsammans med v\u00e5r ackreditering enligt ISO\/IEC 17025, garanterar att du f\u00e5r h\u00f6gsta kvalitet p\u00e5 dina kalibreringar. Element Metech \u00e4r stolta \u00f6ver att kunna erbjuda ett av de bredaste utbuden av ackrediterad kalibrering i Europa. Vi \u00e4r ackrediterade enligt ISO\/IEC 17025, vilket garanterar att v\u00e5r kalibrering utf\u00f6rs enligt specifika kvalitetskrav som \u00e4r internationellt erk\u00e4nda. Att anlita ett ackrediterat laboratorium som Element Metech inneb\u00e4r en kvalitetsst\u00e4mpel som \u00f6kar f\u00f6rtroendet f\u00f6r ditt f\u00f6retag och dina produkter. V\u00e5ra laboratorier ackrediteras av det nationella ackrediteringsorganet i respektive land. I Sverige \u00e4r vi ackrediterade av Swedac, som \u00e4r en oberoende part som godk\u00e4nner laboratorier enligt standarden och kraven f\u00f6r samtliga v\u00e5ra ackrediterade lab. N\u00e4r du anv\u00e4nder m\u00e4tinstrument \u00e4r det viktigt att vara s\u00e4ker p\u00e5 att de ger korrekta resultat f\u00f6r att s\u00e4kerst\u00e4lla h\u00f6gsta kvalitet p\u00e5 dina produkter och tj\u00e4nster. Ackrediterad kalibrering \u00e4r ett bevis p\u00e5 att laboratoriet \u00e4r oberoende och kompetent och att kalibreringen utf\u00f6rs enligt internationellt erk\u00e4nda kvalitetskrav. Element Metech erbjuder ett brett utbud av ackrediterade kalibreringstj\u00e4nster, och v\u00e5r ISO\/IEC 17025-ackreditering garanterar h\u00f6gsta kvalitet. V\u00e5ra laboratorier ackrediteras av det nationella ackrediteringsorganet i respektive land. Ackrediterad kalibrering enligt ISO\/IEC 17025 Swedac Ackrediteringscertifikat ackrediterad kalibrring - element metech"},{"@type":"BreadcrumbList","@id":"https:\/\/elementmetech.com\/da\/kalibreringsniveauer\/#breadcrumb","itemListElement":[{"@type":"ListItem","position":1,"name":"Home","item":"https:\/\/elementmetech.com\/da\/"},{"@type":"ListItem","position":2,"name":"Kalibreringsniveauer"}]},{"@type":"WebSite","@id":"https:\/\/elementmetech.com\/da\/#website","url":"https:\/\/elementmetech.com\/da\/","name":"Element Metech","description":"Delivering metrological confidence","publisher":{"@id":"https:\/\/elementmetech.com\/da\/#organization"},"potentialAction":[{"@type":"SearchAction","target":{"@type":"EntryPoint","urlTemplate":"https:\/\/elementmetech.com\/da\/?s={search_term_string}"},"query-input":{"@type":"PropertyValueSpecification","valueRequired":true,"valueName":"search_term_string"}}],"inLanguage":"da-DK"},{"@type":"Organization","@id":"https:\/\/elementmetech.com\/da\/#organization","name":"Element Metech","url":"https:\/\/elementmetech.com\/da\/","logo":{"@type":"ImageObject","inLanguage":"da-DK","@id":"https:\/\/elementmetech.com\/da\/#\/schema\/logo\/image\/","url":"https:\/\/elementmetech.com\/wp-content\/uploads\/2021\/06\/Element-Metech-Logo-1.svg","contentUrl":"https:\/\/elementmetech.com\/wp-content\/uploads\/2021\/06\/Element-Metech-Logo-1.svg","width":"1024","height":"1024","caption":"Element Metech"},"image":{"@id":"https:\/\/elementmetech.com\/da\/#\/schema\/logo\/image\/"},"sameAs":["https:\/\/www.linkedin.com\/company\/element-metech\/"]}]}},"_links":{"self":[{"href":"https:\/\/elementmetech.com\/da\/wp-json\/wp\/v2\/pages\/442","targetHints":{"allow":["GET"]}}],"collection":[{"href":"https:\/\/elementmetech.com\/da\/wp-json\/wp\/v2\/pages"}],"about":[{"href":"https:\/\/elementmetech.com\/da\/wp-json\/wp\/v2\/types\/page"}],"author":[{"embeddable":true,"href":"https:\/\/elementmetech.com\/da\/wp-json\/wp\/v2\/users\/33"}],"replies":[{"embeddable":true,"href":"https:\/\/elementmetech.com\/da\/wp-json\/wp\/v2\/comments?post=442"}],"version-history":[{"count":0,"href":"https:\/\/elementmetech.com\/da\/wp-json\/wp\/v2\/pages\/442\/revisions"}],"wp:featuredmedia":[{"embeddable":true,"href":"https:\/\/elementmetech.com\/da\/wp-json\/wp\/v2\/media\/3528"}],"wp:attachment":[{"href":"https:\/\/elementmetech.com\/da\/wp-json\/wp\/v2\/media?parent=442"}],"wp:term":[{"taxonomy":"post_tag","embeddable":true,"href":"https:\/\/elementmetech.com\/da\/wp-json\/wp\/v2\/tags?post=442"}],"curies":[{"name":"wp","href":"https:\/\/api.w.org\/{rel}","templated":true}]}}