{"id":2138,"date":"2021-06-03T11:40:27","date_gmt":"2021-06-03T11:40:27","guid":{"rendered":"https:\/\/elementmetech.wpengine.com\/career\/"},"modified":"2026-01-30T09:52:55","modified_gmt":"2026-01-30T08:52:55","slug":"job","status":"publish","type":"page","link":"https:\/\/elementmetech.com\/da\/om\/job\/","title":{"rendered":"Job"},"content":{"rendered":"<p>[et_pb_section fb_built=&#8221;1&#8243; admin_label=&#8221;DK-2025-header-contact-us&#8221; _builder_version=&#8221;4.27.4&#8243; background_color=&#8221;#f7f9fb&#8221; background_image=&#8221;https:\/\/elementmetech.com\/wp-content\/uploads\/2025\/08\/dekor-cirkel-ljusbla-2.png&#8221; background_size=&#8221;contain&#8221; background_position=&#8221;top_left&#8221; background_enable_video_mp4=&#8221;off&#8221; custom_padding=&#8221;0px|0px|0px|0px|false|false&#8221; background_last_edited=&#8221;on|tablet&#8221; background_enable_image_tablet=&#8221;off&#8221; global_module=&#8221;16786&#8243; saved_tabs=&#8221;all&#8221; locked=&#8221;off&#8221; global_colors_info=&#8221;{}&#8221;][et_pb_row column_structure=&#8221;1_2,1_2&#8243; make_equal=&#8221;on&#8221; admin_label=&#8221;row&#8221; _builder_version=&#8221;4.27.4&#8243; width=&#8221;100%&#8221; max_width=&#8221;100%&#8221; custom_padding=&#8221;0px|0px|0px|0px|true|true&#8221; custom_css_main_element=&#8221;width:100% !important;&#8221; global_colors_info=&#8221;{}&#8221; custom_css_main_element_last_edited=&#8221;off|desktop&#8221; custom_css_main_element_tablet=&#8221;flex-wrap: nowrap;&#8221; custom_css_main_element_phone=&#8221;flex-wrap: nowrap;&#8221;][et_pb_column type=&#8221;1_2&#8243; _builder_version=&#8221;4.27.4&#8243; custom_padding=&#8221;50px||50px||false|false&#8221; global_colors_info=&#8221;{}&#8221; custom_padding__hover=&#8221;|||&#8221;][et_pb_cta title=&#8221;@ET-DC@eyJkeW5hbWljIjp0cnVlLCJjb250ZW50IjoicG9zdF90aXRsZSIsInNldHRpbmdzIjp7ImJlZm9yZSI6IiIsImFmdGVyIjoiIn19@&#8221; button_url=&#8221;#&#8221; button_text=&#8221;Kontakt&#8221; module_class=&#8221;et-lb-btn-1 preamble &#8221; _builder_version=&#8221;4.27.5&#8243; _dynamic_attributes=&#8221;title,content&#8221; _module_preset=&#8221;default&#8221; header_level=&#8221;h1&#8243; header_text_align=&#8221;left&#8221; background_enable_color=&#8221;off&#8221; text_orientation=&#8221;left&#8221; background_layout=&#8221;light&#8221; max_width=&#8221;670px&#8221; max_width_tablet=&#8221;100%&#8221; max_width_phone=&#8221;100%&#8221; max_width_last_edited=&#8221;on|tablet&#8221; module_alignment=&#8221;right&#8221; custom_margin=&#8221;20px||20px||false|false&#8221; custom_margin_tablet=&#8221;||50px||false|false&#8221; custom_margin_phone=&#8221;||50px||false|false&#8221; custom_margin_last_edited=&#8221;on|desktop&#8221; custom_padding=&#8221;0px||0px||false|false&#8221; border_width_left=&#8221;3px&#8221; border_color_left=&#8221;#4BA1D2&#8243; global_colors_info=&#8221;{}&#8221;]@ET-DC@eyJkeW5hbWljIjp0cnVlLCJjb250ZW50IjoicG9zdF9leGNlcnB0Iiwic2V0dGluZ3MiOnsiYmVmb3JlIjoiIiwiYWZ0ZXIiOiIiLCJ3b3JkcyI6IiIsInJlYWRfbW9yZV9sYWJlbCI6IiJ9fQ==@[\/et_pb_cta][\/et_pb_column][et_pb_column type=&#8221;1_2&#8243; _builder_version=&#8221;4.27.4&#8243; _dynamic_attributes=&#8221;background_image&#8221; background_image=&#8221;@ET-DC@eyJkeW5hbWljIjp0cnVlLCJjb250ZW50IjoicG9zdF9mZWF0dXJlZF9pbWFnZSIsInNldHRpbmdzIjp7fX0=@&#8221; custom_padding=&#8221;|||&#8221; global_colors_info=&#8221;{}&#8221; custom_padding__hover=&#8221;|||&#8221;][et_pb_image src=&#8221;@ET-DC@eyJkeW5hbWljIjp0cnVlLCJjb250ZW50IjoicG9zdF9mZWF0dXJlZF9pbWFnZSIsInNldHRpbmdzIjp7fX0=@&#8221; title_text=&#8221;elementmetech-akustik&#8221; force_fullwidth=&#8221;on&#8221; disabled_on=&#8221;off|off|on&#8221; _builder_version=&#8221;4.27.4&#8243; _dynamic_attributes=&#8221;src&#8221; _module_preset=&#8221;default&#8221; custom_css_free_form=&#8221;selector img {height: 100%!important;max-width:none;}&#8221; global_colors_info=&#8221;{}&#8221;][\/et_pb_image][\/et_pb_column][\/et_pb_row][\/et_pb_section][et_pb_section fb_built=&#8221;1&#8243; admin_label=&#8221;section&#8221; _builder_version=&#8221;4.16&#8243; global_colors_info=&#8221;{}&#8221;][et_pb_row column_structure=&#8221;1_4,1_2,1_4&#8243; _builder_version=&#8221;4.16&#8243; _module_preset=&#8221;default&#8221; global_colors_info=&#8221;{}&#8221;][et_pb_column type=&#8221;1_4&#8243; _builder_version=&#8221;4.16&#8243; _module_preset=&#8221;default&#8221; global_colors_info=&#8221;{}&#8221;][et_pb_code disabled_on=&#8221;on|on|off&#8221; admin_label=&#8221;DK-2025-Side menu left&#8221; module_class=&#8221;side-menu&#8221; _builder_version=&#8221;4.27.4&#8243; _module_preset=&#8221;default&#8221; custom_margin=&#8221;15px||||false|false&#8221; custom_css_free_form=&#8221;selector #main-content ul li::before {visibility:hidden ;}||selector .wpb_wmca_accordion_wrapper_theme_transparent ul li a:hover {background-color: inherit;border: none;}||&#8221; global_module=&#8221;15474&#8243; saved_tabs=&#8221;all&#8221; locked=&#8221;off&#8221; global_colors_info=&#8221;{}&#8221;]\t\t\t<div class=\"wpb_category_n_menu_accordion wpb_accordion_free_version wpb_wmca_accordion_wrapper_theme_transparent wpb_wmca_keyboard_accessibility_no wpb_the_menu_accordion\" data-shortcode_id=\"12903\" data-accordion=\"true\" data-indicator_icon=\"+\">\n\t\t\t\t\t\t\t\t<ul id=\"menu-left-side-menu-danish-2025\" class=\"wpb_category_n_menu_accordion_list\"><li id=\"menu-item-17469\" class=\"menu-item menu-item-type-post_type menu-item-object-page menu-item-has-children menu-item-17469\"><a href=\"https:\/\/elementmetech.com\/da\/calibration\/\">Kalibrering &#038; Metrologi<\/a>\n<ul class=\"sub-menu\">\n\t<li id=\"menu-item-17473\" class=\"menu-item menu-item-type-post_type menu-item-object-page menu-item-17473\"><a href=\"https:\/\/elementmetech.com\/da\/calibration\/electricity-meter\/\">Electricity meter<\/a><\/li>\n\t<li id=\"menu-item-10703\" class=\"menu-item menu-item-type-post_type menu-item-object-page menu-item-10703\"><a href=\"https:\/\/elementmetech.com\/da\/calibration\/elmalere\/\">Elm\u00e5lere<\/a><\/li>\n\t<li id=\"menu-item-17480\" class=\"menu-item menu-item-type-post_type menu-item-object-page menu-item-17480\"><a href=\"https:\/\/elementmetech.com\/da\/calibration\/fiberoptik\/\">Fiberoptik<\/a><\/li>\n\t<li id=\"menu-item-10707\" class=\"menu-item menu-item-type-post_type menu-item-object-page menu-item-10707\"><a href=\"https:\/\/elementmetech.com\/da\/calibration\/flow-3\/\">Flow<\/a><\/li>\n\t<li id=\"menu-item-17476\" class=\"menu-item menu-item-type-post_type menu-item-object-page menu-item-17476\"><a href=\"https:\/\/elementmetech.com\/da\/calibration\/force\/\">Force<\/a><\/li>\n\t<li id=\"menu-item-17477\" class=\"menu-item menu-item-type-post_type menu-item-object-page menu-item-17477\"><a href=\"https:\/\/elementmetech.com\/da\/calibration\/high-voltage\/\">High voltage<\/a><\/li>\n\t<li id=\"menu-item-17470\" class=\"menu-item menu-item-type-post_type menu-item-object-page menu-item-17470\"><a href=\"https:\/\/elementmetech.com\/da\/calibration\/akustiske\/\">Kalibrering af akustiske m\u00e5leinstrumenter<\/a><\/li>\n\t<li id=\"menu-item-17471\" class=\"menu-item menu-item-type-post_type menu-item-object-page menu-item-17471\"><a href=\"https:\/\/elementmetech.com\/da\/calibration\/geometrisk-maleudstyr\/\">Kalibrering af geometrisk m\u00e5leudstyr<\/a><\/li>\n\t<li id=\"menu-item-17472\" class=\"menu-item menu-item-type-post_type menu-item-object-page menu-item-17472\"><a href=\"https:\/\/elementmetech.com\/da\/calibration\/elektriske-maleinstrumenter\/\">Kalibrering af elektriske m\u00e5leinstrumenter<\/a><\/li>\n\t<li id=\"menu-item-10709\" class=\"menu-item menu-item-type-post_type menu-item-object-page menu-item-10709\"><a href=\"https:\/\/elementmetech.com\/da\/calibration\/ledningsevne\/\">Ledningsevne<\/a><\/li>\n\t<li id=\"menu-item-17479\" class=\"menu-item menu-item-type-post_type menu-item-object-page menu-item-17479\"><a href=\"https:\/\/elementmetech.com\/da\/calibration\/mechanical-calibration\/\">Mechanical calibration<\/a><\/li>\n\t<li id=\"menu-item-10705\" class=\"menu-item menu-item-type-post_type menu-item-object-page menu-item-10705\"><a href=\"https:\/\/elementmetech.com\/da\/calibration\/moment\/\">Moment<\/a><\/li>\n\t<li id=\"menu-item-17532\" class=\"menu-item menu-item-type-post_type menu-item-object-page menu-item-17532\"><a href=\"https:\/\/elementmetech.com\/da\/calibration\/pipetter\/\">Kalibrering og kontrol af pipetter<\/a><\/li>\n\t<li id=\"menu-item-17534\" class=\"menu-item menu-item-type-post_type menu-item-object-page menu-item-17534\"><a href=\"https:\/\/elementmetech.com\/da\/calibration\/temperatur-fugtighed\/\">Kalibrering af temperatur &#038; fugt<\/a><\/li>\n\t<li id=\"menu-item-17533\" class=\"menu-item menu-item-type-post_type menu-item-object-page menu-item-17533\"><a href=\"https:\/\/elementmetech.com\/da\/calibration\/pressure-vacuum\/\">Kalibrering af tryk &#038; vakuum<\/a><\/li>\n\t<li id=\"menu-item-17574\" class=\"menu-item menu-item-type-post_type menu-item-object-page menu-item-17574\"><a href=\"https:\/\/elementmetech.com\/da\/calibration\/virksomhed\/courses-webinars\/\">Courses &#038; Webinars<\/a><\/li>\n<\/ul>\n<\/li>\n<li id=\"menu-item-18255\" class=\"menu-item menu-item-type-custom menu-item-object-custom menu-item-has-children menu-item-18255\"><a href=\"#\">Virksomhedsl\u00f8sning (Business)<\/a>\n<ul class=\"sub-menu\">\n\t<li id=\"menu-item-17536\" class=\"menu-item menu-item-type-post_type menu-item-object-page menu-item-17536\"><a href=\"https:\/\/elementmetech.com\/da\/calibration\/virksomhed\/instrument-supply\/\">Instrument supply and procurement<\/a><\/li>\n\t<li id=\"menu-item-17537\" class=\"menu-item menu-item-type-post_type menu-item-object-page menu-item-17537\"><a href=\"https:\/\/elementmetech.com\/da\/calibration\/virksomhed\/maintenance-repair\/\">Maintenance, repair and adjustment<\/a><\/li>\n\t<li id=\"menu-item-17538\" class=\"menu-item menu-item-type-post_type menu-item-object-page menu-item-17538\"><a href=\"https:\/\/elementmetech.com\/da\/calibration\/virksomhed\/metrologi-malekteknisk-support\/\">Metrologi og m\u00e5leteknisk support<\/a><\/li>\n\t<li id=\"menu-item-17539\" class=\"menu-item menu-item-type-post_type menu-item-object-page menu-item-17539\"><a href=\"https:\/\/elementmetech.com\/da\/calibration\/virksomhed\/mobile-calibration\/\">Mobile calibration<\/a><\/li>\n\t<li id=\"menu-item-17540\" class=\"menu-item menu-item-type-post_type menu-item-object-page menu-item-17540\"><a href=\"https:\/\/elementmetech.com\/da\/calibration\/virksomhed\/needs-analysis\/\">Needs analysis<\/a><\/li>\n\t<li id=\"menu-item-17541\" class=\"menu-item menu-item-type-post_type menu-item-object-page menu-item-17541\"><a href=\"https:\/\/elementmetech.com\/da\/calibration\/virksomhed\/mio-login\/\">MIO instrumentstyring<\/a><\/li>\n\t<li id=\"menu-item-17542\" class=\"menu-item menu-item-type-post_type menu-item-object-page menu-item-17542\"><a href=\"https:\/\/elementmetech.com\/da\/calibration\/virksomhed\/on-site-calibration\/\">On-site calibration<\/a><\/li>\n\t<li id=\"menu-item-10719\" class=\"menu-item menu-item-type-post_type menu-item-object-page menu-item-10719\"><a href=\"https:\/\/elementmetech.com\/da\/calibration\/virksomhed\/outsourcing\/\">Outsourcing<\/a><\/li>\n\t<li id=\"menu-item-17569\" class=\"menu-item menu-item-type-post_type menu-item-object-page menu-item-17569\"><a href=\"https:\/\/elementmetech.com\/da\/calibration\/virksomhed\/technical-support\/\">Technical support and consulting<\/a><\/li>\n<\/ul>\n<\/li>\n<li id=\"menu-item-10720\" class=\"mega-menu multi-child menu-item menu-item-type-custom menu-item-object-custom menu-item-10720\"><a href=\"#\">Kvalitet<\/a><\/li>\n<li id=\"menu-item-17572\" class=\"menu-item menu-item-type-post_type menu-item-object-page menu-item-17572\"><a href=\"https:\/\/elementmetech.com\/da\/om\/servicecentre\/\">Vore servicecentre<\/a><\/li>\n<li id=\"menu-item-17573\" class=\"menu-item menu-item-type-post_type menu-item-object-page menu-item-17573\"><a href=\"https:\/\/elementmetech.com\/da\/customer-story\/\">Customer story<\/a><\/li>\n<\/ul>\t\t\t\t\t\t\t<\/div>\n\t\t[\/et_pb_code][\/et_pb_column][et_pb_column type=&#8221;1_2&#8243; _builder_version=&#8221;4.16&#8243; _module_preset=&#8221;default&#8221; global_colors_info=&#8221;{}&#8221;][et_pb_text _builder_version=&#8221;4.16&#8243; _module_preset=&#8221;default&#8221; global_colors_info=&#8221;{}&#8221;]<\/p>\n<div class=\"super-lead\">\n<p>Element Metech vokser kontinuerligt, hvilket betyder vi har brug for at styrke og udvide vores team. Vi s\u00e6tter pris p\u00e5 tekniske f\u00e6rdigheder og energien og evnen til at skabe innovative l\u00f8sninger til vores kunder.<\/p>\n<\/div>\n<h3>Et internationalt milj\u00f8<\/h3>\n<p>Element Metech har cirka 500 ansatte p\u00e5 vores 20 servicecentre i Sverige, Finland, Danmark, Tyskland og Tjekkiet. Element Metech er en del af Element, som har 6,200 ansatte i mere end 30 lande over hele verden.<\/p>\n<h3>Interesseret?<\/h3>\n<p>S\u00e5fremt du er interesseret i at blive en del af vores dygtige team hos Element Metech, kan du via linket nedenfor se ledige stillinger. Her har du ogs\u00e5 mulighed for at sende en uopfordret ans\u00f8gning.<\/p>\n<p>[\/et_pb_text][et_pb_button button_url=&#8221;https:\/\/element-ext-hub.icims.com\/jobs\/&#8221; url_new_window=&#8221;on&#8221; button_text=&#8221;Browse opportunities&#8221; _builder_version=&#8221;4.27.4&#8243; _module_preset=&#8221;default&#8221; custom_button=&#8221;on&#8221; button_text_color=&#8221;#FFFFFF&#8221; button_bg_color=&#8221;#0C2242&#8243; button_border_color=&#8221;RGBA(255,255,255,0)&#8221; button_use_icon=&#8221;off&#8221; global_colors_info=&#8221;{}&#8221;][\/et_pb_button][\/et_pb_column][et_pb_column type=&#8221;1_4&#8243; _builder_version=&#8221;4.16&#8243; _module_preset=&#8221;default&#8221; global_colors_info=&#8221;{}&#8221;][et_pb_text admin_label=&#8221;DK-2025-CTA-Certifications&#8221; _builder_version=&#8221;4.27.5&#8243; _module_preset=&#8221;default&#8221; background_color=&#8221;rgba(166,213,243,0.3)&#8221; custom_padding=&#8221;20px|20px|20px|20px|true|true&#8221; custom_css_free_form=&#8221;selector a.tertiary {color:#1c355c !important;}||||selector .custom-button {||  position: relative;||  display: inline-block;||  cursor: pointer;||  padding: 8px 0px;||}||||\/* Text *\/||selector .custom-button span {||  position: initial;||  z-index: 2;||}||||\/* Standardh\u00f6rn *\/||selector .custom-button::before,||selector .custom-button::after,||selector .custom-button span::before,||selector .custom-button span::after {||  content: &#8221;;||  position: absolute;||  width: 7px;||  height: 7px;||  border: 2px solid #1c355c;||  z-index: 1;||  transition: all 0.3s ease;||}||||\/* Placering *\/||selector .custom-button::before {||  top: 0;||  left: 0;||  border-right: none;||  border-bottom: none;||}||||selector .custom-button::after {||  bottom: 0;||  right: 0;||  border-left: none;||  border-top: none;||}||||selector .custom-button span::before {||  top: 0;||  right: 0;||  border-left: none;||  border-bottom: none;||}||||selector .custom-button span::after {||  bottom: 0;||  left: 0;||  border-right: none;||  border-top: none;||}||||\/* \ud83d\udd25 Hover-effekt *\/||selector .custom-button:hover::before,||selector .custom-button:hover::after,||selector .custom-button:hover span::before,||selector .custom-button:hover span::after {||  width: 12px;||  height: 12px;||  border-color: #1c355c; \/* Du kan byta till accentf\u00e4rg h\u00e4r *\/||}&#8221; box_shadow_style=&#8221;preset1&#8243; global_module=&#8221;15475&#8243; saved_tabs=&#8221;all&#8221; global_colors_info=&#8221;{}&#8221;]<\/p>\n<h3>Certificeringer og akkrediteringer<\/h3>\n<p>Vores laboratorier er akkrediteret af det nationale akkrediteringsorgan i hvert land.<\/p>\n<p><a href=\"https:\/\/elementmetech.com\/da\/quality\/certificeringer-og-akkrediteringer\/\">Se akkrediteringer<\/a><\/p>\n<p>[\/et_pb_text][\/et_pb_column][\/et_pb_row][\/et_pb_section]<\/p>\n","protected":false},"excerpt":{"rendered":"<p>Udforsk karrieremuligheder i et internationalt teknisk milj\u00f8 med sp\u00e6ndende roller, udviklingsmuligheder og fokus p\u00e5 innovation og kvalitet.<\/p>\n","protected":false},"author":33,"featured_media":2180,"parent":15366,"menu_order":0,"comment_status":"closed","ping_status":"closed","template":"","meta":{"_acf_changed":false,"_et_pb_use_builder":"on","_et_pb_old_content":"","_et_gb_content_width":"","footnotes":""},"tags":[328],"class_list":["post-2138","page","type-page","status-publish","has-post-thumbnail","hentry","tag-behall"],"acf":[],"yoast_head":"<!-- This site is optimized with the Yoast SEO plugin v27.5 - https:\/\/yoast.com\/product\/yoast-seo-wordpress\/ -->\n<title>Job - Element Metech<\/title>\n<meta name=\"description\" content=\"Udforsk karrieremuligheder i et internationalt teknisk milj\u00f8 med sp\u00e6ndende roller, udviklingsmuligheder og fokus p\u00e5 innovation og kvalitet.\" \/>\n<meta name=\"robots\" content=\"index, follow, max-snippet:-1, max-image-preview:large, max-video-preview:-1\" \/>\n<link rel=\"canonical\" href=\"https:\/\/elementmetech.com\/da\/om\/job\/\" \/>\n<meta property=\"og:locale\" content=\"da_DK\" \/>\n<meta property=\"og:type\" content=\"article\" \/>\n<meta property=\"og:title\" content=\"Job - Element Metech\" \/>\n<meta property=\"og:description\" content=\"Udforsk karrieremuligheder i et internationalt teknisk milj\u00f8 med sp\u00e6ndende roller, udviklingsmuligheder og fokus p\u00e5 innovation og kvalitet.\" \/>\n<meta property=\"og:url\" content=\"https:\/\/elementmetech.com\/da\/om\/job\/\" \/>\n<meta property=\"og:site_name\" content=\"Element Metech\" \/>\n<meta property=\"article:modified_time\" content=\"2026-01-30T08:52:55+00:00\" \/>\n<meta property=\"og:image\" content=\"https:\/\/elementmetech.com\/wp-content\/uploads\/2021\/06\/Element-We-Make-Certain-1600x480-V3.jpg\" \/>\n\t<meta property=\"og:image:width\" content=\"1600\" \/>\n\t<meta property=\"og:image:height\" content=\"476\" \/>\n\t<meta property=\"og:image:type\" content=\"image\/jpeg\" \/>\n<meta name=\"twitter:card\" content=\"summary_large_image\" \/>\n<meta name=\"twitter:label1\" content=\"Estimeret l\u00e6setid\" \/>\n\t<meta name=\"twitter:data1\" content=\"4 minutter\" \/>\n<script type=\"application\/ld+json\" class=\"yoast-schema-graph\">{\"@context\":\"https:\\\/\\\/schema.org\",\"@graph\":[{\"@type\":\"WebPage\",\"@id\":\"https:\\\/\\\/elementmetech.com\\\/da\\\/om\\\/job\\\/\",\"url\":\"https:\\\/\\\/elementmetech.com\\\/da\\\/om\\\/job\\\/\",\"name\":\"Job - Element Metech\",\"isPartOf\":{\"@id\":\"https:\\\/\\\/elementmetech.com\\\/da\\\/#website\"},\"primaryImageOfPage\":{\"@id\":\"https:\\\/\\\/elementmetech.com\\\/da\\\/om\\\/job\\\/#primaryimage\"},\"image\":{\"@id\":\"https:\\\/\\\/elementmetech.com\\\/da\\\/om\\\/job\\\/#primaryimage\"},\"thumbnailUrl\":\"https:\\\/\\\/elementmetech.com\\\/wp-content\\\/uploads\\\/2021\\\/06\\\/Element-We-Make-Certain-1600x480-V3.jpg\",\"datePublished\":\"2021-06-03T11:40:27+00:00\",\"dateModified\":\"2026-01-30T08:52:55+00:00\",\"description\":\"Udforsk karrieremuligheder i et internationalt teknisk milj\u00f8 med sp\u00e6ndende roller, udviklingsmuligheder og fokus p\u00e5 innovation og kvalitet.\",\"breadcrumb\":{\"@id\":\"https:\\\/\\\/elementmetech.com\\\/da\\\/om\\\/job\\\/#breadcrumb\"},\"inLanguage\":\"da-DK\",\"potentialAction\":[{\"@type\":\"ReadAction\",\"target\":[\"https:\\\/\\\/elementmetech.com\\\/da\\\/om\\\/job\\\/\"]}]},{\"@type\":\"ImageObject\",\"inLanguage\":\"da-DK\",\"@id\":\"https:\\\/\\\/elementmetech.com\\\/da\\\/om\\\/job\\\/#primaryimage\",\"url\":\"https:\\\/\\\/elementmetech.com\\\/wp-content\\\/uploads\\\/2021\\\/06\\\/Element-We-Make-Certain-1600x480-V3.jpg\",\"contentUrl\":\"https:\\\/\\\/elementmetech.com\\\/wp-content\\\/uploads\\\/2021\\\/06\\\/Element-We-Make-Certain-1600x480-V3.jpg\",\"width\":1600,\"height\":476},{\"@type\":\"BreadcrumbList\",\"@id\":\"https:\\\/\\\/elementmetech.com\\\/da\\\/om\\\/job\\\/#breadcrumb\",\"itemListElement\":[{\"@type\":\"ListItem\",\"position\":1,\"name\":\"Home\",\"item\":\"https:\\\/\\\/elementmetech.com\\\/da\\\/\"},{\"@type\":\"ListItem\",\"position\":2,\"name\":\"Om Element\",\"item\":\"https:\\\/\\\/elementmetech.com\\\/da\\\/about\\\/\"},{\"@type\":\"ListItem\",\"position\":3,\"name\":\"Job\"}]},{\"@type\":\"WebSite\",\"@id\":\"https:\\\/\\\/elementmetech.com\\\/da\\\/#website\",\"url\":\"https:\\\/\\\/elementmetech.com\\\/da\\\/\",\"name\":\"Element Metech\",\"description\":\"Delivering metrological confidence\",\"publisher\":{\"@id\":\"https:\\\/\\\/elementmetech.com\\\/da\\\/#organization\"},\"potentialAction\":[{\"@type\":\"SearchAction\",\"target\":{\"@type\":\"EntryPoint\",\"urlTemplate\":\"https:\\\/\\\/elementmetech.com\\\/da\\\/?s={search_term_string}\"},\"query-input\":{\"@type\":\"PropertyValueSpecification\",\"valueRequired\":true,\"valueName\":\"search_term_string\"}}],\"inLanguage\":\"da-DK\"},{\"@type\":\"Organization\",\"@id\":\"https:\\\/\\\/elementmetech.com\\\/da\\\/#organization\",\"name\":\"Element Metech\",\"url\":\"https:\\\/\\\/elementmetech.com\\\/da\\\/\",\"logo\":{\"@type\":\"ImageObject\",\"inLanguage\":\"da-DK\",\"@id\":\"https:\\\/\\\/elementmetech.com\\\/da\\\/#\\\/schema\\\/logo\\\/image\\\/\",\"url\":\"https:\\\/\\\/elementmetech.com\\\/wp-content\\\/uploads\\\/2021\\\/06\\\/Element-Metech-Logo-1.svg\",\"contentUrl\":\"https:\\\/\\\/elementmetech.com\\\/wp-content\\\/uploads\\\/2021\\\/06\\\/Element-Metech-Logo-1.svg\",\"width\":\"1024\",\"height\":\"1024\",\"caption\":\"Element Metech\"},\"image\":{\"@id\":\"https:\\\/\\\/elementmetech.com\\\/da\\\/#\\\/schema\\\/logo\\\/image\\\/\"},\"sameAs\":[\"https:\\\/\\\/www.linkedin.com\\\/company\\\/element-metech\\\/\"]}]}<\/script>\n<!-- \/ Yoast SEO plugin. -->","yoast_head_json":{"title":"Job - Element Metech","description":"Udforsk karrieremuligheder i et internationalt teknisk milj\u00f8 med sp\u00e6ndende roller, udviklingsmuligheder og fokus p\u00e5 innovation og kvalitet.","robots":{"index":"index","follow":"follow","max-snippet":"max-snippet:-1","max-image-preview":"max-image-preview:large","max-video-preview":"max-video-preview:-1"},"canonical":"https:\/\/elementmetech.com\/da\/om\/job\/","og_locale":"da_DK","og_type":"article","og_title":"Job - Element Metech","og_description":"Udforsk karrieremuligheder i et internationalt teknisk milj\u00f8 med sp\u00e6ndende roller, udviklingsmuligheder og fokus p\u00e5 innovation og kvalitet.","og_url":"https:\/\/elementmetech.com\/da\/om\/job\/","og_site_name":"Element Metech","article_modified_time":"2026-01-30T08:52:55+00:00","og_image":[{"width":1600,"height":476,"url":"https:\/\/elementmetech.com\/wp-content\/uploads\/2021\/06\/Element-We-Make-Certain-1600x480-V3.jpg","type":"image\/jpeg"}],"twitter_card":"summary_large_image","twitter_misc":{"Estimeret l\u00e6setid":"4 minutter"},"schema":{"@context":"https:\/\/schema.org","@graph":[{"@type":"WebPage","@id":"https:\/\/elementmetech.com\/da\/om\/job\/","url":"https:\/\/elementmetech.com\/da\/om\/job\/","name":"Job - Element Metech","isPartOf":{"@id":"https:\/\/elementmetech.com\/da\/#website"},"primaryImageOfPage":{"@id":"https:\/\/elementmetech.com\/da\/om\/job\/#primaryimage"},"image":{"@id":"https:\/\/elementmetech.com\/da\/om\/job\/#primaryimage"},"thumbnailUrl":"https:\/\/elementmetech.com\/wp-content\/uploads\/2021\/06\/Element-We-Make-Certain-1600x480-V3.jpg","datePublished":"2021-06-03T11:40:27+00:00","dateModified":"2026-01-30T08:52:55+00:00","description":"Udforsk karrieremuligheder i et internationalt teknisk milj\u00f8 med sp\u00e6ndende roller, udviklingsmuligheder og fokus p\u00e5 innovation og kvalitet.","breadcrumb":{"@id":"https:\/\/elementmetech.com\/da\/om\/job\/#breadcrumb"},"inLanguage":"da-DK","potentialAction":[{"@type":"ReadAction","target":["https:\/\/elementmetech.com\/da\/om\/job\/"]}]},{"@type":"ImageObject","inLanguage":"da-DK","@id":"https:\/\/elementmetech.com\/da\/om\/job\/#primaryimage","url":"https:\/\/elementmetech.com\/wp-content\/uploads\/2021\/06\/Element-We-Make-Certain-1600x480-V3.jpg","contentUrl":"https:\/\/elementmetech.com\/wp-content\/uploads\/2021\/06\/Element-We-Make-Certain-1600x480-V3.jpg","width":1600,"height":476},{"@type":"BreadcrumbList","@id":"https:\/\/elementmetech.com\/da\/om\/job\/#breadcrumb","itemListElement":[{"@type":"ListItem","position":1,"name":"Home","item":"https:\/\/elementmetech.com\/da\/"},{"@type":"ListItem","position":2,"name":"Om Element","item":"https:\/\/elementmetech.com\/da\/about\/"},{"@type":"ListItem","position":3,"name":"Job"}]},{"@type":"WebSite","@id":"https:\/\/elementmetech.com\/da\/#website","url":"https:\/\/elementmetech.com\/da\/","name":"Element Metech","description":"Delivering metrological confidence","publisher":{"@id":"https:\/\/elementmetech.com\/da\/#organization"},"potentialAction":[{"@type":"SearchAction","target":{"@type":"EntryPoint","urlTemplate":"https:\/\/elementmetech.com\/da\/?s={search_term_string}"},"query-input":{"@type":"PropertyValueSpecification","valueRequired":true,"valueName":"search_term_string"}}],"inLanguage":"da-DK"},{"@type":"Organization","@id":"https:\/\/elementmetech.com\/da\/#organization","name":"Element Metech","url":"https:\/\/elementmetech.com\/da\/","logo":{"@type":"ImageObject","inLanguage":"da-DK","@id":"https:\/\/elementmetech.com\/da\/#\/schema\/logo\/image\/","url":"https:\/\/elementmetech.com\/wp-content\/uploads\/2021\/06\/Element-Metech-Logo-1.svg","contentUrl":"https:\/\/elementmetech.com\/wp-content\/uploads\/2021\/06\/Element-Metech-Logo-1.svg","width":"1024","height":"1024","caption":"Element Metech"},"image":{"@id":"https:\/\/elementmetech.com\/da\/#\/schema\/logo\/image\/"},"sameAs":["https:\/\/www.linkedin.com\/company\/element-metech\/"]}]}},"_links":{"self":[{"href":"https:\/\/elementmetech.com\/da\/wp-json\/wp\/v2\/pages\/2138","targetHints":{"allow":["GET"]}}],"collection":[{"href":"https:\/\/elementmetech.com\/da\/wp-json\/wp\/v2\/pages"}],"about":[{"href":"https:\/\/elementmetech.com\/da\/wp-json\/wp\/v2\/types\/page"}],"author":[{"embeddable":true,"href":"https:\/\/elementmetech.com\/da\/wp-json\/wp\/v2\/users\/33"}],"replies":[{"embeddable":true,"href":"https:\/\/elementmetech.com\/da\/wp-json\/wp\/v2\/comments?post=2138"}],"version-history":[{"count":0,"href":"https:\/\/elementmetech.com\/da\/wp-json\/wp\/v2\/pages\/2138\/revisions"}],"up":[{"embeddable":true,"href":"https:\/\/elementmetech.com\/da\/wp-json\/wp\/v2\/pages\/15366"}],"wp:featuredmedia":[{"embeddable":true,"href":"https:\/\/elementmetech.com\/da\/wp-json\/wp\/v2\/media\/2180"}],"wp:attachment":[{"href":"https:\/\/elementmetech.com\/da\/wp-json\/wp\/v2\/media?parent=2138"}],"wp:term":[{"taxonomy":"post_tag","embeddable":true,"href":"https:\/\/elementmetech.com\/da\/wp-json\/wp\/v2\/tags?post=2138"}],"curies":[{"name":"wp","href":"https:\/\/api.w.org\/{rel}","templated":true}]}}